{"id":5154,"date":"2018-10-08T13:59:02","date_gmt":"2020-12-15T17:05:14","guid":{"rendered":"https:\/\/www.rodilloscodimar.com\/producto\/convoyeur-a-rouleaux-a-chaine-tangentielle-serie-r50-light\/"},"modified":"2020-12-15T18:05:14","modified_gmt":"2020-12-15T17:05:14","slug":"r50-serie-legere-convoyeur-a-rouleaux-motorises-a-chaine-tangentielle","status":"publish","type":"product","link":"https:\/\/www.rodilloscodimar.com\/fr\/produit\/r50-serie-legere-convoyeur-a-rouleaux-motorises-a-chaine-tangentielle\/","title":{"rendered":"Convoyeur \u00e0 rouleaux \u00e0 cha\u00eene tangentielle s\u00e9rie R50 Light"},"content":{"rendered":"<ul>\n<li>Longueur: \u00e0 d\u00e9terminer en fonction des exigences d&rsquo;installation<\/li>\n<li>Largeur utile: \u00e0 d\u00e9terminer en fonction des dimensions du produit<\/li>\n<li>Capacit\u00e9 de charge maximale: \u00e0 d\u00e9terminer en fonction de la largeur du convoyeur et du pas entre les rouleaux.<\/li>\n<li>\u00d8 Rouleau: 30,40, 50 et 60 mm<\/li>\n<li>Mat\u00e9riau du rouleau: acier au carbone \/ inoxydable \/ PVC<\/li>\n<li>T\u00eate: thermoplastique \/ m\u00e9tallique<\/li>\n<li>Pignon: thermoplastique \/ m\u00e9tallique<\/li>\n<li>\u00d8 arbre: 10, 12, 14, 15 et 17 mm<\/li>\n<li>Type de rouleau: Fixe \/ Accumulation<\/li>\n<li>Cha\u00eene: 06B, 08B<\/li>\n<li>Cadre: acier au carbone \/ inoxydable<\/li>\n<li>Finition: peint \/ zingu\u00e9 \/ sabl\u00e9<\/li>\n<li>Vitesse: 8 \u00e0 35 m \/ min<\/li>\n<li>Motorisation: centrale ou t\u00eate.<\/li>\n<li>Pieds de nivellement r\u00e9glables en hauteur \u00b1 50 mm<\/li>\n<li>Sa forme constructive permet une int\u00e9gration facile dans des lignes existantes ou nouvelles.<\/li>\n<li>Niveau sonore: moyen<\/li>\n<\/ul>\n<p>Pour les ex\u00e9cutions sp\u00e9ciales consulter CODIMAR<\/p>\n","protected":false},"excerpt":{"rendered":"<p>Syst\u00e8me de convoyage adapt\u00e9 aux produits l\u00e9gers L&rsquo;utilisation de cette machine est<strong> Recommand\u00e9 lorsque le produit \u00e0 transporter est petit et n\u00e9cessite un pas r\u00e9duit entre les rouleaux.<\/strong><\/p>\n","protected":false},"featured_media":1194,"template":"","meta":{"_joinchat":[]},"product_brand":[],"product_cat":[179],"product_tag":[],"class_list":{"0":"post-5154","1":"product","2":"type-product","3":"status-publish","4":"has-post-thumbnail","6":"product_cat-convoyeurs-a-rouleaux-motorises","8":"first","9":"instock","10":"shipping-taxable","11":"product-type-simple"},"yoast_head":"<!-- This site is optimized with the Yoast SEO plugin v27.2 - https:\/\/yoast.com\/product\/yoast-seo-wordpress\/ -->\n<title>Convoyeur \u00e0 rouleaux motoris\u00e9 \u00e0 cha\u00eene tangentielle R50 | Codifier<\/title>\n<meta name=\"description\" content=\"Convoyeur \u00e0 rouleaux motoris\u00e9s \u00e0 cha\u00eene tangentielle R50 Syst\u00e8me de transport adapt\u00e9 pour les produits l\u00e9gers.\" \/>\n<meta name=\"robots\" content=\"index, follow, max-snippet:-1, max-image-preview:large, max-video-preview:-1\" \/>\n<link rel=\"canonical\" href=\"https:\/\/www.rodilloscodimar.com\/fr\/produit\/r50-serie-legere-convoyeur-a-rouleaux-motorises-a-chaine-tangentielle\/\" \/>\n<meta property=\"og:locale\" content=\"fr_FR\" \/>\n<meta property=\"og:type\" content=\"article\" \/>\n<meta property=\"og:title\" content=\"Convoyeur \u00e0 rouleaux motoris\u00e9 \u00e0 cha\u00eene tangentielle R50 | Codifier\" \/>\n<meta property=\"og:description\" content=\"Convoyeur \u00e0 rouleaux motoris\u00e9s \u00e0 cha\u00eene tangentielle R50 Syst\u00e8me de transport adapt\u00e9 pour les produits l\u00e9gers.\" \/>\n<meta property=\"og:url\" content=\"https:\/\/www.rodilloscodimar.com\/fr\/produit\/r50-serie-legere-convoyeur-a-rouleaux-motorises-a-chaine-tangentielle\/\" \/>\n<meta property=\"og:site_name\" content=\"CODIMAR\" \/>\n<meta property=\"og:image\" content=\"https:\/\/www.rodilloscodimar.com\/wp-content\/uploads\/2018\/10\/R50-0004.jpg\" \/>\n\t<meta property=\"og:image:width\" content=\"1080\" \/>\n\t<meta property=\"og:image:height\" content=\"1080\" \/>\n\t<meta property=\"og:image:type\" content=\"image\/jpeg\" \/>\n<meta name=\"twitter:card\" content=\"summary_large_image\" \/>\n<meta name=\"twitter:label1\" content=\"Dur\u00e9e de lecture estim\u00e9e\" \/>\n\t<meta name=\"twitter:data1\" content=\"1 minute\" \/>\n<script type=\"application\/ld+json\" class=\"yoast-schema-graph\">{\"@context\":\"https:\/\/schema.org\",\"@graph\":[{\"@type\":\"WebPage\",\"@id\":\"https:\/\/www.rodilloscodimar.com\/fr\/produit\/r50-serie-legere-convoyeur-a-rouleaux-motorises-a-chaine-tangentielle\/\",\"url\":\"https:\/\/www.rodilloscodimar.com\/fr\/produit\/r50-serie-legere-convoyeur-a-rouleaux-motorises-a-chaine-tangentielle\/\",\"name\":\"Convoyeur \u00e0 rouleaux motoris\u00e9 \u00e0 cha\u00eene tangentielle R50 | Codifier\",\"isPartOf\":{\"@id\":\"https:\/\/www.rodilloscodimar.com\/fr\/#website\"},\"primaryImageOfPage\":{\"@id\":\"https:\/\/www.rodilloscodimar.com\/fr\/produit\/r50-serie-legere-convoyeur-a-rouleaux-motorises-a-chaine-tangentielle\/#primaryimage\"},\"image\":{\"@id\":\"https:\/\/www.rodilloscodimar.com\/fr\/produit\/r50-serie-legere-convoyeur-a-rouleaux-motorises-a-chaine-tangentielle\/#primaryimage\"},\"thumbnailUrl\":\"https:\/\/www.rodilloscodimar.com\/wp-content\/uploads\/2018\/10\/R50-0004.jpg\",\"datePublished\":\"2020-12-15T17:05:14+00:00\",\"description\":\"Convoyeur \u00e0 rouleaux motoris\u00e9s \u00e0 cha\u00eene tangentielle R50 Syst\u00e8me de transport adapt\u00e9 pour les produits l\u00e9gers.\",\"breadcrumb\":{\"@id\":\"https:\/\/www.rodilloscodimar.com\/fr\/produit\/r50-serie-legere-convoyeur-a-rouleaux-motorises-a-chaine-tangentielle\/#breadcrumb\"},\"inLanguage\":\"fr-FR\",\"potentialAction\":[{\"@type\":\"ReadAction\",\"target\":[\"https:\/\/www.rodilloscodimar.com\/fr\/produit\/r50-serie-legere-convoyeur-a-rouleaux-motorises-a-chaine-tangentielle\/\"]}]},{\"@type\":\"ImageObject\",\"inLanguage\":\"fr-FR\",\"@id\":\"https:\/\/www.rodilloscodimar.com\/fr\/produit\/r50-serie-legere-convoyeur-a-rouleaux-motorises-a-chaine-tangentielle\/#primaryimage\",\"url\":\"https:\/\/www.rodilloscodimar.com\/wp-content\/uploads\/2018\/10\/R50-0004.jpg\",\"contentUrl\":\"https:\/\/www.rodilloscodimar.com\/wp-content\/uploads\/2018\/10\/R50-0004.jpg\",\"width\":1080,\"height\":1080},{\"@type\":\"BreadcrumbList\",\"@id\":\"https:\/\/www.rodilloscodimar.com\/fr\/produit\/r50-serie-legere-convoyeur-a-rouleaux-motorises-a-chaine-tangentielle\/#breadcrumb\",\"itemListElement\":[{\"@type\":\"ListItem\",\"position\":1,\"name\":\"Portada\",\"item\":\"https:\/\/www.rodilloscodimar.com\/fr\/\"},{\"@type\":\"ListItem\",\"position\":2,\"name\":\"Tienda\",\"item\":\"https:\/\/www.rodilloscodimar.com\/tienda\/\"},{\"@type\":\"ListItem\",\"position\":3,\"name\":\"Convoyeur \u00e0 rouleaux \u00e0 cha\u00eene tangentielle s\u00e9rie R50 Light\"}]},{\"@type\":\"WebSite\",\"@id\":\"https:\/\/www.rodilloscodimar.com\/fr\/#website\",\"url\":\"https:\/\/www.rodilloscodimar.com\/fr\/\",\"name\":\"CODIMAR\",\"description\":\"Frabricante de Componentes , Rodillos, Estaciones y M\u00e1quinas.\",\"publisher\":{\"@id\":\"https:\/\/www.rodilloscodimar.com\/fr\/#organization\"},\"potentialAction\":[{\"@type\":\"SearchAction\",\"target\":{\"@type\":\"EntryPoint\",\"urlTemplate\":\"https:\/\/www.rodilloscodimar.com\/fr\/?s={search_term_string}\"},\"query-input\":{\"@type\":\"PropertyValueSpecification\",\"valueRequired\":true,\"valueName\":\"search_term_string\"}}],\"inLanguage\":\"fr-FR\"},{\"@type\":\"Organization\",\"@id\":\"https:\/\/www.rodilloscodimar.com\/fr\/#organization\",\"name\":\"Rodillos Codimar\",\"url\":\"https:\/\/www.rodilloscodimar.com\/fr\/\",\"logo\":{\"@type\":\"ImageObject\",\"inLanguage\":\"fr-FR\",\"@id\":\"https:\/\/www.rodilloscodimar.com\/fr\/#\/schema\/logo\/image\/\",\"url\":\"https:\/\/www.rodilloscodimar.com\/wp-content\/uploads\/2020\/01\/logo-email.jpg\",\"contentUrl\":\"https:\/\/www.rodilloscodimar.com\/wp-content\/uploads\/2020\/01\/logo-email.jpg\",\"width\":300,\"height\":299,\"caption\":\"Rodillos Codimar\"},\"image\":{\"@id\":\"https:\/\/www.rodilloscodimar.com\/fr\/#\/schema\/logo\/image\/\"}}]}<\/script>\n<!-- \/ Yoast SEO plugin. -->","yoast_head_json":{"title":"Convoyeur \u00e0 rouleaux motoris\u00e9 \u00e0 cha\u00eene tangentielle R50 | Codifier","description":"Convoyeur \u00e0 rouleaux motoris\u00e9s \u00e0 cha\u00eene tangentielle R50 Syst\u00e8me de transport adapt\u00e9 pour les produits l\u00e9gers.","robots":{"index":"index","follow":"follow","max-snippet":"max-snippet:-1","max-image-preview":"max-image-preview:large","max-video-preview":"max-video-preview:-1"},"canonical":"https:\/\/www.rodilloscodimar.com\/fr\/produit\/r50-serie-legere-convoyeur-a-rouleaux-motorises-a-chaine-tangentielle\/","og_locale":"fr_FR","og_type":"article","og_title":"Convoyeur \u00e0 rouleaux motoris\u00e9 \u00e0 cha\u00eene tangentielle R50 | Codifier","og_description":"Convoyeur \u00e0 rouleaux motoris\u00e9s \u00e0 cha\u00eene tangentielle R50 Syst\u00e8me de transport adapt\u00e9 pour les produits l\u00e9gers.","og_url":"https:\/\/www.rodilloscodimar.com\/fr\/produit\/r50-serie-legere-convoyeur-a-rouleaux-motorises-a-chaine-tangentielle\/","og_site_name":"CODIMAR","og_image":[{"width":1080,"height":1080,"url":"https:\/\/www.rodilloscodimar.com\/wp-content\/uploads\/2018\/10\/R50-0004.jpg","type":"image\/jpeg"}],"twitter_card":"summary_large_image","twitter_misc":{"Dur\u00e9e de lecture estim\u00e9e":"1 minute"},"schema":{"@context":"https:\/\/schema.org","@graph":[{"@type":"WebPage","@id":"https:\/\/www.rodilloscodimar.com\/fr\/produit\/r50-serie-legere-convoyeur-a-rouleaux-motorises-a-chaine-tangentielle\/","url":"https:\/\/www.rodilloscodimar.com\/fr\/produit\/r50-serie-legere-convoyeur-a-rouleaux-motorises-a-chaine-tangentielle\/","name":"Convoyeur \u00e0 rouleaux motoris\u00e9 \u00e0 cha\u00eene tangentielle R50 | Codifier","isPartOf":{"@id":"https:\/\/www.rodilloscodimar.com\/fr\/#website"},"primaryImageOfPage":{"@id":"https:\/\/www.rodilloscodimar.com\/fr\/produit\/r50-serie-legere-convoyeur-a-rouleaux-motorises-a-chaine-tangentielle\/#primaryimage"},"image":{"@id":"https:\/\/www.rodilloscodimar.com\/fr\/produit\/r50-serie-legere-convoyeur-a-rouleaux-motorises-a-chaine-tangentielle\/#primaryimage"},"thumbnailUrl":"https:\/\/www.rodilloscodimar.com\/wp-content\/uploads\/2018\/10\/R50-0004.jpg","datePublished":"2020-12-15T17:05:14+00:00","description":"Convoyeur \u00e0 rouleaux motoris\u00e9s \u00e0 cha\u00eene tangentielle R50 Syst\u00e8me de transport adapt\u00e9 pour les produits l\u00e9gers.","breadcrumb":{"@id":"https:\/\/www.rodilloscodimar.com\/fr\/produit\/r50-serie-legere-convoyeur-a-rouleaux-motorises-a-chaine-tangentielle\/#breadcrumb"},"inLanguage":"fr-FR","potentialAction":[{"@type":"ReadAction","target":["https:\/\/www.rodilloscodimar.com\/fr\/produit\/r50-serie-legere-convoyeur-a-rouleaux-motorises-a-chaine-tangentielle\/"]}]},{"@type":"ImageObject","inLanguage":"fr-FR","@id":"https:\/\/www.rodilloscodimar.com\/fr\/produit\/r50-serie-legere-convoyeur-a-rouleaux-motorises-a-chaine-tangentielle\/#primaryimage","url":"https:\/\/www.rodilloscodimar.com\/wp-content\/uploads\/2018\/10\/R50-0004.jpg","contentUrl":"https:\/\/www.rodilloscodimar.com\/wp-content\/uploads\/2018\/10\/R50-0004.jpg","width":1080,"height":1080},{"@type":"BreadcrumbList","@id":"https:\/\/www.rodilloscodimar.com\/fr\/produit\/r50-serie-legere-convoyeur-a-rouleaux-motorises-a-chaine-tangentielle\/#breadcrumb","itemListElement":[{"@type":"ListItem","position":1,"name":"Portada","item":"https:\/\/www.rodilloscodimar.com\/fr\/"},{"@type":"ListItem","position":2,"name":"Tienda","item":"https:\/\/www.rodilloscodimar.com\/tienda\/"},{"@type":"ListItem","position":3,"name":"Convoyeur \u00e0 rouleaux \u00e0 cha\u00eene tangentielle s\u00e9rie R50 Light"}]},{"@type":"WebSite","@id":"https:\/\/www.rodilloscodimar.com\/fr\/#website","url":"https:\/\/www.rodilloscodimar.com\/fr\/","name":"CODIMAR","description":"Frabricante de Componentes , Rodillos, Estaciones y M\u00e1quinas.","publisher":{"@id":"https:\/\/www.rodilloscodimar.com\/fr\/#organization"},"potentialAction":[{"@type":"SearchAction","target":{"@type":"EntryPoint","urlTemplate":"https:\/\/www.rodilloscodimar.com\/fr\/?s={search_term_string}"},"query-input":{"@type":"PropertyValueSpecification","valueRequired":true,"valueName":"search_term_string"}}],"inLanguage":"fr-FR"},{"@type":"Organization","@id":"https:\/\/www.rodilloscodimar.com\/fr\/#organization","name":"Rodillos Codimar","url":"https:\/\/www.rodilloscodimar.com\/fr\/","logo":{"@type":"ImageObject","inLanguage":"fr-FR","@id":"https:\/\/www.rodilloscodimar.com\/fr\/#\/schema\/logo\/image\/","url":"https:\/\/www.rodilloscodimar.com\/wp-content\/uploads\/2020\/01\/logo-email.jpg","contentUrl":"https:\/\/www.rodilloscodimar.com\/wp-content\/uploads\/2020\/01\/logo-email.jpg","width":300,"height":299,"caption":"Rodillos Codimar"},"image":{"@id":"https:\/\/www.rodilloscodimar.com\/fr\/#\/schema\/logo\/image\/"}}]}},"_links":{"self":[{"href":"https:\/\/www.rodilloscodimar.com\/fr\/wp-json\/wp\/v2\/product\/5154","targetHints":{"allow":["GET"]}}],"collection":[{"href":"https:\/\/www.rodilloscodimar.com\/fr\/wp-json\/wp\/v2\/product"}],"about":[{"href":"https:\/\/www.rodilloscodimar.com\/fr\/wp-json\/wp\/v2\/types\/product"}],"wp:featuredmedia":[{"embeddable":true,"href":"https:\/\/www.rodilloscodimar.com\/fr\/wp-json\/wp\/v2\/media\/1194"}],"wp:attachment":[{"href":"https:\/\/www.rodilloscodimar.com\/fr\/wp-json\/wp\/v2\/media?parent=5154"}],"wp:term":[{"taxonomy":"product_brand","embeddable":true,"href":"https:\/\/www.rodilloscodimar.com\/fr\/wp-json\/wp\/v2\/product_brand?post=5154"},{"taxonomy":"product_cat","embeddable":true,"href":"https:\/\/www.rodilloscodimar.com\/fr\/wp-json\/wp\/v2\/product_cat?post=5154"},{"taxonomy":"product_tag","embeddable":true,"href":"https:\/\/www.rodilloscodimar.com\/fr\/wp-json\/wp\/v2\/product_tag?post=5154"}],"curies":[{"name":"wp","href":"https:\/\/api.w.org\/{rel}","templated":true}]}}