{"id":5134,"date":"2018-10-08T13:50:13","date_gmt":"2020-12-15T16:22:40","guid":{"rendered":"https:\/\/www.rodilloscodimar.com\/producto\/convoyeur-a-rouleaux-alimente-par-boucle-de-chaine-serie-lourde-r12\/"},"modified":"2020-12-15T17:22:40","modified_gmt":"2020-12-15T16:22:40","slug":"r12-chain-loop-powered-roller-convoyor-heavy-series","status":"publish","type":"product","link":"https:\/\/www.rodilloscodimar.com\/fr\/produit\/r12-chain-loop-powered-roller-convoyor-heavy-series\/","title":{"rendered":"Convoyeur \u00e0 rouleaux aliment\u00e9 par boucle de cha\u00eene s\u00e9rie lourde R12"},"content":{"rendered":"<ul>\n<li>Longueur: \u00e0 d\u00e9terminer en fonction des exigences d&rsquo;installation<\/li>\n<li>Largeur utile: \u00e0 d\u00e9terminer en fonction des dimensions du produit<\/li>\n<li>Capacit\u00e9 de charge maximale: \u00e0 d\u00e9terminer en fonction de la largeur du convoyeur et du pas entre les rouleaux.<\/li>\n<li>\u00d8 Rouleau: 80, 89 et 108 mm<\/li>\n<li>Mat\u00e9riau du rouleau: acier au carbone \/ inoxydable<\/li>\n<li>T\u00eate: soud\u00e9 \/ incrust\u00e9<\/li>\n<li>Pignon: m\u00e9tallique<\/li>\n<li>\u00d8 arbre: 15, 17, 20 et 25 mm<\/li>\n<li>Type de rouleau: fixe<\/li>\n<li>Cha\u00eene: 08B, 10B, 12B et 16B<\/li>\n<li>Cadre: acier au carbone \/ inoxydable<\/li>\n<li>Finition: peint \/ zingu\u00e9 \/ sabl\u00e9<\/li>\n<li>Vitesse: 8 \u00e0 20 m \/ min<\/li>\n<li>Motorisation: centrale ou t\u00eate.<\/li>\n<li>Pieds de nivellement r\u00e9glables en hauteur \u00b1 50 mm<\/li>\n<\/ul>\n<p>Pour les ex\u00e9cutions sp\u00e9ciales consulter CODIMAR<\/p>\n","protected":false},"excerpt":{"rendered":"<p>Ton application<strong> les principales sont les lignes de palettisation lourdes.<\/strong><\/p>\n<p>Le transport des palettes doit \u00eatre effectu\u00e9 de mani\u00e8re \u00e0 ce qu&rsquo;elles avancent dans le sens longitudinal des traverses.<\/p>\n<p>Pour une gestion optimale des lignes de transport<strong> il est recommand\u00e9 de les diviser en sections de 1,5 m ou multiples.<\/strong><\/p>\n<p>La traction des rouleaux se fait par des boucles de cha\u00eene.<\/p>\n<p>Sa forme constructive permet une int\u00e9gration facile dans des lignes existantes ou nouvelles.<\/p>\n","protected":false},"featured_media":1208,"template":"","meta":{"_joinchat":[]},"product_brand":[],"product_cat":[179],"product_tag":[],"class_list":{"0":"post-5134","1":"product","2":"type-product","3":"status-publish","4":"has-post-thumbnail","6":"product_cat-convoyeurs-a-rouleaux-motorises","8":"first","9":"instock","10":"shipping-taxable","11":"product-type-simple"},"yoast_head":"<!-- This site is optimized with the Yoast SEO plugin v27.2 - https:\/\/yoast.com\/product\/yoast-seo-wordpress\/ -->\n<title>Convoyeur \u00e0 rouleaux \u00e0 cha\u00eene R12 | Codifier<\/title>\n<meta name=\"description\" content=\"Convoyeur \u00e0 rouleaux motoris\u00e9 \u00e0 boucle \u00e0 cha\u00eene s\u00e9rie lourde R12, son application principale est les lignes de palettisation lourdes.\" \/>\n<meta name=\"robots\" content=\"index, follow, max-snippet:-1, max-image-preview:large, max-video-preview:-1\" \/>\n<link rel=\"canonical\" href=\"https:\/\/www.rodilloscodimar.com\/fr\/produit\/r12-chain-loop-powered-roller-convoyor-heavy-series\/\" \/>\n<meta property=\"og:locale\" content=\"fr_FR\" \/>\n<meta property=\"og:type\" content=\"article\" \/>\n<meta property=\"og:title\" content=\"Convoyeur \u00e0 rouleaux \u00e0 cha\u00eene R12 | Codifier\" \/>\n<meta property=\"og:description\" content=\"Convoyeur \u00e0 rouleaux motoris\u00e9 \u00e0 boucle \u00e0 cha\u00eene s\u00e9rie lourde R12, son application principale est les lignes de palettisation lourdes.\" \/>\n<meta property=\"og:url\" content=\"https:\/\/www.rodilloscodimar.com\/fr\/produit\/r12-chain-loop-powered-roller-convoyor-heavy-series\/\" \/>\n<meta property=\"og:site_name\" content=\"CODIMAR\" \/>\n<meta property=\"og:image\" content=\"https:\/\/www.rodilloscodimar.com\/wp-content\/uploads\/2018\/10\/R12-0001.161.jpg\" \/>\n\t<meta property=\"og:image:width\" content=\"1080\" \/>\n\t<meta property=\"og:image:height\" content=\"1080\" \/>\n\t<meta property=\"og:image:type\" content=\"image\/jpeg\" \/>\n<meta name=\"twitter:card\" content=\"summary_large_image\" \/>\n<meta name=\"twitter:label1\" content=\"Dur\u00e9e de lecture estim\u00e9e\" \/>\n\t<meta name=\"twitter:data1\" content=\"1 minute\" \/>\n<script type=\"application\/ld+json\" class=\"yoast-schema-graph\">{\"@context\":\"https:\/\/schema.org\",\"@graph\":[{\"@type\":\"WebPage\",\"@id\":\"https:\/\/www.rodilloscodimar.com\/fr\/produit\/r12-chain-loop-powered-roller-convoyor-heavy-series\/\",\"url\":\"https:\/\/www.rodilloscodimar.com\/fr\/produit\/r12-chain-loop-powered-roller-convoyor-heavy-series\/\",\"name\":\"Convoyeur \u00e0 rouleaux \u00e0 cha\u00eene R12 | Codifier\",\"isPartOf\":{\"@id\":\"https:\/\/www.rodilloscodimar.com\/fr\/#website\"},\"primaryImageOfPage\":{\"@id\":\"https:\/\/www.rodilloscodimar.com\/fr\/produit\/r12-chain-loop-powered-roller-convoyor-heavy-series\/#primaryimage\"},\"image\":{\"@id\":\"https:\/\/www.rodilloscodimar.com\/fr\/produit\/r12-chain-loop-powered-roller-convoyor-heavy-series\/#primaryimage\"},\"thumbnailUrl\":\"https:\/\/www.rodilloscodimar.com\/wp-content\/uploads\/2018\/10\/R12-0001.161.jpg\",\"datePublished\":\"2020-12-15T16:22:40+00:00\",\"description\":\"Convoyeur \u00e0 rouleaux motoris\u00e9 \u00e0 boucle \u00e0 cha\u00eene s\u00e9rie lourde R12, son application principale est les lignes de palettisation lourdes.\",\"breadcrumb\":{\"@id\":\"https:\/\/www.rodilloscodimar.com\/fr\/produit\/r12-chain-loop-powered-roller-convoyor-heavy-series\/#breadcrumb\"},\"inLanguage\":\"fr-FR\",\"potentialAction\":[{\"@type\":\"ReadAction\",\"target\":[\"https:\/\/www.rodilloscodimar.com\/fr\/produit\/r12-chain-loop-powered-roller-convoyor-heavy-series\/\"]}]},{\"@type\":\"ImageObject\",\"inLanguage\":\"fr-FR\",\"@id\":\"https:\/\/www.rodilloscodimar.com\/fr\/produit\/r12-chain-loop-powered-roller-convoyor-heavy-series\/#primaryimage\",\"url\":\"https:\/\/www.rodilloscodimar.com\/wp-content\/uploads\/2018\/10\/R12-0001.161.jpg\",\"contentUrl\":\"https:\/\/www.rodilloscodimar.com\/wp-content\/uploads\/2018\/10\/R12-0001.161.jpg\",\"width\":1080,\"height\":1080,\"caption\":\"Convoyeurs \u00e0 rouleaux aliment\u00e9s en boucle\"},{\"@type\":\"BreadcrumbList\",\"@id\":\"https:\/\/www.rodilloscodimar.com\/fr\/produit\/r12-chain-loop-powered-roller-convoyor-heavy-series\/#breadcrumb\",\"itemListElement\":[{\"@type\":\"ListItem\",\"position\":1,\"name\":\"Portada\",\"item\":\"https:\/\/www.rodilloscodimar.com\/fr\/\"},{\"@type\":\"ListItem\",\"position\":2,\"name\":\"Tienda\",\"item\":\"https:\/\/www.rodilloscodimar.com\/tienda\/\"},{\"@type\":\"ListItem\",\"position\":3,\"name\":\"Convoyeur \u00e0 rouleaux aliment\u00e9 par boucle de cha\u00eene s\u00e9rie lourde R12\"}]},{\"@type\":\"WebSite\",\"@id\":\"https:\/\/www.rodilloscodimar.com\/fr\/#website\",\"url\":\"https:\/\/www.rodilloscodimar.com\/fr\/\",\"name\":\"CODIMAR\",\"description\":\"Frabricante de Componentes , Rodillos, Estaciones y M\u00e1quinas.\",\"publisher\":{\"@id\":\"https:\/\/www.rodilloscodimar.com\/fr\/#organization\"},\"potentialAction\":[{\"@type\":\"SearchAction\",\"target\":{\"@type\":\"EntryPoint\",\"urlTemplate\":\"https:\/\/www.rodilloscodimar.com\/fr\/?s={search_term_string}\"},\"query-input\":{\"@type\":\"PropertyValueSpecification\",\"valueRequired\":true,\"valueName\":\"search_term_string\"}}],\"inLanguage\":\"fr-FR\"},{\"@type\":\"Organization\",\"@id\":\"https:\/\/www.rodilloscodimar.com\/fr\/#organization\",\"name\":\"Rodillos Codimar\",\"url\":\"https:\/\/www.rodilloscodimar.com\/fr\/\",\"logo\":{\"@type\":\"ImageObject\",\"inLanguage\":\"fr-FR\",\"@id\":\"https:\/\/www.rodilloscodimar.com\/fr\/#\/schema\/logo\/image\/\",\"url\":\"https:\/\/www.rodilloscodimar.com\/wp-content\/uploads\/2020\/01\/logo-email.jpg\",\"contentUrl\":\"https:\/\/www.rodilloscodimar.com\/wp-content\/uploads\/2020\/01\/logo-email.jpg\",\"width\":300,\"height\":299,\"caption\":\"Rodillos Codimar\"},\"image\":{\"@id\":\"https:\/\/www.rodilloscodimar.com\/fr\/#\/schema\/logo\/image\/\"}}]}<\/script>\n<!-- \/ Yoast SEO plugin. -->","yoast_head_json":{"title":"Convoyeur \u00e0 rouleaux \u00e0 cha\u00eene R12 | Codifier","description":"Convoyeur \u00e0 rouleaux motoris\u00e9 \u00e0 boucle \u00e0 cha\u00eene s\u00e9rie lourde R12, son application principale est les lignes de palettisation lourdes.","robots":{"index":"index","follow":"follow","max-snippet":"max-snippet:-1","max-image-preview":"max-image-preview:large","max-video-preview":"max-video-preview:-1"},"canonical":"https:\/\/www.rodilloscodimar.com\/fr\/produit\/r12-chain-loop-powered-roller-convoyor-heavy-series\/","og_locale":"fr_FR","og_type":"article","og_title":"Convoyeur \u00e0 rouleaux \u00e0 cha\u00eene R12 | Codifier","og_description":"Convoyeur \u00e0 rouleaux motoris\u00e9 \u00e0 boucle \u00e0 cha\u00eene s\u00e9rie lourde R12, son application principale est les lignes de palettisation lourdes.","og_url":"https:\/\/www.rodilloscodimar.com\/fr\/produit\/r12-chain-loop-powered-roller-convoyor-heavy-series\/","og_site_name":"CODIMAR","og_image":[{"width":1080,"height":1080,"url":"https:\/\/www.rodilloscodimar.com\/wp-content\/uploads\/2018\/10\/R12-0001.161.jpg","type":"image\/jpeg"}],"twitter_card":"summary_large_image","twitter_misc":{"Dur\u00e9e de lecture estim\u00e9e":"1 minute"},"schema":{"@context":"https:\/\/schema.org","@graph":[{"@type":"WebPage","@id":"https:\/\/www.rodilloscodimar.com\/fr\/produit\/r12-chain-loop-powered-roller-convoyor-heavy-series\/","url":"https:\/\/www.rodilloscodimar.com\/fr\/produit\/r12-chain-loop-powered-roller-convoyor-heavy-series\/","name":"Convoyeur \u00e0 rouleaux \u00e0 cha\u00eene R12 | Codifier","isPartOf":{"@id":"https:\/\/www.rodilloscodimar.com\/fr\/#website"},"primaryImageOfPage":{"@id":"https:\/\/www.rodilloscodimar.com\/fr\/produit\/r12-chain-loop-powered-roller-convoyor-heavy-series\/#primaryimage"},"image":{"@id":"https:\/\/www.rodilloscodimar.com\/fr\/produit\/r12-chain-loop-powered-roller-convoyor-heavy-series\/#primaryimage"},"thumbnailUrl":"https:\/\/www.rodilloscodimar.com\/wp-content\/uploads\/2018\/10\/R12-0001.161.jpg","datePublished":"2020-12-15T16:22:40+00:00","description":"Convoyeur \u00e0 rouleaux motoris\u00e9 \u00e0 boucle \u00e0 cha\u00eene s\u00e9rie lourde R12, son application principale est les lignes de palettisation lourdes.","breadcrumb":{"@id":"https:\/\/www.rodilloscodimar.com\/fr\/produit\/r12-chain-loop-powered-roller-convoyor-heavy-series\/#breadcrumb"},"inLanguage":"fr-FR","potentialAction":[{"@type":"ReadAction","target":["https:\/\/www.rodilloscodimar.com\/fr\/produit\/r12-chain-loop-powered-roller-convoyor-heavy-series\/"]}]},{"@type":"ImageObject","inLanguage":"fr-FR","@id":"https:\/\/www.rodilloscodimar.com\/fr\/produit\/r12-chain-loop-powered-roller-convoyor-heavy-series\/#primaryimage","url":"https:\/\/www.rodilloscodimar.com\/wp-content\/uploads\/2018\/10\/R12-0001.161.jpg","contentUrl":"https:\/\/www.rodilloscodimar.com\/wp-content\/uploads\/2018\/10\/R12-0001.161.jpg","width":1080,"height":1080,"caption":"Convoyeurs \u00e0 rouleaux aliment\u00e9s en boucle"},{"@type":"BreadcrumbList","@id":"https:\/\/www.rodilloscodimar.com\/fr\/produit\/r12-chain-loop-powered-roller-convoyor-heavy-series\/#breadcrumb","itemListElement":[{"@type":"ListItem","position":1,"name":"Portada","item":"https:\/\/www.rodilloscodimar.com\/fr\/"},{"@type":"ListItem","position":2,"name":"Tienda","item":"https:\/\/www.rodilloscodimar.com\/tienda\/"},{"@type":"ListItem","position":3,"name":"Convoyeur \u00e0 rouleaux aliment\u00e9 par boucle de cha\u00eene s\u00e9rie lourde R12"}]},{"@type":"WebSite","@id":"https:\/\/www.rodilloscodimar.com\/fr\/#website","url":"https:\/\/www.rodilloscodimar.com\/fr\/","name":"CODIMAR","description":"Frabricante de Componentes , Rodillos, Estaciones y M\u00e1quinas.","publisher":{"@id":"https:\/\/www.rodilloscodimar.com\/fr\/#organization"},"potentialAction":[{"@type":"SearchAction","target":{"@type":"EntryPoint","urlTemplate":"https:\/\/www.rodilloscodimar.com\/fr\/?s={search_term_string}"},"query-input":{"@type":"PropertyValueSpecification","valueRequired":true,"valueName":"search_term_string"}}],"inLanguage":"fr-FR"},{"@type":"Organization","@id":"https:\/\/www.rodilloscodimar.com\/fr\/#organization","name":"Rodillos Codimar","url":"https:\/\/www.rodilloscodimar.com\/fr\/","logo":{"@type":"ImageObject","inLanguage":"fr-FR","@id":"https:\/\/www.rodilloscodimar.com\/fr\/#\/schema\/logo\/image\/","url":"https:\/\/www.rodilloscodimar.com\/wp-content\/uploads\/2020\/01\/logo-email.jpg","contentUrl":"https:\/\/www.rodilloscodimar.com\/wp-content\/uploads\/2020\/01\/logo-email.jpg","width":300,"height":299,"caption":"Rodillos Codimar"},"image":{"@id":"https:\/\/www.rodilloscodimar.com\/fr\/#\/schema\/logo\/image\/"}}]}},"_links":{"self":[{"href":"https:\/\/www.rodilloscodimar.com\/fr\/wp-json\/wp\/v2\/product\/5134","targetHints":{"allow":["GET"]}}],"collection":[{"href":"https:\/\/www.rodilloscodimar.com\/fr\/wp-json\/wp\/v2\/product"}],"about":[{"href":"https:\/\/www.rodilloscodimar.com\/fr\/wp-json\/wp\/v2\/types\/product"}],"wp:featuredmedia":[{"embeddable":true,"href":"https:\/\/www.rodilloscodimar.com\/fr\/wp-json\/wp\/v2\/media\/1208"}],"wp:attachment":[{"href":"https:\/\/www.rodilloscodimar.com\/fr\/wp-json\/wp\/v2\/media?parent=5134"}],"wp:term":[{"taxonomy":"product_brand","embeddable":true,"href":"https:\/\/www.rodilloscodimar.com\/fr\/wp-json\/wp\/v2\/product_brand?post=5134"},{"taxonomy":"product_cat","embeddable":true,"href":"https:\/\/www.rodilloscodimar.com\/fr\/wp-json\/wp\/v2\/product_cat?post=5134"},{"taxonomy":"product_tag","embeddable":true,"href":"https:\/\/www.rodilloscodimar.com\/fr\/wp-json\/wp\/v2\/product_tag?post=5134"}],"curies":[{"name":"wp","href":"https:\/\/api.w.org\/{rel}","templated":true}]}}