{"id":5132,"date":"2018-10-08T13:53:21","date_gmt":"2020-12-15T16:22:34","guid":{"rendered":"https:\/\/www.rodilloscodimar.com\/producto\/courbe-de-rouleau-conique-motorisee-r30\/"},"modified":"2020-12-15T17:22:37","modified_gmt":"2020-12-15T16:22:37","slug":"courbe-a-rouleaux-coniques-motorisee-r30","status":"publish","type":"product","link":"https:\/\/www.rodilloscodimar.com\/fr\/produit\/courbe-a-rouleaux-coniques-motorisee-r30\/","title":{"rendered":"Courbe de rouleau conique motoris\u00e9e R30"},"content":{"rendered":"<ul>\n<li>Secteurs: 30\u00ba, 45\u00ba, 90\u00ba, 180\u00ba<\/li>\n<li>Largeur utile: \u00e0 d\u00e9terminer en fonction des dimensions du produit<\/li>\n<li>\u00d8 rouleaux: 30 et 50 mm<\/li>\n<li>Rayon int\u00e9rieur: 500 et 800 mm<\/li>\n<li>Mat\u00e9riau du rouleau: acier au carbone \/ inoxydable \/ PVC<\/li>\n<li>Mat\u00e9riau du c\u00f4ne: polyamide<\/li>\n<li>Mat\u00e9riau de la t\u00eate: thermoplastique \/ m\u00e9tallique<\/li>\n<li>Roulement de t\u00eate: pr\u00e9cision \/ estampage \/ rang\u00e9e de billes<\/li>\n<li>\u00d8 arbre: 6, 8, 10, 12, 14, 15 mm<\/li>\n<li>Transmission: cha\u00eene \/ courroie<\/li>\n<li>Cadre: acier au carbone \/ inoxydable<\/li>\n<li>Finition: peint \/ zingu\u00e9 \/ sabl\u00e9<\/li>\n<li>Pieds de nivellement r\u00e9glables en hauteur \u00b1 50 mm<\/li>\n<\/ul>\n<p>Pour les ex\u00e9cutions sp\u00e9ciales consulter CODIMAR<\/p>\n","protected":false},"excerpt":{"rendered":"<p>Ce transporteur<strong> Il est utilis\u00e9 pour effectuer des changements de direction sur les lignes de transport.<\/strong><\/p>\n<p>Les rouleaux coniques garantissent que la charge suit un chemin courbe tout en restant centr\u00e9e sur le convoyeur.<\/p>\n<p>Sa forme constructive permet une int\u00e9gration facile dans des lignes existantes ou nouvelles.<\/p>\n","protected":false},"featured_media":1191,"template":"","meta":{"_joinchat":[]},"product_brand":[],"product_cat":[179],"product_tag":[],"class_list":{"0":"post-5132","1":"product","2":"type-product","3":"status-publish","4":"has-post-thumbnail","6":"product_cat-convoyeurs-a-rouleaux-motorises","8":"first","9":"instock","10":"shipping-taxable","11":"product-type-simple"},"yoast_head":"<!-- This site is optimized with the Yoast SEO plugin v27.2 - https:\/\/yoast.com\/product\/yoast-seo-wordpress\/ -->\n<title>Courbe \u00e0 rouleaux coniques motoris\u00e9s R30 | Rouleaux Codimar SL<\/title>\n<meta name=\"description\" content=\"Courbe \u00e0 rouleaux coniques motoris\u00e9s R30 Ce convoyeur est utilis\u00e9 pour effectuer des changements de direction sur les lignes de convoyeur.\" \/>\n<meta name=\"robots\" content=\"index, follow, max-snippet:-1, max-image-preview:large, max-video-preview:-1\" \/>\n<link rel=\"canonical\" href=\"https:\/\/www.rodilloscodimar.com\/fr\/produit\/courbe-a-rouleaux-coniques-motorisee-r30\/\" \/>\n<meta property=\"og:locale\" content=\"fr_FR\" \/>\n<meta property=\"og:type\" content=\"article\" \/>\n<meta property=\"og:title\" content=\"Courbe \u00e0 rouleaux coniques motoris\u00e9s R30 | Rouleaux Codimar SL\" \/>\n<meta property=\"og:description\" content=\"Courbe \u00e0 rouleaux coniques motoris\u00e9s R30 Ce convoyeur est utilis\u00e9 pour effectuer des changements de direction sur les lignes de convoyeur.\" \/>\n<meta property=\"og:url\" content=\"https:\/\/www.rodilloscodimar.com\/fr\/produit\/courbe-a-rouleaux-coniques-motorisee-r30\/\" \/>\n<meta property=\"og:site_name\" content=\"CODIMAR\" \/>\n<meta property=\"article:modified_time\" content=\"2020-12-15T16:22:37+00:00\" \/>\n<meta property=\"og:image\" content=\"https:\/\/www.rodilloscodimar.com\/wp-content\/uploads\/2018\/10\/R30-0129.jpg\" \/>\n\t<meta property=\"og:image:width\" content=\"1080\" \/>\n\t<meta property=\"og:image:height\" content=\"1080\" \/>\n\t<meta property=\"og:image:type\" content=\"image\/jpeg\" \/>\n<meta name=\"twitter:card\" content=\"summary_large_image\" \/>\n<script type=\"application\/ld+json\" class=\"yoast-schema-graph\">{\"@context\":\"https:\/\/schema.org\",\"@graph\":[{\"@type\":\"WebPage\",\"@id\":\"https:\/\/www.rodilloscodimar.com\/fr\/produit\/courbe-a-rouleaux-coniques-motorisee-r30\/\",\"url\":\"https:\/\/www.rodilloscodimar.com\/fr\/produit\/courbe-a-rouleaux-coniques-motorisee-r30\/\",\"name\":\"Courbe \u00e0 rouleaux coniques motoris\u00e9s R30 | Rouleaux Codimar SL\",\"isPartOf\":{\"@id\":\"https:\/\/www.rodilloscodimar.com\/fr\/#website\"},\"primaryImageOfPage\":{\"@id\":\"https:\/\/www.rodilloscodimar.com\/fr\/produit\/courbe-a-rouleaux-coniques-motorisee-r30\/#primaryimage\"},\"image\":{\"@id\":\"https:\/\/www.rodilloscodimar.com\/fr\/produit\/courbe-a-rouleaux-coniques-motorisee-r30\/#primaryimage\"},\"thumbnailUrl\":\"https:\/\/www.rodilloscodimar.com\/wp-content\/uploads\/2018\/10\/R30-0129.jpg\",\"datePublished\":\"2020-12-15T16:22:34+00:00\",\"dateModified\":\"2020-12-15T16:22:37+00:00\",\"description\":\"Courbe \u00e0 rouleaux coniques motoris\u00e9s R30 Ce convoyeur est utilis\u00e9 pour effectuer des changements de direction sur les lignes de convoyeur.\",\"breadcrumb\":{\"@id\":\"https:\/\/www.rodilloscodimar.com\/fr\/produit\/courbe-a-rouleaux-coniques-motorisee-r30\/#breadcrumb\"},\"inLanguage\":\"fr-FR\",\"potentialAction\":[{\"@type\":\"ReadAction\",\"target\":[\"https:\/\/www.rodilloscodimar.com\/fr\/produit\/courbe-a-rouleaux-coniques-motorisee-r30\/\"]}]},{\"@type\":\"ImageObject\",\"inLanguage\":\"fr-FR\",\"@id\":\"https:\/\/www.rodilloscodimar.com\/fr\/produit\/courbe-a-rouleaux-coniques-motorisee-r30\/#primaryimage\",\"url\":\"https:\/\/www.rodilloscodimar.com\/wp-content\/uploads\/2018\/10\/R30-0129.jpg\",\"contentUrl\":\"https:\/\/www.rodilloscodimar.com\/wp-content\/uploads\/2018\/10\/R30-0129.jpg\",\"width\":1080,\"height\":1080,\"caption\":\"Courbe de rouleau conique motoris\u00e9e\"},{\"@type\":\"BreadcrumbList\",\"@id\":\"https:\/\/www.rodilloscodimar.com\/fr\/produit\/courbe-a-rouleaux-coniques-motorisee-r30\/#breadcrumb\",\"itemListElement\":[{\"@type\":\"ListItem\",\"position\":1,\"name\":\"Portada\",\"item\":\"https:\/\/www.rodilloscodimar.com\/fr\/\"},{\"@type\":\"ListItem\",\"position\":2,\"name\":\"Tienda\",\"item\":\"https:\/\/www.rodilloscodimar.com\/tienda\/\"},{\"@type\":\"ListItem\",\"position\":3,\"name\":\"Courbe de rouleau conique motoris\u00e9e R30\"}]},{\"@type\":\"WebSite\",\"@id\":\"https:\/\/www.rodilloscodimar.com\/fr\/#website\",\"url\":\"https:\/\/www.rodilloscodimar.com\/fr\/\",\"name\":\"CODIMAR\",\"description\":\"Frabricante de Componentes , Rodillos, Estaciones y M\u00e1quinas.\",\"publisher\":{\"@id\":\"https:\/\/www.rodilloscodimar.com\/fr\/#organization\"},\"potentialAction\":[{\"@type\":\"SearchAction\",\"target\":{\"@type\":\"EntryPoint\",\"urlTemplate\":\"https:\/\/www.rodilloscodimar.com\/fr\/?s={search_term_string}\"},\"query-input\":{\"@type\":\"PropertyValueSpecification\",\"valueRequired\":true,\"valueName\":\"search_term_string\"}}],\"inLanguage\":\"fr-FR\"},{\"@type\":\"Organization\",\"@id\":\"https:\/\/www.rodilloscodimar.com\/fr\/#organization\",\"name\":\"Rodillos Codimar\",\"url\":\"https:\/\/www.rodilloscodimar.com\/fr\/\",\"logo\":{\"@type\":\"ImageObject\",\"inLanguage\":\"fr-FR\",\"@id\":\"https:\/\/www.rodilloscodimar.com\/fr\/#\/schema\/logo\/image\/\",\"url\":\"https:\/\/www.rodilloscodimar.com\/wp-content\/uploads\/2020\/01\/logo-email.jpg\",\"contentUrl\":\"https:\/\/www.rodilloscodimar.com\/wp-content\/uploads\/2020\/01\/logo-email.jpg\",\"width\":300,\"height\":299,\"caption\":\"Rodillos Codimar\"},\"image\":{\"@id\":\"https:\/\/www.rodilloscodimar.com\/fr\/#\/schema\/logo\/image\/\"}}]}<\/script>\n<!-- \/ Yoast SEO plugin. -->","yoast_head_json":{"title":"Courbe \u00e0 rouleaux coniques motoris\u00e9s R30 | Rouleaux Codimar SL","description":"Courbe \u00e0 rouleaux coniques motoris\u00e9s R30 Ce convoyeur est utilis\u00e9 pour effectuer des changements de direction sur les lignes de convoyeur.","robots":{"index":"index","follow":"follow","max-snippet":"max-snippet:-1","max-image-preview":"max-image-preview:large","max-video-preview":"max-video-preview:-1"},"canonical":"https:\/\/www.rodilloscodimar.com\/fr\/produit\/courbe-a-rouleaux-coniques-motorisee-r30\/","og_locale":"fr_FR","og_type":"article","og_title":"Courbe \u00e0 rouleaux coniques motoris\u00e9s R30 | Rouleaux Codimar SL","og_description":"Courbe \u00e0 rouleaux coniques motoris\u00e9s R30 Ce convoyeur est utilis\u00e9 pour effectuer des changements de direction sur les lignes de convoyeur.","og_url":"https:\/\/www.rodilloscodimar.com\/fr\/produit\/courbe-a-rouleaux-coniques-motorisee-r30\/","og_site_name":"CODIMAR","article_modified_time":"2020-12-15T16:22:37+00:00","og_image":[{"width":1080,"height":1080,"url":"https:\/\/www.rodilloscodimar.com\/wp-content\/uploads\/2018\/10\/R30-0129.jpg","type":"image\/jpeg"}],"twitter_card":"summary_large_image","schema":{"@context":"https:\/\/schema.org","@graph":[{"@type":"WebPage","@id":"https:\/\/www.rodilloscodimar.com\/fr\/produit\/courbe-a-rouleaux-coniques-motorisee-r30\/","url":"https:\/\/www.rodilloscodimar.com\/fr\/produit\/courbe-a-rouleaux-coniques-motorisee-r30\/","name":"Courbe \u00e0 rouleaux coniques motoris\u00e9s R30 | Rouleaux Codimar SL","isPartOf":{"@id":"https:\/\/www.rodilloscodimar.com\/fr\/#website"},"primaryImageOfPage":{"@id":"https:\/\/www.rodilloscodimar.com\/fr\/produit\/courbe-a-rouleaux-coniques-motorisee-r30\/#primaryimage"},"image":{"@id":"https:\/\/www.rodilloscodimar.com\/fr\/produit\/courbe-a-rouleaux-coniques-motorisee-r30\/#primaryimage"},"thumbnailUrl":"https:\/\/www.rodilloscodimar.com\/wp-content\/uploads\/2018\/10\/R30-0129.jpg","datePublished":"2020-12-15T16:22:34+00:00","dateModified":"2020-12-15T16:22:37+00:00","description":"Courbe \u00e0 rouleaux coniques motoris\u00e9s R30 Ce convoyeur est utilis\u00e9 pour effectuer des changements de direction sur les lignes de convoyeur.","breadcrumb":{"@id":"https:\/\/www.rodilloscodimar.com\/fr\/produit\/courbe-a-rouleaux-coniques-motorisee-r30\/#breadcrumb"},"inLanguage":"fr-FR","potentialAction":[{"@type":"ReadAction","target":["https:\/\/www.rodilloscodimar.com\/fr\/produit\/courbe-a-rouleaux-coniques-motorisee-r30\/"]}]},{"@type":"ImageObject","inLanguage":"fr-FR","@id":"https:\/\/www.rodilloscodimar.com\/fr\/produit\/courbe-a-rouleaux-coniques-motorisee-r30\/#primaryimage","url":"https:\/\/www.rodilloscodimar.com\/wp-content\/uploads\/2018\/10\/R30-0129.jpg","contentUrl":"https:\/\/www.rodilloscodimar.com\/wp-content\/uploads\/2018\/10\/R30-0129.jpg","width":1080,"height":1080,"caption":"Courbe de rouleau conique motoris\u00e9e"},{"@type":"BreadcrumbList","@id":"https:\/\/www.rodilloscodimar.com\/fr\/produit\/courbe-a-rouleaux-coniques-motorisee-r30\/#breadcrumb","itemListElement":[{"@type":"ListItem","position":1,"name":"Portada","item":"https:\/\/www.rodilloscodimar.com\/fr\/"},{"@type":"ListItem","position":2,"name":"Tienda","item":"https:\/\/www.rodilloscodimar.com\/tienda\/"},{"@type":"ListItem","position":3,"name":"Courbe de rouleau conique motoris\u00e9e R30"}]},{"@type":"WebSite","@id":"https:\/\/www.rodilloscodimar.com\/fr\/#website","url":"https:\/\/www.rodilloscodimar.com\/fr\/","name":"CODIMAR","description":"Frabricante de Componentes , Rodillos, Estaciones y M\u00e1quinas.","publisher":{"@id":"https:\/\/www.rodilloscodimar.com\/fr\/#organization"},"potentialAction":[{"@type":"SearchAction","target":{"@type":"EntryPoint","urlTemplate":"https:\/\/www.rodilloscodimar.com\/fr\/?s={search_term_string}"},"query-input":{"@type":"PropertyValueSpecification","valueRequired":true,"valueName":"search_term_string"}}],"inLanguage":"fr-FR"},{"@type":"Organization","@id":"https:\/\/www.rodilloscodimar.com\/fr\/#organization","name":"Rodillos Codimar","url":"https:\/\/www.rodilloscodimar.com\/fr\/","logo":{"@type":"ImageObject","inLanguage":"fr-FR","@id":"https:\/\/www.rodilloscodimar.com\/fr\/#\/schema\/logo\/image\/","url":"https:\/\/www.rodilloscodimar.com\/wp-content\/uploads\/2020\/01\/logo-email.jpg","contentUrl":"https:\/\/www.rodilloscodimar.com\/wp-content\/uploads\/2020\/01\/logo-email.jpg","width":300,"height":299,"caption":"Rodillos Codimar"},"image":{"@id":"https:\/\/www.rodilloscodimar.com\/fr\/#\/schema\/logo\/image\/"}}]}},"_links":{"self":[{"href":"https:\/\/www.rodilloscodimar.com\/fr\/wp-json\/wp\/v2\/product\/5132","targetHints":{"allow":["GET"]}}],"collection":[{"href":"https:\/\/www.rodilloscodimar.com\/fr\/wp-json\/wp\/v2\/product"}],"about":[{"href":"https:\/\/www.rodilloscodimar.com\/fr\/wp-json\/wp\/v2\/types\/product"}],"wp:featuredmedia":[{"embeddable":true,"href":"https:\/\/www.rodilloscodimar.com\/fr\/wp-json\/wp\/v2\/media\/1191"}],"wp:attachment":[{"href":"https:\/\/www.rodilloscodimar.com\/fr\/wp-json\/wp\/v2\/media?parent=5132"}],"wp:term":[{"taxonomy":"product_brand","embeddable":true,"href":"https:\/\/www.rodilloscodimar.com\/fr\/wp-json\/wp\/v2\/product_brand?post=5132"},{"taxonomy":"product_cat","embeddable":true,"href":"https:\/\/www.rodilloscodimar.com\/fr\/wp-json\/wp\/v2\/product_cat?post=5132"},{"taxonomy":"product_tag","embeddable":true,"href":"https:\/\/www.rodilloscodimar.com\/fr\/wp-json\/wp\/v2\/product_tag?post=5132"}],"curies":[{"name":"wp","href":"https:\/\/api.w.org\/{rel}","templated":true}]}}