{"id":5113,"date":"2018-10-08T13:47:03","date_gmt":"2020-12-15T16:21:54","guid":{"rendered":"https:\/\/www.rodilloscodimar.com\/producto\/convoyeur-a-bande-b30-sur-berceau-a-rouleaux\/"},"modified":"2020-12-15T17:21:54","modified_gmt":"2020-12-15T16:21:54","slug":"b30-convoyeur-a-bande-sur-berceau-a-rouleaux","status":"publish","type":"product","link":"https:\/\/www.rodilloscodimar.com\/fr\/produit\/b30-convoyeur-a-bande-sur-berceau-a-rouleaux\/","title":{"rendered":"Convoyeur \u00e0 bande B30 sur berceau \u00e0 rouleaux"},"content":{"rendered":"<ul>\n<li>Longueur: 1000 \u00e0 12000 mm<\/li>\n<li>Largeur utile: 60 \u00e0 1500 mm<\/li>\n<li>Capacit\u00e9 de charge maximale: 100 kg \/ m<\/li>\n<li>\u00d8 Tambour d&rsquo;entra\u00eenement: 80 \u00e0 120 mm<\/li>\n<li>\u00d8 Tambour tendeur: 80 \u00e0 120 mm\n<li>\n<li>Cadre: acier au carbone \/ inoxydable<\/li>\n<li>Finition: peint \/ zingu\u00e9 \/ sabl\u00e9<\/li>\n<li>Vitesse: 3 \u00e0 25 m \/ min<\/li>\n<li>Motorisation: en t\u00eate<\/li>\n<li>Pieds de nivellement r\u00e9glables en hauteur \u00b1 50 mm<\/li>\n<\/ul>\n<p>Pour les ex\u00e9cutions sp\u00e9ciales consulter CODIMAR<\/p>\n","protected":false},"excerpt":{"rendered":"<p>Quand<strong> Il s&rsquo;agit de transporter de grosses charges lourdes sur une bande et aussi pour des tron\u00e7ons de transport sup\u00e9rieurs \u00e0 6m, l&rsquo;utilisation d&rsquo;une bande sur un berceau \u00e0 rouleaux est recommand\u00e9e.<\/strong> De cette fa\u00e7on, nous r\u00e9duisons le frottement exerc\u00e9 par la bande sur sa base, augmentant sa dur\u00e9e de vie utile.<\/p>\n<p>Le berceau \u00e0 rouleaux peut \u00eatre r\u00e9alis\u00e9 \u00e0 plat, en auge ou en forme de \u00ab\u00a0V\u00a0\u00bb pour le transport de produit granul\u00e9.<\/p>\n<p>Niveau sonore: faible<\/p>\n","protected":false},"featured_media":1176,"template":"","meta":{"_joinchat":[]},"product_brand":[],"product_cat":[180],"product_tag":[],"class_list":{"0":"post-5113","1":"product","2":"type-product","3":"status-publish","4":"has-post-thumbnail","6":"product_cat-convoyeurs-a-courroie","8":"first","9":"instock","10":"shipping-taxable","11":"product-type-simple"},"yoast_head":"<!-- This site is optimized with the Yoast SEO plugin v27.2 - https:\/\/yoast.com\/product\/yoast-seo-wordpress\/ -->\n<title>B30 Convoyeur \u00e0 bande sur berceau \u00e0 rouleaux | Machines | Codifier<\/title>\n<meta name=\"description\" content=\"Le convoyeur \u00e0 bande B30 sur berceau \u00e0 rouleaux transporte de grandes charges lourdes sur bande et pour des sections de transport sup\u00e9rieures \u00e0 6 m.\" \/>\n<meta name=\"robots\" content=\"index, follow, max-snippet:-1, max-image-preview:large, max-video-preview:-1\" \/>\n<link rel=\"canonical\" href=\"https:\/\/www.rodilloscodimar.com\/fr\/produit\/b30-convoyeur-a-bande-sur-berceau-a-rouleaux\/\" \/>\n<meta property=\"og:locale\" content=\"fr_FR\" \/>\n<meta property=\"og:type\" content=\"article\" \/>\n<meta property=\"og:title\" content=\"B30 Convoyeur \u00e0 bande sur berceau \u00e0 rouleaux | Machines | Codifier\" \/>\n<meta property=\"og:description\" content=\"Le convoyeur \u00e0 bande B30 sur berceau \u00e0 rouleaux transporte de grandes charges lourdes sur bande et pour des sections de transport sup\u00e9rieures \u00e0 6 m.\" \/>\n<meta property=\"og:url\" content=\"https:\/\/www.rodilloscodimar.com\/fr\/produit\/b30-convoyeur-a-bande-sur-berceau-a-rouleaux\/\" \/>\n<meta property=\"og:site_name\" content=\"CODIMAR\" \/>\n<meta property=\"og:image\" content=\"https:\/\/www.rodilloscodimar.com\/wp-content\/uploads\/2018\/10\/B31-0001.11.jpg\" \/>\n\t<meta property=\"og:image:width\" content=\"1080\" \/>\n\t<meta property=\"og:image:height\" content=\"1080\" \/>\n\t<meta property=\"og:image:type\" content=\"image\/jpeg\" \/>\n<meta name=\"twitter:card\" content=\"summary_large_image\" \/>\n<script type=\"application\/ld+json\" class=\"yoast-schema-graph\">{\"@context\":\"https:\/\/schema.org\",\"@graph\":[{\"@type\":\"WebPage\",\"@id\":\"https:\/\/www.rodilloscodimar.com\/fr\/produit\/b30-convoyeur-a-bande-sur-berceau-a-rouleaux\/\",\"url\":\"https:\/\/www.rodilloscodimar.com\/fr\/produit\/b30-convoyeur-a-bande-sur-berceau-a-rouleaux\/\",\"name\":\"B30 Convoyeur \u00e0 bande sur berceau \u00e0 rouleaux | Machines | Codifier\",\"isPartOf\":{\"@id\":\"https:\/\/www.rodilloscodimar.com\/fr\/#website\"},\"primaryImageOfPage\":{\"@id\":\"https:\/\/www.rodilloscodimar.com\/fr\/produit\/b30-convoyeur-a-bande-sur-berceau-a-rouleaux\/#primaryimage\"},\"image\":{\"@id\":\"https:\/\/www.rodilloscodimar.com\/fr\/produit\/b30-convoyeur-a-bande-sur-berceau-a-rouleaux\/#primaryimage\"},\"thumbnailUrl\":\"https:\/\/www.rodilloscodimar.com\/wp-content\/uploads\/2018\/10\/B31-0001.11.jpg\",\"datePublished\":\"2020-12-15T16:21:54+00:00\",\"description\":\"Le convoyeur \u00e0 bande B30 sur berceau \u00e0 rouleaux transporte de grandes charges lourdes sur bande et pour des sections de transport sup\u00e9rieures \u00e0 6 m.\",\"breadcrumb\":{\"@id\":\"https:\/\/www.rodilloscodimar.com\/fr\/produit\/b30-convoyeur-a-bande-sur-berceau-a-rouleaux\/#breadcrumb\"},\"inLanguage\":\"fr-FR\",\"potentialAction\":[{\"@type\":\"ReadAction\",\"target\":[\"https:\/\/www.rodilloscodimar.com\/fr\/produit\/b30-convoyeur-a-bande-sur-berceau-a-rouleaux\/\"]}]},{\"@type\":\"ImageObject\",\"inLanguage\":\"fr-FR\",\"@id\":\"https:\/\/www.rodilloscodimar.com\/fr\/produit\/b30-convoyeur-a-bande-sur-berceau-a-rouleaux\/#primaryimage\",\"url\":\"https:\/\/www.rodilloscodimar.com\/wp-content\/uploads\/2018\/10\/B31-0001.11.jpg\",\"contentUrl\":\"https:\/\/www.rodilloscodimar.com\/wp-content\/uploads\/2018\/10\/B31-0001.11.jpg\",\"width\":1080,\"height\":1080,\"caption\":\"Convoyeur \u00e0 bande sur berceau \u00e0 rouleaux\"},{\"@type\":\"BreadcrumbList\",\"@id\":\"https:\/\/www.rodilloscodimar.com\/fr\/produit\/b30-convoyeur-a-bande-sur-berceau-a-rouleaux\/#breadcrumb\",\"itemListElement\":[{\"@type\":\"ListItem\",\"position\":1,\"name\":\"Portada\",\"item\":\"https:\/\/www.rodilloscodimar.com\/fr\/\"},{\"@type\":\"ListItem\",\"position\":2,\"name\":\"Tienda\",\"item\":\"https:\/\/www.rodilloscodimar.com\/tienda\/\"},{\"@type\":\"ListItem\",\"position\":3,\"name\":\"Convoyeur \u00e0 bande B30 sur berceau \u00e0 rouleaux\"}]},{\"@type\":\"WebSite\",\"@id\":\"https:\/\/www.rodilloscodimar.com\/fr\/#website\",\"url\":\"https:\/\/www.rodilloscodimar.com\/fr\/\",\"name\":\"CODIMAR\",\"description\":\"Frabricante de Componentes , Rodillos, Estaciones y M\u00e1quinas.\",\"publisher\":{\"@id\":\"https:\/\/www.rodilloscodimar.com\/fr\/#organization\"},\"potentialAction\":[{\"@type\":\"SearchAction\",\"target\":{\"@type\":\"EntryPoint\",\"urlTemplate\":\"https:\/\/www.rodilloscodimar.com\/fr\/?s={search_term_string}\"},\"query-input\":{\"@type\":\"PropertyValueSpecification\",\"valueRequired\":true,\"valueName\":\"search_term_string\"}}],\"inLanguage\":\"fr-FR\"},{\"@type\":\"Organization\",\"@id\":\"https:\/\/www.rodilloscodimar.com\/fr\/#organization\",\"name\":\"Rodillos Codimar\",\"url\":\"https:\/\/www.rodilloscodimar.com\/fr\/\",\"logo\":{\"@type\":\"ImageObject\",\"inLanguage\":\"fr-FR\",\"@id\":\"https:\/\/www.rodilloscodimar.com\/fr\/#\/schema\/logo\/image\/\",\"url\":\"https:\/\/www.rodilloscodimar.com\/wp-content\/uploads\/2020\/01\/logo-email.jpg\",\"contentUrl\":\"https:\/\/www.rodilloscodimar.com\/wp-content\/uploads\/2020\/01\/logo-email.jpg\",\"width\":300,\"height\":299,\"caption\":\"Rodillos Codimar\"},\"image\":{\"@id\":\"https:\/\/www.rodilloscodimar.com\/fr\/#\/schema\/logo\/image\/\"}}]}<\/script>\n<!-- \/ Yoast SEO plugin. -->","yoast_head_json":{"title":"B30 Convoyeur \u00e0 bande sur berceau \u00e0 rouleaux | Machines | Codifier","description":"Le convoyeur \u00e0 bande B30 sur berceau \u00e0 rouleaux transporte de grandes charges lourdes sur bande et pour des sections de transport sup\u00e9rieures \u00e0 6 m.","robots":{"index":"index","follow":"follow","max-snippet":"max-snippet:-1","max-image-preview":"max-image-preview:large","max-video-preview":"max-video-preview:-1"},"canonical":"https:\/\/www.rodilloscodimar.com\/fr\/produit\/b30-convoyeur-a-bande-sur-berceau-a-rouleaux\/","og_locale":"fr_FR","og_type":"article","og_title":"B30 Convoyeur \u00e0 bande sur berceau \u00e0 rouleaux | Machines | Codifier","og_description":"Le convoyeur \u00e0 bande B30 sur berceau \u00e0 rouleaux transporte de grandes charges lourdes sur bande et pour des sections de transport sup\u00e9rieures \u00e0 6 m.","og_url":"https:\/\/www.rodilloscodimar.com\/fr\/produit\/b30-convoyeur-a-bande-sur-berceau-a-rouleaux\/","og_site_name":"CODIMAR","og_image":[{"width":1080,"height":1080,"url":"https:\/\/www.rodilloscodimar.com\/wp-content\/uploads\/2018\/10\/B31-0001.11.jpg","type":"image\/jpeg"}],"twitter_card":"summary_large_image","schema":{"@context":"https:\/\/schema.org","@graph":[{"@type":"WebPage","@id":"https:\/\/www.rodilloscodimar.com\/fr\/produit\/b30-convoyeur-a-bande-sur-berceau-a-rouleaux\/","url":"https:\/\/www.rodilloscodimar.com\/fr\/produit\/b30-convoyeur-a-bande-sur-berceau-a-rouleaux\/","name":"B30 Convoyeur \u00e0 bande sur berceau \u00e0 rouleaux | Machines | Codifier","isPartOf":{"@id":"https:\/\/www.rodilloscodimar.com\/fr\/#website"},"primaryImageOfPage":{"@id":"https:\/\/www.rodilloscodimar.com\/fr\/produit\/b30-convoyeur-a-bande-sur-berceau-a-rouleaux\/#primaryimage"},"image":{"@id":"https:\/\/www.rodilloscodimar.com\/fr\/produit\/b30-convoyeur-a-bande-sur-berceau-a-rouleaux\/#primaryimage"},"thumbnailUrl":"https:\/\/www.rodilloscodimar.com\/wp-content\/uploads\/2018\/10\/B31-0001.11.jpg","datePublished":"2020-12-15T16:21:54+00:00","description":"Le convoyeur \u00e0 bande B30 sur berceau \u00e0 rouleaux transporte de grandes charges lourdes sur bande et pour des sections de transport sup\u00e9rieures \u00e0 6 m.","breadcrumb":{"@id":"https:\/\/www.rodilloscodimar.com\/fr\/produit\/b30-convoyeur-a-bande-sur-berceau-a-rouleaux\/#breadcrumb"},"inLanguage":"fr-FR","potentialAction":[{"@type":"ReadAction","target":["https:\/\/www.rodilloscodimar.com\/fr\/produit\/b30-convoyeur-a-bande-sur-berceau-a-rouleaux\/"]}]},{"@type":"ImageObject","inLanguage":"fr-FR","@id":"https:\/\/www.rodilloscodimar.com\/fr\/produit\/b30-convoyeur-a-bande-sur-berceau-a-rouleaux\/#primaryimage","url":"https:\/\/www.rodilloscodimar.com\/wp-content\/uploads\/2018\/10\/B31-0001.11.jpg","contentUrl":"https:\/\/www.rodilloscodimar.com\/wp-content\/uploads\/2018\/10\/B31-0001.11.jpg","width":1080,"height":1080,"caption":"Convoyeur \u00e0 bande sur berceau \u00e0 rouleaux"},{"@type":"BreadcrumbList","@id":"https:\/\/www.rodilloscodimar.com\/fr\/produit\/b30-convoyeur-a-bande-sur-berceau-a-rouleaux\/#breadcrumb","itemListElement":[{"@type":"ListItem","position":1,"name":"Portada","item":"https:\/\/www.rodilloscodimar.com\/fr\/"},{"@type":"ListItem","position":2,"name":"Tienda","item":"https:\/\/www.rodilloscodimar.com\/tienda\/"},{"@type":"ListItem","position":3,"name":"Convoyeur \u00e0 bande B30 sur berceau \u00e0 rouleaux"}]},{"@type":"WebSite","@id":"https:\/\/www.rodilloscodimar.com\/fr\/#website","url":"https:\/\/www.rodilloscodimar.com\/fr\/","name":"CODIMAR","description":"Frabricante de Componentes , Rodillos, Estaciones y M\u00e1quinas.","publisher":{"@id":"https:\/\/www.rodilloscodimar.com\/fr\/#organization"},"potentialAction":[{"@type":"SearchAction","target":{"@type":"EntryPoint","urlTemplate":"https:\/\/www.rodilloscodimar.com\/fr\/?s={search_term_string}"},"query-input":{"@type":"PropertyValueSpecification","valueRequired":true,"valueName":"search_term_string"}}],"inLanguage":"fr-FR"},{"@type":"Organization","@id":"https:\/\/www.rodilloscodimar.com\/fr\/#organization","name":"Rodillos Codimar","url":"https:\/\/www.rodilloscodimar.com\/fr\/","logo":{"@type":"ImageObject","inLanguage":"fr-FR","@id":"https:\/\/www.rodilloscodimar.com\/fr\/#\/schema\/logo\/image\/","url":"https:\/\/www.rodilloscodimar.com\/wp-content\/uploads\/2020\/01\/logo-email.jpg","contentUrl":"https:\/\/www.rodilloscodimar.com\/wp-content\/uploads\/2020\/01\/logo-email.jpg","width":300,"height":299,"caption":"Rodillos Codimar"},"image":{"@id":"https:\/\/www.rodilloscodimar.com\/fr\/#\/schema\/logo\/image\/"}}]}},"_links":{"self":[{"href":"https:\/\/www.rodilloscodimar.com\/fr\/wp-json\/wp\/v2\/product\/5113","targetHints":{"allow":["GET"]}}],"collection":[{"href":"https:\/\/www.rodilloscodimar.com\/fr\/wp-json\/wp\/v2\/product"}],"about":[{"href":"https:\/\/www.rodilloscodimar.com\/fr\/wp-json\/wp\/v2\/types\/product"}],"wp:featuredmedia":[{"embeddable":true,"href":"https:\/\/www.rodilloscodimar.com\/fr\/wp-json\/wp\/v2\/media\/1176"}],"wp:attachment":[{"href":"https:\/\/www.rodilloscodimar.com\/fr\/wp-json\/wp\/v2\/media?parent=5113"}],"wp:term":[{"taxonomy":"product_brand","embeddable":true,"href":"https:\/\/www.rodilloscodimar.com\/fr\/wp-json\/wp\/v2\/product_brand?post=5113"},{"taxonomy":"product_cat","embeddable":true,"href":"https:\/\/www.rodilloscodimar.com\/fr\/wp-json\/wp\/v2\/product_cat?post=5113"},{"taxonomy":"product_tag","embeddable":true,"href":"https:\/\/www.rodilloscodimar.com\/fr\/wp-json\/wp\/v2\/product_tag?post=5113"}],"curies":[{"name":"wp","href":"https:\/\/api.w.org\/{rel}","templated":true}]}}