{"id":5090,"date":"2018-10-08T13:20:11","date_gmt":"2020-12-15T16:21:34","guid":{"rendered":"https:\/\/www.rodilloscodimar.com\/producto\/courbe-de-rouleau-de-gravite-cylindrique-g71\/"},"modified":"2020-12-15T17:21:34","modified_gmt":"2020-12-15T16:21:34","slug":"g71-gravite-cylindrique-rouleau-courbe","status":"publish","type":"product","link":"https:\/\/www.rodilloscodimar.com\/fr\/produit\/g71-gravite-cylindrique-rouleau-courbe\/","title":{"rendered":"Courbe de rouleau de gravit\u00e9 cylindrique G71"},"content":{"rendered":"<ul>\n<li>Secteurs: 30\u00ba, 45\u00ba, 90\u00ba, 180\u00ba<\/li>\n<li>Largeur utile: \u00e0 d\u00e9terminer en fonction des dimensions du produit<\/li>\n<li>\u00d8 rouleaux: 16, 20, 30, 40, 50 et 60 mm<\/li>\n<li>Mat\u00e9riau du rouleau: acier au carbone \/ inoxydable \/ PVC<\/li>\n<li>Mat\u00e9riau de la t\u00eate: thermoplastique \/ m\u00e9tallique<\/li>\n<li>Roulement de t\u00eate: pr\u00e9cision \/ estampage \/ rang\u00e9e de billes<\/li>\n<li>\u00d8 arbre: 6, 8, 10, 12, 14, 15 mm<\/li>\n<li>Cadre: acier au carbone \/ inoxydable<\/li>\n<li>Finition: peint \/ zingu\u00e9 \/ sabl\u00e9<\/li>\n<li>Pieds de nivellement r\u00e9glables en hauteur \u00b1 50 mm<\/li>\n<\/ul>\n<p>Pour les ex\u00e9cutions sp\u00e9ciales consulter CODIMAR<\/p>\n","protected":false},"excerpt":{"rendered":"<p>Ce rapporteur est<strong> utilis\u00e9 pour effectuer des changements de direction dans les lignes de transport.<\/strong><\/p>\n<p>Le rouleau peut \u00eatre double ou triple selon les dimensions du produit \u00e0 transporter.<\/p>\n<p><strong>Son implantation peut \u00eatre r\u00e9alis\u00e9e en coupe de spirale ou dans le plan.<\/strong><\/p>\n","protected":false},"featured_media":1142,"template":"","meta":{"_joinchat":[]},"product_brand":[],"product_cat":[172],"product_tag":[],"class_list":{"0":"post-5090","1":"product","2":"type-product","3":"status-publish","4":"has-post-thumbnail","6":"product_cat-convoyeurs-gravitaires","8":"first","9":"instock","10":"shipping-taxable","11":"product-type-simple"},"yoast_head":"<!-- This site is optimized with the Yoast SEO plugin v27.2 - https:\/\/yoast.com\/product\/yoast-seo-wordpress\/ -->\n<title>Courbe \u00e0 rouleaux cylindriques \u00e0 gravit\u00e9 G71 | Machines | Codifier<\/title>\n<meta name=\"description\" content=\"G71 Cylindrique Gravity Roller Curve pour effectuer des changements de direction dans les lignes de convoyeur. Cela peut \u00eatre fait comme une section d&#039;une spirale.\" \/>\n<meta name=\"robots\" content=\"index, follow, max-snippet:-1, max-image-preview:large, max-video-preview:-1\" \/>\n<link rel=\"canonical\" href=\"https:\/\/www.rodilloscodimar.com\/fr\/produit\/g71-gravite-cylindrique-rouleau-courbe\/\" \/>\n<meta property=\"og:locale\" content=\"fr_FR\" \/>\n<meta property=\"og:type\" content=\"article\" \/>\n<meta property=\"og:title\" content=\"Courbe \u00e0 rouleaux cylindriques \u00e0 gravit\u00e9 G71 | Machines | Codifier\" \/>\n<meta property=\"og:description\" content=\"G71 Cylindrique Gravity Roller Curve pour effectuer des changements de direction dans les lignes de convoyeur. Cela peut \u00eatre fait comme une section d&#039;une spirale.\" \/>\n<meta property=\"og:url\" content=\"https:\/\/www.rodilloscodimar.com\/fr\/produit\/g71-gravite-cylindrique-rouleau-courbe\/\" \/>\n<meta property=\"og:site_name\" content=\"CODIMAR\" \/>\n<meta property=\"og:image\" content=\"https:\/\/www.rodilloscodimar.com\/wp-content\/uploads\/2018\/10\/G71-0002-01.jpg\" \/>\n\t<meta property=\"og:image:width\" content=\"1080\" \/>\n\t<meta property=\"og:image:height\" content=\"1080\" \/>\n\t<meta property=\"og:image:type\" content=\"image\/jpeg\" \/>\n<meta name=\"twitter:card\" content=\"summary_large_image\" \/>\n<script type=\"application\/ld+json\" class=\"yoast-schema-graph\">{\"@context\":\"https:\/\/schema.org\",\"@graph\":[{\"@type\":\"WebPage\",\"@id\":\"https:\/\/www.rodilloscodimar.com\/fr\/produit\/g71-gravite-cylindrique-rouleau-courbe\/\",\"url\":\"https:\/\/www.rodilloscodimar.com\/fr\/produit\/g71-gravite-cylindrique-rouleau-courbe\/\",\"name\":\"Courbe \u00e0 rouleaux cylindriques \u00e0 gravit\u00e9 G71 | Machines | Codifier\",\"isPartOf\":{\"@id\":\"https:\/\/www.rodilloscodimar.com\/fr\/#website\"},\"primaryImageOfPage\":{\"@id\":\"https:\/\/www.rodilloscodimar.com\/fr\/produit\/g71-gravite-cylindrique-rouleau-courbe\/#primaryimage\"},\"image\":{\"@id\":\"https:\/\/www.rodilloscodimar.com\/fr\/produit\/g71-gravite-cylindrique-rouleau-courbe\/#primaryimage\"},\"thumbnailUrl\":\"https:\/\/www.rodilloscodimar.com\/wp-content\/uploads\/2018\/10\/G71-0002-01.jpg\",\"datePublished\":\"2020-12-15T16:21:34+00:00\",\"description\":\"G71 Cylindrique Gravity Roller Curve pour effectuer des changements de direction dans les lignes de convoyeur. Cela peut \u00eatre fait comme une section d'une spirale.\",\"breadcrumb\":{\"@id\":\"https:\/\/www.rodilloscodimar.com\/fr\/produit\/g71-gravite-cylindrique-rouleau-courbe\/#breadcrumb\"},\"inLanguage\":\"fr-FR\",\"potentialAction\":[{\"@type\":\"ReadAction\",\"target\":[\"https:\/\/www.rodilloscodimar.com\/fr\/produit\/g71-gravite-cylindrique-rouleau-courbe\/\"]}]},{\"@type\":\"ImageObject\",\"inLanguage\":\"fr-FR\",\"@id\":\"https:\/\/www.rodilloscodimar.com\/fr\/produit\/g71-gravite-cylindrique-rouleau-courbe\/#primaryimage\",\"url\":\"https:\/\/www.rodilloscodimar.com\/wp-content\/uploads\/2018\/10\/G71-0002-01.jpg\",\"contentUrl\":\"https:\/\/www.rodilloscodimar.com\/wp-content\/uploads\/2018\/10\/G71-0002-01.jpg\",\"width\":1080,\"height\":1080,\"caption\":\"Courbe de rouleau de gravit\u00e9 cylindrique\"},{\"@type\":\"BreadcrumbList\",\"@id\":\"https:\/\/www.rodilloscodimar.com\/fr\/produit\/g71-gravite-cylindrique-rouleau-courbe\/#breadcrumb\",\"itemListElement\":[{\"@type\":\"ListItem\",\"position\":1,\"name\":\"Portada\",\"item\":\"https:\/\/www.rodilloscodimar.com\/fr\/\"},{\"@type\":\"ListItem\",\"position\":2,\"name\":\"Tienda\",\"item\":\"https:\/\/www.rodilloscodimar.com\/tienda\/\"},{\"@type\":\"ListItem\",\"position\":3,\"name\":\"Courbe de rouleau de gravit\u00e9 cylindrique G71\"}]},{\"@type\":\"WebSite\",\"@id\":\"https:\/\/www.rodilloscodimar.com\/fr\/#website\",\"url\":\"https:\/\/www.rodilloscodimar.com\/fr\/\",\"name\":\"CODIMAR\",\"description\":\"Frabricante de Componentes , Rodillos, Estaciones y M\u00e1quinas.\",\"publisher\":{\"@id\":\"https:\/\/www.rodilloscodimar.com\/fr\/#organization\"},\"potentialAction\":[{\"@type\":\"SearchAction\",\"target\":{\"@type\":\"EntryPoint\",\"urlTemplate\":\"https:\/\/www.rodilloscodimar.com\/fr\/?s={search_term_string}\"},\"query-input\":{\"@type\":\"PropertyValueSpecification\",\"valueRequired\":true,\"valueName\":\"search_term_string\"}}],\"inLanguage\":\"fr-FR\"},{\"@type\":\"Organization\",\"@id\":\"https:\/\/www.rodilloscodimar.com\/fr\/#organization\",\"name\":\"Rodillos Codimar\",\"url\":\"https:\/\/www.rodilloscodimar.com\/fr\/\",\"logo\":{\"@type\":\"ImageObject\",\"inLanguage\":\"fr-FR\",\"@id\":\"https:\/\/www.rodilloscodimar.com\/fr\/#\/schema\/logo\/image\/\",\"url\":\"https:\/\/www.rodilloscodimar.com\/wp-content\/uploads\/2020\/01\/logo-email.jpg\",\"contentUrl\":\"https:\/\/www.rodilloscodimar.com\/wp-content\/uploads\/2020\/01\/logo-email.jpg\",\"width\":300,\"height\":299,\"caption\":\"Rodillos Codimar\"},\"image\":{\"@id\":\"https:\/\/www.rodilloscodimar.com\/fr\/#\/schema\/logo\/image\/\"}}]}<\/script>\n<!-- \/ Yoast SEO plugin. -->","yoast_head_json":{"title":"Courbe \u00e0 rouleaux cylindriques \u00e0 gravit\u00e9 G71 | Machines | Codifier","description":"G71 Cylindrique Gravity Roller Curve pour effectuer des changements de direction dans les lignes de convoyeur. Cela peut \u00eatre fait comme une section d'une spirale.","robots":{"index":"index","follow":"follow","max-snippet":"max-snippet:-1","max-image-preview":"max-image-preview:large","max-video-preview":"max-video-preview:-1"},"canonical":"https:\/\/www.rodilloscodimar.com\/fr\/produit\/g71-gravite-cylindrique-rouleau-courbe\/","og_locale":"fr_FR","og_type":"article","og_title":"Courbe \u00e0 rouleaux cylindriques \u00e0 gravit\u00e9 G71 | Machines | Codifier","og_description":"G71 Cylindrique Gravity Roller Curve pour effectuer des changements de direction dans les lignes de convoyeur. Cela peut \u00eatre fait comme une section d'une spirale.","og_url":"https:\/\/www.rodilloscodimar.com\/fr\/produit\/g71-gravite-cylindrique-rouleau-courbe\/","og_site_name":"CODIMAR","og_image":[{"width":1080,"height":1080,"url":"https:\/\/www.rodilloscodimar.com\/wp-content\/uploads\/2018\/10\/G71-0002-01.jpg","type":"image\/jpeg"}],"twitter_card":"summary_large_image","schema":{"@context":"https:\/\/schema.org","@graph":[{"@type":"WebPage","@id":"https:\/\/www.rodilloscodimar.com\/fr\/produit\/g71-gravite-cylindrique-rouleau-courbe\/","url":"https:\/\/www.rodilloscodimar.com\/fr\/produit\/g71-gravite-cylindrique-rouleau-courbe\/","name":"Courbe \u00e0 rouleaux cylindriques \u00e0 gravit\u00e9 G71 | Machines | Codifier","isPartOf":{"@id":"https:\/\/www.rodilloscodimar.com\/fr\/#website"},"primaryImageOfPage":{"@id":"https:\/\/www.rodilloscodimar.com\/fr\/produit\/g71-gravite-cylindrique-rouleau-courbe\/#primaryimage"},"image":{"@id":"https:\/\/www.rodilloscodimar.com\/fr\/produit\/g71-gravite-cylindrique-rouleau-courbe\/#primaryimage"},"thumbnailUrl":"https:\/\/www.rodilloscodimar.com\/wp-content\/uploads\/2018\/10\/G71-0002-01.jpg","datePublished":"2020-12-15T16:21:34+00:00","description":"G71 Cylindrique Gravity Roller Curve pour effectuer des changements de direction dans les lignes de convoyeur. Cela peut \u00eatre fait comme une section d'une spirale.","breadcrumb":{"@id":"https:\/\/www.rodilloscodimar.com\/fr\/produit\/g71-gravite-cylindrique-rouleau-courbe\/#breadcrumb"},"inLanguage":"fr-FR","potentialAction":[{"@type":"ReadAction","target":["https:\/\/www.rodilloscodimar.com\/fr\/produit\/g71-gravite-cylindrique-rouleau-courbe\/"]}]},{"@type":"ImageObject","inLanguage":"fr-FR","@id":"https:\/\/www.rodilloscodimar.com\/fr\/produit\/g71-gravite-cylindrique-rouleau-courbe\/#primaryimage","url":"https:\/\/www.rodilloscodimar.com\/wp-content\/uploads\/2018\/10\/G71-0002-01.jpg","contentUrl":"https:\/\/www.rodilloscodimar.com\/wp-content\/uploads\/2018\/10\/G71-0002-01.jpg","width":1080,"height":1080,"caption":"Courbe de rouleau de gravit\u00e9 cylindrique"},{"@type":"BreadcrumbList","@id":"https:\/\/www.rodilloscodimar.com\/fr\/produit\/g71-gravite-cylindrique-rouleau-courbe\/#breadcrumb","itemListElement":[{"@type":"ListItem","position":1,"name":"Portada","item":"https:\/\/www.rodilloscodimar.com\/fr\/"},{"@type":"ListItem","position":2,"name":"Tienda","item":"https:\/\/www.rodilloscodimar.com\/tienda\/"},{"@type":"ListItem","position":3,"name":"Courbe de rouleau de gravit\u00e9 cylindrique G71"}]},{"@type":"WebSite","@id":"https:\/\/www.rodilloscodimar.com\/fr\/#website","url":"https:\/\/www.rodilloscodimar.com\/fr\/","name":"CODIMAR","description":"Frabricante de Componentes , Rodillos, Estaciones y M\u00e1quinas.","publisher":{"@id":"https:\/\/www.rodilloscodimar.com\/fr\/#organization"},"potentialAction":[{"@type":"SearchAction","target":{"@type":"EntryPoint","urlTemplate":"https:\/\/www.rodilloscodimar.com\/fr\/?s={search_term_string}"},"query-input":{"@type":"PropertyValueSpecification","valueRequired":true,"valueName":"search_term_string"}}],"inLanguage":"fr-FR"},{"@type":"Organization","@id":"https:\/\/www.rodilloscodimar.com\/fr\/#organization","name":"Rodillos Codimar","url":"https:\/\/www.rodilloscodimar.com\/fr\/","logo":{"@type":"ImageObject","inLanguage":"fr-FR","@id":"https:\/\/www.rodilloscodimar.com\/fr\/#\/schema\/logo\/image\/","url":"https:\/\/www.rodilloscodimar.com\/wp-content\/uploads\/2020\/01\/logo-email.jpg","contentUrl":"https:\/\/www.rodilloscodimar.com\/wp-content\/uploads\/2020\/01\/logo-email.jpg","width":300,"height":299,"caption":"Rodillos Codimar"},"image":{"@id":"https:\/\/www.rodilloscodimar.com\/fr\/#\/schema\/logo\/image\/"}}]}},"_links":{"self":[{"href":"https:\/\/www.rodilloscodimar.com\/fr\/wp-json\/wp\/v2\/product\/5090","targetHints":{"allow":["GET"]}}],"collection":[{"href":"https:\/\/www.rodilloscodimar.com\/fr\/wp-json\/wp\/v2\/product"}],"about":[{"href":"https:\/\/www.rodilloscodimar.com\/fr\/wp-json\/wp\/v2\/types\/product"}],"wp:featuredmedia":[{"embeddable":true,"href":"https:\/\/www.rodilloscodimar.com\/fr\/wp-json\/wp\/v2\/media\/1142"}],"wp:attachment":[{"href":"https:\/\/www.rodilloscodimar.com\/fr\/wp-json\/wp\/v2\/media?parent=5090"}],"wp:term":[{"taxonomy":"product_brand","embeddable":true,"href":"https:\/\/www.rodilloscodimar.com\/fr\/wp-json\/wp\/v2\/product_brand?post=5090"},{"taxonomy":"product_cat","embeddable":true,"href":"https:\/\/www.rodilloscodimar.com\/fr\/wp-json\/wp\/v2\/product_cat?post=5090"},{"taxonomy":"product_tag","embeddable":true,"href":"https:\/\/www.rodilloscodimar.com\/fr\/wp-json\/wp\/v2\/product_tag?post=5090"}],"curies":[{"name":"wp","href":"https:\/\/api.w.org\/{rel}","templated":true}]}}