{"id":5012,"date":"2018-10-08T12:24:10","date_gmt":"2020-12-15T16:15:06","guid":{"rendered":"https:\/\/www.rodilloscodimar.com\/producto\/transporteur-de-charniere-m20\/"},"modified":"2020-12-15T17:15:06","modified_gmt":"2020-12-15T16:15:06","slug":"convoyeur-a-charniere-m20","status":"publish","type":"product","link":"https:\/\/www.rodilloscodimar.com\/fr\/produit\/convoyeur-a-charniere-m20\/","title":{"rendered":"Transporteur de charni\u00e8re M20"},"content":{"rendered":"<ul>\n<li>Longueur: 300 \u00e0 6000 mm<\/li>\n<li>Largeur utile: 60 \u00e0 1500 mm<\/li>\n<li>Capacit\u00e9 de charge maximale: 20 kg \/ m<\/li>\n<li>\u00d8 Pignon d&rsquo;entra\u00eenement: \u00e0 d\u00e9terminer en fonction de la charni\u00e8re<\/li>\n<li>\u00d8 Pignon tendeur: \u00e0 d\u00e9terminer en fonction de la charni\u00e8re<\/li>\n<li>Cadre: acier au carbone \/ inoxydable<\/li>\n<li>Finition: peint \/ zingu\u00e9 \/ sabl\u00e9<\/li>\n<li>Vitesse: 3 \u00e0 40 m \/ min<\/li>\n<li>Motorisation: en t\u00eate<\/li>\n<li>Pieds de nivellement r\u00e9glables en hauteur \u00b1 50 mm<\/li>\n<li>Niveau sonore: faible<\/li>\n<\/ul>\n","protected":false},"excerpt":{"rendered":"<p>L&rsquo;utilisation de cette machine est recommand\u00e9e pour le transport de charges l\u00e9g\u00e8res qui n\u00e9cessitent une base continue et rigide. Il permet<strong> changements de direction dans le flux de transport<\/strong> . Gr\u00e2ce \u00e0 sa conception, il permet<strong> drainage fluide<\/strong> et son nettoyage facile. Sa forme constructive permet une int\u00e9gration facile dans des lignes existantes ou nouvelles.<\/p>\n","protected":false},"featured_media":1079,"template":"","meta":{"_joinchat":[]},"product_brand":[],"product_cat":[186],"product_tag":[],"class_list":{"0":"post-5012","1":"product","2":"type-product","3":"status-publish","4":"has-post-thumbnail","6":"product_cat-convoyeurs-modulaires-a-mailles-metalliques-et-a-charnieres","8":"first","9":"instock","10":"shipping-taxable","11":"product-type-simple"},"yoast_head":"<!-- This site is optimized with the Yoast SEO plugin v27.2 - https:\/\/yoast.com\/product\/yoast-seo-wordpress\/ -->\n<title>Transporteur de charni\u00e8re M20 | Machines - Rouleaux Codimar SL<\/title>\n<meta name=\"description\" content=\"Le convoyeur \u00e0 charni\u00e8re M20 permet le drainage des liquides, l&#039;int\u00e9gration dans des lignes existantes ou nouvelles et un nettoyage facile.\" \/>\n<meta name=\"robots\" content=\"index, follow, max-snippet:-1, max-image-preview:large, max-video-preview:-1\" \/>\n<link rel=\"canonical\" href=\"https:\/\/www.rodilloscodimar.com\/fr\/produit\/convoyeur-a-charniere-m20\/\" \/>\n<meta property=\"og:locale\" content=\"fr_FR\" \/>\n<meta property=\"og:type\" content=\"article\" \/>\n<meta property=\"og:title\" content=\"Transporteur de charni\u00e8re M20 | Machines - Rouleaux Codimar SL\" \/>\n<meta property=\"og:description\" content=\"Le convoyeur \u00e0 charni\u00e8re M20 permet le drainage des liquides, l&#039;int\u00e9gration dans des lignes existantes ou nouvelles et un nettoyage facile.\" \/>\n<meta property=\"og:url\" content=\"https:\/\/www.rodilloscodimar.com\/fr\/produit\/convoyeur-a-charniere-m20\/\" \/>\n<meta property=\"og:site_name\" content=\"CODIMAR\" \/>\n<meta property=\"og:image\" content=\"https:\/\/www.rodilloscodimar.com\/wp-content\/uploads\/2018\/10\/M20-0002.4.jpg\" \/>\n\t<meta property=\"og:image:width\" content=\"1080\" \/>\n\t<meta property=\"og:image:height\" content=\"1080\" \/>\n\t<meta property=\"og:image:type\" content=\"image\/jpeg\" \/>\n<meta name=\"twitter:card\" content=\"summary_large_image\" \/>\n<script type=\"application\/ld+json\" class=\"yoast-schema-graph\">{\"@context\":\"https:\/\/schema.org\",\"@graph\":[{\"@type\":\"WebPage\",\"@id\":\"https:\/\/www.rodilloscodimar.com\/fr\/produit\/convoyeur-a-charniere-m20\/\",\"url\":\"https:\/\/www.rodilloscodimar.com\/fr\/produit\/convoyeur-a-charniere-m20\/\",\"name\":\"Transporteur de charni\u00e8re M20 | Machines - Rouleaux Codimar SL\",\"isPartOf\":{\"@id\":\"https:\/\/www.rodilloscodimar.com\/fr\/#website\"},\"primaryImageOfPage\":{\"@id\":\"https:\/\/www.rodilloscodimar.com\/fr\/produit\/convoyeur-a-charniere-m20\/#primaryimage\"},\"image\":{\"@id\":\"https:\/\/www.rodilloscodimar.com\/fr\/produit\/convoyeur-a-charniere-m20\/#primaryimage\"},\"thumbnailUrl\":\"https:\/\/www.rodilloscodimar.com\/wp-content\/uploads\/2018\/10\/M20-0002.4.jpg\",\"datePublished\":\"2020-12-15T16:15:06+00:00\",\"description\":\"Le convoyeur \u00e0 charni\u00e8re M20 permet le drainage des liquides, l'int\u00e9gration dans des lignes existantes ou nouvelles et un nettoyage facile.\",\"breadcrumb\":{\"@id\":\"https:\/\/www.rodilloscodimar.com\/fr\/produit\/convoyeur-a-charniere-m20\/#breadcrumb\"},\"inLanguage\":\"fr-FR\",\"potentialAction\":[{\"@type\":\"ReadAction\",\"target\":[\"https:\/\/www.rodilloscodimar.com\/fr\/produit\/convoyeur-a-charniere-m20\/\"]}]},{\"@type\":\"ImageObject\",\"inLanguage\":\"fr-FR\",\"@id\":\"https:\/\/www.rodilloscodimar.com\/fr\/produit\/convoyeur-a-charniere-m20\/#primaryimage\",\"url\":\"https:\/\/www.rodilloscodimar.com\/wp-content\/uploads\/2018\/10\/M20-0002.4.jpg\",\"contentUrl\":\"https:\/\/www.rodilloscodimar.com\/wp-content\/uploads\/2018\/10\/M20-0002.4.jpg\",\"width\":1080,\"height\":1080,\"caption\":\"Convoyeur \u00e0 charni\u00e8re\"},{\"@type\":\"BreadcrumbList\",\"@id\":\"https:\/\/www.rodilloscodimar.com\/fr\/produit\/convoyeur-a-charniere-m20\/#breadcrumb\",\"itemListElement\":[{\"@type\":\"ListItem\",\"position\":1,\"name\":\"Portada\",\"item\":\"https:\/\/www.rodilloscodimar.com\/fr\/\"},{\"@type\":\"ListItem\",\"position\":2,\"name\":\"Tienda\",\"item\":\"https:\/\/www.rodilloscodimar.com\/tienda\/\"},{\"@type\":\"ListItem\",\"position\":3,\"name\":\"Transporteur de charni\u00e8re M20\"}]},{\"@type\":\"WebSite\",\"@id\":\"https:\/\/www.rodilloscodimar.com\/fr\/#website\",\"url\":\"https:\/\/www.rodilloscodimar.com\/fr\/\",\"name\":\"CODIMAR\",\"description\":\"Frabricante de Componentes , Rodillos, Estaciones y M\u00e1quinas.\",\"publisher\":{\"@id\":\"https:\/\/www.rodilloscodimar.com\/fr\/#organization\"},\"potentialAction\":[{\"@type\":\"SearchAction\",\"target\":{\"@type\":\"EntryPoint\",\"urlTemplate\":\"https:\/\/www.rodilloscodimar.com\/fr\/?s={search_term_string}\"},\"query-input\":{\"@type\":\"PropertyValueSpecification\",\"valueRequired\":true,\"valueName\":\"search_term_string\"}}],\"inLanguage\":\"fr-FR\"},{\"@type\":\"Organization\",\"@id\":\"https:\/\/www.rodilloscodimar.com\/fr\/#organization\",\"name\":\"Rodillos Codimar\",\"url\":\"https:\/\/www.rodilloscodimar.com\/fr\/\",\"logo\":{\"@type\":\"ImageObject\",\"inLanguage\":\"fr-FR\",\"@id\":\"https:\/\/www.rodilloscodimar.com\/fr\/#\/schema\/logo\/image\/\",\"url\":\"https:\/\/www.rodilloscodimar.com\/wp-content\/uploads\/2020\/01\/logo-email.jpg\",\"contentUrl\":\"https:\/\/www.rodilloscodimar.com\/wp-content\/uploads\/2020\/01\/logo-email.jpg\",\"width\":300,\"height\":299,\"caption\":\"Rodillos Codimar\"},\"image\":{\"@id\":\"https:\/\/www.rodilloscodimar.com\/fr\/#\/schema\/logo\/image\/\"}}]}<\/script>\n<!-- \/ Yoast SEO plugin. -->","yoast_head_json":{"title":"Transporteur de charni\u00e8re M20 | Machines - Rouleaux Codimar SL","description":"Le convoyeur \u00e0 charni\u00e8re M20 permet le drainage des liquides, l'int\u00e9gration dans des lignes existantes ou nouvelles et un nettoyage facile.","robots":{"index":"index","follow":"follow","max-snippet":"max-snippet:-1","max-image-preview":"max-image-preview:large","max-video-preview":"max-video-preview:-1"},"canonical":"https:\/\/www.rodilloscodimar.com\/fr\/produit\/convoyeur-a-charniere-m20\/","og_locale":"fr_FR","og_type":"article","og_title":"Transporteur de charni\u00e8re M20 | Machines - Rouleaux Codimar SL","og_description":"Le convoyeur \u00e0 charni\u00e8re M20 permet le drainage des liquides, l'int\u00e9gration dans des lignes existantes ou nouvelles et un nettoyage facile.","og_url":"https:\/\/www.rodilloscodimar.com\/fr\/produit\/convoyeur-a-charniere-m20\/","og_site_name":"CODIMAR","og_image":[{"width":1080,"height":1080,"url":"https:\/\/www.rodilloscodimar.com\/wp-content\/uploads\/2018\/10\/M20-0002.4.jpg","type":"image\/jpeg"}],"twitter_card":"summary_large_image","schema":{"@context":"https:\/\/schema.org","@graph":[{"@type":"WebPage","@id":"https:\/\/www.rodilloscodimar.com\/fr\/produit\/convoyeur-a-charniere-m20\/","url":"https:\/\/www.rodilloscodimar.com\/fr\/produit\/convoyeur-a-charniere-m20\/","name":"Transporteur de charni\u00e8re M20 | Machines - Rouleaux Codimar SL","isPartOf":{"@id":"https:\/\/www.rodilloscodimar.com\/fr\/#website"},"primaryImageOfPage":{"@id":"https:\/\/www.rodilloscodimar.com\/fr\/produit\/convoyeur-a-charniere-m20\/#primaryimage"},"image":{"@id":"https:\/\/www.rodilloscodimar.com\/fr\/produit\/convoyeur-a-charniere-m20\/#primaryimage"},"thumbnailUrl":"https:\/\/www.rodilloscodimar.com\/wp-content\/uploads\/2018\/10\/M20-0002.4.jpg","datePublished":"2020-12-15T16:15:06+00:00","description":"Le convoyeur \u00e0 charni\u00e8re M20 permet le drainage des liquides, l'int\u00e9gration dans des lignes existantes ou nouvelles et un nettoyage facile.","breadcrumb":{"@id":"https:\/\/www.rodilloscodimar.com\/fr\/produit\/convoyeur-a-charniere-m20\/#breadcrumb"},"inLanguage":"fr-FR","potentialAction":[{"@type":"ReadAction","target":["https:\/\/www.rodilloscodimar.com\/fr\/produit\/convoyeur-a-charniere-m20\/"]}]},{"@type":"ImageObject","inLanguage":"fr-FR","@id":"https:\/\/www.rodilloscodimar.com\/fr\/produit\/convoyeur-a-charniere-m20\/#primaryimage","url":"https:\/\/www.rodilloscodimar.com\/wp-content\/uploads\/2018\/10\/M20-0002.4.jpg","contentUrl":"https:\/\/www.rodilloscodimar.com\/wp-content\/uploads\/2018\/10\/M20-0002.4.jpg","width":1080,"height":1080,"caption":"Convoyeur \u00e0 charni\u00e8re"},{"@type":"BreadcrumbList","@id":"https:\/\/www.rodilloscodimar.com\/fr\/produit\/convoyeur-a-charniere-m20\/#breadcrumb","itemListElement":[{"@type":"ListItem","position":1,"name":"Portada","item":"https:\/\/www.rodilloscodimar.com\/fr\/"},{"@type":"ListItem","position":2,"name":"Tienda","item":"https:\/\/www.rodilloscodimar.com\/tienda\/"},{"@type":"ListItem","position":3,"name":"Transporteur de charni\u00e8re M20"}]},{"@type":"WebSite","@id":"https:\/\/www.rodilloscodimar.com\/fr\/#website","url":"https:\/\/www.rodilloscodimar.com\/fr\/","name":"CODIMAR","description":"Frabricante de Componentes , Rodillos, Estaciones y M\u00e1quinas.","publisher":{"@id":"https:\/\/www.rodilloscodimar.com\/fr\/#organization"},"potentialAction":[{"@type":"SearchAction","target":{"@type":"EntryPoint","urlTemplate":"https:\/\/www.rodilloscodimar.com\/fr\/?s={search_term_string}"},"query-input":{"@type":"PropertyValueSpecification","valueRequired":true,"valueName":"search_term_string"}}],"inLanguage":"fr-FR"},{"@type":"Organization","@id":"https:\/\/www.rodilloscodimar.com\/fr\/#organization","name":"Rodillos Codimar","url":"https:\/\/www.rodilloscodimar.com\/fr\/","logo":{"@type":"ImageObject","inLanguage":"fr-FR","@id":"https:\/\/www.rodilloscodimar.com\/fr\/#\/schema\/logo\/image\/","url":"https:\/\/www.rodilloscodimar.com\/wp-content\/uploads\/2020\/01\/logo-email.jpg","contentUrl":"https:\/\/www.rodilloscodimar.com\/wp-content\/uploads\/2020\/01\/logo-email.jpg","width":300,"height":299,"caption":"Rodillos Codimar"},"image":{"@id":"https:\/\/www.rodilloscodimar.com\/fr\/#\/schema\/logo\/image\/"}}]}},"_links":{"self":[{"href":"https:\/\/www.rodilloscodimar.com\/fr\/wp-json\/wp\/v2\/product\/5012","targetHints":{"allow":["GET"]}}],"collection":[{"href":"https:\/\/www.rodilloscodimar.com\/fr\/wp-json\/wp\/v2\/product"}],"about":[{"href":"https:\/\/www.rodilloscodimar.com\/fr\/wp-json\/wp\/v2\/types\/product"}],"wp:featuredmedia":[{"embeddable":true,"href":"https:\/\/www.rodilloscodimar.com\/fr\/wp-json\/wp\/v2\/media\/1079"}],"wp:attachment":[{"href":"https:\/\/www.rodilloscodimar.com\/fr\/wp-json\/wp\/v2\/media?parent=5012"}],"wp:term":[{"taxonomy":"product_brand","embeddable":true,"href":"https:\/\/www.rodilloscodimar.com\/fr\/wp-json\/wp\/v2\/product_brand?post=5012"},{"taxonomy":"product_cat","embeddable":true,"href":"https:\/\/www.rodilloscodimar.com\/fr\/wp-json\/wp\/v2\/product_cat?post=5012"},{"taxonomy":"product_tag","embeddable":true,"href":"https:\/\/www.rodilloscodimar.com\/fr\/wp-json\/wp\/v2\/product_tag?post=5012"}],"curies":[{"name":"wp","href":"https:\/\/api.w.org\/{rel}","templated":true}]}}