{"id":5001,"date":"2018-10-08T12:14:57","date_gmt":"2020-12-15T16:14:24","guid":{"rendered":"https:\/\/www.rodilloscodimar.com\/producto\/convoyeur-a-bande-b10-sur-berceau-en-tole\/"},"modified":"2020-12-15T17:14:24","modified_gmt":"2020-12-15T16:14:24","slug":"b10-convoyeur-sur-plaque-berceau","status":"publish","type":"product","link":"https:\/\/www.rodilloscodimar.com\/fr\/produit\/b10-convoyeur-sur-plaque-berceau\/","title":{"rendered":"Convoyeur \u00e0 bande B10 sur berceau en t\u00f4le"},"content":{"rendered":"<ul>\n<li>La motorisation est r\u00e9alis\u00e9e au moyen d&rsquo;un motor\u00e9ducteur ou d&rsquo;un tambour moteur, ce qui se traduit dans ce cas par une conception plus compacte.<\/li>\n<li>Niveau sonore: faible<\/li>\n<li>Longueur: 300 \u00e0 6000 mm<\/li>\n<li>Largeur utile: 60 \u00e0 1500 mm<\/li>\n<li>Capacit\u00e9 de charge maximale: 20 kg \/ m<\/li>\n<li>\u00d8 Tambour d&rsquo;entra\u00eenement: 60 \u00e0 120 mm<\/li>\n<li>\u00d8 Tambour tendeur: 60 \u00e0 120 mm<\/li>\n<li>Cadre: acier au carbone \/ inoxydable<\/li>\n<li>Finition: peint \/ zingu\u00e9 \/ sabl\u00e9<\/li>\n<li>Vitesse: 3 \u00e0 40 m \/ min<\/li>\n<li>Motorisation: centrale ou t\u00eate<\/li>\n<li>Pieds de nivellement r\u00e9glables en hauteur \u00b1 50 mm<\/li>\n<\/ul>\n","protected":false},"excerpt":{"rendered":"<p>Les convoyeurs \u00e0 bande offrent une<strong> support physique continu du produit transport\u00e9<\/strong> c&rsquo;est donc un moyen appropri\u00e9 pour transporter<strong> mat\u00e9riau granuleux ou petit<\/strong> ou dans les cas o\u00f9 une plus grande stabilit\u00e9 du produit transport\u00e9 est requise.<\/p>\n<p>Il existe plusieurs types de courroies tant dans leur tissu et leur mat\u00e9riau de rev\u00eatement que dans leurs dimensions et accessoires, de sorte qu&rsquo;ils s&rsquo;adaptent aux formats les plus divers de produits \u00e0 transporter.<\/p>\n","protected":false},"featured_media":1076,"template":"","meta":{"_joinchat":[]},"product_brand":[],"product_cat":[180],"product_tag":[],"class_list":{"0":"post-5001","1":"product","2":"type-product","3":"status-publish","4":"has-post-thumbnail","6":"product_cat-convoyeurs-a-courroie","8":"first","9":"instock","10":"shipping-taxable","11":"product-type-simple"},"yoast_head":"<!-- This site is optimized with the Yoast SEO plugin v27.2 - https:\/\/yoast.com\/product\/yoast-seo-wordpress\/ -->\n<title>B10 Convoyeur \u00e0 bande sur berceau en t\u00f4le | Rouleaux Codimar<\/title>\n<meta name=\"description\" content=\"Le convoyeur \u00e0 bande B10 sur berceau en t\u00f4le est un moyen appropri\u00e9 pour le transport de granul\u00e9s ou de petits mat\u00e9riaux.\" \/>\n<meta name=\"robots\" content=\"index, follow, max-snippet:-1, max-image-preview:large, max-video-preview:-1\" \/>\n<link rel=\"canonical\" href=\"https:\/\/www.rodilloscodimar.com\/fr\/produit\/b10-convoyeur-sur-plaque-berceau\/\" \/>\n<meta property=\"og:locale\" content=\"fr_FR\" \/>\n<meta property=\"og:type\" content=\"article\" \/>\n<meta property=\"og:title\" content=\"B10 Convoyeur \u00e0 bande sur berceau en t\u00f4le | Rouleaux Codimar\" \/>\n<meta property=\"og:description\" content=\"Le convoyeur \u00e0 bande B10 sur berceau en t\u00f4le est un moyen appropri\u00e9 pour le transport de granul\u00e9s ou de petits mat\u00e9riaux.\" \/>\n<meta property=\"og:url\" content=\"https:\/\/www.rodilloscodimar.com\/fr\/produit\/b10-convoyeur-sur-plaque-berceau\/\" \/>\n<meta property=\"og:site_name\" content=\"CODIMAR\" \/>\n<meta property=\"og:image\" content=\"https:\/\/www.rodilloscodimar.com\/wp-content\/uploads\/2018\/10\/B10-0001_02.jpg\" \/>\n\t<meta property=\"og:image:width\" content=\"1080\" \/>\n\t<meta property=\"og:image:height\" content=\"1080\" \/>\n\t<meta property=\"og:image:type\" content=\"image\/jpeg\" \/>\n<meta name=\"twitter:card\" content=\"summary_large_image\" \/>\n<script type=\"application\/ld+json\" class=\"yoast-schema-graph\">{\"@context\":\"https:\/\/schema.org\",\"@graph\":[{\"@type\":\"WebPage\",\"@id\":\"https:\/\/www.rodilloscodimar.com\/fr\/produit\/b10-convoyeur-sur-plaque-berceau\/\",\"url\":\"https:\/\/www.rodilloscodimar.com\/fr\/produit\/b10-convoyeur-sur-plaque-berceau\/\",\"name\":\"B10 Convoyeur \u00e0 bande sur berceau en t\u00f4le | Rouleaux Codimar\",\"isPartOf\":{\"@id\":\"https:\/\/www.rodilloscodimar.com\/fr\/#website\"},\"primaryImageOfPage\":{\"@id\":\"https:\/\/www.rodilloscodimar.com\/fr\/produit\/b10-convoyeur-sur-plaque-berceau\/#primaryimage\"},\"image\":{\"@id\":\"https:\/\/www.rodilloscodimar.com\/fr\/produit\/b10-convoyeur-sur-plaque-berceau\/#primaryimage\"},\"thumbnailUrl\":\"https:\/\/www.rodilloscodimar.com\/wp-content\/uploads\/2018\/10\/B10-0001_02.jpg\",\"datePublished\":\"2020-12-15T16:14:24+00:00\",\"description\":\"Le convoyeur \u00e0 bande B10 sur berceau en t\u00f4le est un moyen appropri\u00e9 pour le transport de granul\u00e9s ou de petits mat\u00e9riaux.\",\"breadcrumb\":{\"@id\":\"https:\/\/www.rodilloscodimar.com\/fr\/produit\/b10-convoyeur-sur-plaque-berceau\/#breadcrumb\"},\"inLanguage\":\"fr-FR\",\"potentialAction\":[{\"@type\":\"ReadAction\",\"target\":[\"https:\/\/www.rodilloscodimar.com\/fr\/produit\/b10-convoyeur-sur-plaque-berceau\/\"]}]},{\"@type\":\"ImageObject\",\"inLanguage\":\"fr-FR\",\"@id\":\"https:\/\/www.rodilloscodimar.com\/fr\/produit\/b10-convoyeur-sur-plaque-berceau\/#primaryimage\",\"url\":\"https:\/\/www.rodilloscodimar.com\/wp-content\/uploads\/2018\/10\/B10-0001_02.jpg\",\"contentUrl\":\"https:\/\/www.rodilloscodimar.com\/wp-content\/uploads\/2018\/10\/B10-0001_02.jpg\",\"width\":1080,\"height\":1080,\"caption\":\"Convoyeur\"},{\"@type\":\"BreadcrumbList\",\"@id\":\"https:\/\/www.rodilloscodimar.com\/fr\/produit\/b10-convoyeur-sur-plaque-berceau\/#breadcrumb\",\"itemListElement\":[{\"@type\":\"ListItem\",\"position\":1,\"name\":\"Portada\",\"item\":\"https:\/\/www.rodilloscodimar.com\/fr\/\"},{\"@type\":\"ListItem\",\"position\":2,\"name\":\"Tienda\",\"item\":\"https:\/\/www.rodilloscodimar.com\/tienda\/\"},{\"@type\":\"ListItem\",\"position\":3,\"name\":\"Convoyeur \u00e0 bande B10 sur berceau en t\u00f4le\"}]},{\"@type\":\"WebSite\",\"@id\":\"https:\/\/www.rodilloscodimar.com\/fr\/#website\",\"url\":\"https:\/\/www.rodilloscodimar.com\/fr\/\",\"name\":\"CODIMAR\",\"description\":\"Frabricante de Componentes , Rodillos, Estaciones y M\u00e1quinas.\",\"publisher\":{\"@id\":\"https:\/\/www.rodilloscodimar.com\/fr\/#organization\"},\"potentialAction\":[{\"@type\":\"SearchAction\",\"target\":{\"@type\":\"EntryPoint\",\"urlTemplate\":\"https:\/\/www.rodilloscodimar.com\/fr\/?s={search_term_string}\"},\"query-input\":{\"@type\":\"PropertyValueSpecification\",\"valueRequired\":true,\"valueName\":\"search_term_string\"}}],\"inLanguage\":\"fr-FR\"},{\"@type\":\"Organization\",\"@id\":\"https:\/\/www.rodilloscodimar.com\/fr\/#organization\",\"name\":\"Rodillos Codimar\",\"url\":\"https:\/\/www.rodilloscodimar.com\/fr\/\",\"logo\":{\"@type\":\"ImageObject\",\"inLanguage\":\"fr-FR\",\"@id\":\"https:\/\/www.rodilloscodimar.com\/fr\/#\/schema\/logo\/image\/\",\"url\":\"https:\/\/www.rodilloscodimar.com\/wp-content\/uploads\/2020\/01\/logo-email.jpg\",\"contentUrl\":\"https:\/\/www.rodilloscodimar.com\/wp-content\/uploads\/2020\/01\/logo-email.jpg\",\"width\":300,\"height\":299,\"caption\":\"Rodillos Codimar\"},\"image\":{\"@id\":\"https:\/\/www.rodilloscodimar.com\/fr\/#\/schema\/logo\/image\/\"}}]}<\/script>\n<!-- \/ Yoast SEO plugin. -->","yoast_head_json":{"title":"B10 Convoyeur \u00e0 bande sur berceau en t\u00f4le | Rouleaux Codimar","description":"Le convoyeur \u00e0 bande B10 sur berceau en t\u00f4le est un moyen appropri\u00e9 pour le transport de granul\u00e9s ou de petits mat\u00e9riaux.","robots":{"index":"index","follow":"follow","max-snippet":"max-snippet:-1","max-image-preview":"max-image-preview:large","max-video-preview":"max-video-preview:-1"},"canonical":"https:\/\/www.rodilloscodimar.com\/fr\/produit\/b10-convoyeur-sur-plaque-berceau\/","og_locale":"fr_FR","og_type":"article","og_title":"B10 Convoyeur \u00e0 bande sur berceau en t\u00f4le | Rouleaux Codimar","og_description":"Le convoyeur \u00e0 bande B10 sur berceau en t\u00f4le est un moyen appropri\u00e9 pour le transport de granul\u00e9s ou de petits mat\u00e9riaux.","og_url":"https:\/\/www.rodilloscodimar.com\/fr\/produit\/b10-convoyeur-sur-plaque-berceau\/","og_site_name":"CODIMAR","og_image":[{"width":1080,"height":1080,"url":"https:\/\/www.rodilloscodimar.com\/wp-content\/uploads\/2018\/10\/B10-0001_02.jpg","type":"image\/jpeg"}],"twitter_card":"summary_large_image","schema":{"@context":"https:\/\/schema.org","@graph":[{"@type":"WebPage","@id":"https:\/\/www.rodilloscodimar.com\/fr\/produit\/b10-convoyeur-sur-plaque-berceau\/","url":"https:\/\/www.rodilloscodimar.com\/fr\/produit\/b10-convoyeur-sur-plaque-berceau\/","name":"B10 Convoyeur \u00e0 bande sur berceau en t\u00f4le | Rouleaux Codimar","isPartOf":{"@id":"https:\/\/www.rodilloscodimar.com\/fr\/#website"},"primaryImageOfPage":{"@id":"https:\/\/www.rodilloscodimar.com\/fr\/produit\/b10-convoyeur-sur-plaque-berceau\/#primaryimage"},"image":{"@id":"https:\/\/www.rodilloscodimar.com\/fr\/produit\/b10-convoyeur-sur-plaque-berceau\/#primaryimage"},"thumbnailUrl":"https:\/\/www.rodilloscodimar.com\/wp-content\/uploads\/2018\/10\/B10-0001_02.jpg","datePublished":"2020-12-15T16:14:24+00:00","description":"Le convoyeur \u00e0 bande B10 sur berceau en t\u00f4le est un moyen appropri\u00e9 pour le transport de granul\u00e9s ou de petits mat\u00e9riaux.","breadcrumb":{"@id":"https:\/\/www.rodilloscodimar.com\/fr\/produit\/b10-convoyeur-sur-plaque-berceau\/#breadcrumb"},"inLanguage":"fr-FR","potentialAction":[{"@type":"ReadAction","target":["https:\/\/www.rodilloscodimar.com\/fr\/produit\/b10-convoyeur-sur-plaque-berceau\/"]}]},{"@type":"ImageObject","inLanguage":"fr-FR","@id":"https:\/\/www.rodilloscodimar.com\/fr\/produit\/b10-convoyeur-sur-plaque-berceau\/#primaryimage","url":"https:\/\/www.rodilloscodimar.com\/wp-content\/uploads\/2018\/10\/B10-0001_02.jpg","contentUrl":"https:\/\/www.rodilloscodimar.com\/wp-content\/uploads\/2018\/10\/B10-0001_02.jpg","width":1080,"height":1080,"caption":"Convoyeur"},{"@type":"BreadcrumbList","@id":"https:\/\/www.rodilloscodimar.com\/fr\/produit\/b10-convoyeur-sur-plaque-berceau\/#breadcrumb","itemListElement":[{"@type":"ListItem","position":1,"name":"Portada","item":"https:\/\/www.rodilloscodimar.com\/fr\/"},{"@type":"ListItem","position":2,"name":"Tienda","item":"https:\/\/www.rodilloscodimar.com\/tienda\/"},{"@type":"ListItem","position":3,"name":"Convoyeur \u00e0 bande B10 sur berceau en t\u00f4le"}]},{"@type":"WebSite","@id":"https:\/\/www.rodilloscodimar.com\/fr\/#website","url":"https:\/\/www.rodilloscodimar.com\/fr\/","name":"CODIMAR","description":"Frabricante de Componentes , Rodillos, Estaciones y M\u00e1quinas.","publisher":{"@id":"https:\/\/www.rodilloscodimar.com\/fr\/#organization"},"potentialAction":[{"@type":"SearchAction","target":{"@type":"EntryPoint","urlTemplate":"https:\/\/www.rodilloscodimar.com\/fr\/?s={search_term_string}"},"query-input":{"@type":"PropertyValueSpecification","valueRequired":true,"valueName":"search_term_string"}}],"inLanguage":"fr-FR"},{"@type":"Organization","@id":"https:\/\/www.rodilloscodimar.com\/fr\/#organization","name":"Rodillos Codimar","url":"https:\/\/www.rodilloscodimar.com\/fr\/","logo":{"@type":"ImageObject","inLanguage":"fr-FR","@id":"https:\/\/www.rodilloscodimar.com\/fr\/#\/schema\/logo\/image\/","url":"https:\/\/www.rodilloscodimar.com\/wp-content\/uploads\/2020\/01\/logo-email.jpg","contentUrl":"https:\/\/www.rodilloscodimar.com\/wp-content\/uploads\/2020\/01\/logo-email.jpg","width":300,"height":299,"caption":"Rodillos Codimar"},"image":{"@id":"https:\/\/www.rodilloscodimar.com\/fr\/#\/schema\/logo\/image\/"}}]}},"_links":{"self":[{"href":"https:\/\/www.rodilloscodimar.com\/fr\/wp-json\/wp\/v2\/product\/5001","targetHints":{"allow":["GET"]}}],"collection":[{"href":"https:\/\/www.rodilloscodimar.com\/fr\/wp-json\/wp\/v2\/product"}],"about":[{"href":"https:\/\/www.rodilloscodimar.com\/fr\/wp-json\/wp\/v2\/types\/product"}],"wp:featuredmedia":[{"embeddable":true,"href":"https:\/\/www.rodilloscodimar.com\/fr\/wp-json\/wp\/v2\/media\/1076"}],"wp:attachment":[{"href":"https:\/\/www.rodilloscodimar.com\/fr\/wp-json\/wp\/v2\/media?parent=5001"}],"wp:term":[{"taxonomy":"product_brand","embeddable":true,"href":"https:\/\/www.rodilloscodimar.com\/fr\/wp-json\/wp\/v2\/product_brand?post=5001"},{"taxonomy":"product_cat","embeddable":true,"href":"https:\/\/www.rodilloscodimar.com\/fr\/wp-json\/wp\/v2\/product_cat?post=5001"},{"taxonomy":"product_tag","embeddable":true,"href":"https:\/\/www.rodilloscodimar.com\/fr\/wp-json\/wp\/v2\/product_tag?post=5001"}],"curies":[{"name":"wp","href":"https:\/\/api.w.org\/{rel}","templated":true}]}}