{"id":4990,"date":"2018-10-08T10:44:11","date_gmt":"2020-12-15T16:14:10","guid":{"rendered":"https:\/\/www.rodilloscodimar.com\/producto\/stations-inferieures-en-v\/"},"modified":"2020-12-15T17:14:10","modified_gmt":"2020-12-15T16:14:10","slug":"stations-inferieures-en-v","status":"publish","type":"product","link":"https:\/\/www.rodilloscodimar.com\/fr\/produit\/stations-inferieures-en-v\/","title":{"rendered":"Stations inf\u00e9rieures en \u00ab\u00a0V\u00a0\u00bb"},"content":{"rendered":"<ul>\n<li>Cadre: carbone \/ acier inoxydable<\/li>\n<li>Finition: peint \/ zingu\u00e9 \/ sabl\u00e9<\/li>\n<li>Profil de cadre: stratifi\u00e9 UPN<\/li>\n<li>Nombre de rouleaux: 2 unit\u00e9s<\/li>\n<li>\u00d8 rouleaux: 60, 63,5, 70, 76, 80, 89, 108, 133 et 156 mm<\/li>\n<li>Angle du rouleau: 10 \u00b0, 15 \u00b0 et 20 \u00b0.<\/li>\n<\/ul>\n","protected":false},"excerpt":{"rendered":"<p>C&rsquo;est une station pour le support de la courroie du c\u00f4t\u00e9 retour o\u00f9 la disposition de ses rouleaux est inclin\u00e9e, prenant la courroie en forme de V. Convient pour les courroies de poids et de grande taille.<\/p>\n","protected":false},"featured_media":1040,"template":"","meta":{"_joinchat":[]},"product_brand":[],"product_cat":[169],"product_tag":[],"class_list":{"0":"post-4990","1":"product","2":"type-product","3":"status-publish","4":"has-post-thumbnail","6":"product_cat-stations-de-rouleaux","8":"first","9":"instock","10":"shipping-taxable","11":"product-type-simple"},"yoast_head":"<!-- This site is optimized with the Yoast SEO plugin v27.2 - https:\/\/yoast.com\/product\/yoast-seo-wordpress\/ -->\n<title>Stations inf\u00e9rieures en V | Stations - Rouleaux Codimar SL<\/title>\n<meta name=\"description\" content=\"Stations inf\u00e9rieures en forme de V pour supporter la courroie du c\u00f4t\u00e9 retour o\u00f9 la disposition de ses rouleaux est inclin\u00e9e, prenant la forme d&#039;un V.\" \/>\n<meta name=\"robots\" content=\"index, follow, max-snippet:-1, max-image-preview:large, max-video-preview:-1\" \/>\n<link rel=\"canonical\" href=\"https:\/\/www.rodilloscodimar.com\/fr\/produit\/stations-inferieures-en-v\/\" \/>\n<meta property=\"og:locale\" content=\"fr_FR\" \/>\n<meta property=\"og:type\" content=\"article\" \/>\n<meta property=\"og:title\" content=\"Stations inf\u00e9rieures en V | Stations - Rouleaux Codimar SL\" \/>\n<meta property=\"og:description\" content=\"Stations inf\u00e9rieures en forme de V pour supporter la courroie du c\u00f4t\u00e9 retour o\u00f9 la disposition de ses rouleaux est inclin\u00e9e, prenant la forme d&#039;un V.\" \/>\n<meta property=\"og:url\" content=\"https:\/\/www.rodilloscodimar.com\/fr\/produit\/stations-inferieures-en-v\/\" \/>\n<meta property=\"og:site_name\" content=\"CODIMAR\" \/>\n<meta property=\"og:image\" content=\"https:\/\/www.rodilloscodimar.com\/wp-content\/uploads\/2018\/10\/ESTACI\u00d3N-INFERIOR-V-02.224.jpg\" \/>\n\t<meta property=\"og:image:width\" content=\"1080\" \/>\n\t<meta property=\"og:image:height\" content=\"1080\" \/>\n\t<meta property=\"og:image:type\" content=\"image\/jpeg\" \/>\n<meta name=\"twitter:card\" content=\"summary_large_image\" \/>\n<script type=\"application\/ld+json\" class=\"yoast-schema-graph\">{\"@context\":\"https:\/\/schema.org\",\"@graph\":[{\"@type\":\"WebPage\",\"@id\":\"https:\/\/www.rodilloscodimar.com\/fr\/produit\/stations-inferieures-en-v\/\",\"url\":\"https:\/\/www.rodilloscodimar.com\/fr\/produit\/stations-inferieures-en-v\/\",\"name\":\"Stations inf\u00e9rieures en V | Stations - Rouleaux Codimar SL\",\"isPartOf\":{\"@id\":\"https:\/\/www.rodilloscodimar.com\/fr\/#website\"},\"primaryImageOfPage\":{\"@id\":\"https:\/\/www.rodilloscodimar.com\/fr\/produit\/stations-inferieures-en-v\/#primaryimage\"},\"image\":{\"@id\":\"https:\/\/www.rodilloscodimar.com\/fr\/produit\/stations-inferieures-en-v\/#primaryimage\"},\"thumbnailUrl\":\"https:\/\/www.rodilloscodimar.com\/wp-content\/uploads\/2018\/10\/ESTACI\u00d3N-INFERIOR-V-02.224.jpg\",\"datePublished\":\"2020-12-15T16:14:10+00:00\",\"description\":\"Stations inf\u00e9rieures en forme de V pour supporter la courroie du c\u00f4t\u00e9 retour o\u00f9 la disposition de ses rouleaux est inclin\u00e9e, prenant la forme d'un V.\",\"breadcrumb\":{\"@id\":\"https:\/\/www.rodilloscodimar.com\/fr\/produit\/stations-inferieures-en-v\/#breadcrumb\"},\"inLanguage\":\"fr-FR\",\"potentialAction\":[{\"@type\":\"ReadAction\",\"target\":[\"https:\/\/www.rodilloscodimar.com\/fr\/produit\/stations-inferieures-en-v\/\"]}]},{\"@type\":\"ImageObject\",\"inLanguage\":\"fr-FR\",\"@id\":\"https:\/\/www.rodilloscodimar.com\/fr\/produit\/stations-inferieures-en-v\/#primaryimage\",\"url\":\"https:\/\/www.rodilloscodimar.com\/wp-content\/uploads\/2018\/10\/ESTACI\u00d3N-INFERIOR-V-02.224.jpg\",\"contentUrl\":\"https:\/\/www.rodilloscodimar.com\/wp-content\/uploads\/2018\/10\/ESTACI\u00d3N-INFERIOR-V-02.224.jpg\",\"width\":1080,\"height\":1080,\"caption\":\"Stations inf\u00e9rieures en \\\"V\\\"\"},{\"@type\":\"BreadcrumbList\",\"@id\":\"https:\/\/www.rodilloscodimar.com\/fr\/produit\/stations-inferieures-en-v\/#breadcrumb\",\"itemListElement\":[{\"@type\":\"ListItem\",\"position\":1,\"name\":\"Portada\",\"item\":\"https:\/\/www.rodilloscodimar.com\/fr\/\"},{\"@type\":\"ListItem\",\"position\":2,\"name\":\"Tienda\",\"item\":\"https:\/\/www.rodilloscodimar.com\/tienda\/\"},{\"@type\":\"ListItem\",\"position\":3,\"name\":\"Stations inf\u00e9rieures en \u00ab\u00a0V\u00a0\u00bb\"}]},{\"@type\":\"WebSite\",\"@id\":\"https:\/\/www.rodilloscodimar.com\/fr\/#website\",\"url\":\"https:\/\/www.rodilloscodimar.com\/fr\/\",\"name\":\"CODIMAR\",\"description\":\"Frabricante de Componentes , Rodillos, Estaciones y M\u00e1quinas.\",\"publisher\":{\"@id\":\"https:\/\/www.rodilloscodimar.com\/fr\/#organization\"},\"potentialAction\":[{\"@type\":\"SearchAction\",\"target\":{\"@type\":\"EntryPoint\",\"urlTemplate\":\"https:\/\/www.rodilloscodimar.com\/fr\/?s={search_term_string}\"},\"query-input\":{\"@type\":\"PropertyValueSpecification\",\"valueRequired\":true,\"valueName\":\"search_term_string\"}}],\"inLanguage\":\"fr-FR\"},{\"@type\":\"Organization\",\"@id\":\"https:\/\/www.rodilloscodimar.com\/fr\/#organization\",\"name\":\"Rodillos Codimar\",\"url\":\"https:\/\/www.rodilloscodimar.com\/fr\/\",\"logo\":{\"@type\":\"ImageObject\",\"inLanguage\":\"fr-FR\",\"@id\":\"https:\/\/www.rodilloscodimar.com\/fr\/#\/schema\/logo\/image\/\",\"url\":\"https:\/\/www.rodilloscodimar.com\/wp-content\/uploads\/2020\/01\/logo-email.jpg\",\"contentUrl\":\"https:\/\/www.rodilloscodimar.com\/wp-content\/uploads\/2020\/01\/logo-email.jpg\",\"width\":300,\"height\":299,\"caption\":\"Rodillos Codimar\"},\"image\":{\"@id\":\"https:\/\/www.rodilloscodimar.com\/fr\/#\/schema\/logo\/image\/\"}}]}<\/script>\n<!-- \/ Yoast SEO plugin. -->","yoast_head_json":{"title":"Stations inf\u00e9rieures en V | Stations - Rouleaux Codimar SL","description":"Stations inf\u00e9rieures en forme de V pour supporter la courroie du c\u00f4t\u00e9 retour o\u00f9 la disposition de ses rouleaux est inclin\u00e9e, prenant la forme d'un V.","robots":{"index":"index","follow":"follow","max-snippet":"max-snippet:-1","max-image-preview":"max-image-preview:large","max-video-preview":"max-video-preview:-1"},"canonical":"https:\/\/www.rodilloscodimar.com\/fr\/produit\/stations-inferieures-en-v\/","og_locale":"fr_FR","og_type":"article","og_title":"Stations inf\u00e9rieures en V | Stations - Rouleaux Codimar SL","og_description":"Stations inf\u00e9rieures en forme de V pour supporter la courroie du c\u00f4t\u00e9 retour o\u00f9 la disposition de ses rouleaux est inclin\u00e9e, prenant la forme d'un V.","og_url":"https:\/\/www.rodilloscodimar.com\/fr\/produit\/stations-inferieures-en-v\/","og_site_name":"CODIMAR","og_image":[{"width":1080,"height":1080,"url":"https:\/\/www.rodilloscodimar.com\/wp-content\/uploads\/2018\/10\/ESTACI\u00d3N-INFERIOR-V-02.224.jpg","type":"image\/jpeg"}],"twitter_card":"summary_large_image","schema":{"@context":"https:\/\/schema.org","@graph":[{"@type":"WebPage","@id":"https:\/\/www.rodilloscodimar.com\/fr\/produit\/stations-inferieures-en-v\/","url":"https:\/\/www.rodilloscodimar.com\/fr\/produit\/stations-inferieures-en-v\/","name":"Stations inf\u00e9rieures en V | Stations - Rouleaux Codimar SL","isPartOf":{"@id":"https:\/\/www.rodilloscodimar.com\/fr\/#website"},"primaryImageOfPage":{"@id":"https:\/\/www.rodilloscodimar.com\/fr\/produit\/stations-inferieures-en-v\/#primaryimage"},"image":{"@id":"https:\/\/www.rodilloscodimar.com\/fr\/produit\/stations-inferieures-en-v\/#primaryimage"},"thumbnailUrl":"https:\/\/www.rodilloscodimar.com\/wp-content\/uploads\/2018\/10\/ESTACI\u00d3N-INFERIOR-V-02.224.jpg","datePublished":"2020-12-15T16:14:10+00:00","description":"Stations inf\u00e9rieures en forme de V pour supporter la courroie du c\u00f4t\u00e9 retour o\u00f9 la disposition de ses rouleaux est inclin\u00e9e, prenant la forme d'un V.","breadcrumb":{"@id":"https:\/\/www.rodilloscodimar.com\/fr\/produit\/stations-inferieures-en-v\/#breadcrumb"},"inLanguage":"fr-FR","potentialAction":[{"@type":"ReadAction","target":["https:\/\/www.rodilloscodimar.com\/fr\/produit\/stations-inferieures-en-v\/"]}]},{"@type":"ImageObject","inLanguage":"fr-FR","@id":"https:\/\/www.rodilloscodimar.com\/fr\/produit\/stations-inferieures-en-v\/#primaryimage","url":"https:\/\/www.rodilloscodimar.com\/wp-content\/uploads\/2018\/10\/ESTACI\u00d3N-INFERIOR-V-02.224.jpg","contentUrl":"https:\/\/www.rodilloscodimar.com\/wp-content\/uploads\/2018\/10\/ESTACI\u00d3N-INFERIOR-V-02.224.jpg","width":1080,"height":1080,"caption":"Stations inf\u00e9rieures en \"V\""},{"@type":"BreadcrumbList","@id":"https:\/\/www.rodilloscodimar.com\/fr\/produit\/stations-inferieures-en-v\/#breadcrumb","itemListElement":[{"@type":"ListItem","position":1,"name":"Portada","item":"https:\/\/www.rodilloscodimar.com\/fr\/"},{"@type":"ListItem","position":2,"name":"Tienda","item":"https:\/\/www.rodilloscodimar.com\/tienda\/"},{"@type":"ListItem","position":3,"name":"Stations inf\u00e9rieures en \u00ab\u00a0V\u00a0\u00bb"}]},{"@type":"WebSite","@id":"https:\/\/www.rodilloscodimar.com\/fr\/#website","url":"https:\/\/www.rodilloscodimar.com\/fr\/","name":"CODIMAR","description":"Frabricante de Componentes , Rodillos, Estaciones y M\u00e1quinas.","publisher":{"@id":"https:\/\/www.rodilloscodimar.com\/fr\/#organization"},"potentialAction":[{"@type":"SearchAction","target":{"@type":"EntryPoint","urlTemplate":"https:\/\/www.rodilloscodimar.com\/fr\/?s={search_term_string}"},"query-input":{"@type":"PropertyValueSpecification","valueRequired":true,"valueName":"search_term_string"}}],"inLanguage":"fr-FR"},{"@type":"Organization","@id":"https:\/\/www.rodilloscodimar.com\/fr\/#organization","name":"Rodillos Codimar","url":"https:\/\/www.rodilloscodimar.com\/fr\/","logo":{"@type":"ImageObject","inLanguage":"fr-FR","@id":"https:\/\/www.rodilloscodimar.com\/fr\/#\/schema\/logo\/image\/","url":"https:\/\/www.rodilloscodimar.com\/wp-content\/uploads\/2020\/01\/logo-email.jpg","contentUrl":"https:\/\/www.rodilloscodimar.com\/wp-content\/uploads\/2020\/01\/logo-email.jpg","width":300,"height":299,"caption":"Rodillos Codimar"},"image":{"@id":"https:\/\/www.rodilloscodimar.com\/fr\/#\/schema\/logo\/image\/"}}]}},"_links":{"self":[{"href":"https:\/\/www.rodilloscodimar.com\/fr\/wp-json\/wp\/v2\/product\/4990","targetHints":{"allow":["GET"]}}],"collection":[{"href":"https:\/\/www.rodilloscodimar.com\/fr\/wp-json\/wp\/v2\/product"}],"about":[{"href":"https:\/\/www.rodilloscodimar.com\/fr\/wp-json\/wp\/v2\/types\/product"}],"wp:featuredmedia":[{"embeddable":true,"href":"https:\/\/www.rodilloscodimar.com\/fr\/wp-json\/wp\/v2\/media\/1040"}],"wp:attachment":[{"href":"https:\/\/www.rodilloscodimar.com\/fr\/wp-json\/wp\/v2\/media?parent=4990"}],"wp:term":[{"taxonomy":"product_brand","embeddable":true,"href":"https:\/\/www.rodilloscodimar.com\/fr\/wp-json\/wp\/v2\/product_brand?post=4990"},{"taxonomy":"product_cat","embeddable":true,"href":"https:\/\/www.rodilloscodimar.com\/fr\/wp-json\/wp\/v2\/product_cat?post=4990"},{"taxonomy":"product_tag","embeddable":true,"href":"https:\/\/www.rodilloscodimar.com\/fr\/wp-json\/wp\/v2\/product_tag?post=4990"}],"curies":[{"name":"wp","href":"https:\/\/api.w.org\/{rel}","templated":true}]}}