{"id":4937,"date":"2018-10-23T10:09:59","date_gmt":"2020-12-15T16:04:33","guid":{"rendered":"https:\/\/www.rodilloscodimar.com\/producto\/pignon-metallique-z16-3-8-quadruple-t6030\/"},"modified":"2020-12-15T17:04:33","modified_gmt":"2020-12-15T16:04:33","slug":"pignon-metalico-z16-3-8-quadruple-t6030","status":"publish","type":"product","link":"https:\/\/www.rodilloscodimar.com\/fr\/produit\/pignon-metalico-z16-3-8-quadruple-t6030\/","title":{"rendered":"Pignon m\u00e9tallique Z16 3\/8 \u00ab\u00a0Quadruple T6030"},"content":{"rendered":"<ul>\n<li>Pignon m\u00e9tallique Z16 3\/8 \u00ab\u00a0Quadruple T6030 chrome-nickel ou inoxydable<\/li>\n<li>Montage pour tubes m\u00e9talliques D60x3<\/li>\n<li>Montage pour arbres de 20 mm ou diff\u00e9rents diam\u00e8tres de tube ou d&rsquo;arbre, selon le cas<\/li>\n<\/ul>\n","protected":false},"excerpt":{"rendered":"<p>Z16 3\/8 \u00ab\u00a0Pignons quadruples m\u00e9talliques \u00e9quip\u00e9s de roulements de pr\u00e9cision.<\/p>\n","protected":false},"featured_media":2222,"template":"","meta":{"_joinchat":[]},"product_brand":[],"product_cat":[131],"product_tag":[],"class_list":{"0":"post-4937","1":"product","2":"type-product","3":"status-publish","4":"has-post-thumbnail","6":"product_cat-pignons-metalliques-soudes","8":"first","9":"instock","10":"shipping-taxable","11":"product-type-simple"},"yoast_head":"<!-- This site is optimized with the Yoast SEO plugin v27.2 - https:\/\/yoast.com\/product\/yoast-seo-wordpress\/ -->\n<title>Z16 3\/8 T6030 Pignon Pignon Soud\u00e9 M\u00e9tal - Galets Codimar SL<\/title>\n<meta name=\"description\" content=\"Pignon m\u00e9tallique Z16 3\/8 &quot;Quadruple T6030, montage pour tubes m\u00e9talliques de D60x3. Axes de 20 mm. ou diff\u00e9rents diam\u00e8tres de tube ou d&#039;arbre.\" \/>\n<meta name=\"robots\" content=\"index, follow, max-snippet:-1, max-image-preview:large, max-video-preview:-1\" \/>\n<link rel=\"canonical\" href=\"https:\/\/www.rodilloscodimar.com\/fr\/produit\/pignon-metalico-z16-3-8-quadruple-t6030\/\" \/>\n<meta property=\"og:locale\" content=\"fr_FR\" \/>\n<meta property=\"og:type\" content=\"article\" \/>\n<meta property=\"og:title\" content=\"Z16 3\/8 T6030 Pignon Pignon Soud\u00e9 M\u00e9tal - Galets Codimar SL\" \/>\n<meta property=\"og:description\" content=\"Pignon m\u00e9tallique Z16 3\/8 &quot;Quadruple T6030, montage pour tubes m\u00e9talliques de D60x3. Axes de 20 mm. ou diff\u00e9rents diam\u00e8tres de tube ou d&#039;arbre.\" \/>\n<meta property=\"og:url\" content=\"https:\/\/www.rodilloscodimar.com\/fr\/produit\/pignon-metalico-z16-3-8-quadruple-t6030\/\" \/>\n<meta property=\"og:site_name\" content=\"CODIMAR\" \/>\n<meta property=\"og:image\" content=\"https:\/\/www.rodilloscodimar.com\/wp-content\/uploads\/2018\/10\/PI\u00d1\u00d3N-M-Z1638CD-6030-32-1.jpg\" \/>\n\t<meta property=\"og:image:width\" content=\"450\" \/>\n\t<meta property=\"og:image:height\" content=\"282\" \/>\n\t<meta property=\"og:image:type\" content=\"image\/jpeg\" \/>\n<meta name=\"twitter:card\" content=\"summary_large_image\" \/>\n<script type=\"application\/ld+json\" class=\"yoast-schema-graph\">{\"@context\":\"https:\/\/schema.org\",\"@graph\":[{\"@type\":\"WebPage\",\"@id\":\"https:\/\/www.rodilloscodimar.com\/fr\/produit\/pignon-metalico-z16-3-8-quadruple-t6030\/\",\"url\":\"https:\/\/www.rodilloscodimar.com\/fr\/produit\/pignon-metalico-z16-3-8-quadruple-t6030\/\",\"name\":\"Z16 3\/8 T6030 Pignon Pignon Soud\u00e9 M\u00e9tal - Galets Codimar SL\",\"isPartOf\":{\"@id\":\"https:\/\/www.rodilloscodimar.com\/fr\/#website\"},\"primaryImageOfPage\":{\"@id\":\"https:\/\/www.rodilloscodimar.com\/fr\/produit\/pignon-metalico-z16-3-8-quadruple-t6030\/#primaryimage\"},\"image\":{\"@id\":\"https:\/\/www.rodilloscodimar.com\/fr\/produit\/pignon-metalico-z16-3-8-quadruple-t6030\/#primaryimage\"},\"thumbnailUrl\":\"https:\/\/www.rodilloscodimar.com\/wp-content\/uploads\/2018\/10\/PI\u00d1\u00d3N-M-Z1638CD-6030-32-1.jpg\",\"datePublished\":\"2020-12-15T16:04:33+00:00\",\"description\":\"Pignon m\u00e9tallique Z16 3\/8 \\\"Quadruple T6030, montage pour tubes m\u00e9talliques de D60x3. Axes de 20 mm. ou diff\u00e9rents diam\u00e8tres de tube ou d'arbre.\",\"breadcrumb\":{\"@id\":\"https:\/\/www.rodilloscodimar.com\/fr\/produit\/pignon-metalico-z16-3-8-quadruple-t6030\/#breadcrumb\"},\"inLanguage\":\"fr-FR\",\"potentialAction\":[{\"@type\":\"ReadAction\",\"target\":[\"https:\/\/www.rodilloscodimar.com\/fr\/produit\/pignon-metalico-z16-3-8-quadruple-t6030\/\"]}]},{\"@type\":\"ImageObject\",\"inLanguage\":\"fr-FR\",\"@id\":\"https:\/\/www.rodilloscodimar.com\/fr\/produit\/pignon-metalico-z16-3-8-quadruple-t6030\/#primaryimage\",\"url\":\"https:\/\/www.rodilloscodimar.com\/wp-content\/uploads\/2018\/10\/PI\u00d1\u00d3N-M-Z1638CD-6030-32-1.jpg\",\"contentUrl\":\"https:\/\/www.rodilloscodimar.com\/wp-content\/uploads\/2018\/10\/PI\u00d1\u00d3N-M-Z1638CD-6030-32-1.jpg\",\"width\":450,\"height\":282,\"caption\":\"Pignon Quadruple Z16 3\/8 \u2033 T6030\"},{\"@type\":\"BreadcrumbList\",\"@id\":\"https:\/\/www.rodilloscodimar.com\/fr\/produit\/pignon-metalico-z16-3-8-quadruple-t6030\/#breadcrumb\",\"itemListElement\":[{\"@type\":\"ListItem\",\"position\":1,\"name\":\"Portada\",\"item\":\"https:\/\/www.rodilloscodimar.com\/fr\/\"},{\"@type\":\"ListItem\",\"position\":2,\"name\":\"Tienda\",\"item\":\"https:\/\/www.rodilloscodimar.com\/tienda\/\"},{\"@type\":\"ListItem\",\"position\":3,\"name\":\"Pignon m\u00e9tallique Z16 3\/8 \u00ab\u00a0Quadruple T6030\"}]},{\"@type\":\"WebSite\",\"@id\":\"https:\/\/www.rodilloscodimar.com\/fr\/#website\",\"url\":\"https:\/\/www.rodilloscodimar.com\/fr\/\",\"name\":\"CODIMAR\",\"description\":\"Frabricante de Componentes , Rodillos, Estaciones y M\u00e1quinas.\",\"publisher\":{\"@id\":\"https:\/\/www.rodilloscodimar.com\/fr\/#organization\"},\"potentialAction\":[{\"@type\":\"SearchAction\",\"target\":{\"@type\":\"EntryPoint\",\"urlTemplate\":\"https:\/\/www.rodilloscodimar.com\/fr\/?s={search_term_string}\"},\"query-input\":{\"@type\":\"PropertyValueSpecification\",\"valueRequired\":true,\"valueName\":\"search_term_string\"}}],\"inLanguage\":\"fr-FR\"},{\"@type\":\"Organization\",\"@id\":\"https:\/\/www.rodilloscodimar.com\/fr\/#organization\",\"name\":\"Rodillos Codimar\",\"url\":\"https:\/\/www.rodilloscodimar.com\/fr\/\",\"logo\":{\"@type\":\"ImageObject\",\"inLanguage\":\"fr-FR\",\"@id\":\"https:\/\/www.rodilloscodimar.com\/fr\/#\/schema\/logo\/image\/\",\"url\":\"https:\/\/www.rodilloscodimar.com\/wp-content\/uploads\/2020\/01\/logo-email.jpg\",\"contentUrl\":\"https:\/\/www.rodilloscodimar.com\/wp-content\/uploads\/2020\/01\/logo-email.jpg\",\"width\":300,\"height\":299,\"caption\":\"Rodillos Codimar\"},\"image\":{\"@id\":\"https:\/\/www.rodilloscodimar.com\/fr\/#\/schema\/logo\/image\/\"}}]}<\/script>\n<!-- \/ Yoast SEO plugin. -->","yoast_head_json":{"title":"Z16 3\/8 T6030 Pignon Pignon Soud\u00e9 M\u00e9tal - Galets Codimar SL","description":"Pignon m\u00e9tallique Z16 3\/8 \"Quadruple T6030, montage pour tubes m\u00e9talliques de D60x3. Axes de 20 mm. ou diff\u00e9rents diam\u00e8tres de tube ou d'arbre.","robots":{"index":"index","follow":"follow","max-snippet":"max-snippet:-1","max-image-preview":"max-image-preview:large","max-video-preview":"max-video-preview:-1"},"canonical":"https:\/\/www.rodilloscodimar.com\/fr\/produit\/pignon-metalico-z16-3-8-quadruple-t6030\/","og_locale":"fr_FR","og_type":"article","og_title":"Z16 3\/8 T6030 Pignon Pignon Soud\u00e9 M\u00e9tal - Galets Codimar SL","og_description":"Pignon m\u00e9tallique Z16 3\/8 \"Quadruple T6030, montage pour tubes m\u00e9talliques de D60x3. Axes de 20 mm. ou diff\u00e9rents diam\u00e8tres de tube ou d'arbre.","og_url":"https:\/\/www.rodilloscodimar.com\/fr\/produit\/pignon-metalico-z16-3-8-quadruple-t6030\/","og_site_name":"CODIMAR","og_image":[{"width":450,"height":282,"url":"https:\/\/www.rodilloscodimar.com\/wp-content\/uploads\/2018\/10\/PI\u00d1\u00d3N-M-Z1638CD-6030-32-1.jpg","type":"image\/jpeg"}],"twitter_card":"summary_large_image","schema":{"@context":"https:\/\/schema.org","@graph":[{"@type":"WebPage","@id":"https:\/\/www.rodilloscodimar.com\/fr\/produit\/pignon-metalico-z16-3-8-quadruple-t6030\/","url":"https:\/\/www.rodilloscodimar.com\/fr\/produit\/pignon-metalico-z16-3-8-quadruple-t6030\/","name":"Z16 3\/8 T6030 Pignon Pignon Soud\u00e9 M\u00e9tal - Galets Codimar SL","isPartOf":{"@id":"https:\/\/www.rodilloscodimar.com\/fr\/#website"},"primaryImageOfPage":{"@id":"https:\/\/www.rodilloscodimar.com\/fr\/produit\/pignon-metalico-z16-3-8-quadruple-t6030\/#primaryimage"},"image":{"@id":"https:\/\/www.rodilloscodimar.com\/fr\/produit\/pignon-metalico-z16-3-8-quadruple-t6030\/#primaryimage"},"thumbnailUrl":"https:\/\/www.rodilloscodimar.com\/wp-content\/uploads\/2018\/10\/PI\u00d1\u00d3N-M-Z1638CD-6030-32-1.jpg","datePublished":"2020-12-15T16:04:33+00:00","description":"Pignon m\u00e9tallique Z16 3\/8 \"Quadruple T6030, montage pour tubes m\u00e9talliques de D60x3. Axes de 20 mm. ou diff\u00e9rents diam\u00e8tres de tube ou d'arbre.","breadcrumb":{"@id":"https:\/\/www.rodilloscodimar.com\/fr\/produit\/pignon-metalico-z16-3-8-quadruple-t6030\/#breadcrumb"},"inLanguage":"fr-FR","potentialAction":[{"@type":"ReadAction","target":["https:\/\/www.rodilloscodimar.com\/fr\/produit\/pignon-metalico-z16-3-8-quadruple-t6030\/"]}]},{"@type":"ImageObject","inLanguage":"fr-FR","@id":"https:\/\/www.rodilloscodimar.com\/fr\/produit\/pignon-metalico-z16-3-8-quadruple-t6030\/#primaryimage","url":"https:\/\/www.rodilloscodimar.com\/wp-content\/uploads\/2018\/10\/PI\u00d1\u00d3N-M-Z1638CD-6030-32-1.jpg","contentUrl":"https:\/\/www.rodilloscodimar.com\/wp-content\/uploads\/2018\/10\/PI\u00d1\u00d3N-M-Z1638CD-6030-32-1.jpg","width":450,"height":282,"caption":"Pignon Quadruple Z16 3\/8 \u2033 T6030"},{"@type":"BreadcrumbList","@id":"https:\/\/www.rodilloscodimar.com\/fr\/produit\/pignon-metalico-z16-3-8-quadruple-t6030\/#breadcrumb","itemListElement":[{"@type":"ListItem","position":1,"name":"Portada","item":"https:\/\/www.rodilloscodimar.com\/fr\/"},{"@type":"ListItem","position":2,"name":"Tienda","item":"https:\/\/www.rodilloscodimar.com\/tienda\/"},{"@type":"ListItem","position":3,"name":"Pignon m\u00e9tallique Z16 3\/8 \u00ab\u00a0Quadruple T6030"}]},{"@type":"WebSite","@id":"https:\/\/www.rodilloscodimar.com\/fr\/#website","url":"https:\/\/www.rodilloscodimar.com\/fr\/","name":"CODIMAR","description":"Frabricante de Componentes , Rodillos, Estaciones y M\u00e1quinas.","publisher":{"@id":"https:\/\/www.rodilloscodimar.com\/fr\/#organization"},"potentialAction":[{"@type":"SearchAction","target":{"@type":"EntryPoint","urlTemplate":"https:\/\/www.rodilloscodimar.com\/fr\/?s={search_term_string}"},"query-input":{"@type":"PropertyValueSpecification","valueRequired":true,"valueName":"search_term_string"}}],"inLanguage":"fr-FR"},{"@type":"Organization","@id":"https:\/\/www.rodilloscodimar.com\/fr\/#organization","name":"Rodillos Codimar","url":"https:\/\/www.rodilloscodimar.com\/fr\/","logo":{"@type":"ImageObject","inLanguage":"fr-FR","@id":"https:\/\/www.rodilloscodimar.com\/fr\/#\/schema\/logo\/image\/","url":"https:\/\/www.rodilloscodimar.com\/wp-content\/uploads\/2020\/01\/logo-email.jpg","contentUrl":"https:\/\/www.rodilloscodimar.com\/wp-content\/uploads\/2020\/01\/logo-email.jpg","width":300,"height":299,"caption":"Rodillos Codimar"},"image":{"@id":"https:\/\/www.rodilloscodimar.com\/fr\/#\/schema\/logo\/image\/"}}]}},"_links":{"self":[{"href":"https:\/\/www.rodilloscodimar.com\/fr\/wp-json\/wp\/v2\/product\/4937","targetHints":{"allow":["GET"]}}],"collection":[{"href":"https:\/\/www.rodilloscodimar.com\/fr\/wp-json\/wp\/v2\/product"}],"about":[{"href":"https:\/\/www.rodilloscodimar.com\/fr\/wp-json\/wp\/v2\/types\/product"}],"wp:featuredmedia":[{"embeddable":true,"href":"https:\/\/www.rodilloscodimar.com\/fr\/wp-json\/wp\/v2\/media\/2222"}],"wp:attachment":[{"href":"https:\/\/www.rodilloscodimar.com\/fr\/wp-json\/wp\/v2\/media?parent=4937"}],"wp:term":[{"taxonomy":"product_brand","embeddable":true,"href":"https:\/\/www.rodilloscodimar.com\/fr\/wp-json\/wp\/v2\/product_brand?post=4937"},{"taxonomy":"product_cat","embeddable":true,"href":"https:\/\/www.rodilloscodimar.com\/fr\/wp-json\/wp\/v2\/product_cat?post=4937"},{"taxonomy":"product_tag","embeddable":true,"href":"https:\/\/www.rodilloscodimar.com\/fr\/wp-json\/wp\/v2\/product_tag?post=4937"}],"curies":[{"name":"wp","href":"https:\/\/api.w.org\/{rel}","templated":true}]}}