{"id":4905,"date":"2018-10-19T11:56:59","date_gmt":"2020-12-15T16:02:12","guid":{"rendered":"https:\/\/www.rodilloscodimar.com\/producto\/pignon-thermoplastique-z14-1-2-double\/"},"modified":"2020-12-15T17:02:12","modified_gmt":"2020-12-15T16:02:12","slug":"pignon-thermoplastique-z14-1-2-double","status":"publish","type":"product","link":"https:\/\/www.rodilloscodimar.com\/fr\/produit\/pignon-thermoplastique-z14-1-2-double\/","title":{"rendered":"Pignon thermoplastique Z14 1\/2 \u00ab\u00a0Double"},"content":{"rendered":"<ul>\n<li>Pignon double thermoplastique Z14 1\/2 \u00ab\u00a0pourvu de roulements de pr\u00e9cision en chrome-nickel ou inox, selon les besoins<\/li>\n<li>Possibilit\u00e9s de montage pour tubes PVC ou m\u00e9talliques d&rsquo;un diam\u00e8tre de 50 et au moyen de douilles d&rsquo;adaptation de type KKR, 60\/80. Fixe et friction et axes de 12, 14 et 15 mm.<\/li>\n<\/ul>\n","protected":false},"excerpt":{"rendered":"<p>Pignons thermoplastiques type Z14 1\/2 \u00ab\u00a0Double.<\/p>\n","protected":false},"featured_media":2145,"template":"","meta":{"_joinchat":[]},"product_brand":[],"product_cat":[163],"product_tag":[],"class_list":{"0":"post-4905","1":"product","2":"type-product","3":"status-publish","4":"has-post-thumbnail","6":"product_cat-pignons-en-plastique","8":"first","9":"instock","10":"shipping-taxable","11":"product-type-simple"},"yoast_head":"<!-- This site is optimized with the Yoast SEO plugin v27.2 - https:\/\/yoast.com\/product\/yoast-seo-wordpress\/ -->\n<title>Z14 1\/2 &quot;Double Pinion | Pignons thermoplastiques - Rouleaux Codimar SL<\/title>\n<meta name=\"description\" content=\"Pignon Z14 1\/2 thermoplastique sp\u00e9cifique pour le montage de tubes PVC ou m\u00e9talliques de diam\u00e8tre 50 et au moyen de douilles d&#039;adaptation de type KKR, 60\/80.\" \/>\n<meta name=\"robots\" content=\"index, follow, max-snippet:-1, max-image-preview:large, max-video-preview:-1\" \/>\n<link rel=\"canonical\" href=\"https:\/\/www.rodilloscodimar.com\/fr\/produit\/pignon-thermoplastique-z14-1-2-double\/\" \/>\n<meta property=\"og:locale\" content=\"fr_FR\" \/>\n<meta property=\"og:type\" content=\"article\" \/>\n<meta property=\"og:title\" content=\"Z14 1\/2 &quot;Double Pinion | Pignons thermoplastiques - Rouleaux Codimar SL\" \/>\n<meta property=\"og:description\" content=\"Pignon Z14 1\/2 thermoplastique sp\u00e9cifique pour le montage de tubes PVC ou m\u00e9talliques de diam\u00e8tre 50 et au moyen de douilles d&#039;adaptation de type KKR, 60\/80.\" \/>\n<meta property=\"og:url\" content=\"https:\/\/www.rodilloscodimar.com\/fr\/produit\/pignon-thermoplastique-z14-1-2-double\/\" \/>\n<meta property=\"og:site_name\" content=\"CODIMAR\" \/>\n<meta property=\"og:image\" content=\"https:\/\/www.rodilloscodimar.com\/wp-content\/uploads\/2018\/10\/20170220_130940.jpg\" \/>\n\t<meta property=\"og:image:width\" content=\"450\" \/>\n\t<meta property=\"og:image:height\" content=\"282\" \/>\n\t<meta property=\"og:image:type\" content=\"image\/jpeg\" \/>\n<meta name=\"twitter:card\" content=\"summary_large_image\" \/>\n<script type=\"application\/ld+json\" class=\"yoast-schema-graph\">{\"@context\":\"https:\/\/schema.org\",\"@graph\":[{\"@type\":\"WebPage\",\"@id\":\"https:\/\/www.rodilloscodimar.com\/fr\/produit\/pignon-thermoplastique-z14-1-2-double\/\",\"url\":\"https:\/\/www.rodilloscodimar.com\/fr\/produit\/pignon-thermoplastique-z14-1-2-double\/\",\"name\":\"Z14 1\/2 \\\"Double Pinion | Pignons thermoplastiques - Rouleaux Codimar SL\",\"isPartOf\":{\"@id\":\"https:\/\/www.rodilloscodimar.com\/fr\/#website\"},\"primaryImageOfPage\":{\"@id\":\"https:\/\/www.rodilloscodimar.com\/fr\/produit\/pignon-thermoplastique-z14-1-2-double\/#primaryimage\"},\"image\":{\"@id\":\"https:\/\/www.rodilloscodimar.com\/fr\/produit\/pignon-thermoplastique-z14-1-2-double\/#primaryimage\"},\"thumbnailUrl\":\"https:\/\/www.rodilloscodimar.com\/wp-content\/uploads\/2018\/10\/20170220_130940.jpg\",\"datePublished\":\"2020-12-15T16:02:12+00:00\",\"description\":\"Pignon Z14 1\/2 thermoplastique sp\u00e9cifique pour le montage de tubes PVC ou m\u00e9talliques de diam\u00e8tre 50 et au moyen de douilles d'adaptation de type KKR, 60\/80.\",\"breadcrumb\":{\"@id\":\"https:\/\/www.rodilloscodimar.com\/fr\/produit\/pignon-thermoplastique-z14-1-2-double\/#breadcrumb\"},\"inLanguage\":\"fr-FR\",\"potentialAction\":[{\"@type\":\"ReadAction\",\"target\":[\"https:\/\/www.rodilloscodimar.com\/fr\/produit\/pignon-thermoplastique-z14-1-2-double\/\"]}]},{\"@type\":\"ImageObject\",\"inLanguage\":\"fr-FR\",\"@id\":\"https:\/\/www.rodilloscodimar.com\/fr\/produit\/pignon-thermoplastique-z14-1-2-double\/#primaryimage\",\"url\":\"https:\/\/www.rodilloscodimar.com\/wp-content\/uploads\/2018\/10\/20170220_130940.jpg\",\"contentUrl\":\"https:\/\/www.rodilloscodimar.com\/wp-content\/uploads\/2018\/10\/20170220_130940.jpg\",\"width\":450,\"height\":282,\"caption\":\"Pignon double thermoplastique Z14 1\/2 \u2033\"},{\"@type\":\"BreadcrumbList\",\"@id\":\"https:\/\/www.rodilloscodimar.com\/fr\/produit\/pignon-thermoplastique-z14-1-2-double\/#breadcrumb\",\"itemListElement\":[{\"@type\":\"ListItem\",\"position\":1,\"name\":\"Portada\",\"item\":\"https:\/\/www.rodilloscodimar.com\/fr\/\"},{\"@type\":\"ListItem\",\"position\":2,\"name\":\"Tienda\",\"item\":\"https:\/\/www.rodilloscodimar.com\/tienda\/\"},{\"@type\":\"ListItem\",\"position\":3,\"name\":\"Pignon thermoplastique Z14 1\/2 \u00ab\u00a0Double\"}]},{\"@type\":\"WebSite\",\"@id\":\"https:\/\/www.rodilloscodimar.com\/fr\/#website\",\"url\":\"https:\/\/www.rodilloscodimar.com\/fr\/\",\"name\":\"CODIMAR\",\"description\":\"Frabricante de Componentes , Rodillos, Estaciones y M\u00e1quinas.\",\"publisher\":{\"@id\":\"https:\/\/www.rodilloscodimar.com\/fr\/#organization\"},\"potentialAction\":[{\"@type\":\"SearchAction\",\"target\":{\"@type\":\"EntryPoint\",\"urlTemplate\":\"https:\/\/www.rodilloscodimar.com\/fr\/?s={search_term_string}\"},\"query-input\":{\"@type\":\"PropertyValueSpecification\",\"valueRequired\":true,\"valueName\":\"search_term_string\"}}],\"inLanguage\":\"fr-FR\"},{\"@type\":\"Organization\",\"@id\":\"https:\/\/www.rodilloscodimar.com\/fr\/#organization\",\"name\":\"Rodillos Codimar\",\"url\":\"https:\/\/www.rodilloscodimar.com\/fr\/\",\"logo\":{\"@type\":\"ImageObject\",\"inLanguage\":\"fr-FR\",\"@id\":\"https:\/\/www.rodilloscodimar.com\/fr\/#\/schema\/logo\/image\/\",\"url\":\"https:\/\/www.rodilloscodimar.com\/wp-content\/uploads\/2020\/01\/logo-email.jpg\",\"contentUrl\":\"https:\/\/www.rodilloscodimar.com\/wp-content\/uploads\/2020\/01\/logo-email.jpg\",\"width\":300,\"height\":299,\"caption\":\"Rodillos Codimar\"},\"image\":{\"@id\":\"https:\/\/www.rodilloscodimar.com\/fr\/#\/schema\/logo\/image\/\"}}]}<\/script>\n<!-- \/ Yoast SEO plugin. -->","yoast_head_json":{"title":"Z14 1\/2 \"Double Pinion | Pignons thermoplastiques - Rouleaux Codimar SL","description":"Pignon Z14 1\/2 thermoplastique sp\u00e9cifique pour le montage de tubes PVC ou m\u00e9talliques de diam\u00e8tre 50 et au moyen de douilles d'adaptation de type KKR, 60\/80.","robots":{"index":"index","follow":"follow","max-snippet":"max-snippet:-1","max-image-preview":"max-image-preview:large","max-video-preview":"max-video-preview:-1"},"canonical":"https:\/\/www.rodilloscodimar.com\/fr\/produit\/pignon-thermoplastique-z14-1-2-double\/","og_locale":"fr_FR","og_type":"article","og_title":"Z14 1\/2 \"Double Pinion | Pignons thermoplastiques - Rouleaux Codimar SL","og_description":"Pignon Z14 1\/2 thermoplastique sp\u00e9cifique pour le montage de tubes PVC ou m\u00e9talliques de diam\u00e8tre 50 et au moyen de douilles d'adaptation de type KKR, 60\/80.","og_url":"https:\/\/www.rodilloscodimar.com\/fr\/produit\/pignon-thermoplastique-z14-1-2-double\/","og_site_name":"CODIMAR","og_image":[{"width":450,"height":282,"url":"https:\/\/www.rodilloscodimar.com\/wp-content\/uploads\/2018\/10\/20170220_130940.jpg","type":"image\/jpeg"}],"twitter_card":"summary_large_image","schema":{"@context":"https:\/\/schema.org","@graph":[{"@type":"WebPage","@id":"https:\/\/www.rodilloscodimar.com\/fr\/produit\/pignon-thermoplastique-z14-1-2-double\/","url":"https:\/\/www.rodilloscodimar.com\/fr\/produit\/pignon-thermoplastique-z14-1-2-double\/","name":"Z14 1\/2 \"Double Pinion | Pignons thermoplastiques - Rouleaux Codimar SL","isPartOf":{"@id":"https:\/\/www.rodilloscodimar.com\/fr\/#website"},"primaryImageOfPage":{"@id":"https:\/\/www.rodilloscodimar.com\/fr\/produit\/pignon-thermoplastique-z14-1-2-double\/#primaryimage"},"image":{"@id":"https:\/\/www.rodilloscodimar.com\/fr\/produit\/pignon-thermoplastique-z14-1-2-double\/#primaryimage"},"thumbnailUrl":"https:\/\/www.rodilloscodimar.com\/wp-content\/uploads\/2018\/10\/20170220_130940.jpg","datePublished":"2020-12-15T16:02:12+00:00","description":"Pignon Z14 1\/2 thermoplastique sp\u00e9cifique pour le montage de tubes PVC ou m\u00e9talliques de diam\u00e8tre 50 et au moyen de douilles d'adaptation de type KKR, 60\/80.","breadcrumb":{"@id":"https:\/\/www.rodilloscodimar.com\/fr\/produit\/pignon-thermoplastique-z14-1-2-double\/#breadcrumb"},"inLanguage":"fr-FR","potentialAction":[{"@type":"ReadAction","target":["https:\/\/www.rodilloscodimar.com\/fr\/produit\/pignon-thermoplastique-z14-1-2-double\/"]}]},{"@type":"ImageObject","inLanguage":"fr-FR","@id":"https:\/\/www.rodilloscodimar.com\/fr\/produit\/pignon-thermoplastique-z14-1-2-double\/#primaryimage","url":"https:\/\/www.rodilloscodimar.com\/wp-content\/uploads\/2018\/10\/20170220_130940.jpg","contentUrl":"https:\/\/www.rodilloscodimar.com\/wp-content\/uploads\/2018\/10\/20170220_130940.jpg","width":450,"height":282,"caption":"Pignon double thermoplastique Z14 1\/2 \u2033"},{"@type":"BreadcrumbList","@id":"https:\/\/www.rodilloscodimar.com\/fr\/produit\/pignon-thermoplastique-z14-1-2-double\/#breadcrumb","itemListElement":[{"@type":"ListItem","position":1,"name":"Portada","item":"https:\/\/www.rodilloscodimar.com\/fr\/"},{"@type":"ListItem","position":2,"name":"Tienda","item":"https:\/\/www.rodilloscodimar.com\/tienda\/"},{"@type":"ListItem","position":3,"name":"Pignon thermoplastique Z14 1\/2 \u00ab\u00a0Double"}]},{"@type":"WebSite","@id":"https:\/\/www.rodilloscodimar.com\/fr\/#website","url":"https:\/\/www.rodilloscodimar.com\/fr\/","name":"CODIMAR","description":"Frabricante de Componentes , Rodillos, Estaciones y M\u00e1quinas.","publisher":{"@id":"https:\/\/www.rodilloscodimar.com\/fr\/#organization"},"potentialAction":[{"@type":"SearchAction","target":{"@type":"EntryPoint","urlTemplate":"https:\/\/www.rodilloscodimar.com\/fr\/?s={search_term_string}"},"query-input":{"@type":"PropertyValueSpecification","valueRequired":true,"valueName":"search_term_string"}}],"inLanguage":"fr-FR"},{"@type":"Organization","@id":"https:\/\/www.rodilloscodimar.com\/fr\/#organization","name":"Rodillos Codimar","url":"https:\/\/www.rodilloscodimar.com\/fr\/","logo":{"@type":"ImageObject","inLanguage":"fr-FR","@id":"https:\/\/www.rodilloscodimar.com\/fr\/#\/schema\/logo\/image\/","url":"https:\/\/www.rodilloscodimar.com\/wp-content\/uploads\/2020\/01\/logo-email.jpg","contentUrl":"https:\/\/www.rodilloscodimar.com\/wp-content\/uploads\/2020\/01\/logo-email.jpg","width":300,"height":299,"caption":"Rodillos Codimar"},"image":{"@id":"https:\/\/www.rodilloscodimar.com\/fr\/#\/schema\/logo\/image\/"}}]}},"_links":{"self":[{"href":"https:\/\/www.rodilloscodimar.com\/fr\/wp-json\/wp\/v2\/product\/4905","targetHints":{"allow":["GET"]}}],"collection":[{"href":"https:\/\/www.rodilloscodimar.com\/fr\/wp-json\/wp\/v2\/product"}],"about":[{"href":"https:\/\/www.rodilloscodimar.com\/fr\/wp-json\/wp\/v2\/types\/product"}],"wp:featuredmedia":[{"embeddable":true,"href":"https:\/\/www.rodilloscodimar.com\/fr\/wp-json\/wp\/v2\/media\/2145"}],"wp:attachment":[{"href":"https:\/\/www.rodilloscodimar.com\/fr\/wp-json\/wp\/v2\/media?parent=4905"}],"wp:term":[{"taxonomy":"product_brand","embeddable":true,"href":"https:\/\/www.rodilloscodimar.com\/fr\/wp-json\/wp\/v2\/product_brand?post=4905"},{"taxonomy":"product_cat","embeddable":true,"href":"https:\/\/www.rodilloscodimar.com\/fr\/wp-json\/wp\/v2\/product_cat?post=4905"},{"taxonomy":"product_tag","embeddable":true,"href":"https:\/\/www.rodilloscodimar.com\/fr\/wp-json\/wp\/v2\/product_tag?post=4905"}],"curies":[{"name":"wp","href":"https:\/\/api.w.org\/{rel}","templated":true}]}}