{"id":4797,"date":"2018-10-19T10:18:32","date_gmt":"2020-12-15T15:49:47","guid":{"rendered":"https:\/\/www.rodilloscodimar.com\/producto\/ktr-30-31\/"},"modified":"2020-12-15T16:49:47","modified_gmt":"2020-12-15T15:49:47","slug":"ktr-30-31-2","status":"publish","type":"product","link":"https:\/\/www.rodilloscodimar.com\/fr\/produit\/ktr-30-31-2\/","title":{"rendered":"KTR-30\/31"},"content":{"rendered":"<ul>\n<li>KTR-30\/31, assemblage pour tuyaux PVC et m\u00e9talliques, dans des diam\u00e8tres allant de 50 \u00e0 60 mm. et arbres de 8 \u00e0 15 mm. et hexagonale de 11<\/li>\n<\/ul>\n<p>&nbsp;<\/p>\n<h4><b>T\u00e9l\u00e9chargez le PDF du produit<\/b><\/h4>\n<p><a href=\"https:\/\/www.rodilloscodimar.com\/wp-content\/uploads\/2018\/10\/07-KTR-50.30.pdf\" target=\"_blank\" rel=\"noopener noreferrer\"><img decoding=\"async\" class=\"alignnone wp-image-2311 size-thumbnail\" src=\"https:\/\/www.rodilloscodimar.com\/wp-content\/uploads\/2018\/10\/pdf-icon-150x150.png\" alt=\"\" width=\"150\" height=\"150\" srcset=\"https:\/\/www.rodilloscodimar.com\/wp-content\/uploads\/2018\/10\/pdf-icon-150x150.png 150w, https:\/\/www.rodilloscodimar.com\/wp-content\/uploads\/2018\/10\/pdf-icon-146x146.png 146w, https:\/\/www.rodilloscodimar.com\/wp-content\/uploads\/2018\/10\/pdf-icon-50x50.png 50w, https:\/\/www.rodilloscodimar.com\/wp-content\/uploads\/2018\/10\/pdf-icon-75x75.png 75w, https:\/\/www.rodilloscodimar.com\/wp-content\/uploads\/2018\/10\/pdf-icon-85x85.png 85w, https:\/\/www.rodilloscodimar.com\/wp-content\/uploads\/2018\/10\/pdf-icon-80x80.png 80w, https:\/\/www.rodilloscodimar.com\/wp-content\/uploads\/2018\/10\/pdf-icon.png 200w\" sizes=\"(max-width: 150px) 100vw, 150px\" \/><\/a><\/p>\n<p><strong>Sp\u00e9cifications T\u00eate en plastique KTR-30<\/strong><\/p>\n<p><a href=\"https:\/\/www.rodilloscodimar.com\/wp-content\/uploads\/2018\/10\/08-KTR-50.pdf\" target=\"_blank\" rel=\"noopener noreferrer\"><img decoding=\"async\" class=\"alignnone wp-image-2311 size-thumbnail\" src=\"https:\/\/www.rodilloscodimar.com\/wp-content\/uploads\/2018\/10\/pdf-icon-150x150.png\" alt=\"\" width=\"150\" height=\"150\" srcset=\"https:\/\/www.rodilloscodimar.com\/wp-content\/uploads\/2018\/10\/pdf-icon-150x150.png 150w, https:\/\/www.rodilloscodimar.com\/wp-content\/uploads\/2018\/10\/pdf-icon-146x146.png 146w, https:\/\/www.rodilloscodimar.com\/wp-content\/uploads\/2018\/10\/pdf-icon-50x50.png 50w, https:\/\/www.rodilloscodimar.com\/wp-content\/uploads\/2018\/10\/pdf-icon-75x75.png 75w, https:\/\/www.rodilloscodimar.com\/wp-content\/uploads\/2018\/10\/pdf-icon-85x85.png 85w, https:\/\/www.rodilloscodimar.com\/wp-content\/uploads\/2018\/10\/pdf-icon-80x80.png 80w, https:\/\/www.rodilloscodimar.com\/wp-content\/uploads\/2018\/10\/pdf-icon.png 200w\" sizes=\"(max-width: 150px) 100vw, 150px\" \/><\/a><\/p>\n<p><strong>Sp\u00e9cifications T\u00eate en plastique KTR-31 <\/strong><\/p>\n","protected":false},"excerpt":{"rendered":"<p>T\u00eates thermoplastiques de type KTR.30 s&rsquo;il s&rsquo;agit de billes en chrome-nickel, ou KTR.31 si la cage est constitu\u00e9e de billes en acier inoxydable.<\/p>\n","protected":false},"featured_media":2006,"template":"","meta":{"_joinchat":[]},"product_brand":[],"product_cat":[154],"product_tag":[],"class_list":{"0":"post-4797","1":"product","2":"type-product","3":"status-publish","4":"has-post-thumbnail","6":"product_cat-embouts-en-plastique","8":"first","9":"instock","10":"shipping-taxable","11":"product-type-simple"},"yoast_head":"<!-- This site is optimized with the Yoast SEO plugin v27.2 - https:\/\/yoast.com\/product\/yoast-seo-wordpress\/ -->\n<title>KTR-30\/31 | T\u00eates thermoplastiques - Rouleaux Codimar SL<\/title>\n<meta name=\"description\" content=\"KTR-30\/31, deux mod\u00e8les diff\u00e9rents de t\u00eates thermoplastiques, une en billes de chrome-nickel ou cage \u00e0 billes en acier inoxydable.\" \/>\n<meta name=\"robots\" content=\"index, follow, max-snippet:-1, max-image-preview:large, max-video-preview:-1\" \/>\n<link rel=\"canonical\" href=\"https:\/\/www.rodilloscodimar.com\/fr\/produit\/ktr-30-31-2\/\" \/>\n<meta property=\"og:locale\" content=\"fr_FR\" \/>\n<meta property=\"og:type\" content=\"article\" \/>\n<meta property=\"og:title\" content=\"KTR-30\/31 | T\u00eates thermoplastiques - Rouleaux Codimar SL\" \/>\n<meta property=\"og:description\" content=\"KTR-30\/31, deux mod\u00e8les diff\u00e9rents de t\u00eates thermoplastiques, une en billes de chrome-nickel ou cage \u00e0 billes en acier inoxydable.\" \/>\n<meta property=\"og:url\" content=\"https:\/\/www.rodilloscodimar.com\/fr\/produit\/ktr-30-31-2\/\" \/>\n<meta property=\"og:site_name\" content=\"CODIMAR\" \/>\n<meta property=\"og:image\" content=\"https:\/\/www.rodilloscodimar.com\/wp-content\/uploads\/2018\/10\/cabezales_ktr30_31.jpg\" \/>\n\t<meta property=\"og:image:width\" content=\"450\" \/>\n\t<meta property=\"og:image:height\" content=\"282\" \/>\n\t<meta property=\"og:image:type\" content=\"image\/jpeg\" \/>\n<meta name=\"twitter:card\" content=\"summary_large_image\" \/>\n<script type=\"application\/ld+json\" class=\"yoast-schema-graph\">{\"@context\":\"https:\/\/schema.org\",\"@graph\":[{\"@type\":\"WebPage\",\"@id\":\"https:\/\/www.rodilloscodimar.com\/fr\/produit\/ktr-30-31-2\/\",\"url\":\"https:\/\/www.rodilloscodimar.com\/fr\/produit\/ktr-30-31-2\/\",\"name\":\"KTR-30\/31 | T\u00eates thermoplastiques - Rouleaux Codimar SL\",\"isPartOf\":{\"@id\":\"https:\/\/www.rodilloscodimar.com\/fr\/#website\"},\"primaryImageOfPage\":{\"@id\":\"https:\/\/www.rodilloscodimar.com\/fr\/produit\/ktr-30-31-2\/#primaryimage\"},\"image\":{\"@id\":\"https:\/\/www.rodilloscodimar.com\/fr\/produit\/ktr-30-31-2\/#primaryimage\"},\"thumbnailUrl\":\"https:\/\/www.rodilloscodimar.com\/wp-content\/uploads\/2018\/10\/cabezales_ktr30_31.jpg\",\"datePublished\":\"2020-12-15T15:49:47+00:00\",\"description\":\"KTR-30\/31, deux mod\u00e8les diff\u00e9rents de t\u00eates thermoplastiques, une en billes de chrome-nickel ou cage \u00e0 billes en acier inoxydable.\",\"breadcrumb\":{\"@id\":\"https:\/\/www.rodilloscodimar.com\/fr\/produit\/ktr-30-31-2\/#breadcrumb\"},\"inLanguage\":\"fr-FR\",\"potentialAction\":[{\"@type\":\"ReadAction\",\"target\":[\"https:\/\/www.rodilloscodimar.com\/fr\/produit\/ktr-30-31-2\/\"]}]},{\"@type\":\"ImageObject\",\"inLanguage\":\"fr-FR\",\"@id\":\"https:\/\/www.rodilloscodimar.com\/fr\/produit\/ktr-30-31-2\/#primaryimage\",\"url\":\"https:\/\/www.rodilloscodimar.com\/wp-content\/uploads\/2018\/10\/cabezales_ktr30_31.jpg\",\"contentUrl\":\"https:\/\/www.rodilloscodimar.com\/wp-content\/uploads\/2018\/10\/cabezales_ktr30_31.jpg\",\"width\":450,\"height\":282,\"caption\":\"KTR-30\/31\"},{\"@type\":\"BreadcrumbList\",\"@id\":\"https:\/\/www.rodilloscodimar.com\/fr\/produit\/ktr-30-31-2\/#breadcrumb\",\"itemListElement\":[{\"@type\":\"ListItem\",\"position\":1,\"name\":\"Portada\",\"item\":\"https:\/\/www.rodilloscodimar.com\/fr\/\"},{\"@type\":\"ListItem\",\"position\":2,\"name\":\"Tienda\",\"item\":\"https:\/\/www.rodilloscodimar.com\/tienda\/\"},{\"@type\":\"ListItem\",\"position\":3,\"name\":\"KTR-30\/31\"}]},{\"@type\":\"WebSite\",\"@id\":\"https:\/\/www.rodilloscodimar.com\/fr\/#website\",\"url\":\"https:\/\/www.rodilloscodimar.com\/fr\/\",\"name\":\"CODIMAR\",\"description\":\"Frabricante de Componentes , Rodillos, Estaciones y M\u00e1quinas.\",\"publisher\":{\"@id\":\"https:\/\/www.rodilloscodimar.com\/fr\/#organization\"},\"potentialAction\":[{\"@type\":\"SearchAction\",\"target\":{\"@type\":\"EntryPoint\",\"urlTemplate\":\"https:\/\/www.rodilloscodimar.com\/fr\/?s={search_term_string}\"},\"query-input\":{\"@type\":\"PropertyValueSpecification\",\"valueRequired\":true,\"valueName\":\"search_term_string\"}}],\"inLanguage\":\"fr-FR\"},{\"@type\":\"Organization\",\"@id\":\"https:\/\/www.rodilloscodimar.com\/fr\/#organization\",\"name\":\"Rodillos Codimar\",\"url\":\"https:\/\/www.rodilloscodimar.com\/fr\/\",\"logo\":{\"@type\":\"ImageObject\",\"inLanguage\":\"fr-FR\",\"@id\":\"https:\/\/www.rodilloscodimar.com\/fr\/#\/schema\/logo\/image\/\",\"url\":\"https:\/\/www.rodilloscodimar.com\/wp-content\/uploads\/2020\/01\/logo-email.jpg\",\"contentUrl\":\"https:\/\/www.rodilloscodimar.com\/wp-content\/uploads\/2020\/01\/logo-email.jpg\",\"width\":300,\"height\":299,\"caption\":\"Rodillos Codimar\"},\"image\":{\"@id\":\"https:\/\/www.rodilloscodimar.com\/fr\/#\/schema\/logo\/image\/\"}}]}<\/script>\n<!-- \/ Yoast SEO plugin. -->","yoast_head_json":{"title":"KTR-30\/31 | T\u00eates thermoplastiques - Rouleaux Codimar SL","description":"KTR-30\/31, deux mod\u00e8les diff\u00e9rents de t\u00eates thermoplastiques, une en billes de chrome-nickel ou cage \u00e0 billes en acier inoxydable.","robots":{"index":"index","follow":"follow","max-snippet":"max-snippet:-1","max-image-preview":"max-image-preview:large","max-video-preview":"max-video-preview:-1"},"canonical":"https:\/\/www.rodilloscodimar.com\/fr\/produit\/ktr-30-31-2\/","og_locale":"fr_FR","og_type":"article","og_title":"KTR-30\/31 | T\u00eates thermoplastiques - Rouleaux Codimar SL","og_description":"KTR-30\/31, deux mod\u00e8les diff\u00e9rents de t\u00eates thermoplastiques, une en billes de chrome-nickel ou cage \u00e0 billes en acier inoxydable.","og_url":"https:\/\/www.rodilloscodimar.com\/fr\/produit\/ktr-30-31-2\/","og_site_name":"CODIMAR","og_image":[{"width":450,"height":282,"url":"https:\/\/www.rodilloscodimar.com\/wp-content\/uploads\/2018\/10\/cabezales_ktr30_31.jpg","type":"image\/jpeg"}],"twitter_card":"summary_large_image","schema":{"@context":"https:\/\/schema.org","@graph":[{"@type":"WebPage","@id":"https:\/\/www.rodilloscodimar.com\/fr\/produit\/ktr-30-31-2\/","url":"https:\/\/www.rodilloscodimar.com\/fr\/produit\/ktr-30-31-2\/","name":"KTR-30\/31 | T\u00eates thermoplastiques - Rouleaux Codimar SL","isPartOf":{"@id":"https:\/\/www.rodilloscodimar.com\/fr\/#website"},"primaryImageOfPage":{"@id":"https:\/\/www.rodilloscodimar.com\/fr\/produit\/ktr-30-31-2\/#primaryimage"},"image":{"@id":"https:\/\/www.rodilloscodimar.com\/fr\/produit\/ktr-30-31-2\/#primaryimage"},"thumbnailUrl":"https:\/\/www.rodilloscodimar.com\/wp-content\/uploads\/2018\/10\/cabezales_ktr30_31.jpg","datePublished":"2020-12-15T15:49:47+00:00","description":"KTR-30\/31, deux mod\u00e8les diff\u00e9rents de t\u00eates thermoplastiques, une en billes de chrome-nickel ou cage \u00e0 billes en acier inoxydable.","breadcrumb":{"@id":"https:\/\/www.rodilloscodimar.com\/fr\/produit\/ktr-30-31-2\/#breadcrumb"},"inLanguage":"fr-FR","potentialAction":[{"@type":"ReadAction","target":["https:\/\/www.rodilloscodimar.com\/fr\/produit\/ktr-30-31-2\/"]}]},{"@type":"ImageObject","inLanguage":"fr-FR","@id":"https:\/\/www.rodilloscodimar.com\/fr\/produit\/ktr-30-31-2\/#primaryimage","url":"https:\/\/www.rodilloscodimar.com\/wp-content\/uploads\/2018\/10\/cabezales_ktr30_31.jpg","contentUrl":"https:\/\/www.rodilloscodimar.com\/wp-content\/uploads\/2018\/10\/cabezales_ktr30_31.jpg","width":450,"height":282,"caption":"KTR-30\/31"},{"@type":"BreadcrumbList","@id":"https:\/\/www.rodilloscodimar.com\/fr\/produit\/ktr-30-31-2\/#breadcrumb","itemListElement":[{"@type":"ListItem","position":1,"name":"Portada","item":"https:\/\/www.rodilloscodimar.com\/fr\/"},{"@type":"ListItem","position":2,"name":"Tienda","item":"https:\/\/www.rodilloscodimar.com\/tienda\/"},{"@type":"ListItem","position":3,"name":"KTR-30\/31"}]},{"@type":"WebSite","@id":"https:\/\/www.rodilloscodimar.com\/fr\/#website","url":"https:\/\/www.rodilloscodimar.com\/fr\/","name":"CODIMAR","description":"Frabricante de Componentes , Rodillos, Estaciones y M\u00e1quinas.","publisher":{"@id":"https:\/\/www.rodilloscodimar.com\/fr\/#organization"},"potentialAction":[{"@type":"SearchAction","target":{"@type":"EntryPoint","urlTemplate":"https:\/\/www.rodilloscodimar.com\/fr\/?s={search_term_string}"},"query-input":{"@type":"PropertyValueSpecification","valueRequired":true,"valueName":"search_term_string"}}],"inLanguage":"fr-FR"},{"@type":"Organization","@id":"https:\/\/www.rodilloscodimar.com\/fr\/#organization","name":"Rodillos Codimar","url":"https:\/\/www.rodilloscodimar.com\/fr\/","logo":{"@type":"ImageObject","inLanguage":"fr-FR","@id":"https:\/\/www.rodilloscodimar.com\/fr\/#\/schema\/logo\/image\/","url":"https:\/\/www.rodilloscodimar.com\/wp-content\/uploads\/2020\/01\/logo-email.jpg","contentUrl":"https:\/\/www.rodilloscodimar.com\/wp-content\/uploads\/2020\/01\/logo-email.jpg","width":300,"height":299,"caption":"Rodillos Codimar"},"image":{"@id":"https:\/\/www.rodilloscodimar.com\/fr\/#\/schema\/logo\/image\/"}}]}},"_links":{"self":[{"href":"https:\/\/www.rodilloscodimar.com\/fr\/wp-json\/wp\/v2\/product\/4797","targetHints":{"allow":["GET"]}}],"collection":[{"href":"https:\/\/www.rodilloscodimar.com\/fr\/wp-json\/wp\/v2\/product"}],"about":[{"href":"https:\/\/www.rodilloscodimar.com\/fr\/wp-json\/wp\/v2\/types\/product"}],"wp:featuredmedia":[{"embeddable":true,"href":"https:\/\/www.rodilloscodimar.com\/fr\/wp-json\/wp\/v2\/media\/2006"}],"wp:attachment":[{"href":"https:\/\/www.rodilloscodimar.com\/fr\/wp-json\/wp\/v2\/media?parent=4797"}],"wp:term":[{"taxonomy":"product_brand","embeddable":true,"href":"https:\/\/www.rodilloscodimar.com\/fr\/wp-json\/wp\/v2\/product_brand?post=4797"},{"taxonomy":"product_cat","embeddable":true,"href":"https:\/\/www.rodilloscodimar.com\/fr\/wp-json\/wp\/v2\/product_cat?post=4797"},{"taxonomy":"product_tag","embeddable":true,"href":"https:\/\/www.rodilloscodimar.com\/fr\/wp-json\/wp\/v2\/product_tag?post=4797"}],"curies":[{"name":"wp","href":"https:\/\/api.w.org\/{rel}","templated":true}]}}