{"id":4790,"date":"2019-02-06T15:46:49","date_gmt":"2020-12-15T12:26:40","guid":{"rendered":"https:\/\/www.rodilloscodimar.com\/producto\/cpc-1238md-t00-01\/"},"modified":"2021-05-27T14:44:09","modified_gmt":"2021-05-27T12:44:09","slug":"cpc-1238md-t00-01-2","status":"publish","type":"product","link":"https:\/\/www.rodilloscodimar.com\/fr\/produit\/cpc-1238md-t00-01-2\/","title":{"rendered":"Rouleau CPC 1238MD \/ T00-T01"},"content":{"rendered":"<section class=\"l-section wpb_row height_small\"><div class=\"l-section-h i-cf\"><div class=\"g-cols vc_row via_flex valign_top type_default stacking_default\"><div class=\"vc_col-sm-12 wpb_column vc_column_container\"><div class=\"vc_column-inner\"><div class=\"wpb_wrapper\"><div class=\"wpb_text_column\"><div class=\"wpb_wrapper\"><ul>\n<li style=\"text-align: justify;\">Tube m\u00e9tallique \u00d830X1,5 en acier inoxydable naturel, zingu\u00e9 ou AISI 304.<\/li>\n<li style=\"text-align: justify;\">Arbres m\u00e9talliques \u00d88 et \u00d810, en acier naturel calibr\u00e9 F212 ou en acier INOX AISI 303.<\/li>\n<li style=\"text-align: justify;\">T\u00eates \u00e0 billes thermoplastiques en acier naturel (T00) ou en acier inoxydable (T01).<\/li>\n<li style=\"text-align: justify;\">Pignon double Z12 3\/8 \u201davec roulement de pr\u00e9cision en carbone ou acier inoxydable.<\/li>\n<li style=\"text-align: justify;\">C\u00f4nes thermoplastiques \u00d8 plus petit 34 mm, \u00d8 plus grand 73,4 mm.<\/li>\n<li style=\"text-align: justify;\">Capacit\u00e9 de charge maximale 20 Kg \/ rouleau<\/li>\n<\/ul>\n<\/div><\/div><\/div><\/div><\/div><\/div><\/div><\/section>\n","protected":false},"excerpt":{"rendered":"<p style=\"text-align: center;\"><strong>Sp\u00e9cifications Roller CPC 1238MD \/ T00-T01<\/strong><\/p>\n[caption id=\"attachment_7386\" align=\"aligncenter\" width=\"2160\"]<a href=\"\/wp-content\/uploads\/2021\/02\/CPC-1238MD-T00-T01-scaled.jpg\" target=\"_blank\" rel=\"noopener\"><img decoding=\"async\" class=\"wp-image-7386 size-full\" src=\"https:\/\/www.rodilloscodimar.com\/wp-content\/uploads\/2019\/02\/Especificaciones-CPC-1238MD-T00-T01.jpg\" alt=\"Rouleau CPC 1238MD \/ T00-T01\" width=\"2160\" height=\"675\" srcset=\"https:\/\/www.rodilloscodimar.com\/wp-content\/uploads\/2019\/02\/Especificaciones-CPC-1238MD-T00-T01.jpg 2160w, https:\/\/www.rodilloscodimar.com\/wp-content\/uploads\/2019\/02\/Especificaciones-CPC-1238MD-T00-T01-300x94.jpg 300w, https:\/\/www.rodilloscodimar.com\/wp-content\/uploads\/2019\/02\/Especificaciones-CPC-1238MD-T00-T01-1024x320.jpg 1024w, https:\/\/www.rodilloscodimar.com\/wp-content\/uploads\/2019\/02\/Especificaciones-CPC-1238MD-T00-T01-600x188.jpg 600w, https:\/\/www.rodilloscodimar.com\/wp-content\/uploads\/2019\/02\/Especificaciones-CPC-1238MD-T00-T01-200x63.jpg 200w\" sizes=\"(max-width: 2160px) 100vw, 2160px\" \/><\/a> S\u00e9rie, diam\u00e8tre du tube, diam\u00e8tre de l&rsquo;arbre, type de t\u00eate, capacit\u00e9 de charge &#8230; du rouleau CPC 1238MD \/ T00-T01[\/caption]\n","protected":false},"featured_media":4765,"template":"","meta":{"_joinchat":[]},"product_brand":[],"product_cat":[151],"product_tag":[],"class_list":{"0":"post-4790","1":"product","2":"type-product","3":"status-publish","4":"has-post-thumbnail","6":"product_cat-manutencion-ligera-accionados-fr","8":"first","9":"instock","10":"shipping-taxable","11":"product-type-simple"},"yoast_head":"<!-- This site is optimized with the Yoast SEO plugin v27.2 - https:\/\/yoast.com\/product\/yoast-seo-wordpress\/ -->\n<title>Rouleau CPC 1238MD \/ T00-T01 | Maintenance l\u00e9g\u00e8re - Rouleaux Codimar<\/title>\n<meta name=\"description\" content=\"CPC 1238MD \/ T00-T01. Tube m\u00e9tallique en acier naturel, galvanis\u00e9 ou inoxydable. Tiges m\u00e9talliques en acier naturel ou inoxydable calibr\u00e9.\" \/>\n<meta name=\"robots\" content=\"index, follow, max-snippet:-1, max-image-preview:large, max-video-preview:-1\" \/>\n<link rel=\"canonical\" href=\"https:\/\/www.rodilloscodimar.com\/fr\/produit\/cpc-1238md-t00-01-2\/\" \/>\n<meta property=\"og:locale\" content=\"fr_FR\" \/>\n<meta property=\"og:type\" content=\"article\" \/>\n<meta property=\"og:title\" content=\"Rouleau CPC 1238MD \/ T00-T01 | Maintenance l\u00e9g\u00e8re - Rouleaux Codimar\" \/>\n<meta property=\"og:description\" content=\"CPC 1238MD \/ T00-T01. Tube m\u00e9tallique en acier naturel, galvanis\u00e9 ou inoxydable. Tiges m\u00e9talliques en acier naturel ou inoxydable calibr\u00e9.\" \/>\n<meta property=\"og:url\" content=\"https:\/\/www.rodilloscodimar.com\/fr\/produit\/cpc-1238md-t00-01-2\/\" \/>\n<meta property=\"og:site_name\" content=\"CODIMAR\" \/>\n<meta property=\"article:modified_time\" content=\"2021-05-27T12:44:09+00:00\" \/>\n<meta property=\"og:image\" content=\"https:\/\/www.rodilloscodimar.com\/wp-content\/uploads\/2019\/02\/CPC-1238MD_T00-T01-e1549457934108.png\" \/>\n\t<meta property=\"og:image:width\" content=\"500\" \/>\n\t<meta property=\"og:image:height\" content=\"375\" \/>\n\t<meta property=\"og:image:type\" content=\"image\/png\" \/>\n<meta name=\"twitter:card\" content=\"summary_large_image\" \/>\n<script type=\"application\/ld+json\" class=\"yoast-schema-graph\">{\"@context\":\"https:\/\/schema.org\",\"@graph\":[{\"@type\":\"WebPage\",\"@id\":\"https:\/\/www.rodilloscodimar.com\/fr\/produit\/cpc-1238md-t00-01-2\/\",\"url\":\"https:\/\/www.rodilloscodimar.com\/fr\/produit\/cpc-1238md-t00-01-2\/\",\"name\":\"Rouleau CPC 1238MD \/ T00-T01 | Maintenance l\u00e9g\u00e8re - Rouleaux Codimar\",\"isPartOf\":{\"@id\":\"https:\/\/www.rodilloscodimar.com\/fr\/#website\"},\"primaryImageOfPage\":{\"@id\":\"https:\/\/www.rodilloscodimar.com\/fr\/produit\/cpc-1238md-t00-01-2\/#primaryimage\"},\"image\":{\"@id\":\"https:\/\/www.rodilloscodimar.com\/fr\/produit\/cpc-1238md-t00-01-2\/#primaryimage\"},\"thumbnailUrl\":\"https:\/\/www.rodilloscodimar.com\/wp-content\/uploads\/2019\/02\/CPC-1238MD_T00-T01-e1549457934108.png\",\"datePublished\":\"2020-12-15T12:26:40+00:00\",\"dateModified\":\"2021-05-27T12:44:09+00:00\",\"description\":\"CPC 1238MD \/ T00-T01. Tube m\u00e9tallique en acier naturel, galvanis\u00e9 ou inoxydable. Tiges m\u00e9talliques en acier naturel ou inoxydable calibr\u00e9.\",\"breadcrumb\":{\"@id\":\"https:\/\/www.rodilloscodimar.com\/fr\/produit\/cpc-1238md-t00-01-2\/#breadcrumb\"},\"inLanguage\":\"fr-FR\",\"potentialAction\":[{\"@type\":\"ReadAction\",\"target\":[\"https:\/\/www.rodilloscodimar.com\/fr\/produit\/cpc-1238md-t00-01-2\/\"]}]},{\"@type\":\"ImageObject\",\"inLanguage\":\"fr-FR\",\"@id\":\"https:\/\/www.rodilloscodimar.com\/fr\/produit\/cpc-1238md-t00-01-2\/#primaryimage\",\"url\":\"https:\/\/www.rodilloscodimar.com\/wp-content\/uploads\/2019\/02\/CPC-1238MD_T00-T01-e1549457934108.png\",\"contentUrl\":\"https:\/\/www.rodilloscodimar.com\/wp-content\/uploads\/2019\/02\/CPC-1238MD_T00-T01-e1549457934108.png\",\"width\":500,\"height\":375},{\"@type\":\"BreadcrumbList\",\"@id\":\"https:\/\/www.rodilloscodimar.com\/fr\/produit\/cpc-1238md-t00-01-2\/#breadcrumb\",\"itemListElement\":[{\"@type\":\"ListItem\",\"position\":1,\"name\":\"Portada\",\"item\":\"https:\/\/www.rodilloscodimar.com\/fr\/\"},{\"@type\":\"ListItem\",\"position\":2,\"name\":\"Tienda\",\"item\":\"https:\/\/www.rodilloscodimar.com\/tienda\/\"},{\"@type\":\"ListItem\",\"position\":3,\"name\":\"Rouleau CPC 1238MD \/ T00-T01\"}]},{\"@type\":\"WebSite\",\"@id\":\"https:\/\/www.rodilloscodimar.com\/fr\/#website\",\"url\":\"https:\/\/www.rodilloscodimar.com\/fr\/\",\"name\":\"CODIMAR\",\"description\":\"Frabricante de Componentes , Rodillos, Estaciones y M\u00e1quinas.\",\"publisher\":{\"@id\":\"https:\/\/www.rodilloscodimar.com\/fr\/#organization\"},\"potentialAction\":[{\"@type\":\"SearchAction\",\"target\":{\"@type\":\"EntryPoint\",\"urlTemplate\":\"https:\/\/www.rodilloscodimar.com\/fr\/?s={search_term_string}\"},\"query-input\":{\"@type\":\"PropertyValueSpecification\",\"valueRequired\":true,\"valueName\":\"search_term_string\"}}],\"inLanguage\":\"fr-FR\"},{\"@type\":\"Organization\",\"@id\":\"https:\/\/www.rodilloscodimar.com\/fr\/#organization\",\"name\":\"Rodillos Codimar\",\"url\":\"https:\/\/www.rodilloscodimar.com\/fr\/\",\"logo\":{\"@type\":\"ImageObject\",\"inLanguage\":\"fr-FR\",\"@id\":\"https:\/\/www.rodilloscodimar.com\/fr\/#\/schema\/logo\/image\/\",\"url\":\"https:\/\/www.rodilloscodimar.com\/wp-content\/uploads\/2020\/01\/logo-email.jpg\",\"contentUrl\":\"https:\/\/www.rodilloscodimar.com\/wp-content\/uploads\/2020\/01\/logo-email.jpg\",\"width\":300,\"height\":299,\"caption\":\"Rodillos Codimar\"},\"image\":{\"@id\":\"https:\/\/www.rodilloscodimar.com\/fr\/#\/schema\/logo\/image\/\"}}]}<\/script>\n<!-- \/ Yoast SEO plugin. -->","yoast_head_json":{"title":"Rouleau CPC 1238MD \/ T00-T01 | Maintenance l\u00e9g\u00e8re - Rouleaux Codimar","description":"CPC 1238MD \/ T00-T01. Tube m\u00e9tallique en acier naturel, galvanis\u00e9 ou inoxydable. Tiges m\u00e9talliques en acier naturel ou inoxydable calibr\u00e9.","robots":{"index":"index","follow":"follow","max-snippet":"max-snippet:-1","max-image-preview":"max-image-preview:large","max-video-preview":"max-video-preview:-1"},"canonical":"https:\/\/www.rodilloscodimar.com\/fr\/produit\/cpc-1238md-t00-01-2\/","og_locale":"fr_FR","og_type":"article","og_title":"Rouleau CPC 1238MD \/ T00-T01 | Maintenance l\u00e9g\u00e8re - Rouleaux Codimar","og_description":"CPC 1238MD \/ T00-T01. Tube m\u00e9tallique en acier naturel, galvanis\u00e9 ou inoxydable. Tiges m\u00e9talliques en acier naturel ou inoxydable calibr\u00e9.","og_url":"https:\/\/www.rodilloscodimar.com\/fr\/produit\/cpc-1238md-t00-01-2\/","og_site_name":"CODIMAR","article_modified_time":"2021-05-27T12:44:09+00:00","og_image":[{"width":500,"height":375,"url":"https:\/\/www.rodilloscodimar.com\/wp-content\/uploads\/2019\/02\/CPC-1238MD_T00-T01-e1549457934108.png","type":"image\/png"}],"twitter_card":"summary_large_image","schema":{"@context":"https:\/\/schema.org","@graph":[{"@type":"WebPage","@id":"https:\/\/www.rodilloscodimar.com\/fr\/produit\/cpc-1238md-t00-01-2\/","url":"https:\/\/www.rodilloscodimar.com\/fr\/produit\/cpc-1238md-t00-01-2\/","name":"Rouleau CPC 1238MD \/ T00-T01 | Maintenance l\u00e9g\u00e8re - Rouleaux Codimar","isPartOf":{"@id":"https:\/\/www.rodilloscodimar.com\/fr\/#website"},"primaryImageOfPage":{"@id":"https:\/\/www.rodilloscodimar.com\/fr\/produit\/cpc-1238md-t00-01-2\/#primaryimage"},"image":{"@id":"https:\/\/www.rodilloscodimar.com\/fr\/produit\/cpc-1238md-t00-01-2\/#primaryimage"},"thumbnailUrl":"https:\/\/www.rodilloscodimar.com\/wp-content\/uploads\/2019\/02\/CPC-1238MD_T00-T01-e1549457934108.png","datePublished":"2020-12-15T12:26:40+00:00","dateModified":"2021-05-27T12:44:09+00:00","description":"CPC 1238MD \/ T00-T01. Tube m\u00e9tallique en acier naturel, galvanis\u00e9 ou inoxydable. Tiges m\u00e9talliques en acier naturel ou inoxydable calibr\u00e9.","breadcrumb":{"@id":"https:\/\/www.rodilloscodimar.com\/fr\/produit\/cpc-1238md-t00-01-2\/#breadcrumb"},"inLanguage":"fr-FR","potentialAction":[{"@type":"ReadAction","target":["https:\/\/www.rodilloscodimar.com\/fr\/produit\/cpc-1238md-t00-01-2\/"]}]},{"@type":"ImageObject","inLanguage":"fr-FR","@id":"https:\/\/www.rodilloscodimar.com\/fr\/produit\/cpc-1238md-t00-01-2\/#primaryimage","url":"https:\/\/www.rodilloscodimar.com\/wp-content\/uploads\/2019\/02\/CPC-1238MD_T00-T01-e1549457934108.png","contentUrl":"https:\/\/www.rodilloscodimar.com\/wp-content\/uploads\/2019\/02\/CPC-1238MD_T00-T01-e1549457934108.png","width":500,"height":375},{"@type":"BreadcrumbList","@id":"https:\/\/www.rodilloscodimar.com\/fr\/produit\/cpc-1238md-t00-01-2\/#breadcrumb","itemListElement":[{"@type":"ListItem","position":1,"name":"Portada","item":"https:\/\/www.rodilloscodimar.com\/fr\/"},{"@type":"ListItem","position":2,"name":"Tienda","item":"https:\/\/www.rodilloscodimar.com\/tienda\/"},{"@type":"ListItem","position":3,"name":"Rouleau CPC 1238MD \/ T00-T01"}]},{"@type":"WebSite","@id":"https:\/\/www.rodilloscodimar.com\/fr\/#website","url":"https:\/\/www.rodilloscodimar.com\/fr\/","name":"CODIMAR","description":"Frabricante de Componentes , Rodillos, Estaciones y M\u00e1quinas.","publisher":{"@id":"https:\/\/www.rodilloscodimar.com\/fr\/#organization"},"potentialAction":[{"@type":"SearchAction","target":{"@type":"EntryPoint","urlTemplate":"https:\/\/www.rodilloscodimar.com\/fr\/?s={search_term_string}"},"query-input":{"@type":"PropertyValueSpecification","valueRequired":true,"valueName":"search_term_string"}}],"inLanguage":"fr-FR"},{"@type":"Organization","@id":"https:\/\/www.rodilloscodimar.com\/fr\/#organization","name":"Rodillos Codimar","url":"https:\/\/www.rodilloscodimar.com\/fr\/","logo":{"@type":"ImageObject","inLanguage":"fr-FR","@id":"https:\/\/www.rodilloscodimar.com\/fr\/#\/schema\/logo\/image\/","url":"https:\/\/www.rodilloscodimar.com\/wp-content\/uploads\/2020\/01\/logo-email.jpg","contentUrl":"https:\/\/www.rodilloscodimar.com\/wp-content\/uploads\/2020\/01\/logo-email.jpg","width":300,"height":299,"caption":"Rodillos Codimar"},"image":{"@id":"https:\/\/www.rodilloscodimar.com\/fr\/#\/schema\/logo\/image\/"}}]}},"_links":{"self":[{"href":"https:\/\/www.rodilloscodimar.com\/fr\/wp-json\/wp\/v2\/product\/4790","targetHints":{"allow":["GET"]}}],"collection":[{"href":"https:\/\/www.rodilloscodimar.com\/fr\/wp-json\/wp\/v2\/product"}],"about":[{"href":"https:\/\/www.rodilloscodimar.com\/fr\/wp-json\/wp\/v2\/types\/product"}],"wp:featuredmedia":[{"embeddable":true,"href":"https:\/\/www.rodilloscodimar.com\/fr\/wp-json\/wp\/v2\/media\/4765"}],"wp:attachment":[{"href":"https:\/\/www.rodilloscodimar.com\/fr\/wp-json\/wp\/v2\/media?parent=4790"}],"wp:term":[{"taxonomy":"product_brand","embeddable":true,"href":"https:\/\/www.rodilloscodimar.com\/fr\/wp-json\/wp\/v2\/product_brand?post=4790"},{"taxonomy":"product_cat","embeddable":true,"href":"https:\/\/www.rodilloscodimar.com\/fr\/wp-json\/wp\/v2\/product_cat?post=4790"},{"taxonomy":"product_tag","embeddable":true,"href":"https:\/\/www.rodilloscodimar.com\/fr\/wp-json\/wp\/v2\/product_tag?post=4790"}],"curies":[{"name":"wp","href":"https:\/\/api.w.org\/{rel}","templated":true}]}}