{"id":4762,"date":"2019-02-06T15:41:18","date_gmt":"2020-12-15T12:25:00","guid":{"rendered":"https:\/\/www.rodilloscodimar.com\/producto\/cp1534md-lh\/"},"modified":"2021-05-27T14:31:12","modified_gmt":"2021-05-27T12:31:12","slug":"cp1534md-lh-2","status":"publish","type":"product","link":"https:\/\/www.rodilloscodimar.com\/fr\/produit\/cp1534md-lh-2\/","title":{"rendered":"Rouleau CP1534MD \/ MS-LH"},"content":{"rendered":"<section class=\"l-section wpb_row height_small\"><div class=\"l-section-h i-cf\"><div class=\"g-cols vc_row via_flex valign_top type_default stacking_default\"><div class=\"vc_col-sm-12 wpb_column vc_column_container\"><div class=\"vc_column-inner\"><div class=\"wpb_wrapper\"><div class=\"wpb_text_column\"><div class=\"wpb_wrapper\"><ul>\n<li style=\"text-align: justify;\">Tubes m\u00e9talliques \u00d880 \u00d7 3, \u00d889 \u00d7 3, \u00d8108 \u00d7 3,6 et \u00d8133 \u00d7 4 en acier inoxydable naturel, zingu\u00e9 ou AISI 304.<\/li>\n<li style=\"text-align: justify;\">Arbres m\u00e9talliques \u00d820, \u00d825 et \u00d830 en acier naturel calibr\u00e9 F212 ou acier INOX AISI 303.<\/li>\n<li style=\"text-align: justify;\">Pignon m\u00e9tallique simple ou double Z15 3\/4 \u201d, en acier naturel, zingu\u00e9 ou INOX AISI 303.<\/li>\n<li style=\"text-align: justify;\">Coupe en m\u00e9tal soud\u00e9 avec roulements de pr\u00e9cision s\u00e9rie 6000 2RS et joint labyrinthe.<\/li>\n<li style=\"text-align: justify;\">Capacit\u00e9 de charge maximale 180 Kg \/ rouleau.<\/li>\n<\/ul>\n<p style=\"text-align: justify;\">Rouleaux entra\u00een\u00e9s pour le transport de charges lourdes, avec t\u00eates m\u00e9talliques int\u00e9gr\u00e9es ou coupelles m\u00e9talliques \u00e9lectrosoud\u00e9es et roulements de pr\u00e9cision. Transmission par pignons \u00e0 pas de cha\u00eene de 5\/8 \u201d, 3\u20444\u201d et 1 \u201d.<\/p>\n<\/div><\/div><\/div><\/div><\/div><\/div><\/div><\/section>\n","protected":false},"excerpt":{"rendered":"<p style=\"text-align: center;\"><strong>Sp\u00e9cifications Roller CP 1534MD-LH<\/strong><\/p>\n[caption id=\"attachment_7622\" align=\"aligncenter\" width=\"2164\"]<a href=\"\/wp-content\/uploads\/2021\/02\/Rodillo-CP-1534MD-LH-scaled.jpg\" target=\"_blank\" rel=\"noopener\"><img decoding=\"async\" class=\"wp-image-7622 size-full\" src=\"https:\/\/www.rodilloscodimar.com\/wp-content\/uploads\/2019\/02\/Especificaciones-Rodillo-CP-1534MD-LH.jpg\" alt=\"Rouleau CP 1534MD-LH\" width=\"2164\" height=\"660\" srcset=\"https:\/\/www.rodilloscodimar.com\/wp-content\/uploads\/2019\/02\/Especificaciones-Rodillo-CP-1534MD-LH.jpg 2164w, https:\/\/www.rodilloscodimar.com\/wp-content\/uploads\/2019\/02\/Especificaciones-Rodillo-CP-1534MD-LH-300x91.jpg 300w, https:\/\/www.rodilloscodimar.com\/wp-content\/uploads\/2019\/02\/Especificaciones-Rodillo-CP-1534MD-LH-1024x312.jpg 1024w, https:\/\/www.rodilloscodimar.com\/wp-content\/uploads\/2019\/02\/Especificaciones-Rodillo-CP-1534MD-LH-600x183.jpg 600w, https:\/\/www.rodilloscodimar.com\/wp-content\/uploads\/2019\/02\/Especificaciones-Rodillo-CP-1534MD-LH-200x61.jpg 200w\" sizes=\"(max-width: 2164px) 100vw, 2164px\" \/><\/a> S\u00e9rie, diam\u00e8tre du tube, diam\u00e8tre de l&rsquo;arbre, type de t\u00eate, capacit\u00e9 de charge &#8230; rouleau CP 1534MD-LH[\/caption]\n<p style=\"text-align: center;\"><strong> <\/strong><\/p>\n<p style=\"text-align: center;\"><strong>Sp\u00e9cifications Roller CP 1534MS-LH<\/strong><\/p>\n[caption id=\"attachment_7627\" align=\"aligncenter\" width=\"2199\"]<a href=\"\/wp-content\/uploads\/2021\/02\/Rodillo-CP-1534Ms-LH-scaled.jpg\" target=\"_blank\" rel=\"noopener\"><img decoding=\"async\" class=\"wp-image-7627 size-full\" src=\"https:\/\/www.rodilloscodimar.com\/wp-content\/uploads\/2019\/02\/Especificaciones-Rodillo-CP-101MS-LH.jpg\" alt=\"Rouleau CP 1534MS-LH\" width=\"2199\" height=\"660\" srcset=\"https:\/\/www.rodilloscodimar.com\/wp-content\/uploads\/2019\/02\/Especificaciones-Rodillo-CP-101MS-LH.jpg 2199w, https:\/\/www.rodilloscodimar.com\/wp-content\/uploads\/2019\/02\/Especificaciones-Rodillo-CP-101MS-LH-300x90.jpg 300w, https:\/\/www.rodilloscodimar.com\/wp-content\/uploads\/2019\/02\/Especificaciones-Rodillo-CP-101MS-LH-1024x307.jpg 1024w, https:\/\/www.rodilloscodimar.com\/wp-content\/uploads\/2019\/02\/Especificaciones-Rodillo-CP-101MS-LH-600x180.jpg 600w, https:\/\/www.rodilloscodimar.com\/wp-content\/uploads\/2019\/02\/Especificaciones-Rodillo-CP-101MS-LH-200x60.jpg 200w\" sizes=\"(max-width: 2199px) 100vw, 2199px\" \/><\/a> S\u00e9rie, diam\u00e8tre du tube, diam\u00e8tre de l&rsquo;arbre, type de t\u00eate, capacit\u00e9 de charge &#8230; du rouleau CP 1534MS-LH[\/caption]\n","protected":false},"featured_media":4763,"template":"","meta":{"_joinchat":[]},"product_brand":[],"product_cat":[147],"product_tag":[],"class_list":{"0":"post-4762","1":"product","2":"type-product","3":"status-publish","4":"has-post-thumbnail","6":"product_cat-maintenance-lourde-actionnes","8":"first","9":"instock","10":"shipping-taxable","11":"product-type-simple"},"yoast_head":"<!-- This site is optimized with the Yoast SEO plugin v27.2 - https:\/\/yoast.com\/product\/yoast-seo-wordpress\/ -->\n<title>Rouleau CP1534MD \/ MS-LH | Maintenance lourde - Codimar<\/title>\n<meta name=\"description\" content=\"Rouleau CP1534MD \/ MS-LH. Rouleau entra\u00een\u00e9 pour le transport de charges lourdes. Transmission par pignons \u00e0 pas de cha\u00eene.\" \/>\n<meta name=\"robots\" content=\"index, follow, max-snippet:-1, max-image-preview:large, max-video-preview:-1\" \/>\n<link rel=\"canonical\" href=\"https:\/\/www.rodilloscodimar.com\/fr\/produit\/cp1534md-lh-2\/\" \/>\n<meta property=\"og:locale\" content=\"fr_FR\" \/>\n<meta property=\"og:type\" content=\"article\" \/>\n<meta property=\"og:title\" content=\"Rouleau CP1534MD \/ MS-LH | Maintenance lourde - Codimar\" \/>\n<meta property=\"og:description\" content=\"Rouleau CP1534MD \/ MS-LH. Rouleau entra\u00een\u00e9 pour le transport de charges lourdes. Transmission par pignons \u00e0 pas de cha\u00eene.\" \/>\n<meta property=\"og:url\" content=\"https:\/\/www.rodilloscodimar.com\/fr\/produit\/cp1534md-lh-2\/\" \/>\n<meta property=\"og:site_name\" content=\"CODIMAR\" \/>\n<meta property=\"article:modified_time\" content=\"2021-05-27T12:31:12+00:00\" \/>\n<meta property=\"og:image\" content=\"https:\/\/www.rodilloscodimar.com\/wp-content\/uploads\/2019\/02\/CP1534MD-LH--e1549457403394.png\" \/>\n\t<meta property=\"og:image:width\" content=\"500\" \/>\n\t<meta property=\"og:image:height\" content=\"375\" \/>\n\t<meta property=\"og:image:type\" content=\"image\/png\" \/>\n<meta name=\"twitter:card\" content=\"summary_large_image\" \/>\n<meta name=\"twitter:label1\" content=\"Dur\u00e9e de lecture estim\u00e9e\" \/>\n\t<meta name=\"twitter:data1\" content=\"1 minute\" \/>\n<script type=\"application\/ld+json\" class=\"yoast-schema-graph\">{\"@context\":\"https:\/\/schema.org\",\"@graph\":[{\"@type\":\"WebPage\",\"@id\":\"https:\/\/www.rodilloscodimar.com\/fr\/produit\/cp1534md-lh-2\/\",\"url\":\"https:\/\/www.rodilloscodimar.com\/fr\/produit\/cp1534md-lh-2\/\",\"name\":\"Rouleau CP1534MD \/ MS-LH | Maintenance lourde - Codimar\",\"isPartOf\":{\"@id\":\"https:\/\/www.rodilloscodimar.com\/fr\/#website\"},\"primaryImageOfPage\":{\"@id\":\"https:\/\/www.rodilloscodimar.com\/fr\/produit\/cp1534md-lh-2\/#primaryimage\"},\"image\":{\"@id\":\"https:\/\/www.rodilloscodimar.com\/fr\/produit\/cp1534md-lh-2\/#primaryimage\"},\"thumbnailUrl\":\"https:\/\/www.rodilloscodimar.com\/wp-content\/uploads\/2019\/02\/CP1534MD-LH--e1549457403394.png\",\"datePublished\":\"2020-12-15T12:25:00+00:00\",\"dateModified\":\"2021-05-27T12:31:12+00:00\",\"description\":\"Rouleau CP1534MD \/ MS-LH. Rouleau entra\u00een\u00e9 pour le transport de charges lourdes. Transmission par pignons \u00e0 pas de cha\u00eene.\",\"breadcrumb\":{\"@id\":\"https:\/\/www.rodilloscodimar.com\/fr\/produit\/cp1534md-lh-2\/#breadcrumb\"},\"inLanguage\":\"fr-FR\",\"potentialAction\":[{\"@type\":\"ReadAction\",\"target\":[\"https:\/\/www.rodilloscodimar.com\/fr\/produit\/cp1534md-lh-2\/\"]}]},{\"@type\":\"ImageObject\",\"inLanguage\":\"fr-FR\",\"@id\":\"https:\/\/www.rodilloscodimar.com\/fr\/produit\/cp1534md-lh-2\/#primaryimage\",\"url\":\"https:\/\/www.rodilloscodimar.com\/wp-content\/uploads\/2019\/02\/CP1534MD-LH--e1549457403394.png\",\"contentUrl\":\"https:\/\/www.rodilloscodimar.com\/wp-content\/uploads\/2019\/02\/CP1534MD-LH--e1549457403394.png\",\"width\":500,\"height\":375,\"caption\":\"Rouleau CP1534MD \/ MS-LH\"},{\"@type\":\"BreadcrumbList\",\"@id\":\"https:\/\/www.rodilloscodimar.com\/fr\/produit\/cp1534md-lh-2\/#breadcrumb\",\"itemListElement\":[{\"@type\":\"ListItem\",\"position\":1,\"name\":\"Portada\",\"item\":\"https:\/\/www.rodilloscodimar.com\/fr\/\"},{\"@type\":\"ListItem\",\"position\":2,\"name\":\"Tienda\",\"item\":\"https:\/\/www.rodilloscodimar.com\/tienda\/\"},{\"@type\":\"ListItem\",\"position\":3,\"name\":\"Rouleau CP1534MD \/ MS-LH\"}]},{\"@type\":\"WebSite\",\"@id\":\"https:\/\/www.rodilloscodimar.com\/fr\/#website\",\"url\":\"https:\/\/www.rodilloscodimar.com\/fr\/\",\"name\":\"CODIMAR\",\"description\":\"Frabricante de Componentes , Rodillos, Estaciones y M\u00e1quinas.\",\"publisher\":{\"@id\":\"https:\/\/www.rodilloscodimar.com\/fr\/#organization\"},\"potentialAction\":[{\"@type\":\"SearchAction\",\"target\":{\"@type\":\"EntryPoint\",\"urlTemplate\":\"https:\/\/www.rodilloscodimar.com\/fr\/?s={search_term_string}\"},\"query-input\":{\"@type\":\"PropertyValueSpecification\",\"valueRequired\":true,\"valueName\":\"search_term_string\"}}],\"inLanguage\":\"fr-FR\"},{\"@type\":\"Organization\",\"@id\":\"https:\/\/www.rodilloscodimar.com\/fr\/#organization\",\"name\":\"Rodillos Codimar\",\"url\":\"https:\/\/www.rodilloscodimar.com\/fr\/\",\"logo\":{\"@type\":\"ImageObject\",\"inLanguage\":\"fr-FR\",\"@id\":\"https:\/\/www.rodilloscodimar.com\/fr\/#\/schema\/logo\/image\/\",\"url\":\"https:\/\/www.rodilloscodimar.com\/wp-content\/uploads\/2020\/01\/logo-email.jpg\",\"contentUrl\":\"https:\/\/www.rodilloscodimar.com\/wp-content\/uploads\/2020\/01\/logo-email.jpg\",\"width\":300,\"height\":299,\"caption\":\"Rodillos Codimar\"},\"image\":{\"@id\":\"https:\/\/www.rodilloscodimar.com\/fr\/#\/schema\/logo\/image\/\"}}]}<\/script>\n<!-- \/ Yoast SEO plugin. -->","yoast_head_json":{"title":"Rouleau CP1534MD \/ MS-LH | Maintenance lourde - Codimar","description":"Rouleau CP1534MD \/ MS-LH. Rouleau entra\u00een\u00e9 pour le transport de charges lourdes. Transmission par pignons \u00e0 pas de cha\u00eene.","robots":{"index":"index","follow":"follow","max-snippet":"max-snippet:-1","max-image-preview":"max-image-preview:large","max-video-preview":"max-video-preview:-1"},"canonical":"https:\/\/www.rodilloscodimar.com\/fr\/produit\/cp1534md-lh-2\/","og_locale":"fr_FR","og_type":"article","og_title":"Rouleau CP1534MD \/ MS-LH | Maintenance lourde - Codimar","og_description":"Rouleau CP1534MD \/ MS-LH. Rouleau entra\u00een\u00e9 pour le transport de charges lourdes. Transmission par pignons \u00e0 pas de cha\u00eene.","og_url":"https:\/\/www.rodilloscodimar.com\/fr\/produit\/cp1534md-lh-2\/","og_site_name":"CODIMAR","article_modified_time":"2021-05-27T12:31:12+00:00","og_image":[{"width":500,"height":375,"url":"https:\/\/www.rodilloscodimar.com\/wp-content\/uploads\/2019\/02\/CP1534MD-LH--e1549457403394.png","type":"image\/png"}],"twitter_card":"summary_large_image","twitter_misc":{"Dur\u00e9e de lecture estim\u00e9e":"1 minute"},"schema":{"@context":"https:\/\/schema.org","@graph":[{"@type":"WebPage","@id":"https:\/\/www.rodilloscodimar.com\/fr\/produit\/cp1534md-lh-2\/","url":"https:\/\/www.rodilloscodimar.com\/fr\/produit\/cp1534md-lh-2\/","name":"Rouleau CP1534MD \/ MS-LH | Maintenance lourde - Codimar","isPartOf":{"@id":"https:\/\/www.rodilloscodimar.com\/fr\/#website"},"primaryImageOfPage":{"@id":"https:\/\/www.rodilloscodimar.com\/fr\/produit\/cp1534md-lh-2\/#primaryimage"},"image":{"@id":"https:\/\/www.rodilloscodimar.com\/fr\/produit\/cp1534md-lh-2\/#primaryimage"},"thumbnailUrl":"https:\/\/www.rodilloscodimar.com\/wp-content\/uploads\/2019\/02\/CP1534MD-LH--e1549457403394.png","datePublished":"2020-12-15T12:25:00+00:00","dateModified":"2021-05-27T12:31:12+00:00","description":"Rouleau CP1534MD \/ MS-LH. Rouleau entra\u00een\u00e9 pour le transport de charges lourdes. Transmission par pignons \u00e0 pas de cha\u00eene.","breadcrumb":{"@id":"https:\/\/www.rodilloscodimar.com\/fr\/produit\/cp1534md-lh-2\/#breadcrumb"},"inLanguage":"fr-FR","potentialAction":[{"@type":"ReadAction","target":["https:\/\/www.rodilloscodimar.com\/fr\/produit\/cp1534md-lh-2\/"]}]},{"@type":"ImageObject","inLanguage":"fr-FR","@id":"https:\/\/www.rodilloscodimar.com\/fr\/produit\/cp1534md-lh-2\/#primaryimage","url":"https:\/\/www.rodilloscodimar.com\/wp-content\/uploads\/2019\/02\/CP1534MD-LH--e1549457403394.png","contentUrl":"https:\/\/www.rodilloscodimar.com\/wp-content\/uploads\/2019\/02\/CP1534MD-LH--e1549457403394.png","width":500,"height":375,"caption":"Rouleau CP1534MD \/ MS-LH"},{"@type":"BreadcrumbList","@id":"https:\/\/www.rodilloscodimar.com\/fr\/produit\/cp1534md-lh-2\/#breadcrumb","itemListElement":[{"@type":"ListItem","position":1,"name":"Portada","item":"https:\/\/www.rodilloscodimar.com\/fr\/"},{"@type":"ListItem","position":2,"name":"Tienda","item":"https:\/\/www.rodilloscodimar.com\/tienda\/"},{"@type":"ListItem","position":3,"name":"Rouleau CP1534MD \/ MS-LH"}]},{"@type":"WebSite","@id":"https:\/\/www.rodilloscodimar.com\/fr\/#website","url":"https:\/\/www.rodilloscodimar.com\/fr\/","name":"CODIMAR","description":"Frabricante de Componentes , Rodillos, Estaciones y M\u00e1quinas.","publisher":{"@id":"https:\/\/www.rodilloscodimar.com\/fr\/#organization"},"potentialAction":[{"@type":"SearchAction","target":{"@type":"EntryPoint","urlTemplate":"https:\/\/www.rodilloscodimar.com\/fr\/?s={search_term_string}"},"query-input":{"@type":"PropertyValueSpecification","valueRequired":true,"valueName":"search_term_string"}}],"inLanguage":"fr-FR"},{"@type":"Organization","@id":"https:\/\/www.rodilloscodimar.com\/fr\/#organization","name":"Rodillos Codimar","url":"https:\/\/www.rodilloscodimar.com\/fr\/","logo":{"@type":"ImageObject","inLanguage":"fr-FR","@id":"https:\/\/www.rodilloscodimar.com\/fr\/#\/schema\/logo\/image\/","url":"https:\/\/www.rodilloscodimar.com\/wp-content\/uploads\/2020\/01\/logo-email.jpg","contentUrl":"https:\/\/www.rodilloscodimar.com\/wp-content\/uploads\/2020\/01\/logo-email.jpg","width":300,"height":299,"caption":"Rodillos Codimar"},"image":{"@id":"https:\/\/www.rodilloscodimar.com\/fr\/#\/schema\/logo\/image\/"}}]}},"_links":{"self":[{"href":"https:\/\/www.rodilloscodimar.com\/fr\/wp-json\/wp\/v2\/product\/4762","targetHints":{"allow":["GET"]}}],"collection":[{"href":"https:\/\/www.rodilloscodimar.com\/fr\/wp-json\/wp\/v2\/product"}],"about":[{"href":"https:\/\/www.rodilloscodimar.com\/fr\/wp-json\/wp\/v2\/types\/product"}],"wp:featuredmedia":[{"embeddable":true,"href":"https:\/\/www.rodilloscodimar.com\/fr\/wp-json\/wp\/v2\/media\/4763"}],"wp:attachment":[{"href":"https:\/\/www.rodilloscodimar.com\/fr\/wp-json\/wp\/v2\/media?parent=4762"}],"wp:term":[{"taxonomy":"product_brand","embeddable":true,"href":"https:\/\/www.rodilloscodimar.com\/fr\/wp-json\/wp\/v2\/product_brand?post=4762"},{"taxonomy":"product_cat","embeddable":true,"href":"https:\/\/www.rodilloscodimar.com\/fr\/wp-json\/wp\/v2\/product_cat?post=4762"},{"taxonomy":"product_tag","embeddable":true,"href":"https:\/\/www.rodilloscodimar.com\/fr\/wp-json\/wp\/v2\/product_tag?post=4762"}],"curies":[{"name":"wp","href":"https:\/\/api.w.org\/{rel}","templated":true}]}}