{"id":4529,"date":"2018-09-21T09:51:13","date_gmt":"2018-09-21T09:51:13","guid":{"rendered":"https:\/\/www.rodilloscodimar.com\/politica-privacidad\/"},"modified":"2022-07-29T13:14:42","modified_gmt":"2022-07-29T11:14:42","slug":"politica-privacidad","status":"publish","type":"page","link":"https:\/\/www.rodilloscodimar.com\/fr\/politica-privacidad\/","title":{"rendered":"Pol\u00edtica de privacidad"},"content":{"rendered":"<section class=\"l-section wpb_row height_small\"><div class=\"l-section-h i-cf\"><div class=\"g-cols vc_row via_flex valign_top type_default stacking_default\"><div class=\"vc_col-sm-12 wpb_column vc_column_container\"><div class=\"vc_column-inner\"><div class=\"wpb_wrapper\"><div class=\"wpb_text_column\"><div class=\"wpb_wrapper\"><p><!-- \/wp:post-content --><\/p>\n<p><!-- wp:paragraph --><\/p>\n<h4>AVISO LEGAL<\/h4>\n<p>Identificaci\u00f3n: a qui\u00e9n puede dirigirse y c\u00f3mo.<br \/>Condiciones de uso: c\u00f3mo ha de usarse nuestra p\u00e1gina web.<br \/>Exclusiones de responsabilidad: supuestos en que no podemos responder por el funcionamiento o inactividad de nuestra p\u00e1gina web.<br \/>Propiedad intelectual: derechos sobre el contenido de nuestra p\u00e1gina web.<br \/>Directiva de cookies: instrumentos de seguimiento al visitar nuestra web e informaci\u00f3n y decisi\u00f3n sobre su bloqueo y consecuencias<br \/>Pol\u00edtica de privacidad: informaci\u00f3n sobre la forma de tratar los datos personales y sobre los derechos de los interesados.<\/p>\n<h4>Identificaci\u00f3n<\/h4>\n<p>El titular de esta p\u00e1gina web es<\/p>\n<p>Raz\u00f3n Social: Comercial Distribuidora de Maquinaria y Rodillos, SL<\/p>\n<p>Direcci\u00f3n: Pol\u00edgono Industrial Huerto del franc\u00e9s, Avenida Jos\u00e9 Villafranca Melgar, 57 \u2013 Puente Genil (C\u00f3rdoba), 14500<br \/>C.I.F: B-14.416.994<\/p>\n<p>Contacto: logistica@rodilloscodimar.com \/ Tel\u00e9fono: 957 617 563<\/p>\n<h4>Condiciones de uso<\/h4>\n<p>El acceso a esta p\u00e1gina web es gratuito. El acceso a la misma le atribuye la condici\u00f3n de usuario y conlleva la aceptaci\u00f3n de las condiciones de uso, adem\u00e1s de un uso adecuado y l\u00edcito de nuestra p\u00e1gina web.<\/p>\n<p>Estas condiciones generales de uso podr\u00e1n modificarse en cualquier momento y sin previo aviso.<\/p>\n<h4>Exclusiones de responsabilidad<\/h4>\n<p>No podemos hacernos responsables de la falta de disponibilidad de la p\u00e1gina web por causas ajenas (problemas t\u00e9cnicos en la red, en los prestadores de servicios de telecomunicaciones, aver\u00edas de equipos y otras incidencias imprevisibles como reparaciones, mantenimiento y actualizaci\u00f3n de software). De igual forma tampoco podemos hacernos responsables de conexiones err\u00f3neas o defectuosas debidas a un mal funcionamiento del navegador que emplee el usuario o del uso de versiones no actualizadas de los mismos, tampoco podemos garantizar que nuestro sitio web sea compatible con todo el hardware o software que usted pueda utilizar.<\/p>\n<p>La conexi\u00f3n a Internet necesaria para acceder a la informaci\u00f3n y servicios de nuestra p\u00e1gina web en ning\u00fan caso es suministrada por nosotros, y no podemos ser responsables de la imposibilidad de prestar el servicio si se deben a supuestos de fuerza mayor o caso fortuito.<\/p>\n<p>Por \u00faltimo, le informamos que las comunicaciones a trav\u00e9s de redes abiertas no son seguras y es responsabilidad del usuario adoptar todas las medidas t\u00e9cnicas adecuadas para controlar razonablemente estos riesgos y evitar da\u00f1os en sus equipos, p\u00e9rdida de datos y robo de informaci\u00f3n confidencial. A estos efectos, le indicamos que debe tener sistemas actualizados de detecci\u00f3n de software malicioso, tales como virus, troyanos, etc., as\u00ed como tener actualizados los parches de seguridad de los correspondientes navegadores que utilice. Para m\u00e1s informaci\u00f3n puede acudir a su proveedor de servicios de acceso a Internet que podr\u00e1 facilitarle m\u00e1s informaci\u00f3n.<\/p>\n<h4>Propiedad intelectual<\/h4>\n<p>El nombre del dominio es titularidad de Comercial Distribuidora de Maquinaria y Rodillos, SL y su uso exclusivo le est\u00e1 reservado. Es titular de todos los derechos de propiedad intelectual de su p\u00e1gina web, as\u00ed como de todos los contenidos de la misma (textos, logos, signos, marcas, nombres comerciales, dibujos industriales gr\u00e1ficos y dise\u00f1os, o cualesquiera otros signos susceptibles de utilizaci\u00f3n industrial y comercial) as\u00ed como el c\u00f3digo fuente y el dise\u00f1o gr\u00e1fico de la p\u00e1gina web.<\/p>\n<h4>Directiva de cookies<\/h4>\n<p>Las cookies son archivos de texto que contienen cantidades peque\u00f1as de informaci\u00f3n que se descargan en el equipo o dispositivo del usuario que visita una p\u00e1gina web. Su finalidad puede ser t\u00e9cnica y de seguridad (reconocer al equipo o dispositivo que vuelve a acceder a la p\u00e1gina web) o preferencial, de an\u00e1lisis o publicitarias. Pueden ser propias (gestionadas por nuestro propio dominio) o de terceros (gestionadas por otras entidades). Solamente empleamos cookies t\u00e9cnicas y de seguridad gestionadas por Google para distinguir a los equipos o dispositivos que acceden a nuestra p\u00e1gina web, sin recabar ni vincular dato personal alguno a dicha informaci\u00f3n.<\/p>\n<p>Si no desea que se instale alguna cookie puede configurar su navegador siguiendo las siguientes instrucciones:<br \/><a href=\"https:\/\/support.google.com\/chrome\/answer\/95647?co=GENIE.Platform%3DDesktop&amp;hl=es\">Google Chrome<\/a><br \/><a href=\"https:\/\/support.mozilla.org\/es\/kb\/habilitar-y-deshabilitar-cookies-sitios-web-rastrear-preferencias\">Mozilla Firefox<\/a><br \/><a href=\"https:\/\/support.microsoft.com\/es-es\/help\/17442\/windows-internet-explorer-delete-manage-cookies\">Internet Explorer<\/a><\/p>\n<p>Si bloquea alguna o todas las cookies es posible que ciertos servicios ofrecidos en nuestra web queden deshabilitados y que la calidad de funcionamiento tambi\u00e9n pueda disminuir<\/p>\n<h4>Pol\u00edtica de privacidad<\/h4>\n<p>En Comercial Distribuidora de Maquinaria y Rodillos, SL nos comprometemos a asegurar que su informaci\u00f3n personal se encuentra protegida y no se usa de forma indebida.<br \/>Mediante este documento explicamos qui\u00e9n es el responsable del tratamiento, que finalidad tiene para tratar sus datos de car\u00e1cter personal, la legitimaci\u00f3n para el tratamiento de estos, c\u00f3mo la utilizamos, los derechos que le asisten y que procedimientos se llevan a cabo para proteger su privacidad.<br \/>Nuestra pol\u00edtica de privacidad se compone en una pol\u00edtica de informaci\u00f3n que determina c\u00f3mo se proporcionar\u00e1 informaci\u00f3n a los interesados en la fase previa al tratamiento de sus datos durante el mismo y con ocasi\u00f3n del mismo y en los supuestos de comunicaci\u00f3n o cesi\u00f3n de los datos. Los principales objetivos de esta pol\u00edtica es informar sobre las finalidades del tratamiento, la licitud y los derechos de los interesados. Tambi\u00e9n se incluye una pol\u00edtica de tratamiento que determina la aplicabilidad de las normas para realizar un tratamiento o cesi\u00f3n o comunicaci\u00f3n de los datos de forma correcta y conforme a lo previsto en la normativa aplicable. Y, por \u00faltimo, de una pol\u00edtica de seguridad que determina lo necesario a implementar para mantener la integridad, disponibilidad y la confidencialidad de los datos personales tratados, as\u00ed como la propia resiliencia del sistema de informaci\u00f3n.<\/p>\n<h4>\u00bfQui\u00e9n es el responsable del tratamiento de sus datos?<\/h4>\n<p>Identidad: Comercial Distribuidora de Maquinaria y Rodillos, SL<br \/>Direcci\u00f3n: Pol\u00edgono Industrial Huerto del franc\u00e9s, Avenida Jos\u00e9 Villafranca Melgar, 57 \u2013 Puente Genil (C\u00f3rdoba), 14500<br \/>Tel\u00e9fono: 957 617 563<br \/>Contacto: logistica@rodilloscodimar.com<\/p>\n<h4>\u00bfCon qu\u00e9 finalidad tratamos sus datos personales?<\/h4>\n<p>Actividades de tratamiento<\/p>\n<p>Contactos<\/p>\n<p>Finalidad: Comunicaciones con ocasi\u00f3n de la actividad comercial y\/o mercantil mantenida entre la persona jur\u00eddica y el responsable del tratamiento.<\/p>\n<p>Legitimaci\u00f3n: Inter\u00e9s leg\u00edtimo (art\u00edculo 6.1-f Reglamento General de Protecci\u00f3n de Datos (UE) 679\/2016 y art\u00edculo 19 Ley Org\u00e1nica 3\/2018, de 5 de diciembre, de Protecci\u00f3n de Datos Personales y garant\u00eda de los derechos digitales.<\/p>\n<p>Tiempo conservaci\u00f3n: Plazo de prescripci\u00f3n de las obligaciones relativas a las prestaciones derivadas de las relaciones comerciales y\/o mercantiles mantenidas.<\/p>\n<p>Destinatarios: No se prev\u00e9 ninguna cesi\u00f3n o comunicaci\u00f3n.<\/p>\n<p>Videovigilancia<\/p>\n<p>Finalidad: Seguridad de las personas, bienes e instalaciones.<br \/>Legitimaci\u00f3n: Inter\u00e9s p\u00fablico (art\u00edculo 6.1-e Reglamento General de Protecci\u00f3n de Datos (UE) 679\/2016 y art\u00edculo 22 Ley Org\u00e1nica 3\/2018, de 5 de diciembre, de Protecci\u00f3n de Datos Personales y garant\u00eda de los derechos digitales).<br \/>Tiempo conservaci\u00f3n: un mes salvo cuando hubieran de ser conservados para acreditar la comisi\u00f3n de actos que atenten contra la integridad de personas.<\/p>\n<p>Destinatarios: No se prev\u00e9n, salvo supuestos de posibles incidentes de seguridad, que ser\u00edan comunicados en su caso, a las fuerzas del orden p\u00fablico.<\/p>\n<h4>\u00bfCu\u00e1les son sus derechos cuando nos facilita sus datos?<\/h4>\n<p>Tiene derecho a obtener confirmaci\u00f3n sobre si estamos tratando o no datos personales que le conciernan. Los interesados tienen derecho a acceder a sus datos personales, as\u00ed como a solicitar la rectificaci\u00f3n de los datos inexactos, o en su caso, solicitar su supresi\u00f3n, entre otros motivos, cuando los datos ya no sean necesarios para los fines que fueron recogidos. En determinadas circunstancias (en caso de solicitud de rectificaci\u00f3n, de supresi\u00f3n o de oposici\u00f3n a la misma y en la cancelaci\u00f3n previa a la supresi\u00f3n) los interesados tienen derecho a la limitaci\u00f3n de su tratamiento. Tambi\u00e9n dispone del derecho de portabilidad de dichos datos. En todo caso, tiene derecho a presentar una reclamaci\u00f3n a la Agencia Espa\u00f1ola de Protecci\u00f3n de Datos.<br \/>no-repeat;left top;;<br \/>auto<\/p>\n<p><!-- \/wp:paragraph -->\u00a0<\/p>\n<\/div><\/div><\/div><\/div><\/div><\/div><\/div><\/section>","protected":false},"excerpt":{"rendered":"AVISO LEGAL Identificaci\u00f3n: a qui\u00e9n puede dirigirse y c\u00f3mo.Condiciones de uso: c\u00f3mo ha de usarse nuestra p\u00e1gina web.Exclusiones de responsabilidad: supuestos en que no podemos responder por el funcionamiento o inactividad de nuestra p\u00e1gina web.Propiedad intelectual: derechos sobre el contenido de nuestra p\u00e1gina web.Directiva de cookies: instrumentos de seguimiento al visitar nuestra web e informaci\u00f3n...","protected":false},"author":1,"featured_media":0,"parent":0,"menu_order":0,"comment_status":"closed","ping_status":"open","template":"","meta":{"_joinchat":[],"footnotes":""},"class_list":["post-4529","page","type-page","status-publish","hentry"],"yoast_head":"<!-- This site is optimized with the Yoast SEO plugin v27.2 - https:\/\/yoast.com\/product\/yoast-seo-wordpress\/ -->\n<title>Pol\u00edtica de privacidad CIF: Codimar B14416994<\/title>\n<meta name=\"description\" content=\"Pol\u00edtica de privacidad Rodillos Codimar, responsable del tratamiento de los datos personales, revocabilidad, cambio. Toda la informaci\u00f3n en nuestra web.\" \/>\n<meta name=\"robots\" content=\"index, follow, max-snippet:-1, max-image-preview:large, max-video-preview:-1\" \/>\n<link rel=\"canonical\" href=\"https:\/\/www.rodilloscodimar.com\/fr\/politica-privacidad\/\" \/>\n<meta property=\"og:locale\" content=\"fr_FR\" \/>\n<meta property=\"og:type\" content=\"article\" \/>\n<meta property=\"og:title\" content=\"Pol\u00edtica de privacidad CIF: Codimar B14416994\" \/>\n<meta property=\"og:description\" content=\"Pol\u00edtica de privacidad Rodillos Codimar, responsable del tratamiento de los datos personales, revocabilidad, cambio. Toda la informaci\u00f3n en nuestra web.\" \/>\n<meta property=\"og:url\" content=\"https:\/\/www.rodilloscodimar.com\/fr\/politica-privacidad\/\" \/>\n<meta property=\"og:site_name\" content=\"CODIMAR\" \/>\n<meta property=\"article:modified_time\" content=\"2022-07-29T11:14:42+00:00\" \/>\n<meta name=\"twitter:card\" content=\"summary_large_image\" \/>\n<meta name=\"twitter:label1\" content=\"Dur\u00e9e de lecture estim\u00e9e\" \/>\n\t<meta name=\"twitter:data1\" content=\"6 minutes\" \/>\n<script type=\"application\/ld+json\" class=\"yoast-schema-graph\">{\"@context\":\"https:\/\/schema.org\",\"@graph\":[{\"@type\":\"WebPage\",\"@id\":\"https:\/\/www.rodilloscodimar.com\/fr\/politica-privacidad\/\",\"url\":\"https:\/\/www.rodilloscodimar.com\/fr\/politica-privacidad\/\",\"name\":\"Pol\u00edtica de privacidad CIF: Codimar B14416994\",\"isPartOf\":{\"@id\":\"https:\/\/www.rodilloscodimar.com\/fr\/#website\"},\"datePublished\":\"2018-09-21T09:51:13+00:00\",\"dateModified\":\"2022-07-29T11:14:42+00:00\",\"description\":\"Pol\u00edtica de privacidad Rodillos Codimar, responsable del tratamiento de los datos personales, revocabilidad, cambio. Toda la informaci\u00f3n en nuestra web.\",\"breadcrumb\":{\"@id\":\"https:\/\/www.rodilloscodimar.com\/fr\/politica-privacidad\/#breadcrumb\"},\"inLanguage\":\"fr-FR\",\"potentialAction\":[{\"@type\":\"ReadAction\",\"target\":[\"https:\/\/www.rodilloscodimar.com\/fr\/politica-privacidad\/\"]}]},{\"@type\":\"BreadcrumbList\",\"@id\":\"https:\/\/www.rodilloscodimar.com\/fr\/politica-privacidad\/#breadcrumb\",\"itemListElement\":[{\"@type\":\"ListItem\",\"position\":1,\"name\":\"Portada\",\"item\":\"https:\/\/www.rodilloscodimar.com\/fr\/\"},{\"@type\":\"ListItem\",\"position\":2,\"name\":\"Pol\u00edtica de privacidad\"}]},{\"@type\":\"WebSite\",\"@id\":\"https:\/\/www.rodilloscodimar.com\/fr\/#website\",\"url\":\"https:\/\/www.rodilloscodimar.com\/fr\/\",\"name\":\"CODIMAR\",\"description\":\"Frabricante de Componentes , Rodillos, Estaciones y M\u00e1quinas.\",\"publisher\":{\"@id\":\"https:\/\/www.rodilloscodimar.com\/fr\/#organization\"},\"potentialAction\":[{\"@type\":\"SearchAction\",\"target\":{\"@type\":\"EntryPoint\",\"urlTemplate\":\"https:\/\/www.rodilloscodimar.com\/fr\/?s={search_term_string}\"},\"query-input\":{\"@type\":\"PropertyValueSpecification\",\"valueRequired\":true,\"valueName\":\"search_term_string\"}}],\"inLanguage\":\"fr-FR\"},{\"@type\":\"Organization\",\"@id\":\"https:\/\/www.rodilloscodimar.com\/fr\/#organization\",\"name\":\"Rodillos Codimar\",\"url\":\"https:\/\/www.rodilloscodimar.com\/fr\/\",\"logo\":{\"@type\":\"ImageObject\",\"inLanguage\":\"fr-FR\",\"@id\":\"https:\/\/www.rodilloscodimar.com\/fr\/#\/schema\/logo\/image\/\",\"url\":\"https:\/\/www.rodilloscodimar.com\/wp-content\/uploads\/2020\/01\/logo-email.jpg\",\"contentUrl\":\"https:\/\/www.rodilloscodimar.com\/wp-content\/uploads\/2020\/01\/logo-email.jpg\",\"width\":300,\"height\":299,\"caption\":\"Rodillos Codimar\"},\"image\":{\"@id\":\"https:\/\/www.rodilloscodimar.com\/fr\/#\/schema\/logo\/image\/\"}}]}<\/script>\n<!-- \/ Yoast SEO plugin. -->","yoast_head_json":{"title":"Pol\u00edtica de privacidad CIF: Codimar B14416994","description":"Pol\u00edtica de privacidad Rodillos Codimar, responsable del tratamiento de los datos personales, revocabilidad, cambio. Toda la informaci\u00f3n en nuestra web.","robots":{"index":"index","follow":"follow","max-snippet":"max-snippet:-1","max-image-preview":"max-image-preview:large","max-video-preview":"max-video-preview:-1"},"canonical":"https:\/\/www.rodilloscodimar.com\/fr\/politica-privacidad\/","og_locale":"fr_FR","og_type":"article","og_title":"Pol\u00edtica de privacidad CIF: Codimar B14416994","og_description":"Pol\u00edtica de privacidad Rodillos Codimar, responsable del tratamiento de los datos personales, revocabilidad, cambio. Toda la informaci\u00f3n en nuestra web.","og_url":"https:\/\/www.rodilloscodimar.com\/fr\/politica-privacidad\/","og_site_name":"CODIMAR","article_modified_time":"2022-07-29T11:14:42+00:00","twitter_card":"summary_large_image","twitter_misc":{"Dur\u00e9e de lecture estim\u00e9e":"6 minutes"},"schema":{"@context":"https:\/\/schema.org","@graph":[{"@type":"WebPage","@id":"https:\/\/www.rodilloscodimar.com\/fr\/politica-privacidad\/","url":"https:\/\/www.rodilloscodimar.com\/fr\/politica-privacidad\/","name":"Pol\u00edtica de privacidad CIF: Codimar B14416994","isPartOf":{"@id":"https:\/\/www.rodilloscodimar.com\/fr\/#website"},"datePublished":"2018-09-21T09:51:13+00:00","dateModified":"2022-07-29T11:14:42+00:00","description":"Pol\u00edtica de privacidad Rodillos Codimar, responsable del tratamiento de los datos personales, revocabilidad, cambio. Toda la informaci\u00f3n en nuestra web.","breadcrumb":{"@id":"https:\/\/www.rodilloscodimar.com\/fr\/politica-privacidad\/#breadcrumb"},"inLanguage":"fr-FR","potentialAction":[{"@type":"ReadAction","target":["https:\/\/www.rodilloscodimar.com\/fr\/politica-privacidad\/"]}]},{"@type":"BreadcrumbList","@id":"https:\/\/www.rodilloscodimar.com\/fr\/politica-privacidad\/#breadcrumb","itemListElement":[{"@type":"ListItem","position":1,"name":"Portada","item":"https:\/\/www.rodilloscodimar.com\/fr\/"},{"@type":"ListItem","position":2,"name":"Pol\u00edtica de privacidad"}]},{"@type":"WebSite","@id":"https:\/\/www.rodilloscodimar.com\/fr\/#website","url":"https:\/\/www.rodilloscodimar.com\/fr\/","name":"CODIMAR","description":"Frabricante de Componentes , Rodillos, Estaciones y M\u00e1quinas.","publisher":{"@id":"https:\/\/www.rodilloscodimar.com\/fr\/#organization"},"potentialAction":[{"@type":"SearchAction","target":{"@type":"EntryPoint","urlTemplate":"https:\/\/www.rodilloscodimar.com\/fr\/?s={search_term_string}"},"query-input":{"@type":"PropertyValueSpecification","valueRequired":true,"valueName":"search_term_string"}}],"inLanguage":"fr-FR"},{"@type":"Organization","@id":"https:\/\/www.rodilloscodimar.com\/fr\/#organization","name":"Rodillos Codimar","url":"https:\/\/www.rodilloscodimar.com\/fr\/","logo":{"@type":"ImageObject","inLanguage":"fr-FR","@id":"https:\/\/www.rodilloscodimar.com\/fr\/#\/schema\/logo\/image\/","url":"https:\/\/www.rodilloscodimar.com\/wp-content\/uploads\/2020\/01\/logo-email.jpg","contentUrl":"https:\/\/www.rodilloscodimar.com\/wp-content\/uploads\/2020\/01\/logo-email.jpg","width":300,"height":299,"caption":"Rodillos Codimar"},"image":{"@id":"https:\/\/www.rodilloscodimar.com\/fr\/#\/schema\/logo\/image\/"}}]}},"_links":{"self":[{"href":"https:\/\/www.rodilloscodimar.com\/fr\/wp-json\/wp\/v2\/pages\/4529","targetHints":{"allow":["GET"]}}],"collection":[{"href":"https:\/\/www.rodilloscodimar.com\/fr\/wp-json\/wp\/v2\/pages"}],"about":[{"href":"https:\/\/www.rodilloscodimar.com\/fr\/wp-json\/wp\/v2\/types\/page"}],"author":[{"embeddable":true,"href":"https:\/\/www.rodilloscodimar.com\/fr\/wp-json\/wp\/v2\/users\/1"}],"replies":[{"embeddable":true,"href":"https:\/\/www.rodilloscodimar.com\/fr\/wp-json\/wp\/v2\/comments?post=4529"}],"version-history":[{"count":1,"href":"https:\/\/www.rodilloscodimar.com\/fr\/wp-json\/wp\/v2\/pages\/4529\/revisions"}],"predecessor-version":[{"id":11271,"href":"https:\/\/www.rodilloscodimar.com\/fr\/wp-json\/wp\/v2\/pages\/4529\/revisions\/11271"}],"wp:attachment":[{"href":"https:\/\/www.rodilloscodimar.com\/fr\/wp-json\/wp\/v2\/media?parent=4529"}],"curies":[{"name":"wp","href":"https:\/\/api.w.org\/{rel}","templated":true}]}}