{"id":4426,"date":"2020-12-15T09:01:55","date_gmt":"2020-12-15T08:01:55","guid":{"rendered":"https:\/\/www.rodilloscodimar.com\/qualite\/"},"modified":"2021-04-23T14:41:27","modified_gmt":"2021-04-23T12:41:27","slug":"qualite","status":"publish","type":"page","link":"https:\/\/www.rodilloscodimar.com\/fr\/qualite\/","title":{"rendered":"Qualit\u00e9"},"content":{"rendered":"<section class=\"l-section wpb_row us_custom_8cd4af33 height_small\"><div class=\"l-section-h i-cf\"><div class=\"g-cols vc_row via_flex valign_top type_default stacking_default\"><div class=\"vc_col-sm-12 wpb_column vc_column_container\"><div class=\"vc_column-inner\"><div class=\"wpb_wrapper\"><div class=\"wpb_text_column us_custom_6df4bc3a has_text_color\"><div class=\"wpb_wrapper\"><h2 class=\"h3calidad\" style=\"text-align: center;\">Certificats de qualit\u00e9<\/h2>\n<\/div><\/div><\/div><\/div><\/div><\/div><\/div><\/section><section class=\"l-section wpb_row height_small\"><div class=\"l-section-h i-cf\"><div class=\"g-cols vc_row via_flex valign_top type_default stacking_default\"><div class=\"vc_col-sm-12 wpb_column vc_column_container\"><div class=\"vc_column-inner\"><div class=\"wpb_wrapper\"><div class=\"w-separator size_medium\"><\/div><div class=\"w-tabs layout_ver navwidth_auto navpos_left style_default switch_click has_scrolling\" style=\"--sections-title-size:1em\"><div class=\"w-tabs-list items_3 align_none\"><div class=\"w-tabs-list-h\"><button class=\"w-tabs-item active\" aria-controls=\"content-ld1c\" aria-expanded=\"false\"><span class=\"w-tabs-item-title\">Gestion de la qualit\u00e9<\/span><\/button><button class=\"w-tabs-item\" aria-controls=\"content-h461\" aria-expanded=\"false\"><span class=\"w-tabs-item-title\">Non-conformit\u00e9s<\/span><\/button><button class=\"w-tabs-item\" aria-controls=\"content-sb73\" aria-expanded=\"false\"><span class=\"w-tabs-item-title\">Service fournisseur<\/span><\/button><\/div><\/div><div class=\"w-tabs-sections titles-align_none icon_chevron cpos_right\"><div class=\"w-tabs-section active\" id=\"ld1c\"><button class=\"w-tabs-section-header active\" aria-controls=\"content-ld1c\" aria-expanded=\"true\"><div class=\"w-tabs-section-title\">Gestion de la qualit\u00e9<\/div><div class=\"w-tabs-section-control\"><\/div><\/button><div  class=\"w-tabs-section-content\" id=\"content-ld1c\"><div class=\"w-tabs-section-content-h i-cf\"><div class=\"g-cols wpb_row via_flex valign_top type_default stacking_default\"><div class=\"vc_col-sm-6 wpb_column vc_column_container\"><div class=\"vc_column-inner\"><div class=\"wpb_wrapper\"><div class=\"w-image align_none\"><div class=\"w-image-h\"><img decoding=\"async\" width=\"500\" height=\"246\" src=\"https:\/\/www.rodilloscodimar.com\/wp-content\/uploads\/2020\/11\/ISO-9001-Codimar.jpg\" class=\"attachment-large size-large\" alt=\"\" loading=\"lazy\" srcset=\"https:\/\/www.rodilloscodimar.com\/wp-content\/uploads\/2020\/11\/ISO-9001-Codimar.jpg 500w, https:\/\/www.rodilloscodimar.com\/wp-content\/uploads\/2020\/11\/ISO-9001-Codimar-300x148.jpg 300w, https:\/\/www.rodilloscodimar.com\/wp-content\/uploads\/2020\/11\/ISO-9001-Codimar-260x128.jpg 260w, https:\/\/www.rodilloscodimar.com\/wp-content\/uploads\/2020\/11\/ISO-9001-Codimar-50x25.jpg 50w, https:\/\/www.rodilloscodimar.com\/wp-content\/uploads\/2020\/11\/ISO-9001-Codimar-150x75.jpg 150w\" sizes=\"auto, (max-width: 500px) 100vw, 500px\" \/><\/div><\/div><div class=\"w-separator size_medium\"><\/div><div class=\"w-btn-wrapper align_none\"><a class=\"w-btn us-btn-style_1\" target=\"_blank\" rel=\"nofollow\" href=\"\/wp-content\/uploads\/2021\/03\/ES117710ENACS-desde-2021-Rodillos-Codimar.pdf\"><span class=\"w-btn-label\">CERTIFICAT ISO 9001: 2015<\/span><\/a><\/div><\/div><\/div><\/div><div class=\"vc_col-sm-6 wpb_column vc_column_container\"><div class=\"vc_column-inner\"><div class=\"wpb_wrapper\"><div class=\"wpb_text_column\"><div class=\"wpb_wrapper\"><p style=\"text-align: justify;\">Codimar, a eu l&rsquo;opportunit\u00e9 de partager avec ses clients la fiert\u00e9 de la reconnaissance publique de l&rsquo;engagement acquis avec l&rsquo;am\u00e9lioration continue, selon la norme UNE EN<b> ISO 9001: 1998<\/b> , accord\u00e9 le 25 novembre 1999 par la soci\u00e9t\u00e9 de certification<b> \u00ab\u00a0Bureau Veritas Quality International\u00a0\u00bb<\/b> Aujourd&rsquo;hui, \u00ab\u00a0Bureau Veritas\u00a0\u00bb. Actuellement adapt\u00e9 \u00e0 la norme ISO 9001: 2015.<\/p>\n<\/div><\/div><\/div><\/div><\/div><\/div><\/div><\/div><\/div><div class=\"w-tabs-section\" id=\"h461\"><button class=\"w-tabs-section-header\" aria-controls=\"content-h461\" aria-expanded=\"false\"><div class=\"w-tabs-section-title\">Non-conformit\u00e9s<\/div><div class=\"w-tabs-section-control\"><\/div><\/button><div  class=\"w-tabs-section-content\" id=\"content-h461\"><div class=\"w-tabs-section-content-h i-cf\"><div class=\"g-cols wpb_row via_flex valign_top type_default stacking_default\"><div class=\"vc_col-sm-6 wpb_column vc_column_container\"><div class=\"vc_column-inner\"><div class=\"wpb_wrapper\"><div class=\"wpb_text_column\"><div class=\"wpb_wrapper\"><p style=\"text-align: justify;\">La non-conformit\u00e9 est le non-respect d&rsquo;une exigence. Veuillez envoyer le rapport complet suivant afin que nous en ayons la preuve.<\/p>\n<\/div><\/div><\/div><\/div><\/div><div class=\"vc_col-sm-6 wpb_column vc_column_container\"><div class=\"vc_column-inner\"><div class=\"wpb_wrapper\"><div class=\"w-btn-wrapper align_none\"><a class=\"w-btn us-btn-style_1\" target=\"_blank\" rel=\"nofollow\" href=\"https:\/\/www.rodilloscodimar.com\/wp-content\/uploads\/2018\/11\/informe.pdf\"><span class=\"w-btn-label\">PLAINTES, DEMANDES ET SUGGESTIONS<\/span><\/a><\/div><\/div><\/div><\/div><\/div><\/div><\/div><\/div><div class=\"w-tabs-section\" id=\"sb73\"><button class=\"w-tabs-section-header\" aria-controls=\"content-sb73\" aria-expanded=\"false\"><div class=\"w-tabs-section-title\">Service fournisseur<\/div><div class=\"w-tabs-section-control\"><\/div><\/button><div  class=\"w-tabs-section-content\" id=\"content-sb73\"><div class=\"w-tabs-section-content-h i-cf\"><div class=\"g-cols wpb_row via_flex valign_top type_default stacking_default\"><div class=\"vc_col-sm-6 wpb_column vc_column_container\"><div class=\"vc_column-inner\"><div class=\"wpb_wrapper\"><div class=\"wpb_text_column\"><div class=\"wpb_wrapper\"><p style=\"text-align: justify;\">Voir les exigences de prestation de services pour les fournisseurs et mainteneurs tiers<\/p>\n<\/div><\/div><\/div><\/div><\/div><div class=\"vc_col-sm-6 wpb_column vc_column_container\"><div class=\"vc_column-inner\"><div class=\"wpb_wrapper\"><div class=\"w-btn-wrapper align_none\"><a class=\"w-btn us-btn-style_1\" target=\"_blank\" rel=\"nofollow\" href=\"https:\/\/www.rodilloscodimar.com\/wp-content\/uploads\/2019\/11\/Comunicado-proveedores-mantenedores-calidad-2019.pdf\"><span class=\"w-btn-label\">EXIGENCES POUR LES FOURNISSEURS<\/span><\/a><\/div><\/div><\/div><\/div><\/div><\/div><\/div><\/div><\/div><\/div><div class=\"w-separator size_medium\"><\/div><\/div><\/div><\/div><\/div><\/div><\/section><section class=\"l-section wpb_row us_custom_58712aeb height_small\"><div class=\"l-section-h i-cf\"><div class=\"g-cols vc_row via_flex valign_top type_default stacking_default\"><div class=\"vc_col-sm-6 wpb_column vc_column_container\"><div class=\"vc_column-inner\"><div class=\"wpb_wrapper\"><div class=\"wpb_text_column us_custom_fa864b45 has_text_color\"><div class=\"wpb_wrapper\"><h2 style=\"text-align: center;\">La satisfaction, notre raison d&rsquo;\u00eatre<\/h2>\n<p style=\"text-align: center;\">Codimar s&rsquo;assure de la satisfaction des diff\u00e9rents acteurs:<\/p>\n<\/div><\/div><div class=\"w-separator size_large\"><\/div><\/div><\/div><\/div><div class=\"vc_col-sm-6 wpb_column vc_column_container\"><div class=\"vc_column-inner\"><div class=\"wpb_wrapper\"><div class=\"w-separator size_large\"><\/div><div class=\"g-cols wpb_row via_flex valign_top type_default stacking_default\"><div class=\"vc_col-sm-3 wpb_column vc_column_container\"><div class=\"vc_column-inner\"><div class=\"wpb_wrapper\"><div class=\"w-iconbox us_custom_6df4bc3a has_text_color iconpos_top style_default color_custom align_center no_text\"><div class=\"w-iconbox-icon\" style=\"font-size:2rem;--icon-color:#ffffff;\"><i class=\"fas fa-hands-helping\"><\/i><\/div><div class=\"w-iconbox-meta\"><h4 class=\"w-iconbox-title\">les clients<\/h4><\/div><\/div><\/div><\/div><\/div><div class=\"vc_col-sm-3 wpb_column vc_column_container\"><div class=\"vc_column-inner\"><div class=\"wpb_wrapper\"><div class=\"w-iconbox us_custom_6df4bc3a has_text_color iconpos_top style_default color_custom align_center no_text\"><div class=\"w-iconbox-icon\" style=\"font-size:2rem;--icon-color:#ffffff;\"><i class=\"fas fa-users\"><\/i><\/div><div class=\"w-iconbox-meta\"><h4 class=\"w-iconbox-title\">Fournisseurs<\/h4><\/div><\/div><\/div><\/div><\/div><div class=\"vc_col-sm-3 wpb_column vc_column_container\"><div class=\"vc_column-inner\"><div class=\"wpb_wrapper\"><div class=\"w-iconbox us_custom_6df4bc3a has_text_color iconpos_top style_default color_custom align_center no_text\"><div class=\"w-iconbox-icon\" style=\"font-size:2rem;--icon-color:#ffffff;\"><i class=\"fas fa-people-carry\"><\/i><\/div><div class=\"w-iconbox-meta\"><h4 class=\"w-iconbox-title\">Ouvriers<\/h4><\/div><\/div><\/div><\/div><\/div><div class=\"vc_col-sm-3 wpb_column vc_column_container\"><div class=\"vc_column-inner\"><div class=\"wpb_wrapper\"><div class=\"w-iconbox us_custom_6df4bc3a has_text_color iconpos_top style_default color_custom align_center no_text\"><div class=\"w-iconbox-icon\" style=\"font-size:2rem;--icon-color:#ffffff;\"><i class=\"fas fa-globe\"><\/i><\/div><div class=\"w-iconbox-meta\"><h4 class=\"w-iconbox-title\">Soci\u00e9t\u00e9<\/h4><\/div><\/div><\/div><\/div><\/div><\/div><div class=\"w-separator size_large\"><\/div><\/div><\/div><\/div><\/div><\/div><\/section><section class=\"l-section wpb_row us_custom_a6b6a642 height_small\"><div class=\"l-section-h i-cf\"><div class=\"g-cols vc_row via_flex valign_top type_default stacking_default\"><div class=\"vc_col-sm-12 wpb_column vc_column_container\"><div class=\"vc_column-inner\"><div class=\"wpb_wrapper\"><div class=\"wpb_text_column\"><div class=\"wpb_wrapper\"><h2 style=\"text-align: center;\">Nos 9 principes pour une bonne gestion de la qualit\u00e9<\/h2>\n<\/div><\/div><div class=\"g-cols wpb_row via_flex valign_top type_default stacking_default\"><div class=\"vc_col-sm-12 wpb_column vc_column_container\"><div class=\"vc_column-inner\"><div class=\"wpb_wrapper\"><div class=\"wpb_text_column\"><div class=\"wpb_wrapper\"><p style=\"text-align: justify;\">Des audits internes p\u00e9riodiques ainsi qu&rsquo;un suivi externe nous aident \u00e0 maintenir notre position, au niveau national et international. Ce n&rsquo;est pas en vain que BVQi est la premi\u00e8re entit\u00e9 de certification priv\u00e9e dans notre pays et l&rsquo;une des principales soci\u00e9t\u00e9s de certification au monde, avec plus de 50 accr\u00e9diteurs dans 150 pays.<\/p>\n<p style=\"text-align: justify;\">La norme ISO 9001: 2015 et avec elle Codimar, fonde son action sur les 9 principes d&rsquo;un bon management de la qualit\u00e9:<\/p>\n<\/div><\/div><\/div><\/div><\/div><\/div><div class=\"g-cols wpb_row via_flex valign_top type_default stacking_default\"><div class=\"vc_col-sm-12 wpb_column vc_column_container\"><div class=\"vc_column-inner\"><div class=\"wpb_wrapper\"><div class=\"w-separator size_medium\"><\/div><div class=\"w-iconbox iconpos_left style_default color_primary align_left no_title\"><div class=\"w-iconbox-icon\" style=\"font-size:2rem;\"><i class=\"fas fa-check\"><\/i><\/div><div class=\"w-iconbox-meta\"><div class=\"w-iconbox-text\"><p>Orientation client: Identifiez et comprenez les besoins actuels et futurs des clients et d\u00e9passez \u00e9galement leurs attentes.<\/p>\n<\/div><\/div><\/div><div class=\"w-iconbox iconpos_left style_default color_primary align_left no_title\"><div class=\"w-iconbox-icon\" style=\"font-size:2rem;\"><i class=\"fas fa-check\"><\/i><\/div><div class=\"w-iconbox-meta\"><div class=\"w-iconbox-text\"><p>Conformit\u00e9 aux exigences l\u00e9gales et r\u00e9glementaires applicables: engagement \u00e0 se conformer aux exigences l\u00e9gales et r\u00e9glementaires suivantes applicables \u00e0 notre activit\u00e9, ainsi qu&rsquo;aux autres auxquelles l&rsquo;organisation souscrit.<\/p>\n<\/div><\/div><\/div><div class=\"w-iconbox iconpos_left style_default color_primary align_left no_title\"><div class=\"w-iconbox-icon\" style=\"font-size:2rem;\"><i class=\"fas fa-check\"><\/i><\/div><div class=\"w-iconbox-meta\"><div class=\"w-iconbox-text\"><p>Leadership: Fournir une unit\u00e9 d&rsquo;action et une direction dans la r\u00e9alisation des objectifs communs de l&rsquo;organisation.<\/p>\n<\/div><\/div><\/div><div class=\"w-iconbox iconpos_left style_default color_primary align_left no_title\"><div class=\"w-iconbox-icon\" style=\"font-size:2rem;\"><i class=\"fas fa-check\"><\/i><\/div><div class=\"w-iconbox-meta\"><div class=\"w-iconbox-text\"><p>Implication du personnel: cr\u00e9e un environnement dans lequel le personnel est pleinement impliqu\u00e9 pour atteindre les objectifs de l&rsquo;organisation.<\/p>\n<\/div><\/div><\/div><div class=\"w-iconbox iconpos_left style_default color_primary align_left no_title\"><div class=\"w-iconbox-icon\" style=\"font-size:2rem;\"><i class=\"fas fa-check\"><\/i><\/div><div class=\"w-iconbox-meta\"><div class=\"w-iconbox-text\"><p>Approche bas\u00e9e sur les processus: pour atteindre les objectifs, les ressources et les activit\u00e9s de l&rsquo;entreprise doivent \u00eatre g\u00e9r\u00e9es par des processus, avec une compr\u00e9hension claire de leur impact sur le r\u00e9sultat.<\/p>\n<\/div><\/div><\/div><div class=\"w-iconbox iconpos_left style_default color_primary align_left no_title\"><div class=\"w-iconbox-icon\" style=\"font-size:2rem;\"><i class=\"fas fa-check\"><\/i><\/div><div class=\"w-iconbox-meta\"><div class=\"w-iconbox-text\"><p>Approche du syst\u00e8me de gestion: Identifier, comprendre et g\u00e9rer un syst\u00e8me de processus interd\u00e9pendants, am\u00e9liorant l&rsquo;efficience et l&rsquo;efficacit\u00e9 de l&rsquo;organisation.<\/p>\n<\/div><\/div><\/div><div class=\"w-iconbox iconpos_left style_default color_primary align_left no_title\"><div class=\"w-iconbox-icon\" style=\"font-size:2rem;\"><i class=\"fas fa-check\"><\/i><\/div><div class=\"w-iconbox-meta\"><div class=\"w-iconbox-text\"><p>Am\u00e9lioration continue: La syst\u00e9matisation, comme motif pour atteindre des niveaux de qualit\u00e9 de plus en plus \u00e9lev\u00e9s dans les activit\u00e9s d&rsquo;une organisation.<\/p>\n<\/div><\/div><\/div><div class=\"w-iconbox iconpos_left style_default color_primary align_left no_title\"><div class=\"w-iconbox-icon\" style=\"font-size:2rem;\"><i class=\"fas fa-check\"><\/i><\/div><div class=\"w-iconbox-meta\"><div class=\"w-iconbox-text\"><p>Prise de d\u00e9cision bas\u00e9e sur des faits: les d\u00e9cisions efficaces sont bas\u00e9es sur l&rsquo;analyse logique et intuitive d&rsquo;informations et de donn\u00e9es objectives.<\/p>\n<\/div><\/div><\/div><div class=\"w-iconbox iconpos_left style_default color_primary align_left no_title\"><div class=\"w-iconbox-icon\" style=\"font-size:2rem;\"><i class=\"fas fa-check\"><\/i><\/div><div class=\"w-iconbox-meta\"><div class=\"w-iconbox-text\"><p>Relations mutuellement avantageuses avec les fournisseurs: Une bonne relation entre l&rsquo;organisation et ses fournisseurs am\u00e9liorera et renforcera la capacit\u00e9 des deux organisations \u00e0 cr\u00e9er de la valeur.<\/p>\n<\/div><\/div><\/div><div class=\"w-separator size_medium\"><\/div><\/div><\/div><\/div><\/div><div class=\"wpb_text_column\"><div class=\"wpb_wrapper\"><p style=\"text-align: center;\">L&rsquo;application de ces \u00abprincipes de management de la qualit\u00e9\u00bb nous aide \u00e0 am\u00e9liorer la performance de notre entreprise et, par extension, la v\u00f4tre.<\/p>\n<\/div><\/div><div class=\"w-btn-wrapper align_center\"><a class=\"w-btn us-btn-style_1\" target=\"_blank\" rel=\"nofollow\" href=\"https:\/\/www.rodilloscodimar.com\/wp-content\/uploads\/2019\/11\/ANEXO-II-POL\u00cdTICA-DE-CALIDAD.pdf\"><span class=\"w-btn-label\">POLITIQUE DE GESTION DE LA QUALIT\u00c9<\/span><\/a><\/div><\/div><\/div><\/div><\/div><\/div><\/section>\n","protected":false},"excerpt":{"rendered":"Certificats de qualit\u00e9 Gestion de la qualit\u00e9Non-conformit\u00e9sService fournisseurGestion de la qualit\u00e9CERTIFICAT ISO 9001: 2015 Codimar, a eu l&rsquo;opportunit\u00e9 de partager avec ses clients la fiert\u00e9 de la reconnaissance publique de l&rsquo;engagement acquis avec l&rsquo;am\u00e9lioration continue, selon la norme UNE EN ISO 9001: 1998 , accord\u00e9 le 25 novembre 1999 par la soci\u00e9t\u00e9 de certification \u00ab\u00a0Bureau...","protected":false},"author":1,"featured_media":0,"parent":0,"menu_order":0,"comment_status":"closed","ping_status":"closed","template":"","meta":{"_joinchat":[],"footnotes":""},"class_list":["post-4426","page","type-page","status-publish","hentry"],"yoast_head":"<!-- This site is optimized with the Yoast SEO plugin v27.2 - https:\/\/yoast.com\/product\/yoast-seo-wordpress\/ -->\n<title>Certificats de qualit\u00e9 - RODILLOS CODMAR SL<\/title>\n<meta name=\"description\" content=\"Certificats de qualit\u00e9 et reconnaissance publique de l&#039;engagement acquis par Codimar, selon la norme UNE EN ISO 9001: 2015, par la soci\u00e9t\u00e9 \u00abBureau Veritas\u00bb.\" \/>\n<meta name=\"robots\" content=\"index, follow, max-snippet:-1, max-image-preview:large, max-video-preview:-1\" \/>\n<link rel=\"canonical\" href=\"https:\/\/www.rodilloscodimar.com\/fr\/qualite\/\" \/>\n<meta property=\"og:locale\" content=\"fr_FR\" \/>\n<meta property=\"og:type\" content=\"article\" \/>\n<meta property=\"og:title\" content=\"Certificats de qualit\u00e9 - RODILLOS CODMAR SL\" \/>\n<meta property=\"og:description\" content=\"Certificats de qualit\u00e9 et reconnaissance publique de l&#039;engagement acquis par Codimar, selon la norme UNE EN ISO 9001: 2015, par la soci\u00e9t\u00e9 \u00abBureau Veritas\u00bb.\" \/>\n<meta property=\"og:url\" content=\"https:\/\/www.rodilloscodimar.com\/fr\/qualite\/\" \/>\n<meta property=\"og:site_name\" content=\"CODIMAR\" \/>\n<meta property=\"article:modified_time\" content=\"2021-04-23T12:41:27+00:00\" \/>\n<meta name=\"twitter:card\" content=\"summary_large_image\" \/>\n<meta name=\"twitter:label1\" content=\"Dur\u00e9e de lecture estim\u00e9e\" \/>\n\t<meta name=\"twitter:data1\" content=\"5 minutes\" \/>\n<script type=\"application\/ld+json\" class=\"yoast-schema-graph\">{\"@context\":\"https:\/\/schema.org\",\"@graph\":[{\"@type\":\"WebPage\",\"@id\":\"https:\/\/www.rodilloscodimar.com\/fr\/qualite\/\",\"url\":\"https:\/\/www.rodilloscodimar.com\/fr\/qualite\/\",\"name\":\"Certificats de qualit\u00e9 - RODILLOS CODMAR SL\",\"isPartOf\":{\"@id\":\"https:\/\/www.rodilloscodimar.com\/fr\/#website\"},\"datePublished\":\"2020-12-15T08:01:55+00:00\",\"dateModified\":\"2021-04-23T12:41:27+00:00\",\"description\":\"Certificats de qualit\u00e9 et reconnaissance publique de l'engagement acquis par Codimar, selon la norme UNE EN ISO 9001: 2015, par la soci\u00e9t\u00e9 \u00abBureau Veritas\u00bb.\",\"breadcrumb\":{\"@id\":\"https:\/\/www.rodilloscodimar.com\/fr\/qualite\/#breadcrumb\"},\"inLanguage\":\"fr-FR\",\"potentialAction\":[{\"@type\":\"ReadAction\",\"target\":[\"https:\/\/www.rodilloscodimar.com\/fr\/qualite\/\"]}]},{\"@type\":\"BreadcrumbList\",\"@id\":\"https:\/\/www.rodilloscodimar.com\/fr\/qualite\/#breadcrumb\",\"itemListElement\":[{\"@type\":\"ListItem\",\"position\":1,\"name\":\"Portada\",\"item\":\"https:\/\/www.rodilloscodimar.com\/fr\/\"},{\"@type\":\"ListItem\",\"position\":2,\"name\":\"Qualit\u00e9\"}]},{\"@type\":\"WebSite\",\"@id\":\"https:\/\/www.rodilloscodimar.com\/fr\/#website\",\"url\":\"https:\/\/www.rodilloscodimar.com\/fr\/\",\"name\":\"CODIMAR\",\"description\":\"Frabricante de Componentes , Rodillos, Estaciones y M\u00e1quinas.\",\"publisher\":{\"@id\":\"https:\/\/www.rodilloscodimar.com\/fr\/#organization\"},\"potentialAction\":[{\"@type\":\"SearchAction\",\"target\":{\"@type\":\"EntryPoint\",\"urlTemplate\":\"https:\/\/www.rodilloscodimar.com\/fr\/?s={search_term_string}\"},\"query-input\":{\"@type\":\"PropertyValueSpecification\",\"valueRequired\":true,\"valueName\":\"search_term_string\"}}],\"inLanguage\":\"fr-FR\"},{\"@type\":\"Organization\",\"@id\":\"https:\/\/www.rodilloscodimar.com\/fr\/#organization\",\"name\":\"Rodillos Codimar\",\"url\":\"https:\/\/www.rodilloscodimar.com\/fr\/\",\"logo\":{\"@type\":\"ImageObject\",\"inLanguage\":\"fr-FR\",\"@id\":\"https:\/\/www.rodilloscodimar.com\/fr\/#\/schema\/logo\/image\/\",\"url\":\"https:\/\/www.rodilloscodimar.com\/wp-content\/uploads\/2020\/01\/logo-email.jpg\",\"contentUrl\":\"https:\/\/www.rodilloscodimar.com\/wp-content\/uploads\/2020\/01\/logo-email.jpg\",\"width\":300,\"height\":299,\"caption\":\"Rodillos Codimar\"},\"image\":{\"@id\":\"https:\/\/www.rodilloscodimar.com\/fr\/#\/schema\/logo\/image\/\"}}]}<\/script>\n<!-- \/ Yoast SEO plugin. -->","yoast_head_json":{"title":"Certificats de qualit\u00e9 - RODILLOS CODMAR SL","description":"Certificats de qualit\u00e9 et reconnaissance publique de l'engagement acquis par Codimar, selon la norme UNE EN ISO 9001: 2015, par la soci\u00e9t\u00e9 \u00abBureau Veritas\u00bb.","robots":{"index":"index","follow":"follow","max-snippet":"max-snippet:-1","max-image-preview":"max-image-preview:large","max-video-preview":"max-video-preview:-1"},"canonical":"https:\/\/www.rodilloscodimar.com\/fr\/qualite\/","og_locale":"fr_FR","og_type":"article","og_title":"Certificats de qualit\u00e9 - RODILLOS CODMAR SL","og_description":"Certificats de qualit\u00e9 et reconnaissance publique de l'engagement acquis par Codimar, selon la norme UNE EN ISO 9001: 2015, par la soci\u00e9t\u00e9 \u00abBureau Veritas\u00bb.","og_url":"https:\/\/www.rodilloscodimar.com\/fr\/qualite\/","og_site_name":"CODIMAR","article_modified_time":"2021-04-23T12:41:27+00:00","twitter_card":"summary_large_image","twitter_misc":{"Dur\u00e9e de lecture estim\u00e9e":"5 minutes"},"schema":{"@context":"https:\/\/schema.org","@graph":[{"@type":"WebPage","@id":"https:\/\/www.rodilloscodimar.com\/fr\/qualite\/","url":"https:\/\/www.rodilloscodimar.com\/fr\/qualite\/","name":"Certificats de qualit\u00e9 - RODILLOS CODMAR SL","isPartOf":{"@id":"https:\/\/www.rodilloscodimar.com\/fr\/#website"},"datePublished":"2020-12-15T08:01:55+00:00","dateModified":"2021-04-23T12:41:27+00:00","description":"Certificats de qualit\u00e9 et reconnaissance publique de l'engagement acquis par Codimar, selon la norme UNE EN ISO 9001: 2015, par la soci\u00e9t\u00e9 \u00abBureau Veritas\u00bb.","breadcrumb":{"@id":"https:\/\/www.rodilloscodimar.com\/fr\/qualite\/#breadcrumb"},"inLanguage":"fr-FR","potentialAction":[{"@type":"ReadAction","target":["https:\/\/www.rodilloscodimar.com\/fr\/qualite\/"]}]},{"@type":"BreadcrumbList","@id":"https:\/\/www.rodilloscodimar.com\/fr\/qualite\/#breadcrumb","itemListElement":[{"@type":"ListItem","position":1,"name":"Portada","item":"https:\/\/www.rodilloscodimar.com\/fr\/"},{"@type":"ListItem","position":2,"name":"Qualit\u00e9"}]},{"@type":"WebSite","@id":"https:\/\/www.rodilloscodimar.com\/fr\/#website","url":"https:\/\/www.rodilloscodimar.com\/fr\/","name":"CODIMAR","description":"Frabricante de Componentes , Rodillos, Estaciones y M\u00e1quinas.","publisher":{"@id":"https:\/\/www.rodilloscodimar.com\/fr\/#organization"},"potentialAction":[{"@type":"SearchAction","target":{"@type":"EntryPoint","urlTemplate":"https:\/\/www.rodilloscodimar.com\/fr\/?s={search_term_string}"},"query-input":{"@type":"PropertyValueSpecification","valueRequired":true,"valueName":"search_term_string"}}],"inLanguage":"fr-FR"},{"@type":"Organization","@id":"https:\/\/www.rodilloscodimar.com\/fr\/#organization","name":"Rodillos Codimar","url":"https:\/\/www.rodilloscodimar.com\/fr\/","logo":{"@type":"ImageObject","inLanguage":"fr-FR","@id":"https:\/\/www.rodilloscodimar.com\/fr\/#\/schema\/logo\/image\/","url":"https:\/\/www.rodilloscodimar.com\/wp-content\/uploads\/2020\/01\/logo-email.jpg","contentUrl":"https:\/\/www.rodilloscodimar.com\/wp-content\/uploads\/2020\/01\/logo-email.jpg","width":300,"height":299,"caption":"Rodillos Codimar"},"image":{"@id":"https:\/\/www.rodilloscodimar.com\/fr\/#\/schema\/logo\/image\/"}}]}},"_links":{"self":[{"href":"https:\/\/www.rodilloscodimar.com\/fr\/wp-json\/wp\/v2\/pages\/4426","targetHints":{"allow":["GET"]}}],"collection":[{"href":"https:\/\/www.rodilloscodimar.com\/fr\/wp-json\/wp\/v2\/pages"}],"about":[{"href":"https:\/\/www.rodilloscodimar.com\/fr\/wp-json\/wp\/v2\/types\/page"}],"author":[{"embeddable":true,"href":"https:\/\/www.rodilloscodimar.com\/fr\/wp-json\/wp\/v2\/users\/1"}],"replies":[{"embeddable":true,"href":"https:\/\/www.rodilloscodimar.com\/fr\/wp-json\/wp\/v2\/comments?post=4426"}],"version-history":[{"count":0,"href":"https:\/\/www.rodilloscodimar.com\/fr\/wp-json\/wp\/v2\/pages\/4426\/revisions"}],"wp:attachment":[{"href":"https:\/\/www.rodilloscodimar.com\/fr\/wp-json\/wp\/v2\/media?parent=4426"}],"curies":[{"name":"wp","href":"https:\/\/api.w.org\/{rel}","templated":true}]}}