{"id":4414,"date":"2020-12-15T09:01:37","date_gmt":"2020-12-15T08:01:37","guid":{"rendered":"https:\/\/www.rodilloscodimar.com\/entreprise\/"},"modified":"2021-06-18T12:52:30","modified_gmt":"2021-06-18T10:52:30","slug":"entreprise","status":"publish","type":"page","link":"https:\/\/www.rodilloscodimar.com\/fr\/entreprise\/","title":{"rendered":"Entreprise"},"content":{"rendered":"<section class=\"l-section wpb_row us_custom_8cd4af33 height_small\"><div class=\"l-section-h i-cf\"><div class=\"g-cols vc_row via_flex valign_top type_default stacking_default\"><div class=\"vc_col-sm-12 wpb_column vc_column_container\"><div class=\"vc_column-inner\"><div class=\"wpb_wrapper\"><div class=\"wpb_text_column us_custom_6df4bc3a has_text_color\"><div class=\"wpb_wrapper\"><h2 class=\"h2empresa\" style=\"text-align: center;\">Codimar est une \u00ab\u00a0 marque d\u00e9pos\u00e9e \u00a0\u00bb depuis 1995<\/h2>\n<\/div><\/div><\/div><\/div><\/div><\/div><\/div><\/section><section class=\"l-section wpb_row height_small\"><div class=\"l-section-h i-cf\"><div class=\"g-cols vc_row via_flex valign_top type_default stacking_default\"><div class=\"vc_col-sm-12 wpb_column vc_column_container\"><div class=\"vc_column-inner\"><div class=\"wpb_wrapper\"><div class=\"wpb_text_column\"><div class=\"wpb_wrapper\"><h2 style=\"text-align: left;\">Histoire de notre entreprise<\/h2>\n<\/div><\/div><div class=\"g-cols wpb_row via_flex valign_top type_default stacking_default\"><div class=\"vc_col-sm-6 wpb_column vc_column_container\"><div class=\"vc_column-inner\"><div class=\"wpb_wrapper\"><div class=\"wpb_text_column\"><div class=\"wpb_wrapper\"><p style=\"text-align: justify;\">Vaste exp\u00e9rience professionnelle en tant que fabricant de rouleaux, machines et \u00e9quipements de transport dans le secteur de la manutention et de l&rsquo;industrie mini\u00e8re<\/p>\n<\/div><\/div><\/div><\/div><\/div><div class=\"vc_col-sm-6 wpb_column vc_column_container\"><div class=\"vc_column-inner\"><div class=\"wpb_wrapper\">[vc_wp_text]<video style=\"max-width: 100%;\" poster=\"\/web\/20200815110544im_\/https:\/\/www.rodilloscodimar.com\/es\/empresa\/\" autoplay=\"autoplay\" loop=\"loop\" muted=\"1\" controls=\"controls\" width=\"300\" height=\"150\"><source type=\"video\/mp4\" src=\"https:\/\/web.archive.org\/web\/20200815110544im_\/https:\/\/www.rodilloscodimar.com\/wp-content\/uploads\/2018\/11\/animacion_1.mp4\"><\/source><\/video>[\/vc_wp_text]<\/div><\/div><\/div><\/div><\/div><\/div><\/div><\/div><\/div><\/section><section class=\"l-section wpb_row height_small\"><div class=\"l-section-h i-cf\"><div class=\"g-cols vc_row via_flex valign_top type_default stacking_default\"><div class=\"vc_col-sm-12 wpb_column vc_column_container\"><div class=\"vc_column-inner\"><div class=\"wpb_wrapper\"><div class=\"wpb_text_column\"><div class=\"wpb_wrapper\"><h2 style=\"text-align: right;\">Premiers pas<\/h2>\n<\/div><\/div><div class=\"g-cols wpb_row via_flex valign_top type_default stacking_default\"><div class=\"vc_col-sm-6 wpb_column vc_column_container\"><div class=\"vc_column-inner\"><div class=\"wpb_wrapper\">[vc_wp_text]<video style=\"max-width: 100%;\" poster=\"\/web\/20200815110544im_\/https:\/\/www.rodilloscodimar.com\/es\/empresa\/\" autoplay=\"autoplay\" loop=\"loop\" muted=\"1\" controls=\"controls\" width=\"300\" height=\"150\"><source type=\"video\/mp4\" src=\"https:\/\/web.archive.org\/web\/20200815110544im_\/https:\/\/www.rodilloscodimar.com\/wp-content\/uploads\/2018\/11\/animacion_2.mp4\"><\/source><\/video>[\/vc_wp_text]<\/div><\/div><\/div><div class=\"vc_col-sm-6 wpb_column vc_column_container\"><div class=\"vc_column-inner\"><div class=\"wpb_wrapper\"><div class=\"wpb_text_column\"><div class=\"wpb_wrapper\"><p style=\"text-align: justify;\"><a href=\"https:\/\/www.rodilloscodimar.com\/fr\/\">Codimar SL<\/a> est n\u00e9e en tant qu&rsquo;entreprise du secteur des services \u00e0 la fois<strong> aussi bien pour les mines que pour les travaux publics, l&rsquo;agriculture et l&rsquo;industrie en g\u00e9n\u00e9ral.<\/strong><\/p>\n<p style=\"text-align: justify;\">Ses d\u00e9buts \u00e9taient dans le<strong> section vulcanis\u00e9e,<\/strong> faire des \u00e9pissures ou vulcaniser des bandes transporteuses en caoutchouc et en PVC sur site \u00e0 l&rsquo;usine, devenant ainsi les distributeurs pour Cordoue de l&rsquo;une des plus importantes marques espagnoles dans la fabrication de convoyeurs.<\/p>\n<p style=\"text-align: justify;\">Dans le domaine de la r\u00e9paration de courroies, nous avons \u00e9galement eu des distributions officielles de la soci\u00e9t\u00e9 elle-m\u00eame \u00e9galement en<strong> Malaga, Grenade et Almer\u00eda,<\/strong> Mais les exigences du march\u00e9 et la situation \u00e9conomique actuelle obligent \u00e0 changer le sens de notre entreprise.<\/p>\n<\/div><\/div><\/div><\/div><\/div><\/div><\/div><\/div><\/div><\/div><\/div><\/section><section class=\"l-section wpb_row height_small\"><div class=\"l-section-h i-cf\"><div class=\"g-cols vc_row via_flex valign_top type_default stacking_default\"><div class=\"vc_col-sm-12 wpb_column vc_column_container\"><div class=\"vc_column-inner\"><div class=\"wpb_wrapper\"><div class=\"wpb_text_column\"><div class=\"wpb_wrapper\"><h2 style=\"text-align: left;\">Fabrication<\/h2>\n<\/div><\/div><div class=\"g-cols wpb_row via_flex valign_top type_default stacking_default\"><div class=\"vc_col-sm-6 wpb_column vc_column_container\"><div class=\"vc_column-inner\"><div class=\"wpb_wrapper\"><div class=\"wpb_text_column\"><div class=\"wpb_wrapper\"><p style=\"text-align: justify;\">Quelques ann\u00e9es plus tard, en raison de la demande croissante du secteur, Codimar commence \u00e0 faire ses premiers pas dans la<strong> Monde manufacturier.<\/strong><\/p>\n<p style=\"text-align: justify;\">Premier dans le <strong>Rouleaux miniers,<\/strong> parier depuis le d\u00e9but sur un produit de qualit\u00e9 avec des composants de premi\u00e8re classe, ce qui a abouti \u00e0 notre <strong>\u00ab\u00a0RSP Heavy Mining Roller\u00a0\u00bb,<\/strong> qui rivalise aujourd&rsquo;hui avec les meilleurs rouleaux du march\u00e9 dans le domaine de l&rsquo;exploitation mini\u00e8re et du traitement des granulats en g\u00e9n\u00e9ral.<\/p>\n<p style=\"text-align: justify;\">Et plus tard et comme toujours en privil\u00e9giant la qualit\u00e9 des composants utilis\u00e9s, Codimar entre dans le domaine de<strong> Fabrication du rouleau de support<\/strong> de toutes sortes de caract\u00e9ristiques; m\u00e9tallique, aliment\u00e9, gratuit &#8230;<\/p>\n<p style=\"text-align: justify;\">Au fil du temps, Codimar continue de cro\u00eetre et comprend \u00e9galement la fabrication de machines de levage et de transport de produits, tout d&rsquo;abord tr\u00e8s simples, pour finir plus complexes.<\/p>\n<\/div><\/div><\/div><\/div><\/div><div class=\"vc_col-sm-6 wpb_column vc_column_container\"><div class=\"vc_column-inner\"><div class=\"wpb_wrapper\"><div class=\"w-video align_none ratio_16x9 has_iframe\"><div class=\"w-video-h\"><iframe title=\"Youtube video player\" src=\"\/\/www.youtube.com\/embed\/K7W450oqkT8?autoplay=0&controls=1&origin=https:\/\/www.rodilloscodimar.com\/fr\/&loop=0&mute=0\" allowfullscreen=\"1\" loading=\"lazy\"><\/iframe><\/div><\/div><\/div><\/div><\/div><\/div><\/div><\/div><\/div><\/div><\/div><\/section><section class=\"l-section wpb_row height_small\"><div class=\"l-section-h i-cf\"><div class=\"g-cols vc_row via_flex valign_top type_default stacking_default\"><div class=\"vc_col-sm-12 wpb_column vc_column_container\"><div class=\"vc_column-inner\"><div class=\"wpb_wrapper\"><div class=\"wpb_text_column\"><div class=\"wpb_wrapper\"><h2 style=\"text-align: right;\">Pr\u00e9sent<\/h2>\n<\/div><\/div><div class=\"g-cols wpb_row via_flex valign_top type_default stacking_default\"><div class=\"vc_col-sm-6 wpb_column vc_column_container\"><div class=\"vc_column-inner\"><div class=\"wpb_wrapper\"><div class=\"w-video align_none ratio_16x9 has_iframe\"><div class=\"w-video-h\"><iframe title=\"Youtube video player\" src=\"\/\/www.youtube.com\/embed\/Qp04jmdrgtc?autoplay=0&controls=1&origin=https:\/\/www.rodilloscodimar.com\/fr\/&loop=0&mute=0\" allowfullscreen=\"1\" loading=\"lazy\"><\/iframe><\/div><\/div><\/div><\/div><\/div><div class=\"vc_col-sm-6 wpb_column vc_column_container\"><div class=\"vc_column-inner\"><div class=\"wpb_wrapper\"><div class=\"wpb_text_column\"><div class=\"wpb_wrapper\"><p style=\"text-align: justify;\">Aujourd&rsquo;hui, Codimar, entour\u00e9e d&rsquo;une large \u00e9quipe de professionnels et prot\u00e9g\u00e9e par un syst\u00e8me de Qualit\u00e9 Internationalement Certifi\u00e9 par BV, est devenue une entreprise avec une vaste exp\u00e9rience dans le domaine de <strong>Fabrication de rouleaux de maintenance,<\/strong> ainsi que de tout type de <strong>Machine pour l&rsquo;\u00e9l\u00e9vation, le transport et le stockage<\/strong> de tout produit.<\/p>\n<p style=\"text-align: justify;\">Convoyeurs \u00e0 rouleaux par gravit\u00e9, entra\u00een\u00e9s ou \u00e0 bande, transferts \u00e0 rouleaux, empileurs et distributeurs de palettes et tout type de machine ; soit \u00e0 partir de vos plans, soit con\u00e7u par nos soins dans notre Bureau Technique.<\/p>\n<p style=\"text-align: justify;\">Pour tout cela, Codimar veut et peut, avec votre accord, \u00eatre un v\u00e9ritable partenaire fiable pour vous et vos investissements.<\/p>\n<\/div><\/div><\/div><\/div><\/div><\/div><\/div><\/div><\/div><\/div><\/div><\/section><section class=\"l-section wpb_row height_small\"><div class=\"l-section-h i-cf\"><div class=\"g-cols vc_row via_flex valign_top type_default stacking_default\"><div class=\"vc_col-sm-12 wpb_column vc_column_container\"><div class=\"vc_column-inner\"><div class=\"wpb_wrapper\"><div class=\"wpb_text_column\"><div class=\"wpb_wrapper\"><h2 style=\"text-align: left;\">Nos valeurs<\/h2>\n<\/div><\/div><div class=\"g-cols wpb_row via_flex valign_top type_default stacking_default\"><div class=\"vc_col-sm-6 wpb_column vc_column_container\"><div class=\"vc_column-inner\"><div class=\"wpb_wrapper\"><div class=\"wpb_text_column\"><div class=\"wpb_wrapper\"><p style=\"text-align: justify;\">Exp\u00e9rience dans le secteur, certifications de qualit\u00e9, vari\u00e9t\u00e9 de nos produits, pr\u00e9sence sur les march\u00e9s internationaux &#8230;<\/p>\n<\/div><\/div><\/div><\/div><\/div><div class=\"vc_col-sm-6 wpb_column vc_column_container\"><div class=\"vc_column-inner\"><div class=\"wpb_wrapper\"><div class=\"w-video align_none ratio_16x9 has_iframe\"><div class=\"w-video-h\"><iframe title=\"Youtube video player\" src=\"\/\/www.youtube.com\/embed\/LRILwWhQuPk?autoplay=0&controls=1&origin=https:\/\/www.rodilloscodimar.com\/fr\/&loop=0&mute=0\" allowfullscreen=\"1\" loading=\"lazy\"><\/iframe><\/div><\/div><\/div><\/div><\/div><\/div><\/div><\/div><\/div><\/div><\/div><\/section><section class=\"l-section wpb_row height_small\"><div class=\"l-section-h i-cf\"><div class=\"g-cols vc_row via_flex valign_top type_default stacking_default\"><div class=\"vc_col-sm-3 wpb_column vc_column_container\"><div class=\"vc_column-inner\"><div class=\"wpb_wrapper\"><div class=\"w-iconbox iconpos_top style_default color_primary align_center no_text no_title\"><div class=\"w-iconbox-icon\" style=\"font-size:50px;\"><i class=\"fas fa-cogs\"><\/i><\/div><div class=\"w-iconbox-meta\"><\/div><\/div><div class=\"wpb_text_column\"><div class=\"wpb_wrapper\"><h4 style=\"text-align: center;\">Vivre<\/h4>\n<p style=\"text-align: justify;\">Plus de 25 ans d&rsquo;exp\u00e9rience professionnelle et de pr\u00e9sence sur le march\u00e9 international, Codimar est une marque d\u00e9pos\u00e9e depuis<strong> Ann\u00e9e mille neuf cents quatre-vingts-quinze.<\/strong><\/p>\n<\/div><\/div><\/div><\/div><\/div><div class=\"vc_col-sm-3 wpb_column vc_column_container\"><div class=\"vc_column-inner\"><div class=\"wpb_wrapper\"><div class=\"w-iconbox iconpos_top style_default color_primary align_center no_text no_title\"><div class=\"w-iconbox-icon\" style=\"font-size:50px;\"><i class=\"fas fa-check\"><\/i><\/div><div class=\"w-iconbox-meta\"><\/div><\/div><div class=\"wpb_text_column\"><div class=\"wpb_wrapper\"><h4 style=\"text-align: center;\">Qualit\u00e9<\/h4>\n<p style=\"text-align: justify;\">Nous avons la certification<a href=\"\/wp-content\/uploads\/2021\/03\/ES117710ENACE-desde-2021-Rodillos-Codimar.pdf\" target=\"_blank\" rel=\"noopener\"> \u00ab\u00a0Norme ISO 9001: 2015\u00a0\u00bb<\/a> adapt\u00e9 \u00e0 la norme<strong> ISO 9001.<\/strong><\/p>\n<\/div><\/div><\/div><\/div><\/div><div class=\"vc_col-sm-3 wpb_column vc_column_container\"><div class=\"vc_column-inner\"><div class=\"wpb_wrapper\"><div class=\"w-iconbox iconpos_top style_default color_primary align_center no_text no_title\"><div class=\"w-iconbox-icon\" style=\"font-size:50px;\"><i class=\"fas fa-database\"><\/i><\/div><div class=\"w-iconbox-meta\"><\/div><\/div><div class=\"wpb_text_column\"><div class=\"wpb_wrapper\"><h4 style=\"text-align: center;\">Vari\u00e9t\u00e9<\/h4>\n<p style=\"text-align: justify;\">Fabrication de<strong> Rouleaux pour l&rsquo;exploitation mini\u00e8re et la maintenance,<\/strong> ainsi que tout type de<strong> Machine de levage, de transport et de stockage.<\/strong><\/p>\n<\/div><\/div><\/div><\/div><\/div><div class=\"vc_col-sm-3 wpb_column vc_column_container\"><div class=\"vc_column-inner\"><div class=\"wpb_wrapper\"><div class=\"w-iconbox iconpos_top style_default color_primary align_center no_text no_title\"><div class=\"w-iconbox-icon\" style=\"font-size:50px;\"><i class=\"fas fa-globe-europe\"><\/i><\/div><div class=\"w-iconbox-meta\"><\/div><\/div><div class=\"wpb_text_column\"><div class=\"wpb_wrapper\"><h4 style=\"text-align: center;\">International<\/h4>\n<p style=\"text-align: justify;\">Codimar est pr\u00e9sent dans les pays de<strong> Europe, Am\u00e9rique centrale, Am\u00e9rique du Sud, Afrique du Nord et Moyen-Orient.<\/strong><\/p>\n<\/div><\/div><\/div><\/div><\/div><\/div><\/div><\/section>\n","protected":false},"excerpt":{"rendered":"Codimar est une \u00ab\u00a0 marque d\u00e9pos\u00e9e \u00a0\u00bb depuis 1995 Histoire de notre entreprise Vaste exp\u00e9rience professionnelle en tant que fabricant de rouleaux, machines et \u00e9quipements de transport dans le secteur de la manutention et de l&rsquo;industrie mini\u00e8re [vc_wp_text][\/vc_wp_text]Premiers pas [vc_wp_text][\/vc_wp_text]Codimar SL est n\u00e9e en tant qu&rsquo;entreprise du secteur des services \u00e0 la fois aussi bien...","protected":false},"author":1,"featured_media":0,"parent":0,"menu_order":0,"comment_status":"closed","ping_status":"closed","template":"","meta":{"_joinchat":[],"footnotes":""},"class_list":["post-4414","page","type-page","status-publish","hentry"],"yoast_head":"<!-- This site is optimized with the Yoast SEO plugin v27.2 - https:\/\/yoast.com\/product\/yoast-seo-wordpress\/ -->\n<title>Notre soci\u00e9t\u00e9, `` marque d\u00e9pos\u00e9e &#039;&#039; depuis 1995 - Rodillos Codimar SL<\/title>\n<meta name=\"description\" content=\"Notre entreprise a des ann\u00e9es de tradition dans la fabrication de rouleaux et de convoyeurs. Nous sommes \u00e9galement une marque d\u00e9pos\u00e9e depuis 1955.\" \/>\n<meta name=\"robots\" content=\"index, follow, max-snippet:-1, max-image-preview:large, max-video-preview:-1\" \/>\n<link rel=\"canonical\" href=\"https:\/\/www.rodilloscodimar.com\/fr\/entreprise\/\" \/>\n<meta property=\"og:locale\" content=\"fr_FR\" \/>\n<meta property=\"og:type\" content=\"article\" \/>\n<meta property=\"og:title\" content=\"Notre soci\u00e9t\u00e9, `` marque d\u00e9pos\u00e9e &#039;&#039; depuis 1995 - Rodillos Codimar SL\" \/>\n<meta property=\"og:description\" content=\"Notre entreprise a des ann\u00e9es de tradition dans la fabrication de rouleaux et de convoyeurs. Nous sommes \u00e9galement une marque d\u00e9pos\u00e9e depuis 1955.\" \/>\n<meta property=\"og:url\" content=\"https:\/\/www.rodilloscodimar.com\/fr\/entreprise\/\" \/>\n<meta property=\"og:site_name\" content=\"CODIMAR\" \/>\n<meta property=\"article:modified_time\" content=\"2021-06-18T10:52:30+00:00\" \/>\n<meta name=\"twitter:card\" content=\"summary_large_image\" \/>\n<meta name=\"twitter:label1\" content=\"Dur\u00e9e de lecture estim\u00e9e\" \/>\n\t<meta name=\"twitter:data1\" content=\"4 minutes\" \/>\n<script type=\"application\/ld+json\" class=\"yoast-schema-graph\">{\"@context\":\"https:\/\/schema.org\",\"@graph\":[{\"@type\":\"WebPage\",\"@id\":\"https:\/\/www.rodilloscodimar.com\/fr\/entreprise\/\",\"url\":\"https:\/\/www.rodilloscodimar.com\/fr\/entreprise\/\",\"name\":\"Notre soci\u00e9t\u00e9, `` marque d\u00e9pos\u00e9e '' depuis 1995 - Rodillos Codimar SL\",\"isPartOf\":{\"@id\":\"https:\/\/www.rodilloscodimar.com\/fr\/#website\"},\"datePublished\":\"2020-12-15T08:01:37+00:00\",\"dateModified\":\"2021-06-18T10:52:30+00:00\",\"description\":\"Notre entreprise a des ann\u00e9es de tradition dans la fabrication de rouleaux et de convoyeurs. Nous sommes \u00e9galement une marque d\u00e9pos\u00e9e depuis 1955.\",\"breadcrumb\":{\"@id\":\"https:\/\/www.rodilloscodimar.com\/fr\/entreprise\/#breadcrumb\"},\"inLanguage\":\"fr-FR\",\"potentialAction\":[{\"@type\":\"ReadAction\",\"target\":[\"https:\/\/www.rodilloscodimar.com\/fr\/entreprise\/\"]}]},{\"@type\":\"BreadcrumbList\",\"@id\":\"https:\/\/www.rodilloscodimar.com\/fr\/entreprise\/#breadcrumb\",\"itemListElement\":[{\"@type\":\"ListItem\",\"position\":1,\"name\":\"Portada\",\"item\":\"https:\/\/www.rodilloscodimar.com\/fr\/\"},{\"@type\":\"ListItem\",\"position\":2,\"name\":\"Entreprise\"}]},{\"@type\":\"WebSite\",\"@id\":\"https:\/\/www.rodilloscodimar.com\/fr\/#website\",\"url\":\"https:\/\/www.rodilloscodimar.com\/fr\/\",\"name\":\"CODIMAR\",\"description\":\"Frabricante de Componentes , Rodillos, Estaciones y M\u00e1quinas.\",\"publisher\":{\"@id\":\"https:\/\/www.rodilloscodimar.com\/fr\/#organization\"},\"potentialAction\":[{\"@type\":\"SearchAction\",\"target\":{\"@type\":\"EntryPoint\",\"urlTemplate\":\"https:\/\/www.rodilloscodimar.com\/fr\/?s={search_term_string}\"},\"query-input\":{\"@type\":\"PropertyValueSpecification\",\"valueRequired\":true,\"valueName\":\"search_term_string\"}}],\"inLanguage\":\"fr-FR\"},{\"@type\":\"Organization\",\"@id\":\"https:\/\/www.rodilloscodimar.com\/fr\/#organization\",\"name\":\"Rodillos Codimar\",\"url\":\"https:\/\/www.rodilloscodimar.com\/fr\/\",\"logo\":{\"@type\":\"ImageObject\",\"inLanguage\":\"fr-FR\",\"@id\":\"https:\/\/www.rodilloscodimar.com\/fr\/#\/schema\/logo\/image\/\",\"url\":\"https:\/\/www.rodilloscodimar.com\/wp-content\/uploads\/2020\/01\/logo-email.jpg\",\"contentUrl\":\"https:\/\/www.rodilloscodimar.com\/wp-content\/uploads\/2020\/01\/logo-email.jpg\",\"width\":300,\"height\":299,\"caption\":\"Rodillos Codimar\"},\"image\":{\"@id\":\"https:\/\/www.rodilloscodimar.com\/fr\/#\/schema\/logo\/image\/\"}}]}<\/script>\n<!-- \/ Yoast SEO plugin. -->","yoast_head_json":{"title":"Notre soci\u00e9t\u00e9, `` marque d\u00e9pos\u00e9e '' depuis 1995 - Rodillos Codimar SL","description":"Notre entreprise a des ann\u00e9es de tradition dans la fabrication de rouleaux et de convoyeurs. Nous sommes \u00e9galement une marque d\u00e9pos\u00e9e depuis 1955.","robots":{"index":"index","follow":"follow","max-snippet":"max-snippet:-1","max-image-preview":"max-image-preview:large","max-video-preview":"max-video-preview:-1"},"canonical":"https:\/\/www.rodilloscodimar.com\/fr\/entreprise\/","og_locale":"fr_FR","og_type":"article","og_title":"Notre soci\u00e9t\u00e9, `` marque d\u00e9pos\u00e9e '' depuis 1995 - Rodillos Codimar SL","og_description":"Notre entreprise a des ann\u00e9es de tradition dans la fabrication de rouleaux et de convoyeurs. Nous sommes \u00e9galement une marque d\u00e9pos\u00e9e depuis 1955.","og_url":"https:\/\/www.rodilloscodimar.com\/fr\/entreprise\/","og_site_name":"CODIMAR","article_modified_time":"2021-06-18T10:52:30+00:00","twitter_card":"summary_large_image","twitter_misc":{"Dur\u00e9e de lecture estim\u00e9e":"4 minutes"},"schema":{"@context":"https:\/\/schema.org","@graph":[{"@type":"WebPage","@id":"https:\/\/www.rodilloscodimar.com\/fr\/entreprise\/","url":"https:\/\/www.rodilloscodimar.com\/fr\/entreprise\/","name":"Notre soci\u00e9t\u00e9, `` marque d\u00e9pos\u00e9e '' depuis 1995 - Rodillos Codimar SL","isPartOf":{"@id":"https:\/\/www.rodilloscodimar.com\/fr\/#website"},"datePublished":"2020-12-15T08:01:37+00:00","dateModified":"2021-06-18T10:52:30+00:00","description":"Notre entreprise a des ann\u00e9es de tradition dans la fabrication de rouleaux et de convoyeurs. Nous sommes \u00e9galement une marque d\u00e9pos\u00e9e depuis 1955.","breadcrumb":{"@id":"https:\/\/www.rodilloscodimar.com\/fr\/entreprise\/#breadcrumb"},"inLanguage":"fr-FR","potentialAction":[{"@type":"ReadAction","target":["https:\/\/www.rodilloscodimar.com\/fr\/entreprise\/"]}]},{"@type":"BreadcrumbList","@id":"https:\/\/www.rodilloscodimar.com\/fr\/entreprise\/#breadcrumb","itemListElement":[{"@type":"ListItem","position":1,"name":"Portada","item":"https:\/\/www.rodilloscodimar.com\/fr\/"},{"@type":"ListItem","position":2,"name":"Entreprise"}]},{"@type":"WebSite","@id":"https:\/\/www.rodilloscodimar.com\/fr\/#website","url":"https:\/\/www.rodilloscodimar.com\/fr\/","name":"CODIMAR","description":"Frabricante de Componentes , Rodillos, Estaciones y M\u00e1quinas.","publisher":{"@id":"https:\/\/www.rodilloscodimar.com\/fr\/#organization"},"potentialAction":[{"@type":"SearchAction","target":{"@type":"EntryPoint","urlTemplate":"https:\/\/www.rodilloscodimar.com\/fr\/?s={search_term_string}"},"query-input":{"@type":"PropertyValueSpecification","valueRequired":true,"valueName":"search_term_string"}}],"inLanguage":"fr-FR"},{"@type":"Organization","@id":"https:\/\/www.rodilloscodimar.com\/fr\/#organization","name":"Rodillos Codimar","url":"https:\/\/www.rodilloscodimar.com\/fr\/","logo":{"@type":"ImageObject","inLanguage":"fr-FR","@id":"https:\/\/www.rodilloscodimar.com\/fr\/#\/schema\/logo\/image\/","url":"https:\/\/www.rodilloscodimar.com\/wp-content\/uploads\/2020\/01\/logo-email.jpg","contentUrl":"https:\/\/www.rodilloscodimar.com\/wp-content\/uploads\/2020\/01\/logo-email.jpg","width":300,"height":299,"caption":"Rodillos Codimar"},"image":{"@id":"https:\/\/www.rodilloscodimar.com\/fr\/#\/schema\/logo\/image\/"}}]}},"_links":{"self":[{"href":"https:\/\/www.rodilloscodimar.com\/fr\/wp-json\/wp\/v2\/pages\/4414","targetHints":{"allow":["GET"]}}],"collection":[{"href":"https:\/\/www.rodilloscodimar.com\/fr\/wp-json\/wp\/v2\/pages"}],"about":[{"href":"https:\/\/www.rodilloscodimar.com\/fr\/wp-json\/wp\/v2\/types\/page"}],"author":[{"embeddable":true,"href":"https:\/\/www.rodilloscodimar.com\/fr\/wp-json\/wp\/v2\/users\/1"}],"replies":[{"embeddable":true,"href":"https:\/\/www.rodilloscodimar.com\/fr\/wp-json\/wp\/v2\/comments?post=4414"}],"version-history":[{"count":6,"href":"https:\/\/www.rodilloscodimar.com\/fr\/wp-json\/wp\/v2\/pages\/4414\/revisions"}],"predecessor-version":[{"id":9484,"href":"https:\/\/www.rodilloscodimar.com\/fr\/wp-json\/wp\/v2\/pages\/4414\/revisions\/9484"}],"wp:attachment":[{"href":"https:\/\/www.rodilloscodimar.com\/fr\/wp-json\/wp\/v2\/media?parent=4414"}],"curies":[{"name":"wp","href":"https:\/\/api.w.org\/{rel}","templated":true}]}}