{"id":5473,"date":"2018-10-09T17:12:47","date_gmt":"2020-12-15T17:38:56","guid":{"rendered":"https:\/\/www.rodilloscodimar.com\/producto\/roller-cp-1558m-m44-lh\/"},"modified":"2020-12-15T18:38:56","modified_gmt":"2020-12-15T17:38:56","slug":"roller-cp-1558m-m44-lh","status":"publish","type":"product","link":"https:\/\/www.rodilloscodimar.com\/en\/product\/roller-cp-1558m-m44-lh\/","title":{"rendered":"Roller CP-1558M \/ M44-LH"},"content":{"rendered":"<ul>\n<li>\u00d880&#215;3, \u00d889&#215;3, \u00d8108&#215;3.6 and \u00d8133&#215;4 metal tubes made of natural, zinc-plated or AISI 304 stainless steel.<\/li>\n<li>Transmission through 5\/8 \u201d, \u00be\u201d and 1 \u201dchain pitch sprockets.<\/li>\n<li>\u00d817, \u00d820 and \u00d825 metal shafts in calibrated natural steel F212 or AISI 303 stainless steel.<\/li>\n<li>Single or double Z15 5\/8 \u201dmetal sprocket, in natural, zinc-plated or AISI 303 stainless steel.<\/li>\n<li>Zinc plated metal head with embedded 6000 series 2RS precision bearing, or welded metal cup with 6000 2RS series precision bearings plus labyrinth seal.<\/li>\n<li>Maximum load capacity 180 Kg \/ roll.<\/li>\n<\/ul>\n","protected":false},"excerpt":{"rendered":"<p>Drive rollers for the transport of heavy loads, with embedded metal heads or electrowelded metal cups and precision bearings. <\/p>\n","protected":false},"featured_media":1702,"template":"","meta":{"_joinchat":[]},"product_brand":[],"product_cat":[129],"product_tag":[],"class_list":{"0":"post-5473","1":"product","2":"type-product","3":"status-publish","4":"has-post-thumbnail","6":"product_cat-driven-heavy-maintenance-rollers","8":"first","9":"instock","10":"shipping-taxable","11":"product-type-simple"},"yoast_head":"<!-- This site is optimized with the Yoast SEO plugin v27.2 - https:\/\/yoast.com\/product\/yoast-seo-wordpress\/ -->\n<title>Roller CP-1558M \/ M44-LH | Heavy Maintenance - Codimar SL Rollers<\/title>\n<meta name=\"description\" content=\"CP-1558M \/ M44-LH roller specific for the transport of heavy loads. Maximum load capacity 180 Kg \/ roll.\" \/>\n<meta name=\"robots\" content=\"index, follow, max-snippet:-1, max-image-preview:large, max-video-preview:-1\" \/>\n<link rel=\"canonical\" href=\"https:\/\/www.rodilloscodimar.com\/en\/product\/roller-cp-1558m-m44-lh\/\" \/>\n<meta property=\"og:locale\" content=\"en_US\" \/>\n<meta property=\"og:type\" content=\"article\" \/>\n<meta property=\"og:title\" content=\"Roller CP-1558M \/ M44-LH | Heavy Maintenance - Codimar SL Rollers\" \/>\n<meta property=\"og:description\" content=\"CP-1558M \/ M44-LH roller specific for the transport of heavy loads. Maximum load capacity 180 Kg \/ roll.\" \/>\n<meta property=\"og:url\" content=\"https:\/\/www.rodilloscodimar.com\/en\/product\/roller-cp-1558m-m44-lh\/\" \/>\n<meta property=\"og:site_name\" content=\"RODILLOS CODIMAR SL\" \/>\n<meta property=\"og:image\" content=\"https:\/\/www.rodilloscodimar.com\/wp-content\/uploads\/2018\/10\/RODILLO-RSP-Z1558D-8930-47.png\" \/>\n\t<meta property=\"og:image:width\" content=\"1440\" \/>\n\t<meta property=\"og:image:height\" content=\"1080\" \/>\n\t<meta property=\"og:image:type\" content=\"image\/png\" \/>\n<meta name=\"twitter:card\" content=\"summary_large_image\" \/>\n<script type=\"application\/ld+json\" class=\"yoast-schema-graph\">{\"@context\":\"https:\/\/schema.org\",\"@graph\":[{\"@type\":\"WebPage\",\"@id\":\"https:\/\/www.rodilloscodimar.com\/en\/product\/roller-cp-1558m-m44-lh\/\",\"url\":\"https:\/\/www.rodilloscodimar.com\/en\/product\/roller-cp-1558m-m44-lh\/\",\"name\":\"Roller CP-1558M \/ M44-LH | Heavy Maintenance - Codimar SL Rollers\",\"isPartOf\":{\"@id\":\"https:\/\/www.rodilloscodimar.com\/en\/#website\"},\"primaryImageOfPage\":{\"@id\":\"https:\/\/www.rodilloscodimar.com\/en\/product\/roller-cp-1558m-m44-lh\/#primaryimage\"},\"image\":{\"@id\":\"https:\/\/www.rodilloscodimar.com\/en\/product\/roller-cp-1558m-m44-lh\/#primaryimage\"},\"thumbnailUrl\":\"https:\/\/www.rodilloscodimar.com\/wp-content\/uploads\/2018\/10\/RODILLO-RSP-Z1558D-8930-47.png\",\"datePublished\":\"2020-12-15T17:38:56+00:00\",\"description\":\"CP-1558M \/ M44-LH roller specific for the transport of heavy loads. Maximum load capacity 180 Kg \/ roll.\",\"breadcrumb\":{\"@id\":\"https:\/\/www.rodilloscodimar.com\/en\/product\/roller-cp-1558m-m44-lh\/#breadcrumb\"},\"inLanguage\":\"en-US\",\"potentialAction\":[{\"@type\":\"ReadAction\",\"target\":[\"https:\/\/www.rodilloscodimar.com\/en\/product\/roller-cp-1558m-m44-lh\/\"]}]},{\"@type\":\"ImageObject\",\"inLanguage\":\"en-US\",\"@id\":\"https:\/\/www.rodilloscodimar.com\/en\/product\/roller-cp-1558m-m44-lh\/#primaryimage\",\"url\":\"https:\/\/www.rodilloscodimar.com\/wp-content\/uploads\/2018\/10\/RODILLO-RSP-Z1558D-8930-47.png\",\"contentUrl\":\"https:\/\/www.rodilloscodimar.com\/wp-content\/uploads\/2018\/10\/RODILLO-RSP-Z1558D-8930-47.png\",\"width\":1440,\"height\":1080,\"caption\":\"Roller CP-1558M \/ M44-LH\"},{\"@type\":\"BreadcrumbList\",\"@id\":\"https:\/\/www.rodilloscodimar.com\/en\/product\/roller-cp-1558m-m44-lh\/#breadcrumb\",\"itemListElement\":[{\"@type\":\"ListItem\",\"position\":1,\"name\":\"Portada\",\"item\":\"https:\/\/www.rodilloscodimar.com\/en\/\"},{\"@type\":\"ListItem\",\"position\":2,\"name\":\"Tienda\",\"item\":\"https:\/\/www.rodilloscodimar.com\/tienda\/\"},{\"@type\":\"ListItem\",\"position\":3,\"name\":\"Roller CP-1558M \/ M44-LH\"}]},{\"@type\":\"WebSite\",\"@id\":\"https:\/\/www.rodilloscodimar.com\/en\/#website\",\"url\":\"https:\/\/www.rodilloscodimar.com\/en\/\",\"name\":\"RODILLOS CODIMAR SL\",\"description\":\"Componentes , Rodillos, Estaciones y M\u00e1quinas.\",\"publisher\":{\"@id\":\"https:\/\/www.rodilloscodimar.com\/en\/#organization\"},\"potentialAction\":[{\"@type\":\"SearchAction\",\"target\":{\"@type\":\"EntryPoint\",\"urlTemplate\":\"https:\/\/www.rodilloscodimar.com\/en\/?s={search_term_string}\"},\"query-input\":{\"@type\":\"PropertyValueSpecification\",\"valueRequired\":true,\"valueName\":\"search_term_string\"}}],\"inLanguage\":\"en-US\"},{\"@type\":\"Organization\",\"@id\":\"https:\/\/www.rodilloscodimar.com\/en\/#organization\",\"name\":\"Rodillos Codimar\",\"url\":\"https:\/\/www.rodilloscodimar.com\/en\/\",\"logo\":{\"@type\":\"ImageObject\",\"inLanguage\":\"en-US\",\"@id\":\"https:\/\/www.rodilloscodimar.com\/en\/#\/schema\/logo\/image\/\",\"url\":\"https:\/\/www.rodilloscodimar.com\/wp-content\/uploads\/2020\/01\/logo-email.jpg\",\"contentUrl\":\"https:\/\/www.rodilloscodimar.com\/wp-content\/uploads\/2020\/01\/logo-email.jpg\",\"width\":300,\"height\":299,\"caption\":\"Rodillos Codimar\"},\"image\":{\"@id\":\"https:\/\/www.rodilloscodimar.com\/en\/#\/schema\/logo\/image\/\"}}]}<\/script>\n<!-- \/ Yoast SEO plugin. -->","yoast_head_json":{"title":"Roller CP-1558M \/ M44-LH | Heavy Maintenance - Codimar SL Rollers","description":"CP-1558M \/ M44-LH roller specific for the transport of heavy loads. Maximum load capacity 180 Kg \/ roll.","robots":{"index":"index","follow":"follow","max-snippet":"max-snippet:-1","max-image-preview":"max-image-preview:large","max-video-preview":"max-video-preview:-1"},"canonical":"https:\/\/www.rodilloscodimar.com\/en\/product\/roller-cp-1558m-m44-lh\/","og_locale":"en_US","og_type":"article","og_title":"Roller CP-1558M \/ M44-LH | Heavy Maintenance - Codimar SL Rollers","og_description":"CP-1558M \/ M44-LH roller specific for the transport of heavy loads. Maximum load capacity 180 Kg \/ roll.","og_url":"https:\/\/www.rodilloscodimar.com\/en\/product\/roller-cp-1558m-m44-lh\/","og_site_name":"RODILLOS CODIMAR SL","og_image":[{"width":1440,"height":1080,"url":"https:\/\/www.rodilloscodimar.com\/wp-content\/uploads\/2018\/10\/RODILLO-RSP-Z1558D-8930-47.png","type":"image\/png"}],"twitter_card":"summary_large_image","schema":{"@context":"https:\/\/schema.org","@graph":[{"@type":"WebPage","@id":"https:\/\/www.rodilloscodimar.com\/en\/product\/roller-cp-1558m-m44-lh\/","url":"https:\/\/www.rodilloscodimar.com\/en\/product\/roller-cp-1558m-m44-lh\/","name":"Roller CP-1558M \/ M44-LH | Heavy Maintenance - Codimar SL Rollers","isPartOf":{"@id":"https:\/\/www.rodilloscodimar.com\/en\/#website"},"primaryImageOfPage":{"@id":"https:\/\/www.rodilloscodimar.com\/en\/product\/roller-cp-1558m-m44-lh\/#primaryimage"},"image":{"@id":"https:\/\/www.rodilloscodimar.com\/en\/product\/roller-cp-1558m-m44-lh\/#primaryimage"},"thumbnailUrl":"https:\/\/www.rodilloscodimar.com\/wp-content\/uploads\/2018\/10\/RODILLO-RSP-Z1558D-8930-47.png","datePublished":"2020-12-15T17:38:56+00:00","description":"CP-1558M \/ M44-LH roller specific for the transport of heavy loads. Maximum load capacity 180 Kg \/ roll.","breadcrumb":{"@id":"https:\/\/www.rodilloscodimar.com\/en\/product\/roller-cp-1558m-m44-lh\/#breadcrumb"},"inLanguage":"en-US","potentialAction":[{"@type":"ReadAction","target":["https:\/\/www.rodilloscodimar.com\/en\/product\/roller-cp-1558m-m44-lh\/"]}]},{"@type":"ImageObject","inLanguage":"en-US","@id":"https:\/\/www.rodilloscodimar.com\/en\/product\/roller-cp-1558m-m44-lh\/#primaryimage","url":"https:\/\/www.rodilloscodimar.com\/wp-content\/uploads\/2018\/10\/RODILLO-RSP-Z1558D-8930-47.png","contentUrl":"https:\/\/www.rodilloscodimar.com\/wp-content\/uploads\/2018\/10\/RODILLO-RSP-Z1558D-8930-47.png","width":1440,"height":1080,"caption":"Roller CP-1558M \/ M44-LH"},{"@type":"BreadcrumbList","@id":"https:\/\/www.rodilloscodimar.com\/en\/product\/roller-cp-1558m-m44-lh\/#breadcrumb","itemListElement":[{"@type":"ListItem","position":1,"name":"Portada","item":"https:\/\/www.rodilloscodimar.com\/en\/"},{"@type":"ListItem","position":2,"name":"Tienda","item":"https:\/\/www.rodilloscodimar.com\/tienda\/"},{"@type":"ListItem","position":3,"name":"Roller CP-1558M \/ M44-LH"}]},{"@type":"WebSite","@id":"https:\/\/www.rodilloscodimar.com\/en\/#website","url":"https:\/\/www.rodilloscodimar.com\/en\/","name":"RODILLOS CODIMAR SL","description":"Componentes , Rodillos, Estaciones y M\u00e1quinas.","publisher":{"@id":"https:\/\/www.rodilloscodimar.com\/en\/#organization"},"potentialAction":[{"@type":"SearchAction","target":{"@type":"EntryPoint","urlTemplate":"https:\/\/www.rodilloscodimar.com\/en\/?s={search_term_string}"},"query-input":{"@type":"PropertyValueSpecification","valueRequired":true,"valueName":"search_term_string"}}],"inLanguage":"en-US"},{"@type":"Organization","@id":"https:\/\/www.rodilloscodimar.com\/en\/#organization","name":"Rodillos Codimar","url":"https:\/\/www.rodilloscodimar.com\/en\/","logo":{"@type":"ImageObject","inLanguage":"en-US","@id":"https:\/\/www.rodilloscodimar.com\/en\/#\/schema\/logo\/image\/","url":"https:\/\/www.rodilloscodimar.com\/wp-content\/uploads\/2020\/01\/logo-email.jpg","contentUrl":"https:\/\/www.rodilloscodimar.com\/wp-content\/uploads\/2020\/01\/logo-email.jpg","width":300,"height":299,"caption":"Rodillos Codimar"},"image":{"@id":"https:\/\/www.rodilloscodimar.com\/en\/#\/schema\/logo\/image\/"}}]}},"_links":{"self":[{"href":"https:\/\/www.rodilloscodimar.com\/en\/wp-json\/wp\/v2\/product\/5473","targetHints":{"allow":["GET"]}}],"collection":[{"href":"https:\/\/www.rodilloscodimar.com\/en\/wp-json\/wp\/v2\/product"}],"about":[{"href":"https:\/\/www.rodilloscodimar.com\/en\/wp-json\/wp\/v2\/types\/product"}],"wp:featuredmedia":[{"embeddable":true,"href":"https:\/\/www.rodilloscodimar.com\/en\/wp-json\/wp\/v2\/media\/1702"}],"wp:attachment":[{"href":"https:\/\/www.rodilloscodimar.com\/en\/wp-json\/wp\/v2\/media?parent=5473"}],"wp:term":[{"taxonomy":"product_brand","embeddable":true,"href":"https:\/\/www.rodilloscodimar.com\/en\/wp-json\/wp\/v2\/product_brand?post=5473"},{"taxonomy":"product_cat","embeddable":true,"href":"https:\/\/www.rodilloscodimar.com\/en\/wp-json\/wp\/v2\/product_cat?post=5473"},{"taxonomy":"product_tag","embeddable":true,"href":"https:\/\/www.rodilloscodimar.com\/en\/wp-json\/wp\/v2\/product_tag?post=5473"}],"curies":[{"name":"wp","href":"https:\/\/api.w.org\/{rel}","templated":true}]}}