{"id":5456,"date":"2018-10-09T16:29:03","date_gmt":"2020-12-15T17:38:36","guid":{"rendered":"https:\/\/www.rodilloscodimar.com\/producto\/conical-roller-cc800-t40\/"},"modified":"2020-12-15T18:38:36","modified_gmt":"2020-12-15T17:38:36","slug":"conical-roller-cc800-t40","status":"publish","type":"product","link":"https:\/\/www.rodilloscodimar.com\/en\/product\/conical-roller-cc800-t40\/","title":{"rendered":"Conical Roller CC800 \/ T40"},"content":{"rendered":"<ul>\n<li>\u00d850X1.5 metal tube made of natural steel, zinc plated \/ galvanized or AISI 304 stainless steel.<\/li>\n<li>\u00d810, \u00d812, \u00d814, \u00d815 metal shafts in calibrated natural steel F212 or AISI 303 stainless steel.<\/li>\n<li>6000 2RS (T40) series precision bearing thermoplastic heads.<\/li>\n<li>Thermoplastic cones \u00d8 smaller 53.4mm, \u00d8 bigger 119.5mm.<\/li>\n<li>Maximum load capacity 80 Kg \/ roll.<\/li>\n<\/ul>\n","protected":false},"excerpt":{"rendered":"<p>Rollers for the gravity transport of medium loads, with thermoplastic heads with precision bearings or embedded metal heads.<\/p>\n","protected":false},"featured_media":1654,"template":"","meta":{"_joinchat":[]},"product_brand":[],"product_cat":[204],"product_tag":[],"class_list":{"0":"post-5456","1":"product","2":"type-product","3":"status-publish","4":"has-post-thumbnail","6":"product_cat-medium-gravity-maintenance","8":"first","9":"instock","10":"shipping-taxable","11":"product-type-simple"},"yoast_head":"<!-- This site is optimized with the Yoast SEO plugin v27.2 - https:\/\/yoast.com\/product\/yoast-seo-wordpress\/ -->\n<title>Conical Roller CC800 \/ T40 | Medium Maintenance - Codimar SL Rollers<\/title>\n<meta name=\"description\" content=\"CC800 \/ T40 Conical Roller \u00d850X1.5 thermoplastic cone made of natural steel, zinc plated \/ galvanized or AISI 304 stainless steel.\" \/>\n<meta name=\"robots\" content=\"index, follow, max-snippet:-1, max-image-preview:large, max-video-preview:-1\" \/>\n<link rel=\"canonical\" href=\"https:\/\/www.rodilloscodimar.com\/en\/product\/conical-roller-cc800-t40\/\" \/>\n<meta property=\"og:locale\" content=\"en_US\" \/>\n<meta property=\"og:type\" content=\"article\" \/>\n<meta property=\"og:title\" content=\"Conical Roller CC800 \/ T40 | Medium Maintenance - Codimar SL Rollers\" \/>\n<meta property=\"og:description\" content=\"CC800 \/ T40 Conical Roller \u00d850X1.5 thermoplastic cone made of natural steel, zinc plated \/ galvanized or AISI 304 stainless steel.\" \/>\n<meta property=\"og:url\" content=\"https:\/\/www.rodilloscodimar.com\/en\/product\/conical-roller-cc800-t40\/\" \/>\n<meta property=\"og:site_name\" content=\"RODILLOS CODIMAR SL\" \/>\n<meta property=\"og:image\" content=\"https:\/\/www.rodilloscodimar.com\/wp-content\/uploads\/2018\/10\/CONO-LIBRE-D50.jpg\" \/>\n\t<meta property=\"og:image:width\" content=\"1440\" \/>\n\t<meta property=\"og:image:height\" content=\"1080\" \/>\n\t<meta property=\"og:image:type\" content=\"image\/jpeg\" \/>\n<meta name=\"twitter:card\" content=\"summary_large_image\" \/>\n<script type=\"application\/ld+json\" class=\"yoast-schema-graph\">{\"@context\":\"https:\/\/schema.org\",\"@graph\":[{\"@type\":\"WebPage\",\"@id\":\"https:\/\/www.rodilloscodimar.com\/en\/product\/conical-roller-cc800-t40\/\",\"url\":\"https:\/\/www.rodilloscodimar.com\/en\/product\/conical-roller-cc800-t40\/\",\"name\":\"Conical Roller CC800 \/ T40 | Medium Maintenance - Codimar SL Rollers\",\"isPartOf\":{\"@id\":\"https:\/\/www.rodilloscodimar.com\/en\/#website\"},\"primaryImageOfPage\":{\"@id\":\"https:\/\/www.rodilloscodimar.com\/en\/product\/conical-roller-cc800-t40\/#primaryimage\"},\"image\":{\"@id\":\"https:\/\/www.rodilloscodimar.com\/en\/product\/conical-roller-cc800-t40\/#primaryimage\"},\"thumbnailUrl\":\"https:\/\/www.rodilloscodimar.com\/wp-content\/uploads\/2018\/10\/CONO-LIBRE-D50.jpg\",\"datePublished\":\"2020-12-15T17:38:36+00:00\",\"description\":\"CC800 \/ T40 Conical Roller \u00d850X1.5 thermoplastic cone made of natural steel, zinc plated \/ galvanized or AISI 304 stainless steel.\",\"breadcrumb\":{\"@id\":\"https:\/\/www.rodilloscodimar.com\/en\/product\/conical-roller-cc800-t40\/#breadcrumb\"},\"inLanguage\":\"en-US\",\"potentialAction\":[{\"@type\":\"ReadAction\",\"target\":[\"https:\/\/www.rodilloscodimar.com\/en\/product\/conical-roller-cc800-t40\/\"]}]},{\"@type\":\"ImageObject\",\"inLanguage\":\"en-US\",\"@id\":\"https:\/\/www.rodilloscodimar.com\/en\/product\/conical-roller-cc800-t40\/#primaryimage\",\"url\":\"https:\/\/www.rodilloscodimar.com\/wp-content\/uploads\/2018\/10\/CONO-LIBRE-D50.jpg\",\"contentUrl\":\"https:\/\/www.rodilloscodimar.com\/wp-content\/uploads\/2018\/10\/CONO-LIBRE-D50.jpg\",\"width\":1440,\"height\":1080,\"caption\":\"Conical Roller CC800 \/ T40\"},{\"@type\":\"BreadcrumbList\",\"@id\":\"https:\/\/www.rodilloscodimar.com\/en\/product\/conical-roller-cc800-t40\/#breadcrumb\",\"itemListElement\":[{\"@type\":\"ListItem\",\"position\":1,\"name\":\"Portada\",\"item\":\"https:\/\/www.rodilloscodimar.com\/en\/\"},{\"@type\":\"ListItem\",\"position\":2,\"name\":\"Tienda\",\"item\":\"https:\/\/www.rodilloscodimar.com\/tienda\/\"},{\"@type\":\"ListItem\",\"position\":3,\"name\":\"Conical Roller CC800 \/ T40\"}]},{\"@type\":\"WebSite\",\"@id\":\"https:\/\/www.rodilloscodimar.com\/en\/#website\",\"url\":\"https:\/\/www.rodilloscodimar.com\/en\/\",\"name\":\"RODILLOS CODIMAR SL\",\"description\":\"Componentes , Rodillos, Estaciones y M\u00e1quinas.\",\"publisher\":{\"@id\":\"https:\/\/www.rodilloscodimar.com\/en\/#organization\"},\"potentialAction\":[{\"@type\":\"SearchAction\",\"target\":{\"@type\":\"EntryPoint\",\"urlTemplate\":\"https:\/\/www.rodilloscodimar.com\/en\/?s={search_term_string}\"},\"query-input\":{\"@type\":\"PropertyValueSpecification\",\"valueRequired\":true,\"valueName\":\"search_term_string\"}}],\"inLanguage\":\"en-US\"},{\"@type\":\"Organization\",\"@id\":\"https:\/\/www.rodilloscodimar.com\/en\/#organization\",\"name\":\"Rodillos Codimar\",\"url\":\"https:\/\/www.rodilloscodimar.com\/en\/\",\"logo\":{\"@type\":\"ImageObject\",\"inLanguage\":\"en-US\",\"@id\":\"https:\/\/www.rodilloscodimar.com\/en\/#\/schema\/logo\/image\/\",\"url\":\"https:\/\/www.rodilloscodimar.com\/wp-content\/uploads\/2020\/01\/logo-email.jpg\",\"contentUrl\":\"https:\/\/www.rodilloscodimar.com\/wp-content\/uploads\/2020\/01\/logo-email.jpg\",\"width\":300,\"height\":299,\"caption\":\"Rodillos Codimar\"},\"image\":{\"@id\":\"https:\/\/www.rodilloscodimar.com\/en\/#\/schema\/logo\/image\/\"}}]}<\/script>\n<!-- \/ Yoast SEO plugin. -->","yoast_head_json":{"title":"Conical Roller CC800 \/ T40 | Medium Maintenance - Codimar SL Rollers","description":"CC800 \/ T40 Conical Roller \u00d850X1.5 thermoplastic cone made of natural steel, zinc plated \/ galvanized or AISI 304 stainless steel.","robots":{"index":"index","follow":"follow","max-snippet":"max-snippet:-1","max-image-preview":"max-image-preview:large","max-video-preview":"max-video-preview:-1"},"canonical":"https:\/\/www.rodilloscodimar.com\/en\/product\/conical-roller-cc800-t40\/","og_locale":"en_US","og_type":"article","og_title":"Conical Roller CC800 \/ T40 | Medium Maintenance - Codimar SL Rollers","og_description":"CC800 \/ T40 Conical Roller \u00d850X1.5 thermoplastic cone made of natural steel, zinc plated \/ galvanized or AISI 304 stainless steel.","og_url":"https:\/\/www.rodilloscodimar.com\/en\/product\/conical-roller-cc800-t40\/","og_site_name":"RODILLOS CODIMAR SL","og_image":[{"width":1440,"height":1080,"url":"https:\/\/www.rodilloscodimar.com\/wp-content\/uploads\/2018\/10\/CONO-LIBRE-D50.jpg","type":"image\/jpeg"}],"twitter_card":"summary_large_image","schema":{"@context":"https:\/\/schema.org","@graph":[{"@type":"WebPage","@id":"https:\/\/www.rodilloscodimar.com\/en\/product\/conical-roller-cc800-t40\/","url":"https:\/\/www.rodilloscodimar.com\/en\/product\/conical-roller-cc800-t40\/","name":"Conical Roller CC800 \/ T40 | Medium Maintenance - Codimar SL Rollers","isPartOf":{"@id":"https:\/\/www.rodilloscodimar.com\/en\/#website"},"primaryImageOfPage":{"@id":"https:\/\/www.rodilloscodimar.com\/en\/product\/conical-roller-cc800-t40\/#primaryimage"},"image":{"@id":"https:\/\/www.rodilloscodimar.com\/en\/product\/conical-roller-cc800-t40\/#primaryimage"},"thumbnailUrl":"https:\/\/www.rodilloscodimar.com\/wp-content\/uploads\/2018\/10\/CONO-LIBRE-D50.jpg","datePublished":"2020-12-15T17:38:36+00:00","description":"CC800 \/ T40 Conical Roller \u00d850X1.5 thermoplastic cone made of natural steel, zinc plated \/ galvanized or AISI 304 stainless steel.","breadcrumb":{"@id":"https:\/\/www.rodilloscodimar.com\/en\/product\/conical-roller-cc800-t40\/#breadcrumb"},"inLanguage":"en-US","potentialAction":[{"@type":"ReadAction","target":["https:\/\/www.rodilloscodimar.com\/en\/product\/conical-roller-cc800-t40\/"]}]},{"@type":"ImageObject","inLanguage":"en-US","@id":"https:\/\/www.rodilloscodimar.com\/en\/product\/conical-roller-cc800-t40\/#primaryimage","url":"https:\/\/www.rodilloscodimar.com\/wp-content\/uploads\/2018\/10\/CONO-LIBRE-D50.jpg","contentUrl":"https:\/\/www.rodilloscodimar.com\/wp-content\/uploads\/2018\/10\/CONO-LIBRE-D50.jpg","width":1440,"height":1080,"caption":"Conical Roller CC800 \/ T40"},{"@type":"BreadcrumbList","@id":"https:\/\/www.rodilloscodimar.com\/en\/product\/conical-roller-cc800-t40\/#breadcrumb","itemListElement":[{"@type":"ListItem","position":1,"name":"Portada","item":"https:\/\/www.rodilloscodimar.com\/en\/"},{"@type":"ListItem","position":2,"name":"Tienda","item":"https:\/\/www.rodilloscodimar.com\/tienda\/"},{"@type":"ListItem","position":3,"name":"Conical Roller CC800 \/ T40"}]},{"@type":"WebSite","@id":"https:\/\/www.rodilloscodimar.com\/en\/#website","url":"https:\/\/www.rodilloscodimar.com\/en\/","name":"RODILLOS CODIMAR SL","description":"Componentes , Rodillos, Estaciones y M\u00e1quinas.","publisher":{"@id":"https:\/\/www.rodilloscodimar.com\/en\/#organization"},"potentialAction":[{"@type":"SearchAction","target":{"@type":"EntryPoint","urlTemplate":"https:\/\/www.rodilloscodimar.com\/en\/?s={search_term_string}"},"query-input":{"@type":"PropertyValueSpecification","valueRequired":true,"valueName":"search_term_string"}}],"inLanguage":"en-US"},{"@type":"Organization","@id":"https:\/\/www.rodilloscodimar.com\/en\/#organization","name":"Rodillos Codimar","url":"https:\/\/www.rodilloscodimar.com\/en\/","logo":{"@type":"ImageObject","inLanguage":"en-US","@id":"https:\/\/www.rodilloscodimar.com\/en\/#\/schema\/logo\/image\/","url":"https:\/\/www.rodilloscodimar.com\/wp-content\/uploads\/2020\/01\/logo-email.jpg","contentUrl":"https:\/\/www.rodilloscodimar.com\/wp-content\/uploads\/2020\/01\/logo-email.jpg","width":300,"height":299,"caption":"Rodillos Codimar"},"image":{"@id":"https:\/\/www.rodilloscodimar.com\/en\/#\/schema\/logo\/image\/"}}]}},"_links":{"self":[{"href":"https:\/\/www.rodilloscodimar.com\/en\/wp-json\/wp\/v2\/product\/5456","targetHints":{"allow":["GET"]}}],"collection":[{"href":"https:\/\/www.rodilloscodimar.com\/en\/wp-json\/wp\/v2\/product"}],"about":[{"href":"https:\/\/www.rodilloscodimar.com\/en\/wp-json\/wp\/v2\/types\/product"}],"wp:featuredmedia":[{"embeddable":true,"href":"https:\/\/www.rodilloscodimar.com\/en\/wp-json\/wp\/v2\/media\/1654"}],"wp:attachment":[{"href":"https:\/\/www.rodilloscodimar.com\/en\/wp-json\/wp\/v2\/media?parent=5456"}],"wp:term":[{"taxonomy":"product_brand","embeddable":true,"href":"https:\/\/www.rodilloscodimar.com\/en\/wp-json\/wp\/v2\/product_brand?post=5456"},{"taxonomy":"product_cat","embeddable":true,"href":"https:\/\/www.rodilloscodimar.com\/en\/wp-json\/wp\/v2\/product_cat?post=5456"},{"taxonomy":"product_tag","embeddable":true,"href":"https:\/\/www.rodilloscodimar.com\/en\/wp-json\/wp\/v2\/product_tag?post=5456"}],"curies":[{"name":"wp","href":"https:\/\/api.w.org\/{rel}","templated":true}]}}