{"id":5435,"date":"2018-10-09T16:18:13","date_gmt":"2020-12-15T17:35:56","guid":{"rendered":"https:\/\/www.rodilloscodimar.com\/producto\/cm300-m16-roller\/"},"modified":"2020-12-15T18:35:56","modified_gmt":"2020-12-15T17:35:56","slug":"roller-cm300-m16","status":"publish","type":"product","link":"https:\/\/www.rodilloscodimar.com\/en\/product\/roller-cm300-m16\/","title":{"rendered":"CM300 \/ M16 roller"},"content":{"rendered":"<ul>\n<li>\u00d830X1.5 metal tube made of natural, zinc-plated or AISI 304 stainless steel.<\/li>\n<li>\u00d86, \u00d88 and \u00d810 metal shafts, in calibrated natural steel F212 or AISI 303 stainless steel.<\/li>\n<li>Zinc-plated metallic ball row heads, deep drawn (M16).<\/li>\n<li>Maximum load capacity 60 Kg \/ roll.<\/li>\n<\/ul>\n","protected":false},"excerpt":{"rendered":"<p>Rollers for the gravity transport of medium loads, with thermoplastic heads with precision bearings or deep drawn metal heads, for maximum loads from 60 kg \/ roller (CM300), up to 300 kg \/ roller (CT1500).<\/p>\n","protected":false},"featured_media":1666,"template":"","meta":{"_joinchat":[]},"product_brand":[],"product_cat":[201],"product_tag":[],"class_list":{"0":"post-5435","1":"product","2":"type-product","3":"status-publish","4":"has-post-thumbnail","6":"product_cat-maintenance-light-gravity","8":"first","9":"instock","10":"shipping-taxable","11":"product-type-simple"},"yoast_head":"<!-- This site is optimized with the Yoast SEO plugin v27.2 - https:\/\/yoast.com\/product\/yoast-seo-wordpress\/ -->\n<title>CM300 \/ M16 roller | Medium Series Maintenance - Codimar SL Rollers<\/title>\n<meta name=\"description\" content=\"CM300 \/ M16 roller in natural steel calibrated F212. Maximum load capacity from 60 kg \/ roll (CM300), up to 300 kg \/ roll (CT1500).\" \/>\n<meta name=\"robots\" content=\"index, follow, max-snippet:-1, max-image-preview:large, max-video-preview:-1\" \/>\n<link rel=\"canonical\" href=\"https:\/\/www.rodilloscodimar.com\/en\/product\/roller-cm300-m16\/\" \/>\n<meta property=\"og:locale\" content=\"en_US\" \/>\n<meta property=\"og:type\" content=\"article\" \/>\n<meta property=\"og:title\" content=\"CM300 \/ M16 roller | Medium Series Maintenance - Codimar SL Rollers\" \/>\n<meta property=\"og:description\" content=\"CM300 \/ M16 roller in natural steel calibrated F212. Maximum load capacity from 60 kg \/ roll (CM300), up to 300 kg \/ roll (CT1500).\" \/>\n<meta property=\"og:url\" content=\"https:\/\/www.rodilloscodimar.com\/en\/product\/roller-cm300-m16\/\" \/>\n<meta property=\"og:site_name\" content=\"RODILLOS CODIMAR SL\" \/>\n<meta property=\"og:image\" content=\"https:\/\/www.rodilloscodimar.com\/wp-content\/uploads\/2018\/10\/Rodillo-MTR-40x1.5.jpg\" \/>\n\t<meta property=\"og:image:width\" content=\"1440\" \/>\n\t<meta property=\"og:image:height\" content=\"1080\" \/>\n\t<meta property=\"og:image:type\" content=\"image\/jpeg\" \/>\n<meta name=\"twitter:card\" content=\"summary_large_image\" \/>\n<script type=\"application\/ld+json\" class=\"yoast-schema-graph\">{\"@context\":\"https:\/\/schema.org\",\"@graph\":[{\"@type\":\"WebPage\",\"@id\":\"https:\/\/www.rodilloscodimar.com\/en\/product\/roller-cm300-m16\/\",\"url\":\"https:\/\/www.rodilloscodimar.com\/en\/product\/roller-cm300-m16\/\",\"name\":\"CM300 \/ M16 roller | Medium Series Maintenance - Codimar SL Rollers\",\"isPartOf\":{\"@id\":\"https:\/\/www.rodilloscodimar.com\/en\/#website\"},\"primaryImageOfPage\":{\"@id\":\"https:\/\/www.rodilloscodimar.com\/en\/product\/roller-cm300-m16\/#primaryimage\"},\"image\":{\"@id\":\"https:\/\/www.rodilloscodimar.com\/en\/product\/roller-cm300-m16\/#primaryimage\"},\"thumbnailUrl\":\"https:\/\/www.rodilloscodimar.com\/wp-content\/uploads\/2018\/10\/Rodillo-MTR-40x1.5.jpg\",\"datePublished\":\"2020-12-15T17:35:56+00:00\",\"description\":\"CM300 \/ M16 roller in natural steel calibrated F212. Maximum load capacity from 60 kg \/ roll (CM300), up to 300 kg \/ roll (CT1500).\",\"breadcrumb\":{\"@id\":\"https:\/\/www.rodilloscodimar.com\/en\/product\/roller-cm300-m16\/#breadcrumb\"},\"inLanguage\":\"en-US\",\"potentialAction\":[{\"@type\":\"ReadAction\",\"target\":[\"https:\/\/www.rodilloscodimar.com\/en\/product\/roller-cm300-m16\/\"]}]},{\"@type\":\"ImageObject\",\"inLanguage\":\"en-US\",\"@id\":\"https:\/\/www.rodilloscodimar.com\/en\/product\/roller-cm300-m16\/#primaryimage\",\"url\":\"https:\/\/www.rodilloscodimar.com\/wp-content\/uploads\/2018\/10\/Rodillo-MTR-40x1.5.jpg\",\"contentUrl\":\"https:\/\/www.rodilloscodimar.com\/wp-content\/uploads\/2018\/10\/Rodillo-MTR-40x1.5.jpg\",\"width\":1440,\"height\":1080,\"caption\":\"CM300 \/ M16 roller\"},{\"@type\":\"BreadcrumbList\",\"@id\":\"https:\/\/www.rodilloscodimar.com\/en\/product\/roller-cm300-m16\/#breadcrumb\",\"itemListElement\":[{\"@type\":\"ListItem\",\"position\":1,\"name\":\"Portada\",\"item\":\"https:\/\/www.rodilloscodimar.com\/en\/\"},{\"@type\":\"ListItem\",\"position\":2,\"name\":\"Tienda\",\"item\":\"https:\/\/www.rodilloscodimar.com\/tienda\/\"},{\"@type\":\"ListItem\",\"position\":3,\"name\":\"CM300 \/ M16 roller\"}]},{\"@type\":\"WebSite\",\"@id\":\"https:\/\/www.rodilloscodimar.com\/en\/#website\",\"url\":\"https:\/\/www.rodilloscodimar.com\/en\/\",\"name\":\"RODILLOS CODIMAR SL\",\"description\":\"Componentes , Rodillos, Estaciones y M\u00e1quinas.\",\"publisher\":{\"@id\":\"https:\/\/www.rodilloscodimar.com\/en\/#organization\"},\"potentialAction\":[{\"@type\":\"SearchAction\",\"target\":{\"@type\":\"EntryPoint\",\"urlTemplate\":\"https:\/\/www.rodilloscodimar.com\/en\/?s={search_term_string}\"},\"query-input\":{\"@type\":\"PropertyValueSpecification\",\"valueRequired\":true,\"valueName\":\"search_term_string\"}}],\"inLanguage\":\"en-US\"},{\"@type\":\"Organization\",\"@id\":\"https:\/\/www.rodilloscodimar.com\/en\/#organization\",\"name\":\"Rodillos Codimar\",\"url\":\"https:\/\/www.rodilloscodimar.com\/en\/\",\"logo\":{\"@type\":\"ImageObject\",\"inLanguage\":\"en-US\",\"@id\":\"https:\/\/www.rodilloscodimar.com\/en\/#\/schema\/logo\/image\/\",\"url\":\"https:\/\/www.rodilloscodimar.com\/wp-content\/uploads\/2020\/01\/logo-email.jpg\",\"contentUrl\":\"https:\/\/www.rodilloscodimar.com\/wp-content\/uploads\/2020\/01\/logo-email.jpg\",\"width\":300,\"height\":299,\"caption\":\"Rodillos Codimar\"},\"image\":{\"@id\":\"https:\/\/www.rodilloscodimar.com\/en\/#\/schema\/logo\/image\/\"}}]}<\/script>\n<!-- \/ Yoast SEO plugin. -->","yoast_head_json":{"title":"CM300 \/ M16 roller | Medium Series Maintenance - Codimar SL Rollers","description":"CM300 \/ M16 roller in natural steel calibrated F212. Maximum load capacity from 60 kg \/ roll (CM300), up to 300 kg \/ roll (CT1500).","robots":{"index":"index","follow":"follow","max-snippet":"max-snippet:-1","max-image-preview":"max-image-preview:large","max-video-preview":"max-video-preview:-1"},"canonical":"https:\/\/www.rodilloscodimar.com\/en\/product\/roller-cm300-m16\/","og_locale":"en_US","og_type":"article","og_title":"CM300 \/ M16 roller | Medium Series Maintenance - Codimar SL Rollers","og_description":"CM300 \/ M16 roller in natural steel calibrated F212. Maximum load capacity from 60 kg \/ roll (CM300), up to 300 kg \/ roll (CT1500).","og_url":"https:\/\/www.rodilloscodimar.com\/en\/product\/roller-cm300-m16\/","og_site_name":"RODILLOS CODIMAR SL","og_image":[{"width":1440,"height":1080,"url":"https:\/\/www.rodilloscodimar.com\/wp-content\/uploads\/2018\/10\/Rodillo-MTR-40x1.5.jpg","type":"image\/jpeg"}],"twitter_card":"summary_large_image","schema":{"@context":"https:\/\/schema.org","@graph":[{"@type":"WebPage","@id":"https:\/\/www.rodilloscodimar.com\/en\/product\/roller-cm300-m16\/","url":"https:\/\/www.rodilloscodimar.com\/en\/product\/roller-cm300-m16\/","name":"CM300 \/ M16 roller | Medium Series Maintenance - Codimar SL Rollers","isPartOf":{"@id":"https:\/\/www.rodilloscodimar.com\/en\/#website"},"primaryImageOfPage":{"@id":"https:\/\/www.rodilloscodimar.com\/en\/product\/roller-cm300-m16\/#primaryimage"},"image":{"@id":"https:\/\/www.rodilloscodimar.com\/en\/product\/roller-cm300-m16\/#primaryimage"},"thumbnailUrl":"https:\/\/www.rodilloscodimar.com\/wp-content\/uploads\/2018\/10\/Rodillo-MTR-40x1.5.jpg","datePublished":"2020-12-15T17:35:56+00:00","description":"CM300 \/ M16 roller in natural steel calibrated F212. Maximum load capacity from 60 kg \/ roll (CM300), up to 300 kg \/ roll (CT1500).","breadcrumb":{"@id":"https:\/\/www.rodilloscodimar.com\/en\/product\/roller-cm300-m16\/#breadcrumb"},"inLanguage":"en-US","potentialAction":[{"@type":"ReadAction","target":["https:\/\/www.rodilloscodimar.com\/en\/product\/roller-cm300-m16\/"]}]},{"@type":"ImageObject","inLanguage":"en-US","@id":"https:\/\/www.rodilloscodimar.com\/en\/product\/roller-cm300-m16\/#primaryimage","url":"https:\/\/www.rodilloscodimar.com\/wp-content\/uploads\/2018\/10\/Rodillo-MTR-40x1.5.jpg","contentUrl":"https:\/\/www.rodilloscodimar.com\/wp-content\/uploads\/2018\/10\/Rodillo-MTR-40x1.5.jpg","width":1440,"height":1080,"caption":"CM300 \/ M16 roller"},{"@type":"BreadcrumbList","@id":"https:\/\/www.rodilloscodimar.com\/en\/product\/roller-cm300-m16\/#breadcrumb","itemListElement":[{"@type":"ListItem","position":1,"name":"Portada","item":"https:\/\/www.rodilloscodimar.com\/en\/"},{"@type":"ListItem","position":2,"name":"Tienda","item":"https:\/\/www.rodilloscodimar.com\/tienda\/"},{"@type":"ListItem","position":3,"name":"CM300 \/ M16 roller"}]},{"@type":"WebSite","@id":"https:\/\/www.rodilloscodimar.com\/en\/#website","url":"https:\/\/www.rodilloscodimar.com\/en\/","name":"RODILLOS CODIMAR SL","description":"Componentes , Rodillos, Estaciones y M\u00e1quinas.","publisher":{"@id":"https:\/\/www.rodilloscodimar.com\/en\/#organization"},"potentialAction":[{"@type":"SearchAction","target":{"@type":"EntryPoint","urlTemplate":"https:\/\/www.rodilloscodimar.com\/en\/?s={search_term_string}"},"query-input":{"@type":"PropertyValueSpecification","valueRequired":true,"valueName":"search_term_string"}}],"inLanguage":"en-US"},{"@type":"Organization","@id":"https:\/\/www.rodilloscodimar.com\/en\/#organization","name":"Rodillos Codimar","url":"https:\/\/www.rodilloscodimar.com\/en\/","logo":{"@type":"ImageObject","inLanguage":"en-US","@id":"https:\/\/www.rodilloscodimar.com\/en\/#\/schema\/logo\/image\/","url":"https:\/\/www.rodilloscodimar.com\/wp-content\/uploads\/2020\/01\/logo-email.jpg","contentUrl":"https:\/\/www.rodilloscodimar.com\/wp-content\/uploads\/2020\/01\/logo-email.jpg","width":300,"height":299,"caption":"Rodillos Codimar"},"image":{"@id":"https:\/\/www.rodilloscodimar.com\/en\/#\/schema\/logo\/image\/"}}]}},"_links":{"self":[{"href":"https:\/\/www.rodilloscodimar.com\/en\/wp-json\/wp\/v2\/product\/5435","targetHints":{"allow":["GET"]}}],"collection":[{"href":"https:\/\/www.rodilloscodimar.com\/en\/wp-json\/wp\/v2\/product"}],"about":[{"href":"https:\/\/www.rodilloscodimar.com\/en\/wp-json\/wp\/v2\/types\/product"}],"wp:featuredmedia":[{"embeddable":true,"href":"https:\/\/www.rodilloscodimar.com\/en\/wp-json\/wp\/v2\/media\/1666"}],"wp:attachment":[{"href":"https:\/\/www.rodilloscodimar.com\/en\/wp-json\/wp\/v2\/media?parent=5435"}],"wp:term":[{"taxonomy":"product_brand","embeddable":true,"href":"https:\/\/www.rodilloscodimar.com\/en\/wp-json\/wp\/v2\/product_brand?post=5435"},{"taxonomy":"product_cat","embeddable":true,"href":"https:\/\/www.rodilloscodimar.com\/en\/wp-json\/wp\/v2\/product_cat?post=5435"},{"taxonomy":"product_tag","embeddable":true,"href":"https:\/\/www.rodilloscodimar.com\/en\/wp-json\/wp\/v2\/product_tag?post=5435"}],"curies":[{"name":"wp","href":"https:\/\/api.w.org\/{rel}","templated":true}]}}