{"id":5413,"date":"2018-10-09T13:52:06","date_gmt":"2020-12-15T17:34:51","guid":{"rendered":"https:\/\/www.rodilloscodimar.com\/producto\/toothed-belt-roller-cp-m8-z20-t40-t30\/"},"modified":"2020-12-15T18:34:51","modified_gmt":"2020-12-15T17:34:51","slug":"toothed-belt-roller-cp-m8-z20-t40-t30","status":"publish","type":"product","link":"https:\/\/www.rodilloscodimar.com\/en\/product\/toothed-belt-roller-cp-m8-z20-t40-t30\/","title":{"rendered":"Toothed Belt Roller CP-M8 Z20 \/ T40-T30"},"content":{"rendered":"<ul>\n<li>Metal tube \u00d850&#215;1.5, \u00d860&#215;1.5, \u00d860&#215;2, \u00d880&#215;2 made of natural steel, zinc plated \/ galvanized or AISI 304 stainless steel.<\/li>\n<li>RAL 7001 gray PVC pipe \u00d850&#215;2.3 and \u00d863&#215;3 (blue RAL 5015 PVC also possible).<\/li>\n<li>\u00d812, \u00d814 and \u00d815 metal shafts in calibrated natural steel F212 or AISI 303 stainless steel.<\/li>\n<li>Thermoplastic heads with precision bearing 6000 series 2RS for fixed roller (T40) and with double row of balls for accumulation roller (T30).<\/li>\n<li>Thermoplastic toothed belt module 8 Z20, fixed and accumulation option.<\/li>\n<li>Maximum load capacity 240 Kg \/ roll.<\/li>\n<\/ul>\n<p>&nbsp;<\/p>\n<h4><b>Download the Product PDF<\/b><\/h4>\n<p><a href=\"https:\/\/www.rodilloscodimar.com\/wp-content\/uploads\/2018\/11\/45-CP-M8-Z20-PVC.pdf\" target=\"_blank\" rel=\"noopener\"><img decoding=\"async\" class=\"alignnone wp-image-2311 size-thumbnail\" src=\"https:\/\/www.rodilloscodimar.com\/wp-content\/uploads\/2018\/10\/pdf-icon-150x150.png\" alt=\"\" width=\"150\" height=\"150\" srcset=\"https:\/\/www.rodilloscodimar.com\/wp-content\/uploads\/2018\/10\/pdf-icon-150x150.png 150w, https:\/\/www.rodilloscodimar.com\/wp-content\/uploads\/2018\/10\/pdf-icon-146x146.png 146w, https:\/\/www.rodilloscodimar.com\/wp-content\/uploads\/2018\/10\/pdf-icon-50x50.png 50w, https:\/\/www.rodilloscodimar.com\/wp-content\/uploads\/2018\/10\/pdf-icon-75x75.png 75w, https:\/\/www.rodilloscodimar.com\/wp-content\/uploads\/2018\/10\/pdf-icon-85x85.png 85w, https:\/\/www.rodilloscodimar.com\/wp-content\/uploads\/2018\/10\/pdf-icon-80x80.png 80w, https:\/\/www.rodilloscodimar.com\/wp-content\/uploads\/2018\/10\/pdf-icon.png 200w\" sizes=\"(max-width: 150px) 100vw, 150px\" \/> <\/a><a href=\"https:\/\/www.rodilloscodimar.com\/wp-content\/uploads\/2018\/11\/46-CP-M8-Z20-METAL.pdf\" target=\"_blank\" rel=\"noopener\"><img decoding=\"async\" class=\"alignnone wp-image-2311 size-thumbnail\" src=\"https:\/\/www.rodilloscodimar.com\/wp-content\/uploads\/2018\/10\/pdf-icon-150x150.png\" alt=\"\" width=\"150\" height=\"150\" srcset=\"https:\/\/www.rodilloscodimar.com\/wp-content\/uploads\/2018\/10\/pdf-icon-150x150.png 150w, https:\/\/www.rodilloscodimar.com\/wp-content\/uploads\/2018\/10\/pdf-icon-146x146.png 146w, https:\/\/www.rodilloscodimar.com\/wp-content\/uploads\/2018\/10\/pdf-icon-50x50.png 50w, https:\/\/www.rodilloscodimar.com\/wp-content\/uploads\/2018\/10\/pdf-icon-75x75.png 75w, https:\/\/www.rodilloscodimar.com\/wp-content\/uploads\/2018\/10\/pdf-icon-85x85.png 85w, https:\/\/www.rodilloscodimar.com\/wp-content\/uploads\/2018\/10\/pdf-icon-80x80.png 80w, https:\/\/www.rodilloscodimar.com\/wp-content\/uploads\/2018\/10\/pdf-icon.png 200w\" sizes=\"(max-width: 150px) 100vw, 150px\" \/><\/a><\/p>\n","protected":false},"excerpt":{"rendered":"<p>Drive rollers for the transport of medium loads. Transmission by round cord, M8 Z20 toothed belt, POLY-V belt or \u00bd \u201dchain pitch sprockets in stationary or accumulation applications.<\/p>\n","protected":false},"featured_media":1605,"template":"","meta":{"_joinchat":[]},"product_brand":[],"product_cat":[208],"product_tag":[],"class_list":{"0":"post-5413","1":"product","2":"type-product","3":"status-publish","4":"has-post-thumbnail","6":"product_cat-medium-series-maintenance","8":"first","9":"instock","10":"shipping-taxable","11":"product-type-simple"},"yoast_head":"<!-- This site is optimized with the Yoast SEO plugin v27.2 - https:\/\/yoast.com\/product\/yoast-seo-wordpress\/ -->\n<title>Toothed Belt Roller CP-M8 Z20 \/ T40 | Rollers - Codimar Rollers<\/title>\n<meta name=\"description\" content=\"Toothed Belt Roller CP-M8 Z20 \/ T40-T30 driving rollers for the transport of medium loads, maximum maximum load 240 Kg \/ roller. More details here.\" \/>\n<meta name=\"robots\" content=\"index, follow, max-snippet:-1, max-image-preview:large, max-video-preview:-1\" \/>\n<link rel=\"canonical\" href=\"https:\/\/www.rodilloscodimar.com\/en\/product\/toothed-belt-roller-cp-m8-z20-t40-t30\/\" \/>\n<meta property=\"og:locale\" content=\"en_US\" \/>\n<meta property=\"og:type\" content=\"article\" \/>\n<meta property=\"og:title\" content=\"Toothed Belt Roller CP-M8 Z20 \/ T40 | Rollers - Codimar Rollers\" \/>\n<meta property=\"og:description\" content=\"Toothed Belt Roller CP-M8 Z20 \/ T40-T30 driving rollers for the transport of medium loads, maximum maximum load 240 Kg \/ roller. More details here.\" \/>\n<meta property=\"og:url\" content=\"https:\/\/www.rodilloscodimar.com\/en\/product\/toothed-belt-roller-cp-m8-z20-t40-t30\/\" \/>\n<meta property=\"og:site_name\" content=\"RODILLOS CODIMAR SL\" \/>\n<meta property=\"og:image\" content=\"https:\/\/www.rodilloscodimar.com\/wp-content\/uploads\/2018\/10\/rodillo-polea-Z20M8PVC-copia.png\" \/>\n\t<meta property=\"og:image:width\" content=\"1440\" \/>\n\t<meta property=\"og:image:height\" content=\"1080\" \/>\n\t<meta property=\"og:image:type\" content=\"image\/png\" \/>\n<meta name=\"twitter:card\" content=\"summary_large_image\" \/>\n<script type=\"application\/ld+json\" class=\"yoast-schema-graph\">{\"@context\":\"https:\/\/schema.org\",\"@graph\":[{\"@type\":\"WebPage\",\"@id\":\"https:\/\/www.rodilloscodimar.com\/en\/product\/toothed-belt-roller-cp-m8-z20-t40-t30\/\",\"url\":\"https:\/\/www.rodilloscodimar.com\/en\/product\/toothed-belt-roller-cp-m8-z20-t40-t30\/\",\"name\":\"Toothed Belt Roller CP-M8 Z20 \/ T40 | Rollers - Codimar Rollers\",\"isPartOf\":{\"@id\":\"https:\/\/www.rodilloscodimar.com\/en\/#website\"},\"primaryImageOfPage\":{\"@id\":\"https:\/\/www.rodilloscodimar.com\/en\/product\/toothed-belt-roller-cp-m8-z20-t40-t30\/#primaryimage\"},\"image\":{\"@id\":\"https:\/\/www.rodilloscodimar.com\/en\/product\/toothed-belt-roller-cp-m8-z20-t40-t30\/#primaryimage\"},\"thumbnailUrl\":\"https:\/\/www.rodilloscodimar.com\/wp-content\/uploads\/2018\/10\/rodillo-polea-Z20M8PVC-copia.png\",\"datePublished\":\"2020-12-15T17:34:51+00:00\",\"description\":\"Toothed Belt Roller CP-M8 Z20 \/ T40-T30 driving rollers for the transport of medium loads, maximum maximum load 240 Kg \/ roller. More details here.\",\"breadcrumb\":{\"@id\":\"https:\/\/www.rodilloscodimar.com\/en\/product\/toothed-belt-roller-cp-m8-z20-t40-t30\/#breadcrumb\"},\"inLanguage\":\"en-US\",\"potentialAction\":[{\"@type\":\"ReadAction\",\"target\":[\"https:\/\/www.rodilloscodimar.com\/en\/product\/toothed-belt-roller-cp-m8-z20-t40-t30\/\"]}]},{\"@type\":\"ImageObject\",\"inLanguage\":\"en-US\",\"@id\":\"https:\/\/www.rodilloscodimar.com\/en\/product\/toothed-belt-roller-cp-m8-z20-t40-t30\/#primaryimage\",\"url\":\"https:\/\/www.rodilloscodimar.com\/wp-content\/uploads\/2018\/10\/rodillo-polea-Z20M8PVC-copia.png\",\"contentUrl\":\"https:\/\/www.rodilloscodimar.com\/wp-content\/uploads\/2018\/10\/rodillo-polea-Z20M8PVC-copia.png\",\"width\":1440,\"height\":1080,\"caption\":\"Toothed Belt Roller CP-M8 Z20 \/ T40-T30\"},{\"@type\":\"BreadcrumbList\",\"@id\":\"https:\/\/www.rodilloscodimar.com\/en\/product\/toothed-belt-roller-cp-m8-z20-t40-t30\/#breadcrumb\",\"itemListElement\":[{\"@type\":\"ListItem\",\"position\":1,\"name\":\"Portada\",\"item\":\"https:\/\/www.rodilloscodimar.com\/en\/\"},{\"@type\":\"ListItem\",\"position\":2,\"name\":\"Tienda\",\"item\":\"https:\/\/www.rodilloscodimar.com\/tienda\/\"},{\"@type\":\"ListItem\",\"position\":3,\"name\":\"Toothed Belt Roller CP-M8 Z20 \/ T40-T30\"}]},{\"@type\":\"WebSite\",\"@id\":\"https:\/\/www.rodilloscodimar.com\/en\/#website\",\"url\":\"https:\/\/www.rodilloscodimar.com\/en\/\",\"name\":\"RODILLOS CODIMAR SL\",\"description\":\"Componentes , Rodillos, Estaciones y M\u00e1quinas.\",\"publisher\":{\"@id\":\"https:\/\/www.rodilloscodimar.com\/en\/#organization\"},\"potentialAction\":[{\"@type\":\"SearchAction\",\"target\":{\"@type\":\"EntryPoint\",\"urlTemplate\":\"https:\/\/www.rodilloscodimar.com\/en\/?s={search_term_string}\"},\"query-input\":{\"@type\":\"PropertyValueSpecification\",\"valueRequired\":true,\"valueName\":\"search_term_string\"}}],\"inLanguage\":\"en-US\"},{\"@type\":\"Organization\",\"@id\":\"https:\/\/www.rodilloscodimar.com\/en\/#organization\",\"name\":\"Rodillos Codimar\",\"url\":\"https:\/\/www.rodilloscodimar.com\/en\/\",\"logo\":{\"@type\":\"ImageObject\",\"inLanguage\":\"en-US\",\"@id\":\"https:\/\/www.rodilloscodimar.com\/en\/#\/schema\/logo\/image\/\",\"url\":\"https:\/\/www.rodilloscodimar.com\/wp-content\/uploads\/2020\/01\/logo-email.jpg\",\"contentUrl\":\"https:\/\/www.rodilloscodimar.com\/wp-content\/uploads\/2020\/01\/logo-email.jpg\",\"width\":300,\"height\":299,\"caption\":\"Rodillos Codimar\"},\"image\":{\"@id\":\"https:\/\/www.rodilloscodimar.com\/en\/#\/schema\/logo\/image\/\"}}]}<\/script>\n<!-- \/ Yoast SEO plugin. -->","yoast_head_json":{"title":"Toothed Belt Roller CP-M8 Z20 \/ T40 | Rollers - Codimar Rollers","description":"Toothed Belt Roller CP-M8 Z20 \/ T40-T30 driving rollers for the transport of medium loads, maximum maximum load 240 Kg \/ roller. More details here.","robots":{"index":"index","follow":"follow","max-snippet":"max-snippet:-1","max-image-preview":"max-image-preview:large","max-video-preview":"max-video-preview:-1"},"canonical":"https:\/\/www.rodilloscodimar.com\/en\/product\/toothed-belt-roller-cp-m8-z20-t40-t30\/","og_locale":"en_US","og_type":"article","og_title":"Toothed Belt Roller CP-M8 Z20 \/ T40 | Rollers - Codimar Rollers","og_description":"Toothed Belt Roller CP-M8 Z20 \/ T40-T30 driving rollers for the transport of medium loads, maximum maximum load 240 Kg \/ roller. More details here.","og_url":"https:\/\/www.rodilloscodimar.com\/en\/product\/toothed-belt-roller-cp-m8-z20-t40-t30\/","og_site_name":"RODILLOS CODIMAR SL","og_image":[{"width":1440,"height":1080,"url":"https:\/\/www.rodilloscodimar.com\/wp-content\/uploads\/2018\/10\/rodillo-polea-Z20M8PVC-copia.png","type":"image\/png"}],"twitter_card":"summary_large_image","schema":{"@context":"https:\/\/schema.org","@graph":[{"@type":"WebPage","@id":"https:\/\/www.rodilloscodimar.com\/en\/product\/toothed-belt-roller-cp-m8-z20-t40-t30\/","url":"https:\/\/www.rodilloscodimar.com\/en\/product\/toothed-belt-roller-cp-m8-z20-t40-t30\/","name":"Toothed Belt Roller CP-M8 Z20 \/ T40 | Rollers - Codimar Rollers","isPartOf":{"@id":"https:\/\/www.rodilloscodimar.com\/en\/#website"},"primaryImageOfPage":{"@id":"https:\/\/www.rodilloscodimar.com\/en\/product\/toothed-belt-roller-cp-m8-z20-t40-t30\/#primaryimage"},"image":{"@id":"https:\/\/www.rodilloscodimar.com\/en\/product\/toothed-belt-roller-cp-m8-z20-t40-t30\/#primaryimage"},"thumbnailUrl":"https:\/\/www.rodilloscodimar.com\/wp-content\/uploads\/2018\/10\/rodillo-polea-Z20M8PVC-copia.png","datePublished":"2020-12-15T17:34:51+00:00","description":"Toothed Belt Roller CP-M8 Z20 \/ T40-T30 driving rollers for the transport of medium loads, maximum maximum load 240 Kg \/ roller. More details here.","breadcrumb":{"@id":"https:\/\/www.rodilloscodimar.com\/en\/product\/toothed-belt-roller-cp-m8-z20-t40-t30\/#breadcrumb"},"inLanguage":"en-US","potentialAction":[{"@type":"ReadAction","target":["https:\/\/www.rodilloscodimar.com\/en\/product\/toothed-belt-roller-cp-m8-z20-t40-t30\/"]}]},{"@type":"ImageObject","inLanguage":"en-US","@id":"https:\/\/www.rodilloscodimar.com\/en\/product\/toothed-belt-roller-cp-m8-z20-t40-t30\/#primaryimage","url":"https:\/\/www.rodilloscodimar.com\/wp-content\/uploads\/2018\/10\/rodillo-polea-Z20M8PVC-copia.png","contentUrl":"https:\/\/www.rodilloscodimar.com\/wp-content\/uploads\/2018\/10\/rodillo-polea-Z20M8PVC-copia.png","width":1440,"height":1080,"caption":"Toothed Belt Roller CP-M8 Z20 \/ T40-T30"},{"@type":"BreadcrumbList","@id":"https:\/\/www.rodilloscodimar.com\/en\/product\/toothed-belt-roller-cp-m8-z20-t40-t30\/#breadcrumb","itemListElement":[{"@type":"ListItem","position":1,"name":"Portada","item":"https:\/\/www.rodilloscodimar.com\/en\/"},{"@type":"ListItem","position":2,"name":"Tienda","item":"https:\/\/www.rodilloscodimar.com\/tienda\/"},{"@type":"ListItem","position":3,"name":"Toothed Belt Roller CP-M8 Z20 \/ T40-T30"}]},{"@type":"WebSite","@id":"https:\/\/www.rodilloscodimar.com\/en\/#website","url":"https:\/\/www.rodilloscodimar.com\/en\/","name":"RODILLOS CODIMAR SL","description":"Componentes , Rodillos, Estaciones y M\u00e1quinas.","publisher":{"@id":"https:\/\/www.rodilloscodimar.com\/en\/#organization"},"potentialAction":[{"@type":"SearchAction","target":{"@type":"EntryPoint","urlTemplate":"https:\/\/www.rodilloscodimar.com\/en\/?s={search_term_string}"},"query-input":{"@type":"PropertyValueSpecification","valueRequired":true,"valueName":"search_term_string"}}],"inLanguage":"en-US"},{"@type":"Organization","@id":"https:\/\/www.rodilloscodimar.com\/en\/#organization","name":"Rodillos Codimar","url":"https:\/\/www.rodilloscodimar.com\/en\/","logo":{"@type":"ImageObject","inLanguage":"en-US","@id":"https:\/\/www.rodilloscodimar.com\/en\/#\/schema\/logo\/image\/","url":"https:\/\/www.rodilloscodimar.com\/wp-content\/uploads\/2020\/01\/logo-email.jpg","contentUrl":"https:\/\/www.rodilloscodimar.com\/wp-content\/uploads\/2020\/01\/logo-email.jpg","width":300,"height":299,"caption":"Rodillos Codimar"},"image":{"@id":"https:\/\/www.rodilloscodimar.com\/en\/#\/schema\/logo\/image\/"}}]}},"_links":{"self":[{"href":"https:\/\/www.rodilloscodimar.com\/en\/wp-json\/wp\/v2\/product\/5413","targetHints":{"allow":["GET"]}}],"collection":[{"href":"https:\/\/www.rodilloscodimar.com\/en\/wp-json\/wp\/v2\/product"}],"about":[{"href":"https:\/\/www.rodilloscodimar.com\/en\/wp-json\/wp\/v2\/types\/product"}],"wp:featuredmedia":[{"embeddable":true,"href":"https:\/\/www.rodilloscodimar.com\/en\/wp-json\/wp\/v2\/media\/1605"}],"wp:attachment":[{"href":"https:\/\/www.rodilloscodimar.com\/en\/wp-json\/wp\/v2\/media?parent=5413"}],"wp:term":[{"taxonomy":"product_brand","embeddable":true,"href":"https:\/\/www.rodilloscodimar.com\/en\/wp-json\/wp\/v2\/product_brand?post=5413"},{"taxonomy":"product_cat","embeddable":true,"href":"https:\/\/www.rodilloscodimar.com\/en\/wp-json\/wp\/v2\/product_cat?post=5413"},{"taxonomy":"product_tag","embeddable":true,"href":"https:\/\/www.rodilloscodimar.com\/en\/wp-json\/wp\/v2\/product_tag?post=5413"}],"curies":[{"name":"wp","href":"https:\/\/api.w.org\/{rel}","templated":true}]}}