{"id":5395,"date":"2018-10-09T12:56:51","date_gmt":"2020-12-15T17:34:33","guid":{"rendered":"https:\/\/www.rodilloscodimar.com\/producto\/roller-cp-411-t-m-t40-t30\/"},"modified":"2020-12-15T18:34:33","modified_gmt":"2020-12-15T17:34:33","slug":"roller-cp-411-tm-t40-t30","status":"publish","type":"product","link":"https:\/\/www.rodilloscodimar.com\/en\/product\/roller-cp-411-tm-t40-t30\/","title":{"rendered":"Roller CP-411 T \/ M T40-T30"},"content":{"rendered":"<ul>\n<li style=\"list-style-type: none;\">\n<ul>\n<li>\u00d850X1.5, \u00d860&#215;1.5 and \u00d880&#215;2 metal tube made of natural, galvanized \/ galvanized or stainless steel.<\/li>\n<li>RAL 7001 gray PVC pipe \u00d850&#215;2.3 and \u00d863&#215;3 (blue RAL 5015 PVC also possible).<\/li>\n<li>\u00d812 and \u00d814 metal shafts in calibrated natural steel F212 or AISI 303 stainless steel.<\/li>\n<li>Z11 \u00bd \u201dsingle pinion, thermoplastic or metallic, fixed or friction.<\/li>\n<li>Thermoplastic heads with precision bearing 6000 series 2RS for fixed roller (T40) and with double row of balls for accumulation roller (T30).<\/li>\n<li>Maximum load capacity 100 Kg \/ roll.<\/li>\n<\/ul>\n<\/li>\n<\/ul>\n<p>&nbsp;<\/p>\n<h4><b>Download the Product PDF<\/b><\/h4>\n<p><a href=\"https:\/\/www.rodilloscodimar.com\/wp-content\/uploads\/2018\/10\/37-CP-411T-T40-T309.pdf\" target=\"_blank\" rel=\"noopener noreferrer\"><img decoding=\"async\" class=\"alignnone wp-image-2311 size-thumbnail\" src=\"https:\/\/www.rodilloscodimar.com\/wp-content\/uploads\/2018\/10\/pdf-icon-150x150.png\" alt=\"\" width=\"150\" height=\"150\" srcset=\"https:\/\/www.rodilloscodimar.com\/wp-content\/uploads\/2018\/10\/pdf-icon-150x150.png 150w, https:\/\/www.rodilloscodimar.com\/wp-content\/uploads\/2018\/10\/pdf-icon-146x146.png 146w, https:\/\/www.rodilloscodimar.com\/wp-content\/uploads\/2018\/10\/pdf-icon-50x50.png 50w, https:\/\/www.rodilloscodimar.com\/wp-content\/uploads\/2018\/10\/pdf-icon-75x75.png 75w, https:\/\/www.rodilloscodimar.com\/wp-content\/uploads\/2018\/10\/pdf-icon-85x85.png 85w, https:\/\/www.rodilloscodimar.com\/wp-content\/uploads\/2018\/10\/pdf-icon-80x80.png 80w, https:\/\/www.rodilloscodimar.com\/wp-content\/uploads\/2018\/10\/pdf-icon.png 200w\" sizes=\"(max-width: 150px) 100vw, 150px\" \/><\/a><\/p>\n<p><strong>Specifications Roller CP-411T \/ T40 \/ T30<\/strong><\/p>\n<p><a href=\"https:\/\/www.rodilloscodimar.com\/wp-content\/uploads\/2018\/10\/38-CP-411M-T40-T304.pdf\" target=\"_blank\" rel=\"noopener noreferrer\"><img decoding=\"async\" class=\"alignnone wp-image-2311 size-thumbnail\" src=\"https:\/\/www.rodilloscodimar.com\/wp-content\/uploads\/2018\/10\/pdf-icon-150x150.png\" alt=\"\" width=\"150\" height=\"150\" srcset=\"https:\/\/www.rodilloscodimar.com\/wp-content\/uploads\/2018\/10\/pdf-icon-150x150.png 150w, https:\/\/www.rodilloscodimar.com\/wp-content\/uploads\/2018\/10\/pdf-icon-146x146.png 146w, https:\/\/www.rodilloscodimar.com\/wp-content\/uploads\/2018\/10\/pdf-icon-50x50.png 50w, https:\/\/www.rodilloscodimar.com\/wp-content\/uploads\/2018\/10\/pdf-icon-75x75.png 75w, https:\/\/www.rodilloscodimar.com\/wp-content\/uploads\/2018\/10\/pdf-icon-85x85.png 85w, https:\/\/www.rodilloscodimar.com\/wp-content\/uploads\/2018\/10\/pdf-icon-80x80.png 80w, https:\/\/www.rodilloscodimar.com\/wp-content\/uploads\/2018\/10\/pdf-icon.png 200w\" sizes=\"(max-width: 150px) 100vw, 150px\" \/><\/a><\/p>\n<p><strong>Specifications Roller CP-411M \/ T40 \/ T30 <\/strong><\/p>\n","protected":false},"excerpt":{"rendered":"<p>Drive rollers for the transport of medium loads, with thermoplastic heads with precision bearings or deep drawn metal heads. Transmission by round cord, M8 Z20 toothed belt, POLY-V belt or \u00bd \u201dchain pitch sprockets in stationary or accumulation applications.<\/p>\n","protected":false},"featured_media":1617,"template":"","meta":{"_joinchat":[]},"product_brand":[],"product_cat":[150],"product_tag":[],"class_list":{"0":"post-5395","1":"product","2":"type-product","3":"status-publish","4":"has-post-thumbnail","6":"product_cat-medium-maintenance-driven","8":"first","9":"instock","10":"shipping-taxable","11":"product-type-simple"},"yoast_head":"<!-- This site is optimized with the Yoast SEO plugin v27.2 - https:\/\/yoast.com\/product\/yoast-seo-wordpress\/ -->\n<title>Roller CP-411T \/ MT40-T30 | Medium Maintenance - Codimar SL Rollers<\/title>\n<meta name=\"description\" content=\"Roller CP-411T \/ MT40-T30 driving rollers for the transport of medium loads, with thermoplastic heads with precision bearings.\" \/>\n<meta name=\"robots\" content=\"index, follow, max-snippet:-1, max-image-preview:large, max-video-preview:-1\" \/>\n<link rel=\"canonical\" href=\"https:\/\/www.rodilloscodimar.com\/en\/product\/roller-cp-411-tm-t40-t30\/\" \/>\n<meta property=\"og:locale\" content=\"en_US\" \/>\n<meta property=\"og:type\" content=\"article\" \/>\n<meta property=\"og:title\" content=\"Roller CP-411T \/ MT40-T30 | Medium Maintenance - Codimar SL Rollers\" \/>\n<meta property=\"og:description\" content=\"Roller CP-411T \/ MT40-T30 driving rollers for the transport of medium loads, with thermoplastic heads with precision bearings.\" \/>\n<meta property=\"og:url\" content=\"https:\/\/www.rodilloscodimar.com\/en\/product\/roller-cp-411-tm-t40-t30\/\" \/>\n<meta property=\"og:site_name\" content=\"RODILLOS CODIMAR SL\" \/>\n<meta property=\"og:image\" content=\"https:\/\/www.rodilloscodimar.com\/wp-content\/uploads\/2018\/10\/RODILLO-PI\u00d1ON-Z1112S-SB-CINC-CINC1-1.png\" \/>\n\t<meta property=\"og:image:width\" content=\"1440\" \/>\n\t<meta property=\"og:image:height\" content=\"1080\" \/>\n\t<meta property=\"og:image:type\" content=\"image\/png\" \/>\n<meta name=\"twitter:card\" content=\"summary_large_image\" \/>\n<script type=\"application\/ld+json\" class=\"yoast-schema-graph\">{\"@context\":\"https:\/\/schema.org\",\"@graph\":[{\"@type\":\"WebPage\",\"@id\":\"https:\/\/www.rodilloscodimar.com\/en\/product\/roller-cp-411-tm-t40-t30\/\",\"url\":\"https:\/\/www.rodilloscodimar.com\/en\/product\/roller-cp-411-tm-t40-t30\/\",\"name\":\"Roller CP-411T \/ MT40-T30 | Medium Maintenance - Codimar SL Rollers\",\"isPartOf\":{\"@id\":\"https:\/\/www.rodilloscodimar.com\/en\/#website\"},\"primaryImageOfPage\":{\"@id\":\"https:\/\/www.rodilloscodimar.com\/en\/product\/roller-cp-411-tm-t40-t30\/#primaryimage\"},\"image\":{\"@id\":\"https:\/\/www.rodilloscodimar.com\/en\/product\/roller-cp-411-tm-t40-t30\/#primaryimage\"},\"thumbnailUrl\":\"https:\/\/www.rodilloscodimar.com\/wp-content\/uploads\/2018\/10\/RODILLO-PI\u00d1ON-Z1112S-SB-CINC-CINC1-1.png\",\"datePublished\":\"2020-12-15T17:34:33+00:00\",\"description\":\"Roller CP-411T \/ MT40-T30 driving rollers for the transport of medium loads, with thermoplastic heads with precision bearings.\",\"breadcrumb\":{\"@id\":\"https:\/\/www.rodilloscodimar.com\/en\/product\/roller-cp-411-tm-t40-t30\/#breadcrumb\"},\"inLanguage\":\"en-US\",\"potentialAction\":[{\"@type\":\"ReadAction\",\"target\":[\"https:\/\/www.rodilloscodimar.com\/en\/product\/roller-cp-411-tm-t40-t30\/\"]}]},{\"@type\":\"ImageObject\",\"inLanguage\":\"en-US\",\"@id\":\"https:\/\/www.rodilloscodimar.com\/en\/product\/roller-cp-411-tm-t40-t30\/#primaryimage\",\"url\":\"https:\/\/www.rodilloscodimar.com\/wp-content\/uploads\/2018\/10\/RODILLO-PI\u00d1ON-Z1112S-SB-CINC-CINC1-1.png\",\"contentUrl\":\"https:\/\/www.rodilloscodimar.com\/wp-content\/uploads\/2018\/10\/RODILLO-PI\u00d1ON-Z1112S-SB-CINC-CINC1-1.png\",\"width\":1440,\"height\":1080},{\"@type\":\"BreadcrumbList\",\"@id\":\"https:\/\/www.rodilloscodimar.com\/en\/product\/roller-cp-411-tm-t40-t30\/#breadcrumb\",\"itemListElement\":[{\"@type\":\"ListItem\",\"position\":1,\"name\":\"Portada\",\"item\":\"https:\/\/www.rodilloscodimar.com\/en\/\"},{\"@type\":\"ListItem\",\"position\":2,\"name\":\"Tienda\",\"item\":\"https:\/\/www.rodilloscodimar.com\/tienda\/\"},{\"@type\":\"ListItem\",\"position\":3,\"name\":\"Roller CP-411 T \/ M T40-T30\"}]},{\"@type\":\"WebSite\",\"@id\":\"https:\/\/www.rodilloscodimar.com\/en\/#website\",\"url\":\"https:\/\/www.rodilloscodimar.com\/en\/\",\"name\":\"RODILLOS CODIMAR SL\",\"description\":\"Componentes , Rodillos, Estaciones y M\u00e1quinas.\",\"publisher\":{\"@id\":\"https:\/\/www.rodilloscodimar.com\/en\/#organization\"},\"potentialAction\":[{\"@type\":\"SearchAction\",\"target\":{\"@type\":\"EntryPoint\",\"urlTemplate\":\"https:\/\/www.rodilloscodimar.com\/en\/?s={search_term_string}\"},\"query-input\":{\"@type\":\"PropertyValueSpecification\",\"valueRequired\":true,\"valueName\":\"search_term_string\"}}],\"inLanguage\":\"en-US\"},{\"@type\":\"Organization\",\"@id\":\"https:\/\/www.rodilloscodimar.com\/en\/#organization\",\"name\":\"Rodillos Codimar\",\"url\":\"https:\/\/www.rodilloscodimar.com\/en\/\",\"logo\":{\"@type\":\"ImageObject\",\"inLanguage\":\"en-US\",\"@id\":\"https:\/\/www.rodilloscodimar.com\/en\/#\/schema\/logo\/image\/\",\"url\":\"https:\/\/www.rodilloscodimar.com\/wp-content\/uploads\/2020\/01\/logo-email.jpg\",\"contentUrl\":\"https:\/\/www.rodilloscodimar.com\/wp-content\/uploads\/2020\/01\/logo-email.jpg\",\"width\":300,\"height\":299,\"caption\":\"Rodillos Codimar\"},\"image\":{\"@id\":\"https:\/\/www.rodilloscodimar.com\/en\/#\/schema\/logo\/image\/\"}}]}<\/script>\n<!-- \/ Yoast SEO plugin. -->","yoast_head_json":{"title":"Roller CP-411T \/ MT40-T30 | Medium Maintenance - Codimar SL Rollers","description":"Roller CP-411T \/ MT40-T30 driving rollers for the transport of medium loads, with thermoplastic heads with precision bearings.","robots":{"index":"index","follow":"follow","max-snippet":"max-snippet:-1","max-image-preview":"max-image-preview:large","max-video-preview":"max-video-preview:-1"},"canonical":"https:\/\/www.rodilloscodimar.com\/en\/product\/roller-cp-411-tm-t40-t30\/","og_locale":"en_US","og_type":"article","og_title":"Roller CP-411T \/ MT40-T30 | Medium Maintenance - Codimar SL Rollers","og_description":"Roller CP-411T \/ MT40-T30 driving rollers for the transport of medium loads, with thermoplastic heads with precision bearings.","og_url":"https:\/\/www.rodilloscodimar.com\/en\/product\/roller-cp-411-tm-t40-t30\/","og_site_name":"RODILLOS CODIMAR SL","og_image":[{"width":1440,"height":1080,"url":"https:\/\/www.rodilloscodimar.com\/wp-content\/uploads\/2018\/10\/RODILLO-PI\u00d1ON-Z1112S-SB-CINC-CINC1-1.png","type":"image\/png"}],"twitter_card":"summary_large_image","schema":{"@context":"https:\/\/schema.org","@graph":[{"@type":"WebPage","@id":"https:\/\/www.rodilloscodimar.com\/en\/product\/roller-cp-411-tm-t40-t30\/","url":"https:\/\/www.rodilloscodimar.com\/en\/product\/roller-cp-411-tm-t40-t30\/","name":"Roller CP-411T \/ MT40-T30 | Medium Maintenance - Codimar SL Rollers","isPartOf":{"@id":"https:\/\/www.rodilloscodimar.com\/en\/#website"},"primaryImageOfPage":{"@id":"https:\/\/www.rodilloscodimar.com\/en\/product\/roller-cp-411-tm-t40-t30\/#primaryimage"},"image":{"@id":"https:\/\/www.rodilloscodimar.com\/en\/product\/roller-cp-411-tm-t40-t30\/#primaryimage"},"thumbnailUrl":"https:\/\/www.rodilloscodimar.com\/wp-content\/uploads\/2018\/10\/RODILLO-PI\u00d1ON-Z1112S-SB-CINC-CINC1-1.png","datePublished":"2020-12-15T17:34:33+00:00","description":"Roller CP-411T \/ MT40-T30 driving rollers for the transport of medium loads, with thermoplastic heads with precision bearings.","breadcrumb":{"@id":"https:\/\/www.rodilloscodimar.com\/en\/product\/roller-cp-411-tm-t40-t30\/#breadcrumb"},"inLanguage":"en-US","potentialAction":[{"@type":"ReadAction","target":["https:\/\/www.rodilloscodimar.com\/en\/product\/roller-cp-411-tm-t40-t30\/"]}]},{"@type":"ImageObject","inLanguage":"en-US","@id":"https:\/\/www.rodilloscodimar.com\/en\/product\/roller-cp-411-tm-t40-t30\/#primaryimage","url":"https:\/\/www.rodilloscodimar.com\/wp-content\/uploads\/2018\/10\/RODILLO-PI\u00d1ON-Z1112S-SB-CINC-CINC1-1.png","contentUrl":"https:\/\/www.rodilloscodimar.com\/wp-content\/uploads\/2018\/10\/RODILLO-PI\u00d1ON-Z1112S-SB-CINC-CINC1-1.png","width":1440,"height":1080},{"@type":"BreadcrumbList","@id":"https:\/\/www.rodilloscodimar.com\/en\/product\/roller-cp-411-tm-t40-t30\/#breadcrumb","itemListElement":[{"@type":"ListItem","position":1,"name":"Portada","item":"https:\/\/www.rodilloscodimar.com\/en\/"},{"@type":"ListItem","position":2,"name":"Tienda","item":"https:\/\/www.rodilloscodimar.com\/tienda\/"},{"@type":"ListItem","position":3,"name":"Roller CP-411 T \/ M T40-T30"}]},{"@type":"WebSite","@id":"https:\/\/www.rodilloscodimar.com\/en\/#website","url":"https:\/\/www.rodilloscodimar.com\/en\/","name":"RODILLOS CODIMAR SL","description":"Componentes , Rodillos, Estaciones y M\u00e1quinas.","publisher":{"@id":"https:\/\/www.rodilloscodimar.com\/en\/#organization"},"potentialAction":[{"@type":"SearchAction","target":{"@type":"EntryPoint","urlTemplate":"https:\/\/www.rodilloscodimar.com\/en\/?s={search_term_string}"},"query-input":{"@type":"PropertyValueSpecification","valueRequired":true,"valueName":"search_term_string"}}],"inLanguage":"en-US"},{"@type":"Organization","@id":"https:\/\/www.rodilloscodimar.com\/en\/#organization","name":"Rodillos Codimar","url":"https:\/\/www.rodilloscodimar.com\/en\/","logo":{"@type":"ImageObject","inLanguage":"en-US","@id":"https:\/\/www.rodilloscodimar.com\/en\/#\/schema\/logo\/image\/","url":"https:\/\/www.rodilloscodimar.com\/wp-content\/uploads\/2020\/01\/logo-email.jpg","contentUrl":"https:\/\/www.rodilloscodimar.com\/wp-content\/uploads\/2020\/01\/logo-email.jpg","width":300,"height":299,"caption":"Rodillos Codimar"},"image":{"@id":"https:\/\/www.rodilloscodimar.com\/en\/#\/schema\/logo\/image\/"}}]}},"_links":{"self":[{"href":"https:\/\/www.rodilloscodimar.com\/en\/wp-json\/wp\/v2\/product\/5395","targetHints":{"allow":["GET"]}}],"collection":[{"href":"https:\/\/www.rodilloscodimar.com\/en\/wp-json\/wp\/v2\/product"}],"about":[{"href":"https:\/\/www.rodilloscodimar.com\/en\/wp-json\/wp\/v2\/types\/product"}],"wp:featuredmedia":[{"embeddable":true,"href":"https:\/\/www.rodilloscodimar.com\/en\/wp-json\/wp\/v2\/media\/1617"}],"wp:attachment":[{"href":"https:\/\/www.rodilloscodimar.com\/en\/wp-json\/wp\/v2\/media?parent=5395"}],"wp:term":[{"taxonomy":"product_brand","embeddable":true,"href":"https:\/\/www.rodilloscodimar.com\/en\/wp-json\/wp\/v2\/product_brand?post=5395"},{"taxonomy":"product_cat","embeddable":true,"href":"https:\/\/www.rodilloscodimar.com\/en\/wp-json\/wp\/v2\/product_cat?post=5395"},{"taxonomy":"product_tag","embeddable":true,"href":"https:\/\/www.rodilloscodimar.com\/en\/wp-json\/wp\/v2\/product_tag?post=5395"}],"curies":[{"name":"wp","href":"https:\/\/api.w.org\/{rel}","templated":true}]}}