{"id":4705,"date":"2019-02-06T15:41:18","date_gmt":"2020-12-15T12:20:52","guid":{"rendered":"https:\/\/www.rodilloscodimar.com\/producto\/cp1534md-lh\/"},"modified":"2021-05-27T14:22:32","modified_gmt":"2021-05-27T12:22:32","slug":"cp1534md-lh","status":"publish","type":"product","link":"https:\/\/www.rodilloscodimar.com\/en\/product\/cp1534md-lh\/","title":{"rendered":"Roller CP1534MD \/ MS-LH"},"content":{"rendered":"<section class=\"l-section wpb_row height_small\"><div class=\"l-section-h i-cf\"><div class=\"g-cols vc_row via_flex valign_top type_default stacking_default\"><div class=\"vc_col-sm-12 wpb_column vc_column_container\"><div class=\"vc_column-inner\"><div class=\"wpb_wrapper\"><div class=\"wpb_text_column\"><div class=\"wpb_wrapper\"><ul>\n<li style=\"text-align: justify;\">\u00d880 \u00d7 3, \u00d889 \u00d7 3, \u00d8108 \u00d7 3.6 and \u00d8133 \u00d7 4 metal tubes made of natural, zinc-plated or AISI 304 stainless steel.<\/li>\n<li style=\"text-align: justify;\">\u00d820, \u00d825 and \u00d830 metal shafts in calibrated natural steel F212 or AISI 303 stainless steel.<\/li>\n<li style=\"text-align: justify;\">Z15 3\/4 \u201dsingle or double metal sprocket, in natural, zinc plated or AISI 303 stainless steel.<\/li>\n<li style=\"text-align: justify;\">Welded metal cup with 6000 2RS series precision bearings plus labyrinth seal.<\/li>\n<li style=\"text-align: justify;\">Maximum load capacity 180 Kg \/ roll.<\/li>\n<\/ul>\n<p style=\"text-align: justify;\">Driven rollers for the transport of heavy loads, with embedded metal heads or electrowelded metal cups and precision bearings. Transmission through 5\/8 \u201d, 3\u20444\u201d and 1 \u201dchain pitch sprockets.<\/p>\n<\/div><\/div><\/div><\/div><\/div><\/div><\/div><\/section>\n","protected":false},"excerpt":{"rendered":"<p style=\"text-align: center;\"><strong>Specifications Roller CP 1534MD-LH<\/strong><\/p>\n[caption id=\"attachment_7622\" align=\"aligncenter\" width=\"2164\"]<a href=\"\/wp-content\/uploads\/2021\/02\/Rodillo-CP-1534MD-LH-scaled.jpg\" target=\"_blank\" rel=\"noopener\"><img decoding=\"async\" class=\"wp-image-7622 size-full\" src=\"https:\/\/www.rodilloscodimar.com\/wp-content\/uploads\/2019\/02\/Especificaciones-Rodillo-CP-1534MD-LH.jpg\" alt=\"Roller CP 1534MD-LH\" width=\"2164\" height=\"660\" srcset=\"https:\/\/www.rodilloscodimar.com\/wp-content\/uploads\/2019\/02\/Especificaciones-Rodillo-CP-1534MD-LH.jpg 2164w, https:\/\/www.rodilloscodimar.com\/wp-content\/uploads\/2019\/02\/Especificaciones-Rodillo-CP-1534MD-LH-300x91.jpg 300w, https:\/\/www.rodilloscodimar.com\/wp-content\/uploads\/2019\/02\/Especificaciones-Rodillo-CP-1534MD-LH-1024x312.jpg 1024w, https:\/\/www.rodilloscodimar.com\/wp-content\/uploads\/2019\/02\/Especificaciones-Rodillo-CP-1534MD-LH-600x183.jpg 600w, https:\/\/www.rodilloscodimar.com\/wp-content\/uploads\/2019\/02\/Especificaciones-Rodillo-CP-1534MD-LH-200x61.jpg 200w\" sizes=\"(max-width: 2164px) 100vw, 2164px\" \/><\/a> Series, tube diameter, shaft diameter, head type, load capacity &#8230; roller CP 1534MD-LH[\/caption]\n<p style=\"text-align: center;\"><strong> <\/strong><\/p>\n<p style=\"text-align: center;\"><strong>Specifications Roller CP 1534MS-LH<\/strong><\/p>\n[caption id=\"attachment_7627\" align=\"aligncenter\" width=\"2199\"]<a href=\"\/wp-content\/uploads\/2021\/02\/Rodillo-CP-1534Ms-LH-scaled.jpg\" target=\"_blank\" rel=\"noopener\"><img decoding=\"async\" class=\"wp-image-7627 size-full\" src=\"https:\/\/www.rodilloscodimar.com\/wp-content\/uploads\/2019\/02\/Especificaciones-Rodillo-CP-101MS-LH.jpg\" alt=\"Roller CP 1534MS-LH\" width=\"2199\" height=\"660\" srcset=\"https:\/\/www.rodilloscodimar.com\/wp-content\/uploads\/2019\/02\/Especificaciones-Rodillo-CP-101MS-LH.jpg 2199w, https:\/\/www.rodilloscodimar.com\/wp-content\/uploads\/2019\/02\/Especificaciones-Rodillo-CP-101MS-LH-300x90.jpg 300w, https:\/\/www.rodilloscodimar.com\/wp-content\/uploads\/2019\/02\/Especificaciones-Rodillo-CP-101MS-LH-1024x307.jpg 1024w, https:\/\/www.rodilloscodimar.com\/wp-content\/uploads\/2019\/02\/Especificaciones-Rodillo-CP-101MS-LH-600x180.jpg 600w, https:\/\/www.rodilloscodimar.com\/wp-content\/uploads\/2019\/02\/Especificaciones-Rodillo-CP-101MS-LH-200x60.jpg 200w\" sizes=\"(max-width: 2199px) 100vw, 2199px\" \/><\/a> Series, tube diameter, shaft diameter, head type, load capacity &#8230; of the roller CP 1534MS-LH[\/caption]\n","protected":false},"featured_media":3550,"template":"","meta":{"_joinchat":[]},"product_brand":[],"product_cat":[129],"product_tag":[],"class_list":{"0":"post-4705","1":"product","2":"type-product","3":"status-publish","4":"has-post-thumbnail","6":"product_cat-driven-heavy-maintenance-rollers","8":"first","9":"instock","10":"shipping-taxable","11":"product-type-simple"},"yoast_head":"<!-- This site is optimized with the Yoast SEO plugin v27.2 - https:\/\/yoast.com\/product\/yoast-seo-wordpress\/ -->\n<title>Roller CP1534MD \/ MS-LH | Heavy Maintenance Driven - Codimar<\/title>\n<meta name=\"description\" content=\"Roller CP1534MD \/ MS-LH. Driven roller for heavy load transport. Transmission by chain pitch sprockets.\" \/>\n<meta name=\"robots\" content=\"index, follow, max-snippet:-1, max-image-preview:large, max-video-preview:-1\" \/>\n<link rel=\"canonical\" href=\"https:\/\/www.rodilloscodimar.com\/en\/product\/cp1534md-lh\/\" \/>\n<meta property=\"og:locale\" content=\"en_US\" \/>\n<meta property=\"og:type\" content=\"article\" \/>\n<meta property=\"og:title\" content=\"Roller CP1534MD \/ MS-LH | Heavy Maintenance Driven - Codimar\" \/>\n<meta property=\"og:description\" content=\"Roller CP1534MD \/ MS-LH. Driven roller for heavy load transport. Transmission by chain pitch sprockets.\" \/>\n<meta property=\"og:url\" content=\"https:\/\/www.rodilloscodimar.com\/en\/product\/cp1534md-lh\/\" \/>\n<meta property=\"og:site_name\" content=\"RODILLOS CODIMAR SL\" \/>\n<meta property=\"article:modified_time\" content=\"2021-05-27T12:22:32+00:00\" \/>\n<meta property=\"og:image\" content=\"https:\/\/www.rodilloscodimar.com\/wp-content\/uploads\/2019\/02\/CP1534MD-LH-.png\" \/>\n\t<meta property=\"og:image:width\" content=\"1440\" \/>\n\t<meta property=\"og:image:height\" content=\"1080\" \/>\n\t<meta property=\"og:image:type\" content=\"image\/png\" \/>\n<meta name=\"twitter:card\" content=\"summary_large_image\" \/>\n<script type=\"application\/ld+json\" class=\"yoast-schema-graph\">{\"@context\":\"https:\/\/schema.org\",\"@graph\":[{\"@type\":\"WebPage\",\"@id\":\"https:\/\/www.rodilloscodimar.com\/en\/product\/cp1534md-lh\/\",\"url\":\"https:\/\/www.rodilloscodimar.com\/en\/product\/cp1534md-lh\/\",\"name\":\"Roller CP1534MD \/ MS-LH | Heavy Maintenance Driven - Codimar\",\"isPartOf\":{\"@id\":\"https:\/\/www.rodilloscodimar.com\/en\/#website\"},\"primaryImageOfPage\":{\"@id\":\"https:\/\/www.rodilloscodimar.com\/en\/product\/cp1534md-lh\/#primaryimage\"},\"image\":{\"@id\":\"https:\/\/www.rodilloscodimar.com\/en\/product\/cp1534md-lh\/#primaryimage\"},\"thumbnailUrl\":\"https:\/\/www.rodilloscodimar.com\/wp-content\/uploads\/2019\/02\/CP1534MD-LH-.png\",\"datePublished\":\"2020-12-15T12:20:52+00:00\",\"dateModified\":\"2021-05-27T12:22:32+00:00\",\"description\":\"Roller CP1534MD \/ MS-LH. Driven roller for heavy load transport. Transmission by chain pitch sprockets.\",\"breadcrumb\":{\"@id\":\"https:\/\/www.rodilloscodimar.com\/en\/product\/cp1534md-lh\/#breadcrumb\"},\"inLanguage\":\"en-US\",\"potentialAction\":[{\"@type\":\"ReadAction\",\"target\":[\"https:\/\/www.rodilloscodimar.com\/en\/product\/cp1534md-lh\/\"]}]},{\"@type\":\"ImageObject\",\"inLanguage\":\"en-US\",\"@id\":\"https:\/\/www.rodilloscodimar.com\/en\/product\/cp1534md-lh\/#primaryimage\",\"url\":\"https:\/\/www.rodilloscodimar.com\/wp-content\/uploads\/2019\/02\/CP1534MD-LH-.png\",\"contentUrl\":\"https:\/\/www.rodilloscodimar.com\/wp-content\/uploads\/2019\/02\/CP1534MD-LH-.png\",\"width\":1440,\"height\":1080,\"caption\":\"Roller CP1534MD \/ MS-LH\"},{\"@type\":\"BreadcrumbList\",\"@id\":\"https:\/\/www.rodilloscodimar.com\/en\/product\/cp1534md-lh\/#breadcrumb\",\"itemListElement\":[{\"@type\":\"ListItem\",\"position\":1,\"name\":\"Portada\",\"item\":\"https:\/\/www.rodilloscodimar.com\/en\/\"},{\"@type\":\"ListItem\",\"position\":2,\"name\":\"Tienda\",\"item\":\"https:\/\/www.rodilloscodimar.com\/tienda\/\"},{\"@type\":\"ListItem\",\"position\":3,\"name\":\"Roller CP1534MD \/ MS-LH\"}]},{\"@type\":\"WebSite\",\"@id\":\"https:\/\/www.rodilloscodimar.com\/en\/#website\",\"url\":\"https:\/\/www.rodilloscodimar.com\/en\/\",\"name\":\"RODILLOS CODIMAR SL\",\"description\":\"Componentes , Rodillos, Estaciones y M\u00e1quinas.\",\"publisher\":{\"@id\":\"https:\/\/www.rodilloscodimar.com\/en\/#organization\"},\"potentialAction\":[{\"@type\":\"SearchAction\",\"target\":{\"@type\":\"EntryPoint\",\"urlTemplate\":\"https:\/\/www.rodilloscodimar.com\/en\/?s={search_term_string}\"},\"query-input\":{\"@type\":\"PropertyValueSpecification\",\"valueRequired\":true,\"valueName\":\"search_term_string\"}}],\"inLanguage\":\"en-US\"},{\"@type\":\"Organization\",\"@id\":\"https:\/\/www.rodilloscodimar.com\/en\/#organization\",\"name\":\"Rodillos Codimar\",\"url\":\"https:\/\/www.rodilloscodimar.com\/en\/\",\"logo\":{\"@type\":\"ImageObject\",\"inLanguage\":\"en-US\",\"@id\":\"https:\/\/www.rodilloscodimar.com\/en\/#\/schema\/logo\/image\/\",\"url\":\"https:\/\/www.rodilloscodimar.com\/wp-content\/uploads\/2020\/01\/logo-email.jpg\",\"contentUrl\":\"https:\/\/www.rodilloscodimar.com\/wp-content\/uploads\/2020\/01\/logo-email.jpg\",\"width\":300,\"height\":299,\"caption\":\"Rodillos Codimar\"},\"image\":{\"@id\":\"https:\/\/www.rodilloscodimar.com\/en\/#\/schema\/logo\/image\/\"}}]}<\/script>\n<!-- \/ Yoast SEO plugin. -->","yoast_head_json":{"title":"Roller CP1534MD \/ MS-LH | Heavy Maintenance Driven - Codimar","description":"Roller CP1534MD \/ MS-LH. Driven roller for heavy load transport. Transmission by chain pitch sprockets.","robots":{"index":"index","follow":"follow","max-snippet":"max-snippet:-1","max-image-preview":"max-image-preview:large","max-video-preview":"max-video-preview:-1"},"canonical":"https:\/\/www.rodilloscodimar.com\/en\/product\/cp1534md-lh\/","og_locale":"en_US","og_type":"article","og_title":"Roller CP1534MD \/ MS-LH | Heavy Maintenance Driven - Codimar","og_description":"Roller CP1534MD \/ MS-LH. Driven roller for heavy load transport. Transmission by chain pitch sprockets.","og_url":"https:\/\/www.rodilloscodimar.com\/en\/product\/cp1534md-lh\/","og_site_name":"RODILLOS CODIMAR SL","article_modified_time":"2021-05-27T12:22:32+00:00","og_image":[{"width":1440,"height":1080,"url":"https:\/\/www.rodilloscodimar.com\/wp-content\/uploads\/2019\/02\/CP1534MD-LH-.png","type":"image\/png"}],"twitter_card":"summary_large_image","schema":{"@context":"https:\/\/schema.org","@graph":[{"@type":"WebPage","@id":"https:\/\/www.rodilloscodimar.com\/en\/product\/cp1534md-lh\/","url":"https:\/\/www.rodilloscodimar.com\/en\/product\/cp1534md-lh\/","name":"Roller CP1534MD \/ MS-LH | Heavy Maintenance Driven - Codimar","isPartOf":{"@id":"https:\/\/www.rodilloscodimar.com\/en\/#website"},"primaryImageOfPage":{"@id":"https:\/\/www.rodilloscodimar.com\/en\/product\/cp1534md-lh\/#primaryimage"},"image":{"@id":"https:\/\/www.rodilloscodimar.com\/en\/product\/cp1534md-lh\/#primaryimage"},"thumbnailUrl":"https:\/\/www.rodilloscodimar.com\/wp-content\/uploads\/2019\/02\/CP1534MD-LH-.png","datePublished":"2020-12-15T12:20:52+00:00","dateModified":"2021-05-27T12:22:32+00:00","description":"Roller CP1534MD \/ MS-LH. Driven roller for heavy load transport. Transmission by chain pitch sprockets.","breadcrumb":{"@id":"https:\/\/www.rodilloscodimar.com\/en\/product\/cp1534md-lh\/#breadcrumb"},"inLanguage":"en-US","potentialAction":[{"@type":"ReadAction","target":["https:\/\/www.rodilloscodimar.com\/en\/product\/cp1534md-lh\/"]}]},{"@type":"ImageObject","inLanguage":"en-US","@id":"https:\/\/www.rodilloscodimar.com\/en\/product\/cp1534md-lh\/#primaryimage","url":"https:\/\/www.rodilloscodimar.com\/wp-content\/uploads\/2019\/02\/CP1534MD-LH-.png","contentUrl":"https:\/\/www.rodilloscodimar.com\/wp-content\/uploads\/2019\/02\/CP1534MD-LH-.png","width":1440,"height":1080,"caption":"Roller CP1534MD \/ MS-LH"},{"@type":"BreadcrumbList","@id":"https:\/\/www.rodilloscodimar.com\/en\/product\/cp1534md-lh\/#breadcrumb","itemListElement":[{"@type":"ListItem","position":1,"name":"Portada","item":"https:\/\/www.rodilloscodimar.com\/en\/"},{"@type":"ListItem","position":2,"name":"Tienda","item":"https:\/\/www.rodilloscodimar.com\/tienda\/"},{"@type":"ListItem","position":3,"name":"Roller CP1534MD \/ MS-LH"}]},{"@type":"WebSite","@id":"https:\/\/www.rodilloscodimar.com\/en\/#website","url":"https:\/\/www.rodilloscodimar.com\/en\/","name":"RODILLOS CODIMAR SL","description":"Componentes , Rodillos, Estaciones y M\u00e1quinas.","publisher":{"@id":"https:\/\/www.rodilloscodimar.com\/en\/#organization"},"potentialAction":[{"@type":"SearchAction","target":{"@type":"EntryPoint","urlTemplate":"https:\/\/www.rodilloscodimar.com\/en\/?s={search_term_string}"},"query-input":{"@type":"PropertyValueSpecification","valueRequired":true,"valueName":"search_term_string"}}],"inLanguage":"en-US"},{"@type":"Organization","@id":"https:\/\/www.rodilloscodimar.com\/en\/#organization","name":"Rodillos Codimar","url":"https:\/\/www.rodilloscodimar.com\/en\/","logo":{"@type":"ImageObject","inLanguage":"en-US","@id":"https:\/\/www.rodilloscodimar.com\/en\/#\/schema\/logo\/image\/","url":"https:\/\/www.rodilloscodimar.com\/wp-content\/uploads\/2020\/01\/logo-email.jpg","contentUrl":"https:\/\/www.rodilloscodimar.com\/wp-content\/uploads\/2020\/01\/logo-email.jpg","width":300,"height":299,"caption":"Rodillos Codimar"},"image":{"@id":"https:\/\/www.rodilloscodimar.com\/en\/#\/schema\/logo\/image\/"}}]}},"_links":{"self":[{"href":"https:\/\/www.rodilloscodimar.com\/en\/wp-json\/wp\/v2\/product\/4705","targetHints":{"allow":["GET"]}}],"collection":[{"href":"https:\/\/www.rodilloscodimar.com\/en\/wp-json\/wp\/v2\/product"}],"about":[{"href":"https:\/\/www.rodilloscodimar.com\/en\/wp-json\/wp\/v2\/types\/product"}],"wp:featuredmedia":[{"embeddable":true,"href":"https:\/\/www.rodilloscodimar.com\/en\/wp-json\/wp\/v2\/media\/3550"}],"wp:attachment":[{"href":"https:\/\/www.rodilloscodimar.com\/en\/wp-json\/wp\/v2\/media?parent=4705"}],"wp:term":[{"taxonomy":"product_brand","embeddable":true,"href":"https:\/\/www.rodilloscodimar.com\/en\/wp-json\/wp\/v2\/product_brand?post=4705"},{"taxonomy":"product_cat","embeddable":true,"href":"https:\/\/www.rodilloscodimar.com\/en\/wp-json\/wp\/v2\/product_cat?post=4705"},{"taxonomy":"product_tag","embeddable":true,"href":"https:\/\/www.rodilloscodimar.com\/en\/wp-json\/wp\/v2\/product_tag?post=4705"}],"curies":[{"name":"wp","href":"https:\/\/api.w.org\/{rel}","templated":true}]}}